{"id":38677,"date":"2026-01-23T18:29:57","date_gmt":"2026-01-23T18:29:57","guid":{"rendered":"http:\/\/pargift.pl\/index.php\/produkt\/torba-zakupowa-melanjo-szary\/"},"modified":"2026-02-10T17:30:09","modified_gmt":"2026-02-10T17:30:09","slug":"torba-zakupowa-melanjo-szary","status":"publish","type":"product","link":"https:\/\/pargift.pl\/index.php\/produkt\/torba-zakupowa-melanjo-szary\/","title":{"rendered":"Torba zakupowa Melanjo, szary"},"content":{"rendered":"<h2 data-start=\"0\" data-end=\"50\"><strong data-start=\"3\" data-end=\"50\">Torba zakupowa Melanjo, szary R08933.21<\/strong><\/h2>\n<p data-start=\"52\" data-end=\"632\">Torba zakupowa <strong data-start=\"67\" data-end=\"78\">Melanjo<\/strong> w modnym, szarym kolorze to praktyczny i uniwersalny produkt, kt\u00f3ry sprawdzi si\u0119 podczas codziennych zakup\u00f3w, spacer\u00f3w, wyjazd\u00f3w czy jako praktyczny dodatek do miejskiego stylu \u017cycia. Wykonana z <strong data-start=\"274\" data-end=\"300\">wytrzyma\u0142ego poliestru<\/strong>, torba cechuje si\u0119 solidno\u015bci\u0105 i odporno\u015bci\u0105 na przetarcia, a jej <strong data-start=\"367\" data-end=\"388\">lekka konstrukcja<\/strong> oraz wygodne uchwyty zwi\u0119kszaj\u0105 komfort przenoszenia nawet ci\u0119\u017cszych zakup\u00f3w. Neutralny, szary odcie\u0144 sprawia, \u017ce torba pasuje do wielu styl\u00f3w, a <strong data-start=\"535\" data-end=\"568\">g\u0142adka powierzchnia materia\u0142u<\/strong> umo\u017cliwia \u0142atwe wykonanie nadruku reklamowego lub znakowania.<\/p>\n<h3 data-start=\"634\" data-end=\"670\"><strong data-start=\"638\" data-end=\"670\">Najwa\u017cniejsze cechy produktu<\/strong><\/h3>\n<ul>\n<li data-start=\"673\" data-end=\"745\"><strong data-start=\"673\" data-end=\"699\">Torba zakupowa Melanjo<\/strong> \u2013 praktyczny dodatek do codziennych zakup\u00f3w<\/li>\n<li data-start=\"748\" data-end=\"821\">Wykonana z <strong data-start=\"759\" data-end=\"785\">wytrzyma\u0142ego poliestru<\/strong> \u2013 trwa\u0142a i odporna na uszkodzenia<\/li>\n<li data-start=\"824\" data-end=\"877\"><strong data-start=\"824\" data-end=\"851\">Kolor dominuj\u0105cy: szary<\/strong> \u2013 neutralny i elegancki<\/li>\n<li data-start=\"880\" data-end=\"935\"><strong data-start=\"880\" data-end=\"899\">Wygodne uchwyty<\/strong> \u2013 poprawiaj\u0105 komfort przenoszenia<\/li>\n<li data-start=\"938\" data-end=\"994\">Lekka konstrukcja \u2013 \u0142atwa do noszenia i przechowywania<\/li>\n<\/ul>\n<h3 data-start=\"996\" data-end=\"1027\"><strong data-start=\"1000\" data-end=\"1027\">Dlaczego warto j\u0105 mie\u0107?<\/strong><\/h3>\n<p data-start=\"1028\" data-end=\"1577\">Torba zakupowa Melanjo to funkcjonalne rozwi\u0105zanie dla os\u00f3b, kt\u00f3re szukaj\u0105 trwa\u0142ej i praktycznej torby do noszenia zakup\u00f3w lub innych przedmiot\u00f3w w codziennym \u017cyciu. Dzi\u0119ki solidnemu wykonaniu z poliestru torba jest odporna na przetarcia i z \u0142atwo\u015bci\u0105 radzi sobie z wi\u0119kszym obci\u0105\u017ceniem, a wygodne uchwyty zwi\u0119kszaj\u0105 komfort u\u017cytkowania. Szary kolor nadaje torbie uniwersalnego charakteru, a g\u0142adka powierzchnia \u015bwietnie nadaje si\u0119 do personalizacji, co czyni j\u0105 r\u00f3wnie\u017c atrakcyjnym <strong data-start=\"1511\" data-end=\"1547\">gad\u017cetem reklamowym z logo firmy<\/strong> lub upominkiem promocyjnym.<\/p>\n<h3 data-start=\"1579\" data-end=\"1610\"><strong data-start=\"1583\" data-end=\"1610\">Specyfikacja techniczna<\/strong><\/h3>\n<ul>\n<li data-start=\"1613\" data-end=\"1635\">Model: <strong data-start=\"1620\" data-end=\"1633\">R08933.21<\/strong><\/li>\n<li data-start=\"1638\" data-end=\"1682\">Materia\u0142: <strong data-start=\"1648\" data-end=\"1661\">poliester<\/strong> \u2013 trwa\u0142y i odporny<\/li>\n<li data-start=\"1685\" data-end=\"1714\">Kolor dominuj\u0105cy: <strong data-start=\"1703\" data-end=\"1712\">szary<\/strong><\/li>\n<li data-start=\"1717\" data-end=\"1765\">Typ produktu: torba zakupowa \u2013 klasyczny fason<\/li>\n<li data-start=\"1768\" data-end=\"1814\">Uchwyty: wygodne, dopasowane do przenoszenia<\/li>\n<li data-start=\"1817\" data-end=\"1859\">Opakowanie: standardowe (folia \/ karton)<\/li>\n<\/ul>\n","protected":false},"excerpt":{"rendered":"<p>Torba zakupowa Melanjo szary R08933.21 \u2014 trwa\u0142a torba z poliestru w neutralnym, szarym kolorze, idealna do codziennych zakup\u00f3w, spacer\u00f3w i miejskich aktywno\u015bci. Lekka konstrukcja i wygodne uchwyty zwi\u0119kszaj\u0105 komfort noszenia, a g\u0142adka powierzchnia materia\u0142u umo\u017cliwia personalizacj\u0119 nadrukiem lub logotypem.<\/p>\n<p><strong>Trwa\u0142y materia\u0142 odporny na uszkodzenia.<\/strong><\/p>\n<p><strong>Produkt nadaje si\u0119 do znakowania.<\/strong><\/p>\n","protected":false},"featured_media":38678,"comment_status":"open","ping_status":"closed","template":"","meta":[],"product_brand":[],"product_cat":[],"product_tag":[8583,11080,11075,11081,11078,8567,11074,11076,11073,11072,11077,11079],"class_list":{"0":"post-38677","1":"product","2":"type-product","3":"status-publish","4":"has-post-thumbnail","6":"product_tag-gadzet-reklamowy-torba","7":"product_tag-lekka-torba-na-zakupy","8":"product_tag-praktyczna-torba-zakupowa","9":"product_tag-sku-r08933-21","10":"product_tag-szary-shopper-torba","11":"product_tag-torba-miejskie-akcesoria","12":"product_tag-torba-na-zakupy-szara","13":"product_tag-torba-z-mozliwoscia-nadruku","14":"product_tag-torba-z-poliestru","15":"product_tag-torba-zakupowa-melanjo-szary","16":"product_tag-trwala-torba-codzienna","17":"product_tag-upominek-promocyjny-torba","19":"first","20":"outofstock","21":"shipping-taxable","22":"purchasable","23":"product-type-simple"},"_links":{"self":[{"href":"https:\/\/pargift.pl\/index.php\/wp-json\/wp\/v2\/product\/38677","targetHints":{"allow":["GET"]}}],"collection":[{"href":"https:\/\/pargift.pl\/index.php\/wp-json\/wp\/v2\/product"}],"about":[{"href":"https:\/\/pargift.pl\/index.php\/wp-json\/wp\/v2\/types\/product"}],"replies":[{"embeddable":true,"href":"https:\/\/pargift.pl\/index.php\/wp-json\/wp\/v2\/comments?post=38677"}],"version-history":[{"count":1,"href":"https:\/\/pargift.pl\/index.php\/wp-json\/wp\/v2\/product\/38677\/revisions"}],"predecessor-version":[{"id":39203,"href":"https:\/\/pargift.pl\/index.php\/wp-json\/wp\/v2\/product\/38677\/revisions\/39203"}],"wp:featuredmedia":[{"embeddable":true,"href":"https:\/\/pargift.pl\/index.php\/wp-json\/wp\/v2\/media\/38678"}],"wp:attachment":[{"href":"https:\/\/pargift.pl\/index.php\/wp-json\/wp\/v2\/media?parent=38677"}],"wp:term":[{"taxonomy":"product_brand","embeddable":true,"href":"https:\/\/pargift.pl\/index.php\/wp-json\/wp\/v2\/product_brand?post=38677"},{"taxonomy":"product_cat","embeddable":true,"href":"https:\/\/pargift.pl\/index.php\/wp-json\/wp\/v2\/product_cat?post=38677"},{"taxonomy":"product_tag","embeddable":true,"href":"https:\/\/pargift.pl\/index.php\/wp-json\/wp\/v2\/product_tag?post=38677"}],"curies":[{"name":"wp","href":"https:\/\/api.w.org\/{rel}","templated":true}]}}