{"id":38644,"date":"2026-01-23T18:29:51","date_gmt":"2026-01-23T18:29:51","guid":{"rendered":"http:\/\/pargift.pl\/index.php\/produkt\/brelok-amorti-czarny\/"},"modified":"2026-02-10T17:30:10","modified_gmt":"2026-02-10T17:30:10","slug":"brelok-amorti-czarny","status":"publish","type":"product","link":"https:\/\/pargift.pl\/index.php\/produkt\/brelok-amorti-czarny\/","title":{"rendered":"Brelok Amorti, czarny"},"content":{"rendered":"<div class=\"text-base my-auto mx-auto pb-10 [--thread-content-margin:--spacing(4)] @w-sm\/main:[--thread-content-margin:--spacing(6)] @w-lg\/main:[--thread-content-margin:--spacing(16)] px-(--thread-content-margin)\">\n<div class=\"[--thread-content-max-width:40rem] @w-lg\/main:[--thread-content-max-width:48rem] mx-auto max-w-(--thread-content-max-width) flex-1 group\/turn-messages focus-visible:outline-hidden relative flex w-full min-w-0 flex-col agent-turn\" tabindex=\"-1\">\n<div class=\"flex max-w-full flex-col grow\">\n<div class=\"min-h-8 text-message relative flex w-full flex-col items-end gap-2 text-start break-words whitespace-normal [.text-message+&amp;]:mt-1\" dir=\"auto\" data-message-author-role=\"assistant\" data-message-id=\"41b8ad5b-ae3b-4737-a8bb-c65951f84e29\" data-message-model-slug=\"gpt-5-2\">\n<div class=\"flex w-full flex-col gap-1 empty:hidden first:pt-[1px]\">\n<div class=\"markdown prose dark:prose-invert w-full wrap-break-word dark markdown-new-styling\">\n<h2 data-start=\"0\" data-end=\"42\"><strong data-start=\"3\" data-end=\"42\">Brelok Amorti, czarny R73125.02<\/strong><\/h2>\n<p data-start=\"44\" data-end=\"578\">Brelok <strong data-start=\"51\" data-end=\"61\">Amorti<\/strong> w klasycznym, czarnym kolorze to stylowy i praktyczny dodatek do kluczy, plecaka lub torby, kt\u00f3ry \u0142\u0105czy <strong data-start=\"166\" data-end=\"197\">estetyk\u0119 z funkcjonalno\u015bci\u0105<\/strong>. Wykonany z trwa\u0142ych materia\u0142\u00f3w <strong data-start=\"230\" data-end=\"246\">metalu i PCV<\/strong>, brelok charakteryzuje si\u0119 solidn\u0105 konstrukcj\u0105 i komfortem codziennego u\u017cytkowania. Neutralny, czarny kolor sprawia, \u017ce produkt doskonale pasuje do r\u00f3\u017cnych styl\u00f3w i okazji, a <strong data-start=\"422\" data-end=\"505\">g\u0142adka powierzchnia umo\u017cliwia personalizacj\u0119 poprzez nadruk lub znakowanie logo<\/strong> \u2013 co czyni go atrakcyjnym gad\u017cetem reklamowym lub upominkiem firmowym.<\/p>\n<h3 data-start=\"580\" data-end=\"616\"><strong data-start=\"584\" data-end=\"616\">Najwa\u017cniejsze cechy produktu<\/strong><\/h3>\n<ul>\n<li data-start=\"619\" data-end=\"670\"><strong data-start=\"619\" data-end=\"636\">Brelok Amorti<\/strong> w uniwersalnym, czarnym kolorze<\/li>\n<li data-start=\"673\" data-end=\"722\">Wykonany z trwa\u0142ych materia\u0142\u00f3w: <strong data-start=\"705\" data-end=\"720\">metal + PCV<\/strong><\/li>\n<li data-start=\"725\" data-end=\"808\"><strong data-start=\"725\" data-end=\"750\">Karabi\u0144czyk\/mocowanie<\/strong> \u2013 szybkie i wygodne przypi\u0119cie do kluczy lub akcesori\u00f3w<\/li>\n<li data-start=\"811\" data-end=\"876\"><strong data-start=\"811\" data-end=\"833\">Kompaktowe wymiary<\/strong> \u2013 por\u0119czny i wygodny w codziennym u\u017cyciu<\/li>\n<li data-start=\"879\" data-end=\"940\"><strong data-start=\"879\" data-end=\"902\">G\u0142adka powierzchnia<\/strong> \u2013 idealna pod nadruk lub znakowanie<\/li>\n<\/ul>\n<h3 data-start=\"942\" data-end=\"973\"><strong data-start=\"946\" data-end=\"973\">Dlaczego warto go mie\u0107?<\/strong><\/h3>\n<p data-start=\"974\" data-end=\"1469\">Brelok Amorti to praktyczny i estetyczny dodatek, kt\u00f3ry sprawdzi si\u0119 jako brelok do kluczy, torby czy plecaka \u2013 dodaj\u0105c im charakteru i funkcjonalno\u015bci. Solidne materia\u0142y gwarantuj\u0105 trwa\u0142o\u015b\u0107 produktu nawet przy codziennym u\u017cytkowaniu, a neutralny, czarny kolor sprawia, \u017ce brelok pasuje do r\u00f3\u017cnych styl\u00f3w i sytuacji. Dzi\u0119ki mo\u017cliwo\u015bci znakowania brelok mo\u017ce sta\u0107 si\u0119 no\u015bnikiem logo firmy lub elementem kampanii reklamowej, co czyni go ciekawym <strong data-start=\"1418\" data-end=\"1466\">gad\u017cetem promocyjnym lub upominkiem firmowym<\/strong>.<\/p>\n<h3 data-start=\"1471\" data-end=\"1502\"><strong data-start=\"1475\" data-end=\"1502\">Specyfikacja techniczna<\/strong><\/h3>\n<ul>\n<li data-start=\"1505\" data-end=\"1527\">Model: <strong data-start=\"1512\" data-end=\"1525\">R73125.02<\/strong><\/li>\n<li data-start=\"1530\" data-end=\"1557\">Materia\u0142y: <strong data-start=\"1541\" data-end=\"1555\">metal, PCV<\/strong><\/li>\n<li data-start=\"1560\" data-end=\"1590\">Kolor dominuj\u0105cy: <strong data-start=\"1578\" data-end=\"1588\">czarny<\/strong><\/li>\n<li data-start=\"1593\" data-end=\"1635\">Typ mocowania: <strong data-start=\"1608\" data-end=\"1633\">karabi\u0144czyk\/mocowanie<\/strong><\/li>\n<li data-start=\"1638\" data-end=\"1681\">Wymiary: kompaktowe \u2014 wygodne do noszenia<\/li>\n<li data-start=\"1684\" data-end=\"1726\">Opakowanie: standardowe (folia \/ karton)<\/li>\n<\/ul>\n<\/div>\n<\/div>\n<\/div>\n<\/div>\n<\/div>\n<\/div>\n","protected":false},"excerpt":{"rendered":"<p>Brelok Amorti czarny R73125.02 \u2014 praktyczny brelok z metalowo-PCV karabi\u0144czykiem, idealny do kluczy, plecaka lub torby. Czarny kolor i uniwersalny design sprawiaj\u0105, \u017ce brelok jest stylowy i funkcjonalny w codziennym u\u017cytkowaniu. Kompaktowa forma u\u0142atwia przenoszenie.<\/p>\n<p><strong>Produkt posiada karabi\u0144czyk do mocowania.<\/strong><\/p>\n<p><strong>Produkt nadaje si\u0119 do znakowania.<\/strong><\/p>\n","protected":false},"featured_media":0,"comment_status":"open","ping_status":"closed","template":"","meta":[],"product_brand":[],"product_cat":[],"product_tag":[11157,8526,10903,600,11129,11130,8529,11159,11158,9876,11160,11127],"class_list":{"0":"post-38644","1":"product","2":"type-product","3":"status-publish","5":"product_tag-brelok-amorti-czarny","6":"product_tag-brelok-do-kluczy-czarny","7":"product_tag-brelok-metalowo-pcv","8":"product_tag-brelok-z-karabiczykiem","9":"product_tag-brelok-z-mozliwoscia-nadruku","10":"product_tag-codzienny-brelok-klucze","11":"product_tag-gadzet-reklamowy-brelok","12":"product_tag-minimalistyczny-brelok-amorti","13":"product_tag-praktyczny-brelok-do-torby","14":"product_tag-prezent-firmowy-brelok","15":"product_tag-sku-r73125-02","16":"product_tag-uniwersalny-brelok-akcesoria","18":"first","19":"outofstock","20":"shipping-taxable","21":"purchasable","22":"product-type-simple"},"_links":{"self":[{"href":"https:\/\/pargift.pl\/index.php\/wp-json\/wp\/v2\/product\/38644","targetHints":{"allow":["GET"]}}],"collection":[{"href":"https:\/\/pargift.pl\/index.php\/wp-json\/wp\/v2\/product"}],"about":[{"href":"https:\/\/pargift.pl\/index.php\/wp-json\/wp\/v2\/types\/product"}],"replies":[{"embeddable":true,"href":"https:\/\/pargift.pl\/index.php\/wp-json\/wp\/v2\/comments?post=38644"}],"version-history":[{"count":1,"href":"https:\/\/pargift.pl\/index.php\/wp-json\/wp\/v2\/product\/38644\/revisions"}],"predecessor-version":[{"id":39216,"href":"https:\/\/pargift.pl\/index.php\/wp-json\/wp\/v2\/product\/38644\/revisions\/39216"}],"wp:attachment":[{"href":"https:\/\/pargift.pl\/index.php\/wp-json\/wp\/v2\/media?parent=38644"}],"wp:term":[{"taxonomy":"product_brand","embeddable":true,"href":"https:\/\/pargift.pl\/index.php\/wp-json\/wp\/v2\/product_brand?post=38644"},{"taxonomy":"product_cat","embeddable":true,"href":"https:\/\/pargift.pl\/index.php\/wp-json\/wp\/v2\/product_cat?post=38644"},{"taxonomy":"product_tag","embeddable":true,"href":"https:\/\/pargift.pl\/index.php\/wp-json\/wp\/v2\/product_tag?post=38644"}],"curies":[{"name":"wp","href":"https:\/\/api.w.org\/{rel}","templated":true}]}}