{"id":38602,"date":"2026-01-23T18:29:43","date_gmt":"2026-01-23T18:29:43","guid":{"rendered":"http:\/\/pargift.pl\/index.php\/produkt\/zestaw-upominkowy-lovaro-ciemny-zielony\/"},"modified":"2026-02-10T17:30:08","modified_gmt":"2026-02-10T17:30:08","slug":"zestaw-upominkowy-lovaro-ciemny-zielony","status":"publish","type":"product","link":"https:\/\/pargift.pl\/index.php\/produkt\/zestaw-upominkowy-lovaro-ciemny-zielony\/","title":{"rendered":"Zestaw upominkowy Lovaro, ciemny zielony"},"content":{"rendered":"<h2 data-start=\"0\" data-end=\"61\"><strong data-start=\"3\" data-end=\"61\">Zestaw upominkowy Lovaro, ciemny zielony R02339.51<\/strong><\/h2>\n<p data-start=\"63\" data-end=\"658\">Zestaw upominkowy <strong data-start=\"81\" data-end=\"91\">Lovaro<\/strong> w eleganckim, ciemno-zielonym kolorze to stylowy komplet praktycznych akcesori\u00f3w stworzony z my\u015bl\u0105 o prezentach biznesowych, eventach firmowych oraz kampaniach promocyjnych. Produkty wchodz\u0105ce w sk\u0142ad zestawu \u0142\u0105cz\u0105 <strong data-start=\"307\" data-end=\"347\">estetyczny design z funkcjonalno\u015bci\u0105<\/strong>, co sprawia, \u017ce zestaw \u015bwietnie sprawdza si\u0119 zar\u00f3wno w codziennym u\u017cytkowaniu, jak i jako <strong data-start=\"438\" data-end=\"472\">wysokiej klasy prezent firmowy<\/strong>. Ciemno-zielony kolor podkre\u015bla elegancj\u0119 zestawu, a <strong data-start=\"526\" data-end=\"616\">g\u0142adkie powierzchnie element\u00f3w umo\u017cliwiaj\u0105 wykonanie nadruku lub znakowania logo firmy<\/strong>, co zwi\u0119ksza jego potencja\u0142 promocyjny.<\/p>\n<h3 data-start=\"660\" data-end=\"696\"><strong data-start=\"664\" data-end=\"696\">Najwa\u017cniejsze cechy produktu<\/strong><\/h3>\n<ul>\n<li data-start=\"699\" data-end=\"771\"><strong data-start=\"699\" data-end=\"727\">Zestaw upominkowy Lovaro<\/strong> \u2013 stylowy komplet praktycznych akcesori\u00f3w<\/li>\n<li data-start=\"774\" data-end=\"839\"><strong data-start=\"774\" data-end=\"810\">Kolor dominuj\u0105cy: ciemny zielony<\/strong> \u2013 elegancki i ponadczasowy<\/li>\n<li data-start=\"842\" data-end=\"900\">Estetyczne opakowanie \u2013 gotowe do wr\u0119czenia jako prezent<\/li>\n<li data-start=\"903\" data-end=\"975\">Elementy wykonane z materia\u0142\u00f3w o wysokiej jako\u015bci \u2013 trwa\u0142o\u015b\u0107 i komfort<\/li>\n<li data-start=\"978\" data-end=\"1051\"><strong data-start=\"978\" data-end=\"1002\">G\u0142adkie powierzchnie<\/strong> \u2013 idealne do nadruku lub znakowania logo firmy<\/li>\n<\/ul>\n<h3 data-start=\"1053\" data-end=\"1084\"><strong data-start=\"1057\" data-end=\"1084\">Dlaczego warto go mie\u0107?<\/strong><\/h3>\n<p data-start=\"1085\" data-end=\"1598\">Zestaw upominkowy Lovaro to doskona\u0142y wyb\u00f3r dla firm i organizacji szukaj\u0105cych eleganckiego, a jednocze\u015bnie praktycznego prezentu dla klient\u00f3w, partner\u00f3w biznesowych lub pracownik\u00f3w. Starannie dobrane elementy zestawu sprawiaj\u0105, \u017ce jest on nie tylko estetyczny, ale r\u00f3wnie\u017c u\u017cyteczny w codziennym \u017cyciu. Mo\u017cliwo\u015b\u0107 personalizacji poprzez nadruk lub znakowanie logo firmy czyni ten zestaw \u015bwietnym narz\u0119dziem marketingowym, kt\u00f3re buduje pozytywne skojarzenia z mark\u0105 i d\u0142ugo pozostaje w pami\u0119ci obdarowanej osoby.<\/p>\n<h3 data-start=\"1600\" data-end=\"1631\"><strong data-start=\"1604\" data-end=\"1631\">Specyfikacja techniczna<\/strong><\/h3>\n<ul>\n<li data-start=\"1634\" data-end=\"1656\">Model: <strong data-start=\"1641\" data-end=\"1654\">R02339.51<\/strong><\/li>\n<li data-start=\"1659\" data-end=\"1698\">Produkt: <strong data-start=\"1668\" data-end=\"1696\">zestaw upominkowy Lovaro<\/strong><\/li>\n<li data-start=\"1701\" data-end=\"1739\">Kolor dominuj\u0105cy: <strong data-start=\"1719\" data-end=\"1737\">ciemny zielony<\/strong><\/li>\n<li data-start=\"1742\" data-end=\"1824\">Zawarto\u015b\u0107: komplet eleganckich akcesori\u00f3w (szczeg\u00f3\u0142y element\u00f3w wewn\u0105trz zestawu)<\/li>\n<li data-start=\"1827\" data-end=\"1869\">Materia\u0142y: trwa\u0142e i estetyczne wykonanie<\/li>\n<li data-start=\"1872\" data-end=\"1929\">Powierzchnie: <strong data-start=\"1886\" data-end=\"1927\">g\u0142adkie \u2013 przystosowane do znakowania<\/strong><\/li>\n<li data-start=\"1932\" data-end=\"1986\">Opakowanie: eleganckie pude\u0142ko \u2013 gotowe do wr\u0119czenia<\/li>\n<\/ul>\n","protected":false},"excerpt":{"rendered":"<p>Zestaw upominkowy Lovaro ciemny zielony R02339.51 \u2014 elegancki komplet praktycznych akcesori\u00f3w zapakowany w estetyczne pude\u0142ko, idealny do biura, pracy czy jako prezent firmowy. Ciemno-zielony kolor i g\u0142adkie powierzchnie element\u00f3w umo\u017cliwiaj\u0105 personalizacj\u0119 poprzez nadruk lub znakowanie logo firmy.<\/p>\n<p><strong>Komplet akcesori\u00f3w praktycznych.<\/strong><\/p>\n<p><strong>Produkt nadaje si\u0119 do znakowania.<\/strong><\/p>\n","protected":false},"featured_media":38603,"comment_status":"open","ping_status":"closed","template":"","meta":[],"product_brand":[],"product_cat":[],"product_tag":[11240,3493,11237,11241,11239,11234,11242,11235,11238,11233,11232,11236],"class_list":{"0":"post-38602","1":"product","2":"type-product","3":"status-publish","4":"has-post-thumbnail","6":"product_tag-akcesoria-w-eleganckim-opakowaniu","7":"product_tag-elegancki-zestaw-prezentowy","8":"product_tag-gadzet-reklamowy-zestaw-lovaro","9":"product_tag-marketingowy-upominek-lovaro","10":"product_tag-personalizowany-prezent-firmowy","11":"product_tag-prezent-firmowy-lovaro","12":"product_tag-sku-r02339-51","13":"product_tag-upominek-biznesowy-zielony","14":"product_tag-zestaw-akcesoriow-praktycznych","15":"product_tag-zestaw-gadzetow-praktycznych","16":"product_tag-zestaw-upominkowy-lovaro-ciemny-zielony","17":"product_tag-zestaw-z-mozliwoscia-nadruku","19":"first","20":"instock","21":"shipping-taxable","22":"purchasable","23":"product-type-simple"},"_links":{"self":[{"href":"https:\/\/pargift.pl\/index.php\/wp-json\/wp\/v2\/product\/38602","targetHints":{"allow":["GET"]}}],"collection":[{"href":"https:\/\/pargift.pl\/index.php\/wp-json\/wp\/v2\/product"}],"about":[{"href":"https:\/\/pargift.pl\/index.php\/wp-json\/wp\/v2\/types\/product"}],"replies":[{"embeddable":true,"href":"https:\/\/pargift.pl\/index.php\/wp-json\/wp\/v2\/comments?post=38602"}],"version-history":[{"count":1,"href":"https:\/\/pargift.pl\/index.php\/wp-json\/wp\/v2\/product\/38602\/revisions"}],"predecessor-version":[{"id":39230,"href":"https:\/\/pargift.pl\/index.php\/wp-json\/wp\/v2\/product\/38602\/revisions\/39230"}],"wp:featuredmedia":[{"embeddable":true,"href":"https:\/\/pargift.pl\/index.php\/wp-json\/wp\/v2\/media\/38603"}],"wp:attachment":[{"href":"https:\/\/pargift.pl\/index.php\/wp-json\/wp\/v2\/media?parent=38602"}],"wp:term":[{"taxonomy":"product_brand","embeddable":true,"href":"https:\/\/pargift.pl\/index.php\/wp-json\/wp\/v2\/product_brand?post=38602"},{"taxonomy":"product_cat","embeddable":true,"href":"https:\/\/pargift.pl\/index.php\/wp-json\/wp\/v2\/product_cat?post=38602"},{"taxonomy":"product_tag","embeddable":true,"href":"https:\/\/pargift.pl\/index.php\/wp-json\/wp\/v2\/product_tag?post=38602"}],"curies":[{"name":"wp","href":"https:\/\/api.w.org\/{rel}","templated":true}]}}