{"id":38518,"date":"2026-01-23T18:29:29","date_gmt":"2026-01-23T18:29:29","guid":{"rendered":"http:\/\/pargift.pl\/index.php\/produkt\/dlugopis-plastikowy-rainbow-pomaranczowy\/"},"modified":"2026-02-10T17:30:06","modified_gmt":"2026-02-10T17:30:06","slug":"dlugopis-plastikowy-rainbow-pomaranczowy","status":"publish","type":"product","link":"https:\/\/pargift.pl\/index.php\/produkt\/dlugopis-plastikowy-rainbow-pomaranczowy\/","title":{"rendered":"D\u0142ugopis plastikowy Rainbow, pomara\u0144czowy"},"content":{"rendered":"<h2 data-start=\"0\" data-end=\"62\"><strong data-start=\"3\" data-end=\"62\">D\u0142ugopis plastikowy Rainbow, pomara\u0144czowy R73401.15<\/strong><\/h2>\n<p data-start=\"64\" data-end=\"640\"><strong data-start=\"64\" data-end=\"95\">D\u0142ugopis plastikowy Rainbow<\/strong> w intensywnym, pomara\u0144czowym kolorze to lekki i praktyczny produkt pi\u015bmienniczy, kt\u00f3ry sprawdzi si\u0119 w codziennym u\u017cytkowaniu \u2014 w domu, w szkole, w pracy czy podczas notowania wa\u017cnych informacji. Wykonany z <strong data-start=\"302\" data-end=\"334\">trwa\u0142ego tworzywa sztucznego<\/strong>, \u0142\u0105czy prostot\u0119 konstrukcji z komfortem pisania i wygod\u0105 u\u017cytkowania. G\u0142adka powierzchnia obudowy oraz wyrazisty, pomara\u0144czowy kolor sprawiaj\u0105, \u017ce produkt \u015bwietnie nadaje si\u0119 do <strong data-start=\"513\" data-end=\"566\">personalizacji poprzez nadruk lub znakowanie logo<\/strong>, co czyni go atrakcyjnym <strong data-start=\"592\" data-end=\"639\">gad\u017cetem reklamowym lub upominkiem firmowym<\/strong>.<\/p>\n<h3 data-start=\"642\" data-end=\"678\"><strong data-start=\"646\" data-end=\"678\">Najwa\u017cniejsze cechy produktu<\/strong><\/h3>\n<ul>\n<li data-start=\"681\" data-end=\"755\"><strong data-start=\"681\" data-end=\"712\">D\u0142ugopis plastikowy Rainbow<\/strong> \u2014 lekki i wygodny do codziennych notatek<\/li>\n<li data-start=\"758\" data-end=\"818\"><strong data-start=\"758\" data-end=\"792\">Kolor dominuj\u0105cy: pomara\u0144czowy<\/strong> \u2014 intensywny i widoczny<\/li>\n<li data-start=\"821\" data-end=\"888\">Wykonany z <strong data-start=\"832\" data-end=\"864\">trwa\u0142ego tworzywa sztucznego<\/strong> \u2014 solidna konstrukcja<\/li>\n<li data-start=\"891\" data-end=\"952\"><strong data-start=\"891\" data-end=\"914\">G\u0142adka powierzchnia<\/strong> \u2014 idealna pod nadruk lub znakowanie<\/li>\n<li data-start=\"955\" data-end=\"1007\">Komfortowy w u\u017cytkowaniu \u2014 zapewnia p\u0142ynne pisanie<\/li>\n<\/ul>\n<h3 data-start=\"1009\" data-end=\"1040\"><strong data-start=\"1013\" data-end=\"1040\">Dlaczego warto go mie\u0107?<\/strong><\/h3>\n<p data-start=\"1041\" data-end=\"1579\">D\u0142ugopis Rainbow to praktyczne narz\u0119dzie pi\u015bmiennicze, kt\u00f3re sprawdzi si\u0119 w wielu codziennych sytuacjach \u2014 od zapisywania notatek i przypomnie\u0144, przez prowadzenie notatek szkolnych czy studenckich, a\u017c po podpisywanie dokument\u00f3w. Intensywny, pomara\u0144czowy kolor nie tylko przyci\u0105ga uwag\u0119, ale tak\u017ce u\u0142atwia odnalezienie d\u0142ugopisu w pi\u00f3rniku lub na biurku. Dzi\u0119ki mo\u017cliwo\u015bci <strong data-start=\"1413\" data-end=\"1466\">personalizacji poprzez nadruk lub znakowanie logo<\/strong>, produkt mo\u017ce by\u0107 wykorzystany jako efektywny <strong data-start=\"1513\" data-end=\"1546\">gad\u017cet reklamowy z logo firmy<\/strong> lub praktyczny upominek firmowy.<\/p>\n<h3 data-start=\"1581\" data-end=\"1612\"><strong data-start=\"1585\" data-end=\"1612\">Specyfikacja techniczna<\/strong><\/h3>\n<ul>\n<li data-start=\"1615\" data-end=\"1637\">Model: <strong data-start=\"1622\" data-end=\"1635\">R73401.15<\/strong><\/li>\n<li data-start=\"1640\" data-end=\"1670\">Typ: <strong data-start=\"1645\" data-end=\"1668\">d\u0142ugopis plastikowy<\/strong><\/li>\n<li data-start=\"1673\" data-end=\"1709\">Kolor dominuj\u0105cy: <strong data-start=\"1691\" data-end=\"1707\">pomara\u0144czowy<\/strong><\/li>\n<li data-start=\"1712\" data-end=\"1755\">Materia\u0142: <strong data-start=\"1722\" data-end=\"1753\">plastik \/ tworzywo sztuczne<\/strong><\/li>\n<li data-start=\"1758\" data-end=\"1826\">Wyko\u0144czenie: <strong data-start=\"1771\" data-end=\"1794\">g\u0142adka powierzchnia<\/strong> \u2014 przystosowana do znakowania<\/li>\n<li data-start=\"1829\" data-end=\"1874\">Mechanizm: klik \/ skuwka (zgodnie z wersj\u0105)<\/li>\n<li data-start=\"1877\" data-end=\"1937\">Wymiary: standardowe \u2014 por\u0119czny do codziennego u\u017cytkowania<\/li>\n<li data-start=\"1940\" data-end=\"1982\">Opakowanie: standardowe (folia \/ karton)<\/li>\n<\/ul>\n","protected":false},"excerpt":{"rendered":"<p>D\u0142ugopis plastikowy Rainbow pomara\u0144czowy R73401.15 \u2014 lekki i praktyczny d\u0142ugopis z trwa\u0142ego tworzywa sztucznego o intensywnym, pomara\u0144czowym kolorze, idealny do codziennych notatek. G\u0142adka powierzchnia i intensywny odcie\u0144 sprawiaj\u0105, \u017ce produkt prezentuje si\u0119 efektownie i \u015bwietnie nadaje si\u0119 do personalizacji nadrukiem lub logotypem firmy.<\/p>\n<p><strong>Standardowy mechanizm plastikowy.<\/strong><\/p>\n<p><strong>Produkt nadaje si\u0119 do znakowania.<\/strong><\/p>\n","protected":false},"featured_media":38519,"comment_status":"open","ping_status":"closed","template":"","meta":[],"product_brand":[],"product_cat":[],"product_tag":[11342,10750,11361,11338,11364,10241,11363,11339,11362,11357,10303,11365],"class_list":{"0":"post-38518","1":"product","2":"type-product","3":"status-publish","4":"has-post-thumbnail","6":"product_tag-akcesoria-biurowe-rainbow","7":"product_tag-dlugopis-do-notatek","8":"product_tag-dlugopis-plastikowy-rainbow-pomaranczowy","9":"product_tag-dlugopis-z-mozliwoscia-nadruku","10":"product_tag-ergonomiczny-dlugopis-pomaranczowy","11":"product_tag-gadzet-reklamowy-dlugopis","12":"product_tag-intensywny-pomaranczowy-dlugopis","13":"product_tag-pismienniczy-plastikowy-dlugopis","14":"product_tag-pomaranczowy-dlugopis-pismienniczy","15":"product_tag-praktyczny-dlugopis-do-pracy","16":"product_tag-prezent-firmowy-dlugopis","17":"product_tag-sku-r73401-15","19":"first","20":"instock","21":"shipping-taxable","22":"purchasable","23":"product-type-simple"},"_links":{"self":[{"href":"https:\/\/pargift.pl\/index.php\/wp-json\/wp\/v2\/product\/38518","targetHints":{"allow":["GET"]}}],"collection":[{"href":"https:\/\/pargift.pl\/index.php\/wp-json\/wp\/v2\/product"}],"about":[{"href":"https:\/\/pargift.pl\/index.php\/wp-json\/wp\/v2\/types\/product"}],"replies":[{"embeddable":true,"href":"https:\/\/pargift.pl\/index.php\/wp-json\/wp\/v2\/comments?post=38518"}],"version-history":[{"count":2,"href":"https:\/\/pargift.pl\/index.php\/wp-json\/wp\/v2\/product\/38518\/revisions"}],"predecessor-version":[{"id":39252,"href":"https:\/\/pargift.pl\/index.php\/wp-json\/wp\/v2\/product\/38518\/revisions\/39252"}],"wp:featuredmedia":[{"embeddable":true,"href":"https:\/\/pargift.pl\/index.php\/wp-json\/wp\/v2\/media\/38519"}],"wp:attachment":[{"href":"https:\/\/pargift.pl\/index.php\/wp-json\/wp\/v2\/media?parent=38518"}],"wp:term":[{"taxonomy":"product_brand","embeddable":true,"href":"https:\/\/pargift.pl\/index.php\/wp-json\/wp\/v2\/product_brand?post=38518"},{"taxonomy":"product_cat","embeddable":true,"href":"https:\/\/pargift.pl\/index.php\/wp-json\/wp\/v2\/product_cat?post=38518"},{"taxonomy":"product_tag","embeddable":true,"href":"https:\/\/pargift.pl\/index.php\/wp-json\/wp\/v2\/product_tag?post=38518"}],"curies":[{"name":"wp","href":"https:\/\/api.w.org\/{rel}","templated":true}]}}