{"id":38463,"date":"2026-01-23T18:28:29","date_gmt":"2026-01-23T18:28:29","guid":{"rendered":"http:\/\/pargift.pl\/index.php\/produkt\/zakladka-do-ksiazki-z-linijka-ciemny-zielony\/"},"modified":"2026-02-10T17:29:15","modified_gmt":"2026-02-10T17:29:15","slug":"zakladka-do-ksiazki-z-linijka-ciemny-zielony","status":"publish","type":"product","link":"https:\/\/pargift.pl\/index.php\/produkt\/zakladka-do-ksiazki-z-linijka-ciemny-zielony\/","title":{"rendered":"Zak\u0142adka do ksi\u0105\u017cki z linijk\u0105, ciemny zielony"},"content":{"rendered":"<h2 data-start=\"0\" data-end=\"66\"><strong data-start=\"3\" data-end=\"66\">Zak\u0142adka do ksi\u0105\u017cki z linijk\u0105, ciemny zielony R73670.51<\/strong><\/h2>\n<p data-start=\"68\" data-end=\"655\">Zak\u0142adka do ksi\u0105\u017cki <strong data-start=\"88\" data-end=\"101\">z linijk\u0105<\/strong> w eleganckim, ciemno-zielonym kolorze to praktyczny i stylowy dodatek do czytania, kt\u00f3ry \u0142\u0105czy funkcjonalno\u015b\u0107 z estetyk\u0105. Dzi\u0119ki po\u0142\u0105czeniu zak\u0142adki z dopasowan\u0105 linijk\u0105 sprawdza si\u0119 nie tylko do oznaczania stron ksi\u0105\u017cek czy zeszyt\u00f3w, ale tak\u017ce jako pomoc w pomiarach i notatkach. Wykonana z <strong data-start=\"394\" data-end=\"416\">trwa\u0142ego materia\u0142u<\/strong>, zak\u0142adka jest lekka, wytrzyma\u0142a i wygodna w u\u017cyciu, a jej g\u0142adka powierzchnia doskonale nadaje si\u0119 do <strong data-start=\"520\" data-end=\"579\">personalizacji poprzez nadruk lub znakowanie logo firmy<\/strong>, co czyni j\u0105 atrakcyjnym <strong data-start=\"605\" data-end=\"652\">gad\u017cetem reklamowym lub upominkiem firmowym<\/strong>.<\/p>\n<h3 data-start=\"657\" data-end=\"693\"><strong data-start=\"661\" data-end=\"693\">Najwa\u017cniejsze cechy produktu<\/strong><\/h3>\n<ul>\n<li data-start=\"696\" data-end=\"772\"><strong data-start=\"696\" data-end=\"729\">Zak\u0142adka do ksi\u0105\u017cki z linijk\u0105<\/strong> \u2013 funkcjonalne narz\u0119dzie dla czytelnik\u00f3w<\/li>\n<li data-start=\"775\" data-end=\"839\"><strong data-start=\"775\" data-end=\"811\">Kolor dominuj\u0105cy: ciemny zielony<\/strong> \u2013 elegancki i uniwersalny<\/li>\n<li data-start=\"842\" data-end=\"896\">Wykonana z <strong data-start=\"853\" data-end=\"876\">trwa\u0142ych materia\u0142\u00f3w<\/strong> \u2013 lekka i odporna<\/li>\n<li data-start=\"899\" data-end=\"954\"><strong data-start=\"899\" data-end=\"922\">Linijka z podzia\u0142k\u0105<\/strong> \u2013 dodatkowa funkcja pomiarowa<\/li>\n<li data-start=\"957\" data-end=\"1018\"><strong data-start=\"957\" data-end=\"980\">G\u0142adka powierzchnia<\/strong> \u2013 idealna pod nadruk lub znakowanie<\/li>\n<\/ul>\n<h3 data-start=\"1020\" data-end=\"1051\"><strong data-start=\"1024\" data-end=\"1051\">Dlaczego warto j\u0105 mie\u0107?<\/strong><\/h3>\n<p data-start=\"1052\" data-end=\"1632\">Zak\u0142adka do ksi\u0105\u017cki z linijk\u0105 to praktyczny gad\u017cet, kt\u00f3ry u\u0142atwia czytanie i notowanie \u2013 idealny dla uczni\u00f3w, student\u00f3w, nauczycieli oraz mi\u0142o\u015bnik\u00f3w literatury. Po\u0142\u0105czenie zak\u0142adki z linijk\u0105 zwi\u0119ksza jej funkcjonalno\u015b\u0107 i sprawia, \u017ce jest przydatna w wielu sytuacjach, nie tylko przy lekturze, ale te\u017c podczas pracy z tekstem czy wykonywania szybkich pomiar\u00f3w. Ciemno-zielony kolor nadaje produktowi stylowego charakteru, a mo\u017cliwo\u015b\u0107 <strong data-start=\"1485\" data-end=\"1544\">personalizacji poprzez nadruk lub znakowanie logo firmy<\/strong> czyni j\u0105 idealnym <strong data-start=\"1563\" data-end=\"1593\">gad\u017cetem reklamowym z logo<\/strong> lub praktycznym upominkiem firmowym.<\/p>\n<h3 data-start=\"1634\" data-end=\"1665\"><strong data-start=\"1638\" data-end=\"1665\">Specyfikacja techniczna<\/strong><\/h3>\n<ul>\n<li data-start=\"1668\" data-end=\"1690\">Model: <strong data-start=\"1675\" data-end=\"1688\">R73670.51<\/strong><\/li>\n<li data-start=\"1693\" data-end=\"1737\">Produkt: <strong data-start=\"1702\" data-end=\"1735\">zak\u0142adka do ksi\u0105\u017cki z linijk\u0105<\/strong><\/li>\n<li data-start=\"1740\" data-end=\"1778\">Kolor dominuj\u0105cy: <strong data-start=\"1758\" data-end=\"1776\">ciemny zielony<\/strong><\/li>\n<li data-start=\"1781\" data-end=\"1847\">Materia\u0142: <strong data-start=\"1791\" data-end=\"1810\">trwa\u0142e tworzywo<\/strong> \u2013 odporne na codzienne u\u017cytkowanie<\/li>\n<li data-start=\"1850\" data-end=\"1902\">Funkcje: zak\u0142adka do ksi\u0105\u017cki + linijka z podzia\u0142k\u0105<\/li>\n<li data-start=\"1905\" data-end=\"1961\">Powierzchnia: <strong data-start=\"1919\" data-end=\"1959\">g\u0142adka \u2013 przystosowana do znakowania<\/strong><\/li>\n<li data-start=\"1964\" data-end=\"2009\">Wymiary: standardowe \u2013 wygodne do trzymania<\/li>\n<li data-start=\"2012\" data-end=\"2054\">Opakowanie: standardowe (folia \/ karton)<\/li>\n<\/ul>\n","protected":false},"excerpt":{"rendered":"<p>Zak\u0142adka do ksi\u0105\u017cki z linijk\u0105 ciemny zielony R73670.51 \u2014 praktyczna zak\u0142adka z linijk\u0105 do ksi\u0105\u017cek i zeszyt\u00f3w, wykonana z trwa\u0142ego materia\u0142u o g\u0142adkiej powierzchni idealnej do nadruku lub znakowania logo firmy. Ciemno-zielony kolor i funkcjonalna linijka sprawiaj\u0105, \u017ce produkt jest u\u017cyteczny w codziennym czytaniu i notowaniu.<\/p>\n<p><strong>Produkt posiada linijk\u0119 z podzia\u0142k\u0105.<\/strong><\/p>\n<p><strong>Produkt nadaje si\u0119 do znakowania.<\/strong><\/p>\n","protected":false},"featured_media":38464,"comment_status":"open","ping_status":"closed","template":"","meta":[],"product_brand":[],"product_cat":[],"product_tag":[11460,11463,11456,11464,11462,11459,11458,11465,11457,11454,11455,11461],"class_list":{"0":"post-38463","1":"product","2":"type-product","3":"status-publish","4":"has-post-thumbnail","6":"product_tag-akcesoria-do-czytania-i-notowania","7":"product_tag-ciemno-zielona-zakladka-do-ksiazek","8":"product_tag-gadzet-reklamowy-zakladka","9":"product_tag-narzedzie-pismiennicze-z-linijka","10":"product_tag-personalizowana-zakladka-reklamowa","11":"product_tag-praktyczna-zakladka-szkolna","12":"product_tag-prezent-firmowy-zakladka","13":"product_tag-sku-r73670-51","14":"product_tag-zakladka-do-ksiazek-z-mozliwoscia-nadruku","15":"product_tag-zakladka-do-ksiazki-z-linijka-ciemny-zielony","16":"product_tag-zakladka-z-linijka","17":"product_tag-zakladka-z-linijka-do-biura","19":"first","20":"instock","21":"shipping-taxable","22":"purchasable","23":"product-type-simple"},"_links":{"self":[{"href":"https:\/\/pargift.pl\/index.php\/wp-json\/wp\/v2\/product\/38463","targetHints":{"allow":["GET"]}}],"collection":[{"href":"https:\/\/pargift.pl\/index.php\/wp-json\/wp\/v2\/product"}],"about":[{"href":"https:\/\/pargift.pl\/index.php\/wp-json\/wp\/v2\/types\/product"}],"replies":[{"embeddable":true,"href":"https:\/\/pargift.pl\/index.php\/wp-json\/wp\/v2\/comments?post=38463"}],"version-history":[{"count":2,"href":"https:\/\/pargift.pl\/index.php\/wp-json\/wp\/v2\/product\/38463\/revisions"}],"predecessor-version":[{"id":39273,"href":"https:\/\/pargift.pl\/index.php\/wp-json\/wp\/v2\/product\/38463\/revisions\/39273"}],"wp:featuredmedia":[{"embeddable":true,"href":"https:\/\/pargift.pl\/index.php\/wp-json\/wp\/v2\/media\/38464"}],"wp:attachment":[{"href":"https:\/\/pargift.pl\/index.php\/wp-json\/wp\/v2\/media?parent=38463"}],"wp:term":[{"taxonomy":"product_brand","embeddable":true,"href":"https:\/\/pargift.pl\/index.php\/wp-json\/wp\/v2\/product_brand?post=38463"},{"taxonomy":"product_cat","embeddable":true,"href":"https:\/\/pargift.pl\/index.php\/wp-json\/wp\/v2\/product_cat?post=38463"},{"taxonomy":"product_tag","embeddable":true,"href":"https:\/\/pargift.pl\/index.php\/wp-json\/wp\/v2\/product_tag?post=38463"}],"curies":[{"name":"wp","href":"https:\/\/api.w.org\/{rel}","templated":true}]}}