{"id":38461,"date":"2026-01-23T18:28:25","date_gmt":"2026-01-23T18:28:25","guid":{"rendered":"http:\/\/pargift.pl\/index.php\/produkt\/olowek-drewniany-granatowy-2\/"},"modified":"2026-02-10T17:29:12","modified_gmt":"2026-02-10T17:29:12","slug":"olowek-drewniany-granatowy-2","status":"publish","type":"product","link":"https:\/\/pargift.pl\/index.php\/produkt\/olowek-drewniany-granatowy-2\/","title":{"rendered":"O\u0142\u00f3wek drewniany, granatowy"},"content":{"rendered":"<h2 data-start=\"0\" data-end=\"48\"><strong data-start=\"3\" data-end=\"48\">O\u0142\u00f3wek drewniany, granatowy R73812.42<\/strong><\/h2>\n<p data-start=\"50\" data-end=\"592\">Drewniany <strong data-start=\"60\" data-end=\"70\">o\u0142\u00f3wek<\/strong> w klasycznym, granatowym kolorze to prosty, ale niezb\u0119dny produkt pi\u015bmienniczy, kt\u00f3ry sprawdzi si\u0119 w pracy, szkole, podczas notowania pomys\u0142\u00f3w czy szkicowania. Wykonany z <strong data-start=\"242\" data-end=\"261\">trwa\u0142ego drewna<\/strong> z solidnym grafitowym wk\u0142adem, o\u0142\u00f3wek oferuje komfortowe pisanie i \u0142atwe temperowanie \u2014 idealny zar\u00f3wno dla uczni\u00f3w, jak i doros\u0142ych. G\u0142adka powierzchnia zewn\u0119trzna o\u0142\u00f3wka \u015bwietnie nadaje si\u0119 do <strong data-start=\"457\" data-end=\"516\">personalizacji poprzez nadruk lub znakowanie logo firmy<\/strong>, co czyni go funkcjonalnym <strong data-start=\"544\" data-end=\"591\">gad\u017cetem reklamowym lub upominkiem firmowym<\/strong>.<\/p>\n<h3 data-start=\"594\" data-end=\"630\"><strong data-start=\"598\" data-end=\"630\">Najwa\u017cniejsze cechy produktu<\/strong><\/h3>\n<ul>\n<li data-start=\"633\" data-end=\"680\"><strong data-start=\"633\" data-end=\"653\">Drewniany o\u0142\u00f3wek<\/strong> \u2013 klasyczny i praktyczny<\/li>\n<li data-start=\"683\" data-end=\"742\"><strong data-start=\"683\" data-end=\"714\">Kolor dominuj\u0105cy: granatowy<\/strong> \u2013 elegancki i uniwersalny<\/li>\n<li data-start=\"745\" data-end=\"809\">Wysokiej jako\u015bci <strong data-start=\"762\" data-end=\"781\">grafitowy wk\u0142ad<\/strong> \u2013 zapewnia p\u0142ynne pisanie<\/li>\n<li data-start=\"812\" data-end=\"873\"><strong data-start=\"812\" data-end=\"835\">G\u0142adka powierzchnia<\/strong> \u2013 idealna pod nadruk lub znakowanie<\/li>\n<li data-start=\"876\" data-end=\"936\">Lekka i trwa\u0142a konstrukcja \u2013 komfort codziennego u\u017cytkowania<\/li>\n<\/ul>\n<h3 data-start=\"938\" data-end=\"969\"><strong data-start=\"942\" data-end=\"969\">Dlaczego warto go mie\u0107?<\/strong><\/h3>\n<p data-start=\"970\" data-end=\"1476\">O\u0142\u00f3wek drewniany to uniwersalne narz\u0119dzie pi\u015bmiennicze, kt\u00f3re przydaje si\u0119 w wielu sytuacjach \u2014 od zapisywania kr\u00f3tkich notatek, przez prowadzenie szkic\u00f3w, po planowanie i rysowanie. Klasyczny, granatowy kolor nadaje mu estetycznego charakteru, kt\u00f3ry pasuje zar\u00f3wno do szkolnych przybor\u00f3w, jak i biurowego wyposa\u017cenia. Dzi\u0119ki mo\u017cliwo\u015bci <strong data-start=\"1307\" data-end=\"1360\">personalizacji poprzez nadruk lub znakowanie logo<\/strong>, o\u0142\u00f3wek mo\u017ce s\u0142u\u017cy\u0107 jako funkcjonalny <strong data-start=\"1399\" data-end=\"1432\">gad\u017cet reklamowy z logo firmy<\/strong> lub prosty, ale u\u017cyteczny upominek firmowy.<\/p>\n<h3 data-start=\"1478\" data-end=\"1509\"><strong data-start=\"1482\" data-end=\"1509\">Specyfikacja techniczna<\/strong><\/h3>\n<ul>\n<li data-start=\"1512\" data-end=\"1534\">Model: <strong data-start=\"1519\" data-end=\"1532\">R73812.42<\/strong><\/li>\n<li data-start=\"1537\" data-end=\"1564\">Typ: <strong data-start=\"1542\" data-end=\"1562\">drewniany o\u0142\u00f3wek<\/strong><\/li>\n<li data-start=\"1567\" data-end=\"1600\">Kolor dominuj\u0105cy: <strong data-start=\"1585\" data-end=\"1598\">granatowy<\/strong><\/li>\n<li data-start=\"1603\" data-end=\"1643\">Materia\u0142: <strong data-start=\"1613\" data-end=\"1641\">drewno + grafitowy wk\u0142ad<\/strong><\/li>\n<li data-start=\"1646\" data-end=\"1714\">Wyko\u0144czenie: <strong data-start=\"1659\" data-end=\"1712\">g\u0142adka powierzchnia \u2013 przystosowana do znakowania<\/strong><\/li>\n<li data-start=\"1717\" data-end=\"1762\">D\u0142ugo\u015b\u0107: standardowa \u2013 wygodny do trzymania<\/li>\n<li data-start=\"1765\" data-end=\"1805\">Opakowanie: standardowe (folia \/ karton)<\/li>\n<\/ul>\n","protected":false},"excerpt":{"rendered":"<p>O\u0142\u00f3wek drewniany granatowy R73812.42 \u2014 klasyczny o\u0142\u00f3wek z trwa\u0142ego drewna z g\u0142adk\u0105 powierzchni\u0105 idealn\u0105 do nadruku lub znakowania logo firmy. Granatowy kolor i solidny grafitowy wk\u0142ad zapewniaj\u0105 komfortowe pisanie w codziennym u\u017cytkowaniu.<\/p>\n<p><strong>Standardowy o\u0142\u00f3wek do szkic\u00f3w i notatek<\/strong><\/p>\n<p><strong>Produkt nadaje si\u0119 do znakowania.<\/strong><\/p>\n","protected":false},"featured_media":38462,"comment_status":"open","ping_status":"closed","template":"","meta":[],"product_brand":[],"product_cat":[],"product_tag":[11477,11470,11468,11475,11471,11466,11467,11474,11472,11469,11473,11476],"class_list":{"0":"post-38461","1":"product","2":"type-product","3":"status-publish","4":"has-post-thumbnail","6":"product_tag-akcesoria-pismiennicze-drewniane","7":"product_tag-gadzet-reklamowy-olowek","8":"product_tag-granatowy-olowek-do-pisania","9":"product_tag-narzedzie-pismiennicze-granatowy","10":"product_tag-olowek-do-szkoly-i-biura","11":"product_tag-olowek-drewniany-granatowy","12":"product_tag-olowek-rainbow-r73812-42","13":"product_tag-olowek-z-grafitowym-wkladem","14":"product_tag-personalizowany-olowek-drewniany","15":"product_tag-pismienniczy-olowek-z-mozliwoscia-nadruku","16":"product_tag-praktyczny-olowek-codzienny","17":"product_tag-upominek-firmowy-olowek","19":"first","20":"instock","21":"shipping-taxable","22":"purchasable","23":"product-type-simple"},"_links":{"self":[{"href":"https:\/\/pargift.pl\/index.php\/wp-json\/wp\/v2\/product\/38461","targetHints":{"allow":["GET"]}}],"collection":[{"href":"https:\/\/pargift.pl\/index.php\/wp-json\/wp\/v2\/product"}],"about":[{"href":"https:\/\/pargift.pl\/index.php\/wp-json\/wp\/v2\/types\/product"}],"replies":[{"embeddable":true,"href":"https:\/\/pargift.pl\/index.php\/wp-json\/wp\/v2\/comments?post=38461"}],"version-history":[{"count":2,"href":"https:\/\/pargift.pl\/index.php\/wp-json\/wp\/v2\/product\/38461\/revisions"}],"predecessor-version":[{"id":39275,"href":"https:\/\/pargift.pl\/index.php\/wp-json\/wp\/v2\/product\/38461\/revisions\/39275"}],"wp:featuredmedia":[{"embeddable":true,"href":"https:\/\/pargift.pl\/index.php\/wp-json\/wp\/v2\/media\/38462"}],"wp:attachment":[{"href":"https:\/\/pargift.pl\/index.php\/wp-json\/wp\/v2\/media?parent=38461"}],"wp:term":[{"taxonomy":"product_brand","embeddable":true,"href":"https:\/\/pargift.pl\/index.php\/wp-json\/wp\/v2\/product_brand?post=38461"},{"taxonomy":"product_cat","embeddable":true,"href":"https:\/\/pargift.pl\/index.php\/wp-json\/wp\/v2\/product_cat?post=38461"},{"taxonomy":"product_tag","embeddable":true,"href":"https:\/\/pargift.pl\/index.php\/wp-json\/wp\/v2\/product_tag?post=38461"}],"curies":[{"name":"wp","href":"https:\/\/api.w.org\/{rel}","templated":true}]}}