{"id":38391,"date":"2026-01-23T03:59:05","date_gmt":"2026-01-23T03:59:05","guid":{"rendered":"http:\/\/pargift.pl\/index.php\/produkt\/brelok-amore-mio-bialy\/"},"modified":"2026-02-10T17:30:10","modified_gmt":"2026-02-10T17:30:10","slug":"brelok-amore-mio-bialy","status":"publish","type":"product","link":"https:\/\/pargift.pl\/index.php\/produkt\/brelok-amore-mio-bialy\/","title":{"rendered":"Brelok Amore mio, bia\u0142y"},"content":{"rendered":"<h2 data-start=\"0\" data-end=\"44\"><strong data-start=\"3\" data-end=\"44\">Brelok Amore Mio, bia\u0142y R73120.06<\/strong><\/h2>\n<p data-start=\"46\" data-end=\"619\">Brelok <strong data-start=\"53\" data-end=\"66\">Amore Mio<\/strong> w eleganckim, bia\u0142ym kolorze to stylowy i praktyczny dodatek do kluczy, plecaka, torebki lub innych akcesori\u00f3w codziennego u\u017cytku. Wykonany z <strong data-start=\"209\" data-end=\"232\">trwa\u0142ych materia\u0142\u00f3w<\/strong> zapewnia komfortowe u\u017cytkowanie i odporno\u015b\u0107 na codzienne zarysowania, a <strong data-start=\"305\" data-end=\"334\">metalowy element mocuj\u0105cy<\/strong> gwarantuje pewne przypi\u0119cie do kluczy lub paska. Neutralny, bia\u0142y kolor i <strong data-start=\"409\" data-end=\"440\">g\u0142adka powierzchnia breloka<\/strong> sprawiaj\u0105, \u017ce produkt doskonale nadaje si\u0119 do <strong data-start=\"487\" data-end=\"546\">personalizacji poprzez nadruk lub znakowanie logo firmy<\/strong>, co czyni go wyj\u0105tkowym <strong data-start=\"571\" data-end=\"618\">gad\u017cetem reklamowym lub upominkiem firmowym<\/strong>.<\/p>\n<h3 data-start=\"621\" data-end=\"657\"><strong data-start=\"625\" data-end=\"657\">Najwa\u017cniejsze cechy produktu<\/strong><\/h3>\n<ul>\n<li data-start=\"660\" data-end=\"713\"><strong data-start=\"660\" data-end=\"680\">Brelok Amore Mio<\/strong> \u2013 stylowy, uniwersalny dodatek<\/li>\n<li data-start=\"716\" data-end=\"769\"><strong data-start=\"716\" data-end=\"743\">Kolor dominuj\u0105cy: bia\u0142y<\/strong> \u2013 elegancki i neutralny<\/li>\n<li data-start=\"772\" data-end=\"839\">Wykonany z <strong data-start=\"783\" data-end=\"806\">trwa\u0142ych materia\u0142\u00f3w<\/strong> \u2013 odporny na codzienne zu\u017cycie<\/li>\n<li data-start=\"842\" data-end=\"913\">Metalowy element mocuj\u0105cy \u2013 \u0142atwe przypi\u0119cie do kluczy lub akcesori\u00f3w<\/li>\n<li data-start=\"916\" data-end=\"977\"><strong data-start=\"916\" data-end=\"939\">G\u0142adka powierzchnia<\/strong> \u2013 idealna pod nadruk lub znakowanie<\/li>\n<\/ul>\n<h3 data-start=\"979\" data-end=\"1010\"><strong data-start=\"983\" data-end=\"1010\">Dlaczego warto go mie\u0107?<\/strong><\/h3>\n<p data-start=\"1011\" data-end=\"1531\">Brelok Amore Mio to praktyczny i estetyczny produkt, kt\u00f3ry u\u0142atwia organizacj\u0119 kluczy i innych drobiazg\u00f3w, jednocze\u015bnie dodaj\u0105c im stylowego charakteru. Jego bia\u0142y kolor i minimalistyczny design sprawiaj\u0105, \u017ce z \u0142atwo\u015bci\u0105 dopasujesz go do r\u00f3\u017cnych stylizacji oraz akcesori\u00f3w. Dzi\u0119ki mo\u017cliwo\u015bci wykonania <strong data-start=\"1313\" data-end=\"1372\">personalizacji poprzez nadruk lub znakowanie logo firmy<\/strong>, brelok \u015bwietnie sprawdza si\u0119 jako <strong data-start=\"1408\" data-end=\"1435\">gad\u017cet reklamowy z logo<\/strong> lub elegancki upominek firmowy, kt\u00f3ry b\u0119dzie cz\u0119sto u\u017cywany i zauwa\u017cany przez obdarowane osoby.<\/p>\n<h3 data-start=\"1533\" data-end=\"1564\"><strong data-start=\"1537\" data-end=\"1564\">Specyfikacja techniczna<\/strong><\/h3>\n<ul>\n<li data-start=\"1567\" data-end=\"1589\">Model: <strong data-start=\"1574\" data-end=\"1587\">R73120.06<\/strong><\/li>\n<li data-start=\"1592\" data-end=\"1641\">Typ produktu: <strong data-start=\"1606\" data-end=\"1639\">brelok do kluczy \/ akcesori\u00f3w<\/strong><\/li>\n<li data-start=\"1644\" data-end=\"1673\">Kolor dominuj\u0105cy: <strong data-start=\"1662\" data-end=\"1671\">bia\u0142y<\/strong><\/li>\n<li data-start=\"1676\" data-end=\"1732\">Materia\u0142y: trwa\u0142e tworzywo + metalowy element mocuj\u0105cy<\/li>\n<li data-start=\"1735\" data-end=\"1791\">Powierzchnia: <strong data-start=\"1749\" data-end=\"1789\">g\u0142adka \u2013 przystosowana do znakowania<\/strong><\/li>\n<li data-start=\"1794\" data-end=\"1838\">Mocowanie: metal \u2013 karabi\u0144czyk \/ pier\u015bcie\u0144<\/li>\n<li data-start=\"1841\" data-end=\"1883\">Wymiary: kompaktowe \u2013 wygodne w noszeniu<\/li>\n<li data-start=\"1886\" data-end=\"1926\">Opakowanie: standardowe (folia \/ karton)<\/li>\n<\/ul>\n","protected":false},"excerpt":{"rendered":"<p>Brelok Amore Mio bia\u0142y R73120.06 \u2014 stylowy brelok z trwa\u0142ych materia\u0142\u00f3w z metalowym mocowaniem, idealny do kluczy, torby lub plecaka. Bia\u0142y kolor i g\u0142adka powierzchnia sprawiaj\u0105, \u017ce produkt prezentuje si\u0119 elegancko i jest gotowy do personalizacji poprzez nadruk lub logotyp firmy.<\/p>\n<p><strong>Kompaktowa forma u\u0142atwia codzienne u\u017cytkowanie.<\/strong><\/p>\n<p><strong>Produkt nadaje si\u0119 do znakowania.<\/strong><\/p>\n","protected":false},"featured_media":38392,"comment_status":"open","ping_status":"closed","template":"","meta":[],"product_brand":[],"product_cat":[],"product_tag":[11533,11528,11529,11532,11530,11129,8529,11531,11158,9876,11534,10907],"class_list":{"0":"post-38391","1":"product","2":"type-product","3":"status-publish","4":"has-post-thumbnail","6":"product_tag-brelok-amore-mio-akcesoria","7":"product_tag-brelok-amore-mio-bialy","8":"product_tag-brelok-do-kluczy-bialy","9":"product_tag-brelok-z-gladka-powierzchnia","10":"product_tag-brelok-z-metalowym-mocowaniem","11":"product_tag-brelok-z-mozliwoscia-nadruku","12":"product_tag-gadzet-reklamowy-brelok","13":"product_tag-minimalistyczny-brelok-akcesoria","14":"product_tag-praktyczny-brelok-do-torby","15":"product_tag-prezent-firmowy-brelok","16":"product_tag-sku-r73120-06","17":"product_tag-uniwersalny-brelok-do-kluczy","19":"first","20":"outofstock","21":"shipping-taxable","22":"purchasable","23":"product-type-simple"},"_links":{"self":[{"href":"https:\/\/pargift.pl\/index.php\/wp-json\/wp\/v2\/product\/38391","targetHints":{"allow":["GET"]}}],"collection":[{"href":"https:\/\/pargift.pl\/index.php\/wp-json\/wp\/v2\/product"}],"about":[{"href":"https:\/\/pargift.pl\/index.php\/wp-json\/wp\/v2\/types\/product"}],"replies":[{"embeddable":true,"href":"https:\/\/pargift.pl\/index.php\/wp-json\/wp\/v2\/comments?post=38391"}],"version-history":[{"count":2,"href":"https:\/\/pargift.pl\/index.php\/wp-json\/wp\/v2\/product\/38391\/revisions"}],"predecessor-version":[{"id":39289,"href":"https:\/\/pargift.pl\/index.php\/wp-json\/wp\/v2\/product\/38391\/revisions\/39289"}],"wp:featuredmedia":[{"embeddable":true,"href":"https:\/\/pargift.pl\/index.php\/wp-json\/wp\/v2\/media\/38392"}],"wp:attachment":[{"href":"https:\/\/pargift.pl\/index.php\/wp-json\/wp\/v2\/media?parent=38391"}],"wp:term":[{"taxonomy":"product_brand","embeddable":true,"href":"https:\/\/pargift.pl\/index.php\/wp-json\/wp\/v2\/product_brand?post=38391"},{"taxonomy":"product_cat","embeddable":true,"href":"https:\/\/pargift.pl\/index.php\/wp-json\/wp\/v2\/product_cat?post=38391"},{"taxonomy":"product_tag","embeddable":true,"href":"https:\/\/pargift.pl\/index.php\/wp-json\/wp\/v2\/product_tag?post=38391"}],"curies":[{"name":"wp","href":"https:\/\/api.w.org\/{rel}","templated":true}]}}