{"id":38365,"date":"2026-01-23T03:59:01","date_gmt":"2026-01-23T03:59:01","guid":{"rendered":"http:\/\/pargift.pl\/index.php\/produkt\/zestaw-upominkowy-aston-czarny\/"},"modified":"2026-02-10T17:46:54","modified_gmt":"2026-02-10T17:46:54","slug":"zestaw-upominkowy-aston-czarny","status":"publish","type":"product","link":"https:\/\/pargift.pl\/index.php\/produkt\/zestaw-upominkowy-aston-czarny\/","title":{"rendered":"Zestaw upominkowy Aston, czarny"},"content":{"rendered":"<h2 data-start=\"0\" data-end=\"52\"><strong data-start=\"3\" data-end=\"52\">Zestaw upominkowy Aston, czarny R17020.02<\/strong><\/h2>\n<p data-start=\"54\" data-end=\"628\">Elegancki <strong data-start=\"64\" data-end=\"91\">zestaw upominkowy Aston<\/strong> w klasycznym, czarnym kolorze to stylowy komplet praktycznych akcesori\u00f3w idealny jako <strong data-start=\"178\" data-end=\"239\">prezent firmowy, upominek promocyjny lub gad\u017cet reklamowy<\/strong>. Starannie dobrane elementy zestawu \u0142\u0105cz\u0105 <strong data-start=\"282\" data-end=\"313\">estetyk\u0119 z funkcjonalno\u015bci\u0105<\/strong>, dzi\u0119ki czemu produkt sprawdzi si\u0119 w codziennym u\u017cytkowaniu \u2014 zar\u00f3wno w pracy, jak i w podr\u00f3\u017cy czy podczas spotka\u0144 biznesowych. Czarny kolor podkre\u015bla elegancki charakter zestawu, a <strong data-start=\"496\" data-end=\"586\">g\u0142adkie powierzchnie element\u00f3w umo\u017cliwiaj\u0105 wykonanie nadruku lub znakowania logo firmy<\/strong>, co wzmacnia jego marketingowy potencja\u0142.<\/p>\n<h3 data-start=\"630\" data-end=\"666\"><strong data-start=\"634\" data-end=\"666\">Najwa\u017cniejsze cechy produktu<\/strong><\/h3>\n<ul>\n<li data-start=\"669\" data-end=\"742\"><strong data-start=\"669\" data-end=\"696\">Zestaw upominkowy Aston<\/strong> \u2013 elegancki komplet praktycznych akcesori\u00f3w<\/li>\n<li data-start=\"745\" data-end=\"806\"><strong data-start=\"745\" data-end=\"773\">Kolor dominuj\u0105cy: czarny<\/strong> \u2013 uniwersalny i stylowy wygl\u0105d<\/li>\n<li data-start=\"809\" data-end=\"882\">Estetyczne i funkcjonalne elementy \u2013 idealne do codziennego u\u017cytkowania<\/li>\n<li data-start=\"885\" data-end=\"952\"><strong data-start=\"885\" data-end=\"909\">G\u0142adkie powierzchnie<\/strong> \u2013 idealne pod nadruk lub znakowanie logo<\/li>\n<li data-start=\"955\" data-end=\"1013\">Gotowy do wr\u0119czenia jako prezent \u2013 estetyczne opakowanie<\/li>\n<\/ul>\n<h3 data-start=\"1015\" data-end=\"1046\"><strong data-start=\"1019\" data-end=\"1046\">Dlaczego warto go mie\u0107?<\/strong><\/h3>\n<p data-start=\"1047\" data-end=\"1558\">Zestaw upominkowy Aston to doskona\u0142y wyb\u00f3r dla firm i instytucji poszukuj\u0105cych eleganckiego i jednocze\u015bnie praktycznego rozwi\u0105zania na prezent dla klient\u00f3w, partner\u00f3w biznesowych lub pracownik\u00f3w. Elementy zestawu, zapakowane w estetyczne pude\u0142ko, stanowi\u0105 szykowny upominek, kt\u00f3ry zachwyca zar\u00f3wno wygl\u0105dem, jak i u\u017cyteczno\u015bci\u0105. Mo\u017cliwo\u015b\u0107 personalizacji poprzez nadruk lub znakowanie logo sprawia, \u017ce zestaw Aston jest wyj\u0105tkowym <strong data-start=\"1477\" data-end=\"1513\">gad\u017cetem reklamowym z logo firmy<\/strong>, kt\u00f3ry pozostawia trwa\u0142e pozytywne wra\u017cenie.<\/p>\n<h3 data-start=\"1560\" data-end=\"1591\"><strong data-start=\"1564\" data-end=\"1591\">Specyfikacja techniczna<\/strong><\/h3>\n<ul>\n<li data-start=\"1594\" data-end=\"1616\">Model: <strong data-start=\"1601\" data-end=\"1614\">R17020.02<\/strong><\/li>\n<li data-start=\"1619\" data-end=\"1657\">Produkt: <strong data-start=\"1628\" data-end=\"1655\">zestaw upominkowy Aston<\/strong><\/li>\n<li data-start=\"1660\" data-end=\"1690\">Kolor dominuj\u0105cy: <strong data-start=\"1678\" data-end=\"1688\">czarny<\/strong><\/li>\n<li data-start=\"1693\" data-end=\"1765\">Zawarto\u015b\u0107: zestaw praktycznych akcesori\u00f3w (szczeg\u00f3\u0142y wewn\u0105trz zestawu)<\/li>\n<li data-start=\"1768\" data-end=\"1840\">Materia\u0142y: estetyczne i trwa\u0142e \u2013 dopasowane do codziennego u\u017cytkowania<\/li>\n<li data-start=\"1843\" data-end=\"1900\">Powierzchnie: <strong data-start=\"1857\" data-end=\"1898\">g\u0142adkie \u2013 przystosowane do znakowania<\/strong><\/li>\n<li data-start=\"1903\" data-end=\"1952\">Opakowanie: eleganckie pude\u0142ko \u2013 gotowy prezent<\/li>\n<\/ul>\n","protected":false},"excerpt":{"rendered":"<p>Zestaw upominkowy Aston czarny R17020.02 \u2014 elegancki komplet praktycznych akcesori\u00f3w zapakowany w estetyczne pude\u0142ko, idealny jako prezent firmowy lub gad\u017cet reklamowy. Czarny kolor i g\u0142adkie powierzchnie element\u00f3w umo\u017cliwiaj\u0105 personalizacj\u0119 nadrukiem lub logotypem firmy.<\/p>\n<p><strong>Komplet praktycznych dodatk\u00f3w w eleganckim wydaniu.<\/strong><\/p>\n<p><strong>Produkt nadaje si\u0119 do znakowania.<\/strong><\/p>\n","protected":false},"featured_media":38366,"comment_status":"open","ping_status":"closed","template":"","meta":[],"product_brand":[],"product_cat":[],"product_tag":[11586,11207,3497,11587,11584,11212,11582,11588,11585,11583,11581,11236],"class_list":{"0":"post-38365","1":"product","2":"type-product","3":"status-publish","4":"has-post-thumbnail","6":"product_tag-akcesoria-codzienne-aston","7":"product_tag-czarny-zestaw-prezentowy","8":"product_tag-elegancki-zestaw-upominkowy","9":"product_tag-estetyczny-prezent-firmowy","10":"product_tag-gadzet-reklamowy-aston","11":"product_tag-personalizowany-zestaw-upominkowy","12":"product_tag-prezent-firmowy-aston","13":"product_tag-sku-r17020-02","14":"product_tag-upominek-biznesowy-aston","15":"product_tag-zestaw-akcesoriow-aston","16":"product_tag-zestaw-upominkowy-aston-czarny","17":"product_tag-zestaw-z-mozliwoscia-nadruku","19":"first","20":"outofstock","21":"shipping-taxable","22":"purchasable","23":"product-type-simple"},"_links":{"self":[{"href":"https:\/\/pargift.pl\/index.php\/wp-json\/wp\/v2\/product\/38365","targetHints":{"allow":["GET"]}}],"collection":[{"href":"https:\/\/pargift.pl\/index.php\/wp-json\/wp\/v2\/product"}],"about":[{"href":"https:\/\/pargift.pl\/index.php\/wp-json\/wp\/v2\/types\/product"}],"replies":[{"embeddable":true,"href":"https:\/\/pargift.pl\/index.php\/wp-json\/wp\/v2\/comments?post=38365"}],"version-history":[{"count":1,"href":"https:\/\/pargift.pl\/index.php\/wp-json\/wp\/v2\/product\/38365\/revisions"}],"predecessor-version":[{"id":39301,"href":"https:\/\/pargift.pl\/index.php\/wp-json\/wp\/v2\/product\/38365\/revisions\/39301"}],"wp:featuredmedia":[{"embeddable":true,"href":"https:\/\/pargift.pl\/index.php\/wp-json\/wp\/v2\/media\/38366"}],"wp:attachment":[{"href":"https:\/\/pargift.pl\/index.php\/wp-json\/wp\/v2\/media?parent=38365"}],"wp:term":[{"taxonomy":"product_brand","embeddable":true,"href":"https:\/\/pargift.pl\/index.php\/wp-json\/wp\/v2\/product_brand?post=38365"},{"taxonomy":"product_cat","embeddable":true,"href":"https:\/\/pargift.pl\/index.php\/wp-json\/wp\/v2\/product_cat?post=38365"},{"taxonomy":"product_tag","embeddable":true,"href":"https:\/\/pargift.pl\/index.php\/wp-json\/wp\/v2\/product_tag?post=38365"}],"curies":[{"name":"wp","href":"https:\/\/api.w.org\/{rel}","templated":true}]}}