{"id":38358,"date":"2026-01-23T03:58:59","date_gmt":"2026-01-23T03:58:59","guid":{"rendered":"http:\/\/pargift.pl\/index.php\/produkt\/zestaw-upominkowy-dallas-czarny\/"},"modified":"2026-02-10T17:48:36","modified_gmt":"2026-02-10T17:48:36","slug":"zestaw-upominkowy-dallas-czarny","status":"publish","type":"product","link":"https:\/\/pargift.pl\/index.php\/produkt\/zestaw-upominkowy-dallas-czarny\/","title":{"rendered":"Zestaw upominkowy Dallas, czarny"},"content":{"rendered":"<h2 data-start=\"0\" data-end=\"53\"><strong data-start=\"3\" data-end=\"53\">Zestaw upominkowy Dallas, czarny R17019.02<\/strong><\/h2>\n<p data-start=\"55\" data-end=\"567\">Elegancki <strong data-start=\"65\" data-end=\"93\">zestaw upominkowy Dallas<\/strong> w klasycznym, czarnym kolorze to stylowy komplet praktycznych akcesori\u00f3w, kt\u00f3ry doskonale sprawdzi si\u0119 jako <strong data-start=\"202\" data-end=\"263\">prezent firmowy, upominek promocyjny lub gad\u017cet reklamowy<\/strong>. Komplet \u0142\u0105czy <strong data-start=\"279\" data-end=\"319\">estetyczny design z funkcjonalno\u015bci\u0105<\/strong>, a elementy zestawu wyr\u00f3\u017cniaj\u0105 si\u0119 starannym wykonaniem i uniwersalnym charakterem. G\u0142adkie powierzchnie sprawiaj\u0105, \u017ce produkt \u015bwietnie nadaje si\u0119 do <strong data-start=\"470\" data-end=\"529\">personalizacji poprzez nadruk lub znakowanie logo firmy<\/strong>, co zwi\u0119ksza jego warto\u015b\u0107 promocyjn\u0105.<\/p>\n<h3 data-start=\"569\" data-end=\"605\"><strong data-start=\"573\" data-end=\"605\">Najwa\u017cniejsze cechy produktu<\/strong><\/h3>\n<ul>\n<li data-start=\"608\" data-end=\"669\"><strong data-start=\"608\" data-end=\"636\">Zestaw upominkowy Dallas<\/strong> \u2013 elegancki komplet akcesori\u00f3w<\/li>\n<li data-start=\"672\" data-end=\"728\"><strong data-start=\"672\" data-end=\"700\">Kolor dominuj\u0105cy: czarny<\/strong> \u2013 klasyczny i uniwersalny<\/li>\n<li data-start=\"731\" data-end=\"797\">Starannie dobrane elementy \u2013 praktyczne w codziennym u\u017cytkowaniu<\/li>\n<li data-start=\"800\" data-end=\"867\"><strong data-start=\"800\" data-end=\"824\">G\u0142adkie powierzchnie<\/strong> \u2013 idealne pod nadruk lub znakowanie logo<\/li>\n<li data-start=\"870\" data-end=\"910\">Estetyczne opakowanie \u2013 gotowy prezent<\/li>\n<\/ul>\n<h3 data-start=\"912\" data-end=\"943\"><strong data-start=\"916\" data-end=\"943\">Dlaczego warto go mie\u0107?<\/strong><\/h3>\n<p data-start=\"944\" data-end=\"1460\">Zestaw Dallas to doskona\u0142y wyb\u00f3r dla firm i organizacji, kt\u00f3re chc\u0105 obdarowa\u0107 klient\u00f3w, partner\u00f3w biznesowych lub pracownik\u00f3w wyj\u0105tkowym i praktycznym upominkiem. Wszystkie elementy zestawu zosta\u0142y zaprojektowane z my\u015bl\u0105 o codziennym u\u017cytkowaniu, co sprawia, \u017ce prezent nie tylko wygl\u0105da elegancko, ale jest r\u00f3wnie\u017c u\u017cyteczny. Dzi\u0119ki mo\u017cliwo\u015bci personalizacji poprzez nadruk lub znakowanie logo firmy zestaw \u015bwietnie sprawdzi si\u0119 jako <strong data-start=\"1379\" data-end=\"1406\">gad\u017cet reklamowy z logo<\/strong>, kt\u00f3ry b\u0119dzie przypomina\u0142 o marce przy ka\u017cdym u\u017cyciu.<\/p>\n<h3 data-start=\"1462\" data-end=\"1493\"><strong data-start=\"1466\" data-end=\"1493\">Specyfikacja techniczna<\/strong><\/h3>\n<ul>\n<li data-start=\"1496\" data-end=\"1518\">Model: <strong data-start=\"1503\" data-end=\"1516\">R17019.02<\/strong><\/li>\n<li data-start=\"1521\" data-end=\"1560\">Produkt: <strong data-start=\"1530\" data-end=\"1558\">zestaw upominkowy Dallas<\/strong><\/li>\n<li data-start=\"1563\" data-end=\"1593\">Kolor dominuj\u0105cy: <strong data-start=\"1581\" data-end=\"1591\">czarny<\/strong><\/li>\n<li data-start=\"1596\" data-end=\"1669\">Zawarto\u015b\u0107: komplet praktycznych akcesori\u00f3w (szczeg\u00f3\u0142y wewn\u0105trz zestawu)<\/li>\n<li data-start=\"1672\" data-end=\"1744\">Materia\u0142y: trwa\u0142e i estetyczne \u2014 dopasowane do codziennego u\u017cytkowania<\/li>\n<li data-start=\"1747\" data-end=\"1804\">Powierzchnie: <strong data-start=\"1761\" data-end=\"1802\">g\u0142adkie \u2014 przystosowane do znakowania<\/strong><\/li>\n<li data-start=\"1807\" data-end=\"1861\">Opakowanie: eleganckie pude\u0142ko \u2013 gotowy do wr\u0119czenia<\/li>\n<\/ul>\n","protected":false},"excerpt":{"rendered":"<p>Zestaw upominkowy Dallas czarny R17019.02 \u2014 elegancki komplet praktycznych akcesori\u00f3w zapakowany w estetyczne pude\u0142ko, idealny jako prezent firmowy lub gad\u017cet reklamowy. Czarny kolor i g\u0142adkie powierzchnie element\u00f3w sprawiaj\u0105, \u017ce produkt doskonale nadaje si\u0119 do personalizacji nadrukiem lub logotypem firmy.<\/p>\n<p><strong>Komplet praktycznych dodatk\u00f3w w eleganckim wydaniu.<\/strong><\/p>\n<p><strong>Produkt nadaje si\u0119 do znakowania.<\/strong><\/p>\n","protected":false},"featured_media":38359,"comment_status":"open","ping_status":"closed","template":"","meta":[],"product_brand":[],"product_cat":[],"product_tag":[11594,11596,11591,11592,11212,11597,11590,11595,11598,11593,11589,11236],"class_list":{"0":"post-38358","1":"product","2":"type-product","3":"status-publish","4":"has-post-thumbnail","6":"product_tag-akcesoria-codzienne-dallas","7":"product_tag-czarny-zestaw-upominkowy","8":"product_tag-elegancki-zestaw-akcesoriow","9":"product_tag-gadzet-reklamowy-dallas","10":"product_tag-personalizowany-zestaw-upominkowy","11":"product_tag-praktyczny-zestaw-gadzetow","12":"product_tag-prezent-firmowy-dallas","13":"product_tag-prezent-firmowy-w-pudelku","14":"product_tag-sku-r17019-02","15":"product_tag-upominek-biznesowy-dallas","16":"product_tag-zestaw-upominkowy-dallas-czarny","17":"product_tag-zestaw-z-mozliwoscia-nadruku","19":"first","20":"outofstock","21":"shipping-taxable","22":"purchasable","23":"product-type-simple"},"_links":{"self":[{"href":"https:\/\/pargift.pl\/index.php\/wp-json\/wp\/v2\/product\/38358","targetHints":{"allow":["GET"]}}],"collection":[{"href":"https:\/\/pargift.pl\/index.php\/wp-json\/wp\/v2\/product"}],"about":[{"href":"https:\/\/pargift.pl\/index.php\/wp-json\/wp\/v2\/types\/product"}],"replies":[{"embeddable":true,"href":"https:\/\/pargift.pl\/index.php\/wp-json\/wp\/v2\/comments?post=38358"}],"version-history":[{"count":2,"href":"https:\/\/pargift.pl\/index.php\/wp-json\/wp\/v2\/product\/38358\/revisions"}],"predecessor-version":[{"id":39303,"href":"https:\/\/pargift.pl\/index.php\/wp-json\/wp\/v2\/product\/38358\/revisions\/39303"}],"wp:featuredmedia":[{"embeddable":true,"href":"https:\/\/pargift.pl\/index.php\/wp-json\/wp\/v2\/media\/38359"}],"wp:attachment":[{"href":"https:\/\/pargift.pl\/index.php\/wp-json\/wp\/v2\/media?parent=38358"}],"wp:term":[{"taxonomy":"product_brand","embeddable":true,"href":"https:\/\/pargift.pl\/index.php\/wp-json\/wp\/v2\/product_brand?post=38358"},{"taxonomy":"product_cat","embeddable":true,"href":"https:\/\/pargift.pl\/index.php\/wp-json\/wp\/v2\/product_cat?post=38358"},{"taxonomy":"product_tag","embeddable":true,"href":"https:\/\/pargift.pl\/index.php\/wp-json\/wp\/v2\/product_tag?post=38358"}],"curies":[{"name":"wp","href":"https:\/\/api.w.org\/{rel}","templated":true}]}}