{"id":38157,"date":"2026-01-23T03:58:25","date_gmt":"2026-01-23T03:58:25","guid":{"rendered":"http:\/\/pargift.pl\/index.php\/produkt\/swieca-zapachowa-w-szkle-bloom-ciemny-zielony\/"},"modified":"2026-02-10T18:52:24","modified_gmt":"2026-02-10T18:52:24","slug":"swieca-zapachowa-w-szkle-bloom-ciemny-zielony","status":"publish","type":"product","link":"https:\/\/pargift.pl\/index.php\/produkt\/swieca-zapachowa-w-szkle-bloom-ciemny-zielony\/","title":{"rendered":"\u015awieca zapachowa w szkle Bloom, ciemny zielony"},"content":{"rendered":"<div class=\"flex flex-col text-sm pb-25\">\n<article class=\"text-token-text-primary w-full focus:outline-none [--shadow-height:45px] has-data-writing-block:pointer-events-none has-data-writing-block:-mt-(--shadow-height) has-data-writing-block:pt-(--shadow-height) [&amp;:has([data-writing-block])&gt;*]:pointer-events-auto scroll-mt-[calc(var(--header-height)+min(200px,max(70px,20svh)))]\" dir=\"auto\" tabindex=\"-1\" data-turn-id=\"request-697cec70-a904-8386-8fd5-82fbebc89265-44\" data-testid=\"conversation-turn-356\" data-scroll-anchor=\"true\" data-turn=\"assistant\">\n<div class=\"text-base my-auto mx-auto pb-10 [--thread-content-margin:--spacing(4)] @w-sm\/main:[--thread-content-margin:--spacing(6)] @w-lg\/main:[--thread-content-margin:--spacing(16)] px-(--thread-content-margin)\">\n<div class=\"[--thread-content-max-width:40rem] @w-lg\/main:[--thread-content-max-width:48rem] mx-auto max-w-(--thread-content-max-width) flex-1 group\/turn-messages focus-visible:outline-hidden relative flex w-full min-w-0 flex-col agent-turn\" tabindex=\"-1\">\n<div class=\"flex max-w-full flex-col grow\">\n<div class=\"min-h-8 text-message relative flex w-full flex-col items-end gap-2 text-start break-words whitespace-normal [.text-message+&amp;]:mt-1\" dir=\"auto\" data-message-author-role=\"assistant\" data-message-id=\"d9ce957c-4691-44fe-b3dd-be506f7c201b\" data-message-model-slug=\"gpt-5-2\">\n<div class=\"flex w-full flex-col gap-1 empty:hidden first:pt-[1px]\">\n<div class=\"markdown prose dark:prose-invert w-full wrap-break-word dark markdown-new-styling\">\n<h2 data-start=\"0\" data-end=\"67\"><strong data-start=\"3\" data-end=\"67\">\u015awieca zapachowa w szkle Bloom, ciemny zielony R17377.51<\/strong><\/h2>\n<p data-start=\"69\" data-end=\"672\">\u015awieca zapachowa <strong data-start=\"86\" data-end=\"95\">Bloom<\/strong> w eleganckim, ciemno-zielonym szklanym naczyniu to aromatyczny i dekoracyjny produkt, kt\u00f3ry doskonale wprowadzi przytuln\u0105, relaksuj\u0105c\u0105 atmosfer\u0119 do domu, biura lub innej ulubionej przestrzeni. Wykonana z <strong data-start=\"300\" data-end=\"338\">wysokiej jako\u015bci wosku zapachowego<\/strong>, \u015bwieca emanuje <strong data-start=\"355\" data-end=\"390\">delikatnym, przyjemnym aromatem<\/strong>, kt\u00f3ry sprzyja odpr\u0119\u017ceniu i poprawie nastroju. Estetyczne, ciemno-zielone szk\u0142o oraz <strong data-start=\"476\" data-end=\"508\">g\u0142adka powierzchnia naczynia<\/strong> znakomicie nadaj\u0105 si\u0119 do <strong data-start=\"534\" data-end=\"593\">personalizacji poprzez nadruk lub znakowanie logo firmy<\/strong>, co czyni produkt praktycznym <strong data-start=\"624\" data-end=\"671\">gad\u017cetem reklamowym lub upominkiem firmowym<\/strong>.<\/p>\n<h3 data-start=\"674\" data-end=\"710\"><strong data-start=\"678\" data-end=\"710\">Najwa\u017cniejsze cechy produktu<\/strong><\/h3>\n<ul>\n<li data-start=\"713\" data-end=\"784\"><strong data-start=\"713\" data-end=\"747\">\u015awieca zapachowa w szkle Bloom<\/strong> \u2014 aromatyczny i relaksuj\u0105cy zapach<\/li>\n<li data-start=\"787\" data-end=\"851\"><strong data-start=\"787\" data-end=\"823\">Kolor dominuj\u0105cy: ciemny zielony<\/strong> \u2014 elegancki i uniwersalny<\/li>\n<li data-start=\"854\" data-end=\"919\">Wysokiej jako\u015bci <strong data-start=\"871\" data-end=\"889\">wosk zapachowy<\/strong> \u2014 trwa\u0142y i przyjemny aromat<\/li>\n<li data-start=\"922\" data-end=\"997\"><strong data-start=\"922\" data-end=\"954\">G\u0142adka powierzchnia naczynia<\/strong> \u2014 idealna pod nadruk lub znakowanie logo<\/li>\n<li data-start=\"1000\" data-end=\"1050\">Szklane opakowanie \u2014 stylowy element dekoracyjny<\/li>\n<\/ul>\n<h3 data-start=\"1052\" data-end=\"1083\"><strong data-start=\"1056\" data-end=\"1083\">Dlaczego warto j\u0105 mie\u0107?<\/strong><\/h3>\n<p data-start=\"1084\" data-end=\"1669\">\u015awieca zapachowa Bloom to idealne rozwi\u0105zanie, by wprowadzi\u0107 do wn\u0119trza przyjemny aromat i stworzy\u0107 atmosfer\u0119 relaksu \u2014 \u015bwietna podczas wieczornego odpoczynku, aromatycznej k\u0105pieli czy spotka\u0144 z bliskimi. Jej ciemno-zielone wykonanie prezentuje si\u0119 efektownie w r\u00f3\u017cnych stylach aran\u017cacji wn\u0119trz \u2014 od nowoczesnych po klasyczne. Dzi\u0119ki <strong data-start=\"1418\" data-end=\"1488\">mo\u017cliwo\u015bci personalizacji poprzez nadruk lub znakowanie logo firmy<\/strong>, produkt doskonale sprawdzi si\u0119 jako <strong data-start=\"1526\" data-end=\"1564\">praktyczny gad\u017cet reklamowy z logo<\/strong> lub estetyczny upominek firmowy, kt\u00f3ry zostanie zapami\u0119tany i u\u017cywany przy codziennych chwilach relaksu.<\/p>\n<h3 data-start=\"1671\" data-end=\"1702\"><strong data-start=\"1675\" data-end=\"1702\">Specyfikacja techniczna<\/strong><\/h3>\n<ul>\n<li data-start=\"1705\" data-end=\"1727\">Model: <strong data-start=\"1712\" data-end=\"1725\">R17377.51<\/strong><\/li>\n<li data-start=\"1730\" data-end=\"1775\">Produkt: <strong data-start=\"1739\" data-end=\"1773\">\u015bwieca zapachowa w szkle Bloom<\/strong><\/li>\n<li data-start=\"1778\" data-end=\"1825\">Kolor dominuj\u0105cy naczynia: <strong data-start=\"1805\" data-end=\"1823\">ciemny zielony<\/strong><\/li>\n<li data-start=\"1828\" data-end=\"1885\">Wosk zapachowy: wysokiej jako\u015bci \u2014 aromatyczny i trwa\u0142y<\/li>\n<li data-start=\"1888\" data-end=\"1927\">Zapach: przyjemny, relaksuj\u0105cy aromat<\/li>\n<li data-start=\"1930\" data-end=\"2003\">Naczynie: <strong data-start=\"1940\" data-end=\"2001\">szk\u0142o z g\u0142adk\u0105 powierzchni\u0105 \u2013 przystosowane do znakowania<\/strong><\/li>\n<li data-start=\"2006\" data-end=\"2065\">Czas palenia: standardowy (zgodny z pojemno\u015bci\u0105 produktu)<\/li>\n<li data-start=\"2068\" data-end=\"2108\">Opakowanie: standardowe (folia \/ karton)<\/li>\n<\/ul>\n<\/div>\n<\/div>\n<\/div>\n<\/div>\n<\/div>\n<\/div>\n<\/article>\n<\/div>\n","protected":false},"excerpt":{"rendered":"<p>\u015awieca zapachowa w szkle Bloom ciemny zielony R17377.51 \u2014 aromatyczna \u015bwieca o przyjemnym, relaksuj\u0105cym zapachu w eleganckim, ciemno-zielonym szklanym naczyniu z g\u0142adk\u0105 powierzchni\u0105 idealn\u0105 pod nadruk lub znakowanie logo firmy. Estetyczny wygl\u0105d i delikatny aromat sprawiaj\u0105, \u017ce produkt \u015bwietnie sprawdza si\u0119 w domu, biurze lub podczas wieczornych chwil relaksu.<\/p>\n<p><strong>Produkt posiada delikatny aromat.<\/strong><\/p>\n<p><strong>Produkt nadaje si\u0119 do znakowania.<\/strong><\/p>\n","protected":false},"featured_media":38158,"comment_status":"open","ping_status":"closed","template":"","meta":[],"product_brand":[],"product_cat":[],"product_tag":[11712,10854,11790,11715,11721,11714,11771,11727,11757,11716,11789,11774],"class_list":{"0":"post-38157","1":"product","2":"type-product","3":"status-publish","4":"has-post-thumbnail","6":"product_tag-aromatyczna-swieca-zapachowa","7":"product_tag-dekoracyjna-swieca-do-domu","8":"product_tag-delikatny-aromat-swiecy","9":"product_tag-gadzet-reklamowy-swieca","10":"product_tag-personalizowana-swieca-reklamowa","11":"product_tag-prezent-firmowy-swieca-zapachowa","12":"product_tag-swieca-do-biura-i-salonu","13":"product_tag-swieca-relaksujacy-aromat","14":"product_tag-swieca-w-szkle-dekoracyjna","15":"product_tag-swieca-z-mozliwoscia-nadruku","16":"product_tag-swieca-zapachowa-bloom-ciemny-zielony","17":"product_tag-zielona-swieca-do-wnetrz","19":"first","20":"outofstock","21":"shipping-taxable","22":"purchasable","23":"product-type-simple"},"_links":{"self":[{"href":"https:\/\/pargift.pl\/index.php\/wp-json\/wp\/v2\/product\/38157","targetHints":{"allow":["GET"]}}],"collection":[{"href":"https:\/\/pargift.pl\/index.php\/wp-json\/wp\/v2\/product"}],"about":[{"href":"https:\/\/pargift.pl\/index.php\/wp-json\/wp\/v2\/types\/product"}],"replies":[{"embeddable":true,"href":"https:\/\/pargift.pl\/index.php\/wp-json\/wp\/v2\/comments?post=38157"}],"version-history":[{"count":2,"href":"https:\/\/pargift.pl\/index.php\/wp-json\/wp\/v2\/product\/38157\/revisions"}],"predecessor-version":[{"id":39387,"href":"https:\/\/pargift.pl\/index.php\/wp-json\/wp\/v2\/product\/38157\/revisions\/39387"}],"wp:featuredmedia":[{"embeddable":true,"href":"https:\/\/pargift.pl\/index.php\/wp-json\/wp\/v2\/media\/38158"}],"wp:attachment":[{"href":"https:\/\/pargift.pl\/index.php\/wp-json\/wp\/v2\/media?parent=38157"}],"wp:term":[{"taxonomy":"product_brand","embeddable":true,"href":"https:\/\/pargift.pl\/index.php\/wp-json\/wp\/v2\/product_brand?post=38157"},{"taxonomy":"product_cat","embeddable":true,"href":"https:\/\/pargift.pl\/index.php\/wp-json\/wp\/v2\/product_cat?post=38157"},{"taxonomy":"product_tag","embeddable":true,"href":"https:\/\/pargift.pl\/index.php\/wp-json\/wp\/v2\/product_tag?post=38157"}],"curies":[{"name":"wp","href":"https:\/\/api.w.org\/{rel}","templated":true}]}}