{"id":37900,"date":"2026-01-13T18:12:40","date_gmt":"2026-01-13T18:12:40","guid":{"rendered":"https:\/\/pargift.pl\/index.php\/produkt\/zestaw-upominkowy-notini-granatowy\/"},"modified":"2026-02-10T19:18:26","modified_gmt":"2026-02-10T19:18:26","slug":"zestaw-upominkowy-notini-granatowy","status":"publish","type":"product","link":"https:\/\/pargift.pl\/index.php\/produkt\/zestaw-upominkowy-notini-granatowy\/","title":{"rendered":"Zestaw upominkowy Notini, granatowy"},"content":{"rendered":"<h2 data-start=\"0\" data-end=\"56\"><strong data-start=\"3\" data-end=\"56\">Zestaw upominkowy Notini, granatowy R02340.42<\/strong><\/h2>\n<p data-start=\"58\" data-end=\"405\">Zestaw upominkowy <strong data-start=\"76\" data-end=\"86\">Notini<\/strong> w eleganckim, granatowym kolorze to stylowy komplet praktycznych akcesori\u00f3w, kt\u00f3ry doskonale sprawdzi si\u0119 jako <strong data-start=\"198\" data-end=\"264\">prezent firmowy, gad\u017cet reklamowy lub upominek okoliczno\u015bciowy<\/strong>. Zestaw \u0142\u0105czy w sobie wysok\u0105 funkcjonalno\u015b\u0107 z estetycznym wykonaniem \u2014 idealny dla os\u00f3b ceni\u0105cych praktyczne rozwi\u0105zania w codziennym \u017cyciu.<\/p>\n<h3 data-start=\"407\" data-end=\"447\"><strong data-start=\"411\" data-end=\"447\">Najwa\u017cniejsze cechy produktu<\/strong><\/h3>\n<ul>\n<li data-start=\"450\" data-end=\"511\"><strong data-start=\"450\" data-end=\"478\">Zestaw upominkowy Notini<\/strong> \u2014 elegancki komplet akcesori\u00f3w<\/li>\n<li data-start=\"514\" data-end=\"574\"><strong data-start=\"514\" data-end=\"545\">Kolor dominuj\u0105cy: granatowy<\/strong> \u2014 uniwersalny i estetyczny<\/li>\n<li data-start=\"577\" data-end=\"646\">Zawarto\u015b\u0107: praktyczne elementy (np. notes, d\u0142ugopis i inne dodatki)<\/li>\n<li data-start=\"649\" data-end=\"726\"><strong data-start=\"649\" data-end=\"683\">G\u0142adkie powierzchnie element\u00f3w<\/strong> \u2014 idealne pod nadruk lub znakowanie logo<\/li>\n<li data-start=\"729\" data-end=\"769\">Estetyczne opakowanie \u2014 gotowy prezent<\/li>\n<\/ul>\n<h3 data-start=\"771\" data-end=\"808\"><strong data-start=\"775\" data-end=\"806\">Dlaczego warto go mie\u0107?<\/strong><\/h3>\n<p data-start=\"809\" data-end=\"1351\">Zestaw Notini to doskona\u0142y wyb\u00f3r zar\u00f3wno dla firm, jak i os\u00f3b prywatnych, kt\u00f3re chc\u0105 obdarowa\u0107 bliskich lub wsp\u00f3\u0142pracownik\u00f3w eleganckim i praktycznym upominkiem. Ka\u017cdy element zestawu zosta\u0142 wykonany z dba\u0142o\u015bci\u0105 o detale i funkcjonalno\u015b\u0107 \u2014 co sprawia, \u017ce produkt jest u\u017cytkowy, a jednocze\u015bnie prezentuje si\u0119 bardzo estetycznie. Dzi\u0119ki <strong data-start=\"1144\" data-end=\"1214\">mo\u017cliwo\u015bci personalizacji poprzez nadruk lub znakowanie logo firmy<\/strong>, zestaw mo\u017ce pe\u0142ni\u0107 funkcj\u0119 <strong data-start=\"1243\" data-end=\"1285\">efektywnego gad\u017cetu reklamowego z logo<\/strong>, kt\u00f3ry b\u0119dzie u\u017cywany na co dzie\u0144 i pozytywnie kojarzony z mark\u0105.<\/p>\n<h3 data-start=\"1353\" data-end=\"1388\"><strong data-start=\"1357\" data-end=\"1388\">Specyfikacja techniczna<\/strong><\/h3>\n<ul>\n<li data-start=\"1391\" data-end=\"1413\">Model: <strong data-start=\"1398\" data-end=\"1411\">R02340.42<\/strong><\/li>\n<li data-start=\"1416\" data-end=\"1455\">Produkt: <strong data-start=\"1425\" data-end=\"1453\">zestaw upominkowy Notini<\/strong><\/li>\n<li data-start=\"1458\" data-end=\"1491\">Kolor dominuj\u0105cy: <strong data-start=\"1476\" data-end=\"1489\">granatowy<\/strong><\/li>\n<li data-start=\"1494\" data-end=\"1573\">Zestaw zawiera: r\u00f3\u017cne praktyczne akcesoria (opcjonalne: notes, d\u0142ugopis itp.)<\/li>\n<li data-start=\"1576\" data-end=\"1608\">Materia\u0142y: trwa\u0142e i estetyczne<\/li>\n<li data-start=\"1611\" data-end=\"1662\">Powierzchnie: <strong data-start=\"1625\" data-end=\"1660\">g\u0142adkie \u2013 idealne do znakowania<\/strong><\/li>\n<li data-start=\"1665\" data-end=\"1697\">Opakowanie: eleganckie pude\u0142ko<\/li>\n<\/ul>\n","protected":false},"excerpt":{"rendered":"<p>Zestaw upominkowy Notini granatowy R02340.42 \u2014 elegancki komplet praktycznych akcesori\u00f3w zapakowany w estetyczne pude\u0142ko, idealny jako prezent firmowy lub gad\u017cet reklamowy z mo\u017cliwo\u015bci\u0105 personalizacji.<\/p>\n<p><strong>Granatowy kolor i g\u0142adkie powierzchnie element\u00f3w sprawiaj\u0105, \u017ce produkt \u015bwietnie nadaje si\u0119 do wykonania nadruku lub logotypu firmy.<\/strong><\/p>\n<p><strong>Produkt nadaje si\u0119 do znakowania.<\/strong><\/p>\n","protected":false},"featured_media":37901,"comment_status":"open","ping_status":"closed","template":"","meta":[],"product_brand":[],"product_cat":[],"product_tag":[11898,3493,11892,11895,11894,11212,11891,11897,11893,11896,11890,11236],"class_list":{"0":"post-37900","1":"product","2":"type-product","3":"status-publish","4":"has-post-thumbnail","6":"product_tag-akcesoria-codzienne-notini-sku-r02340-42","7":"product_tag-elegancki-zestaw-prezentowy","8":"product_tag-gadzet-reklamowy-notini","9":"product_tag-granatowy-komplet-upominkowy","10":"product_tag-notatnik-i-dlugopis-w-zestawie","11":"product_tag-personalizowany-zestaw-upominkowy","12":"product_tag-prezent-firmowy-notini","13":"product_tag-upominek-korporacyjny-notini","14":"product_tag-zestaw-akcesoriow-do-biura","15":"product_tag-zestaw-praktycznych-dodatkow","16":"product_tag-zestaw-upominkowy-notini-granatowy","17":"product_tag-zestaw-z-mozliwoscia-nadruku","19":"first","20":"instock","21":"shipping-taxable","22":"purchasable","23":"product-type-simple"},"_links":{"self":[{"href":"https:\/\/pargift.pl\/index.php\/wp-json\/wp\/v2\/product\/37900","targetHints":{"allow":["GET"]}}],"collection":[{"href":"https:\/\/pargift.pl\/index.php\/wp-json\/wp\/v2\/product"}],"about":[{"href":"https:\/\/pargift.pl\/index.php\/wp-json\/wp\/v2\/types\/product"}],"replies":[{"embeddable":true,"href":"https:\/\/pargift.pl\/index.php\/wp-json\/wp\/v2\/comments?post=37900"}],"version-history":[{"count":2,"href":"https:\/\/pargift.pl\/index.php\/wp-json\/wp\/v2\/product\/37900\/revisions"}],"predecessor-version":[{"id":39415,"href":"https:\/\/pargift.pl\/index.php\/wp-json\/wp\/v2\/product\/37900\/revisions\/39415"}],"wp:featuredmedia":[{"embeddable":true,"href":"https:\/\/pargift.pl\/index.php\/wp-json\/wp\/v2\/media\/37901"}],"wp:attachment":[{"href":"https:\/\/pargift.pl\/index.php\/wp-json\/wp\/v2\/media?parent=37900"}],"wp:term":[{"taxonomy":"product_brand","embeddable":true,"href":"https:\/\/pargift.pl\/index.php\/wp-json\/wp\/v2\/product_brand?post=37900"},{"taxonomy":"product_cat","embeddable":true,"href":"https:\/\/pargift.pl\/index.php\/wp-json\/wp\/v2\/product_cat?post=37900"},{"taxonomy":"product_tag","embeddable":true,"href":"https:\/\/pargift.pl\/index.php\/wp-json\/wp\/v2\/product_tag?post=37900"}],"curies":[{"name":"wp","href":"https:\/\/api.w.org\/{rel}","templated":true}]}}