{"id":37700,"date":"2025-12-09T17:13:45","date_gmt":"2025-12-09T17:13:45","guid":{"rendered":"https:\/\/pargift.pl\/index.php\/produkt\/bidon-stalowy-camino-800-ml-srebrny\/"},"modified":"2026-02-10T17:30:06","modified_gmt":"2026-02-10T17:30:06","slug":"bidon-stalowy-camino-800-ml-srebrny","status":"publish","type":"product","link":"https:\/\/pargift.pl\/index.php\/produkt\/bidon-stalowy-camino-800-ml-srebrny\/","title":{"rendered":"Bidon stalowy Camino 800 ml, srebrny"},"content":{"rendered":"<div class=\"flex flex-col text-sm pb-25\">\n<article class=\"text-token-text-primary w-full focus:outline-none [--shadow-height:45px] has-data-writing-block:pointer-events-none has-data-writing-block:-mt-(--shadow-height) has-data-writing-block:pt-(--shadow-height) [&amp;:has([data-writing-block])&gt;*]:pointer-events-auto scroll-mt-[calc(var(--header-height)+min(200px,max(70px,20svh)))]\" dir=\"auto\" tabindex=\"-1\" data-turn-id=\"request-69419b0a-94f0-8332-b9eb-c8e3ff0c2241-4\" data-testid=\"conversation-turn-298\" data-scroll-anchor=\"true\" data-turn=\"assistant\">\n<div class=\"text-base my-auto mx-auto pb-10 [--thread-content-margin:--spacing(4)] @w-sm\/main:[--thread-content-margin:--spacing(6)] @w-lg\/main:[--thread-content-margin:--spacing(16)] px-(--thread-content-margin)\">\n<div class=\"[--thread-content-max-width:40rem] @w-lg\/main:[--thread-content-max-width:48rem] mx-auto max-w-(--thread-content-max-width) flex-1 group\/turn-messages focus-visible:outline-hidden relative flex w-full min-w-0 flex-col agent-turn\" tabindex=\"-1\">\n<div class=\"flex max-w-full flex-col grow\">\n<div class=\"min-h-8 text-message relative flex w-full flex-col items-end gap-2 text-start break-words whitespace-normal [.text-message+&amp;]:mt-1\" dir=\"auto\" data-message-author-role=\"assistant\" data-message-id=\"43d4d968-3696-4356-8e46-4e1f394a5585\" data-message-model-slug=\"gpt-5-2\">\n<div class=\"flex w-full flex-col gap-1 empty:hidden first:pt-[1px]\">\n<div class=\"markdown prose dark:prose-invert w-full break-words dark markdown-new-styling\">\n<h2 data-start=\"30\" data-end=\"127\"><strong data-start=\"30\" data-end=\"125\">Bidon stalowy CAMINO 800 ml, srebrny (R08109.01) \u2013 trwa\u0142y i elegancki bidon na Twoje napoje<\/strong><\/h2>\n<p data-start=\"129\" data-end=\"546\">Bidon CAMINO o pojemno\u015bci <strong data-start=\"155\" data-end=\"165\">800 ml<\/strong> to praktyczne i stylowe rozwi\u0105zanie dla os\u00f3b, kt\u00f3re ceni\u0105 wygod\u0119 i funkcjonalno\u015b\u0107 podczas codziennych aktywno\u015bci. Wykonany z <strong data-start=\"291\" data-end=\"329\">wysokiej jako\u015bci stali nierdzewnej<\/strong>, bidon jest odporny na uszkodzenia mechaniczne, nie poch\u0142ania zapach\u00f3w i nie wp\u0142ywa na smak przechowywanych napoj\u00f3w \u2014 co czyni go idealnym towarzyszem zar\u00f3wno w pracy, jak i podczas spacer\u00f3w, trening\u00f3w czy podr\u00f3\u017cy.<\/p>\n<p data-start=\"548\" data-end=\"973\">Elegancki <strong data-start=\"558\" data-end=\"575\">srebrny kolor<\/strong> nadaje bidonowi uniwersalny charakter, kt\u00f3ry pasuje zar\u00f3wno do stylu sportowego, jak i bardziej formalnego. Ergonomiczna konstrukcja u\u0142atwia komfortowe trzymanie i nalewanie napoju, a <strong data-start=\"760\" data-end=\"781\">szczelna zakr\u0119tka<\/strong> zapewnia bezpiecze\u0144stwo i brak przeciek\u00f3w podczas przenoszenia w torbie lub plecaku. Pojemno\u015b\u0107 800 ml to optymalna ilo\u015b\u0107 napoju, kt\u00f3ra pozwala na d\u0142u\u017csze nawodnienie bez cz\u0119stego dolewania.<\/p>\n<h3 data-start=\"975\" data-end=\"1349\"><strong data-start=\"975\" data-end=\"1007\">Najwa\u017cniejsze cechy produktu<\/strong><\/h3>\n<ul>\n<li data-start=\"975\" data-end=\"1349\">Bidon stalowy o pojemno\u015bci 800 ml \u2013 idealny do wody i napoj\u00f3w<\/li>\n<li data-start=\"975\" data-end=\"1349\">Wykonany ze stali nierdzewnej \u2013 trwa\u0142y i odporny na uszkodzenia<\/li>\n<li data-start=\"975\" data-end=\"1349\">Srebrny kolor \u2013 nowoczesny, elegancki wygl\u0105d<\/li>\n<li data-start=\"975\" data-end=\"1349\">Szczelna zakr\u0119tka \u2013 bezpieczny transport napoju<\/li>\n<li data-start=\"975\" data-end=\"1349\">Ergonomiczny kszta\u0142t \u2013 wygoda u\u017cytkowania<\/li>\n<li data-start=\"975\" data-end=\"1349\">Uniwersalny design \u2013 pasuje do wielu styl\u00f3w i sytuacji<\/li>\n<\/ul>\n<h3 data-start=\"1351\" data-end=\"1829\"><strong data-start=\"1351\" data-end=\"1380\">Dlaczego warto go wybra\u0107?<\/strong><\/h3>\n<p data-start=\"1351\" data-end=\"1829\">Bidon CAMINO to doskona\u0142y wyb\u00f3r dla os\u00f3b szukaj\u0105cych bidonu, kt\u00f3ry jest jednocze\u015bnie trwa\u0142y, estetyczny i funkcjonalny. Dzi\u0119ki solidnej konstrukcji ze stali nierdzewnej sprawdzi si\u0119 w intensywnym u\u017cytkowaniu, a jego pojemno\u015b\u0107 800 ml pozwala zadba\u0107 o odpowiednie nawodnienie organizmu podczas ca\u0142ego dnia. Srebrne wyko\u0144czenie nadaje mu nowoczesny wygl\u0105d, kt\u00f3ry pasuje zar\u00f3wno do codziennych aktywno\u015bci, jak i do bardziej wymagaj\u0105cych stylizacji.<\/p>\n<h3 data-start=\"1831\" data-end=\"2013\"><strong data-start=\"1831\" data-end=\"1858\">Specyfikacja techniczna<\/strong><\/h3>\n<ul>\n<li data-start=\"1831\" data-end=\"2013\">Model: R08109.01<\/li>\n<li data-start=\"1831\" data-end=\"2013\">Materia\u0142: stal nierdzewna<\/li>\n<li data-start=\"1831\" data-end=\"2013\">Kolor: srebrny<\/li>\n<li data-start=\"1831\" data-end=\"2013\">Pojemno\u015b\u0107: 800 ml<\/li>\n<li data-start=\"1831\" data-end=\"2013\">Rodzaj zamkni\u0119cia: zakr\u0119tka<\/li>\n<li data-start=\"1831\" data-end=\"2013\">Przeznaczenie: napoje zimne i ciep\u0142e<\/li>\n<\/ul>\n<\/div>\n<\/div>\n<\/div>\n<\/div>\n<\/div>\n<\/div>\n<\/article>\n<\/div>\n<div class=\"pointer-events-none h-px w-px absolute bottom-0\" aria-hidden=\"true\" data-edge=\"true\"><\/div>\n","protected":false},"excerpt":{"rendered":"<p>Bidon stalowy CAMINO 800 ml srebrny to trwa\u0142a i elegancka butelka z stali nierdzewnej, idealna do wody i innych napoj\u00f3w podczas pracy, podr\u00f3\u017cy czy trening\u00f3w.<\/p>\n<p><strong>Szczelna zakr\u0119tka i ergonomiczna forma zapewniaj\u0105 wygodne u\u017cytkowanie.<\/strong><\/p>\n<p><strong>Produkt nadaje si\u0119 do znakowania.<\/strong><\/p>\n","protected":false},"featured_media":37701,"comment_status":"open","ping_status":"closed","template":"","meta":[],"product_brand":[],"product_cat":[],"product_tag":[8589,8605,8491,8543,8550,8548,8498,8541,8585,8542,8587,8549,8606],"class_list":{"0":"post-37700","1":"product","2":"type-product","3":"status-publish","4":"has-post-thumbnail","6":"product_tag-akcesoria-outdoor-bidon","7":"product_tag-bidon-800-ml-srebrny","8":"product_tag-bidon-do-codziennego-uzytku","9":"product_tag-bidon-do-treningu","10":"product_tag-bidon-ergonomiczny","11":"product_tag-bidon-na-spacer","12":"product_tag-bidon-reklamowy-do-znakowania","13":"product_tag-bidon-sportowy-metalowy","14":"product_tag-bidon-stalowy-camino","15":"product_tag-butelka-na-wode-800-ml","16":"product_tag-butelka-stalowa-do-napojow","17":"product_tag-gadzet-sportowy-codzienny","18":"product_tag-sku-r08109-01","20":"first","21":"instock","22":"shipping-taxable","23":"purchasable","24":"product-type-simple"},"_links":{"self":[{"href":"https:\/\/pargift.pl\/index.php\/wp-json\/wp\/v2\/product\/37700","targetHints":{"allow":["GET"]}}],"collection":[{"href":"https:\/\/pargift.pl\/index.php\/wp-json\/wp\/v2\/product"}],"about":[{"href":"https:\/\/pargift.pl\/index.php\/wp-json\/wp\/v2\/types\/product"}],"replies":[{"embeddable":true,"href":"https:\/\/pargift.pl\/index.php\/wp-json\/wp\/v2\/comments?post=37700"}],"version-history":[{"count":1,"href":"https:\/\/pargift.pl\/index.php\/wp-json\/wp\/v2\/product\/37700\/revisions"}],"predecessor-version":[{"id":37927,"href":"https:\/\/pargift.pl\/index.php\/wp-json\/wp\/v2\/product\/37700\/revisions\/37927"}],"wp:featuredmedia":[{"embeddable":true,"href":"https:\/\/pargift.pl\/index.php\/wp-json\/wp\/v2\/media\/37701"}],"wp:attachment":[{"href":"https:\/\/pargift.pl\/index.php\/wp-json\/wp\/v2\/media?parent=37700"}],"wp:term":[{"taxonomy":"product_brand","embeddable":true,"href":"https:\/\/pargift.pl\/index.php\/wp-json\/wp\/v2\/product_brand?post=37700"},{"taxonomy":"product_cat","embeddable":true,"href":"https:\/\/pargift.pl\/index.php\/wp-json\/wp\/v2\/product_cat?post=37700"},{"taxonomy":"product_tag","embeddable":true,"href":"https:\/\/pargift.pl\/index.php\/wp-json\/wp\/v2\/product_tag?post=37700"}],"curies":[{"name":"wp","href":"https:\/\/api.w.org\/{rel}","templated":true}]}}