{"id":37551,"date":"2025-12-09T17:13:15","date_gmt":"2025-12-09T17:13:15","guid":{"rendered":"https:\/\/pargift.pl\/index.php\/produkt\/swiecznik-ze-swieczka-tealight-comet-bezowy\/"},"modified":"2026-01-04T21:38:53","modified_gmt":"2026-01-04T21:38:53","slug":"swiecznik-ze-swieczka-tealight-comet-bezowy","status":"publish","type":"product","link":"https:\/\/pargift.pl\/index.php\/produkt\/swiecznik-ze-swieczka-tealight-comet-bezowy\/","title":{"rendered":"\u015awiecznik ze \u015bwieczk\u0105 tealight Comet, be\u017cowy"},"content":{"rendered":"<p>\u015awiecznik w kszta\u0142cie choinki w komplecie ze \u015bwieczk\u0105. Zapakowany w woreczek non-woven. Artyku\u0142 sezonowy (nie podlega zwrotowi).<\/p>\n<p>Podstawka: 90 x 100 x 20 mm<\/p>\n","protected":false},"excerpt":{"rendered":"<p>\u015awiecznik w kszta\u0142cie choinki w komplecie ze \u015bwieczk\u0105. Zapakowany w woreczek non-woven. Artyku\u0142 sezonowy (nie podlega zwrotowi). Podstawka: 90 x<\/p>\n","protected":false},"featured_media":37552,"comment_status":"open","ping_status":"closed","template":"","meta":[],"product_brand":[],"product_cat":[],"product_tag":[97,117],"class_list":{"0":"post-37551","1":"product","2":"type-product","3":"status-publish","4":"has-post-thumbnail","6":"product_tag-artykuly-swiateczne","7":"product_tag-ozdoby-domowe","9":"first","10":"instock","11":"shipping-taxable","12":"purchasable","13":"product-type-simple"},"_links":{"self":[{"href":"https:\/\/pargift.pl\/index.php\/wp-json\/wp\/v2\/product\/37551","targetHints":{"allow":["GET"]}}],"collection":[{"href":"https:\/\/pargift.pl\/index.php\/wp-json\/wp\/v2\/product"}],"about":[{"href":"https:\/\/pargift.pl\/index.php\/wp-json\/wp\/v2\/types\/product"}],"replies":[{"embeddable":true,"href":"https:\/\/pargift.pl\/index.php\/wp-json\/wp\/v2\/comments?post=37551"}],"version-history":[{"count":0,"href":"https:\/\/pargift.pl\/index.php\/wp-json\/wp\/v2\/product\/37551\/revisions"}],"wp:featuredmedia":[{"embeddable":true,"href":"https:\/\/pargift.pl\/index.php\/wp-json\/wp\/v2\/media\/37552"}],"wp:attachment":[{"href":"https:\/\/pargift.pl\/index.php\/wp-json\/wp\/v2\/media?parent=37551"}],"wp:term":[{"taxonomy":"product_brand","embeddable":true,"href":"https:\/\/pargift.pl\/index.php\/wp-json\/wp\/v2\/product_brand?post=37551"},{"taxonomy":"product_cat","embeddable":true,"href":"https:\/\/pargift.pl\/index.php\/wp-json\/wp\/v2\/product_cat?post=37551"},{"taxonomy":"product_tag","embeddable":true,"href":"https:\/\/pargift.pl\/index.php\/wp-json\/wp\/v2\/product_tag?post=37551"}],"curies":[{"name":"wp","href":"https:\/\/api.w.org\/{rel}","templated":true}]}}