{"id":37545,"date":"2025-12-09T17:13:14","date_gmt":"2025-12-09T17:13:14","guid":{"rendered":"https:\/\/pargift.pl\/index.php\/produkt\/filcowe-kieszonki-na-sztucce-tweegy-czerwony\/"},"modified":"2026-01-04T21:38:53","modified_gmt":"2026-01-04T21:38:53","slug":"filcowe-kieszonki-na-sztucce-tweegy-czerwony","status":"publish","type":"product","link":"https:\/\/pargift.pl\/index.php\/produkt\/filcowe-kieszonki-na-sztucce-tweegy-czerwony\/","title":{"rendered":"Filcowe kieszonki na sztu\u0107ce Tweegy, czerwony"},"content":{"rendered":"<p>Filcowe kieszonki na sztu\u0107ce w kszta\u0142cie choinki, wykonane z RPET. 4 sztuki w komplecie. Artyku\u0142 sezonowy (nie podlega zwrotowi).<\/p>\n<p>Pude\u0142ko: 160 x 215 x 16 mm<\/p>\n","protected":false},"excerpt":{"rendered":"<p>Filcowe kieszonki na sztu\u0107ce w kszta\u0142cie choinki, wykonane z RPET. 4 sztuki w komplecie. Artyku\u0142 sezonowy (nie podlega zwrotowi). Pude\u0142ko:<\/p>\n","protected":false},"featured_media":37546,"comment_status":"open","ping_status":"closed","template":"","meta":[],"product_brand":[],"product_cat":[],"product_tag":[97,133],"class_list":{"0":"post-37545","1":"product","2":"type-product","3":"status-publish","4":"has-post-thumbnail","6":"product_tag-artykuly-swiateczne","7":"product_tag-do-kuchni","9":"first","10":"instock","11":"shipping-taxable","12":"purchasable","13":"product-type-simple"},"_links":{"self":[{"href":"https:\/\/pargift.pl\/index.php\/wp-json\/wp\/v2\/product\/37545","targetHints":{"allow":["GET"]}}],"collection":[{"href":"https:\/\/pargift.pl\/index.php\/wp-json\/wp\/v2\/product"}],"about":[{"href":"https:\/\/pargift.pl\/index.php\/wp-json\/wp\/v2\/types\/product"}],"replies":[{"embeddable":true,"href":"https:\/\/pargift.pl\/index.php\/wp-json\/wp\/v2\/comments?post=37545"}],"version-history":[{"count":0,"href":"https:\/\/pargift.pl\/index.php\/wp-json\/wp\/v2\/product\/37545\/revisions"}],"wp:featuredmedia":[{"embeddable":true,"href":"https:\/\/pargift.pl\/index.php\/wp-json\/wp\/v2\/media\/37546"}],"wp:attachment":[{"href":"https:\/\/pargift.pl\/index.php\/wp-json\/wp\/v2\/media?parent=37545"}],"wp:term":[{"taxonomy":"product_brand","embeddable":true,"href":"https:\/\/pargift.pl\/index.php\/wp-json\/wp\/v2\/product_brand?post=37545"},{"taxonomy":"product_cat","embeddable":true,"href":"https:\/\/pargift.pl\/index.php\/wp-json\/wp\/v2\/product_cat?post=37545"},{"taxonomy":"product_tag","embeddable":true,"href":"https:\/\/pargift.pl\/index.php\/wp-json\/wp\/v2\/product_tag?post=37545"}],"curies":[{"name":"wp","href":"https:\/\/api.w.org\/{rel}","templated":true}]}}