{"id":37541,"date":"2025-12-09T17:13:13","date_gmt":"2025-12-09T17:13:13","guid":{"rendered":"https:\/\/pargift.pl\/index.php\/produkt\/podkladki-filcowe-snowflake-czerwony\/"},"modified":"2026-01-04T21:38:53","modified_gmt":"2026-01-04T21:38:53","slug":"podkladki-filcowe-snowflake-czerwony","status":"publish","type":"product","link":"https:\/\/pargift.pl\/index.php\/produkt\/podkladki-filcowe-snowflake-czerwony\/","title":{"rendered":"Podk\u0142adki filcowe Snowflake, czerwony"},"content":{"rendered":"<p>Podk\u0142adki filcowe RPET pod kubek. 4 sztuki w komplecie. Artyku\u0142 sezonowy (nie podlega zwrotowi).<\/p>\n","protected":false},"excerpt":{"rendered":"<p>Podk\u0142adki filcowe RPET pod kubek. 4 sztuki w komplecie. Artyku\u0142 sezonowy (nie podlega zwrotowi).<\/p>\n","protected":false},"featured_media":37542,"comment_status":"open","ping_status":"closed","template":"","meta":[],"product_brand":[],"product_cat":[],"product_tag":[97,133],"class_list":{"0":"post-37541","1":"product","2":"type-product","3":"status-publish","4":"has-post-thumbnail","6":"product_tag-artykuly-swiateczne","7":"product_tag-do-kuchni","9":"first","10":"instock","11":"shipping-taxable","12":"purchasable","13":"product-type-simple"},"_links":{"self":[{"href":"https:\/\/pargift.pl\/index.php\/wp-json\/wp\/v2\/product\/37541","targetHints":{"allow":["GET"]}}],"collection":[{"href":"https:\/\/pargift.pl\/index.php\/wp-json\/wp\/v2\/product"}],"about":[{"href":"https:\/\/pargift.pl\/index.php\/wp-json\/wp\/v2\/types\/product"}],"replies":[{"embeddable":true,"href":"https:\/\/pargift.pl\/index.php\/wp-json\/wp\/v2\/comments?post=37541"}],"version-history":[{"count":0,"href":"https:\/\/pargift.pl\/index.php\/wp-json\/wp\/v2\/product\/37541\/revisions"}],"wp:featuredmedia":[{"embeddable":true,"href":"https:\/\/pargift.pl\/index.php\/wp-json\/wp\/v2\/media\/37542"}],"wp:attachment":[{"href":"https:\/\/pargift.pl\/index.php\/wp-json\/wp\/v2\/media?parent=37541"}],"wp:term":[{"taxonomy":"product_brand","embeddable":true,"href":"https:\/\/pargift.pl\/index.php\/wp-json\/wp\/v2\/product_brand?post=37541"},{"taxonomy":"product_cat","embeddable":true,"href":"https:\/\/pargift.pl\/index.php\/wp-json\/wp\/v2\/product_cat?post=37541"},{"taxonomy":"product_tag","embeddable":true,"href":"https:\/\/pargift.pl\/index.php\/wp-json\/wp\/v2\/product_tag?post=37541"}],"curies":[{"name":"wp","href":"https:\/\/api.w.org\/{rel}","templated":true}]}}