{"id":37404,"date":"2025-12-09T17:12:45","date_gmt":"2025-12-09T17:12:45","guid":{"rendered":"https:\/\/pargift.pl\/index.php\/produkt\/stojak-na-telefon-rudolph-bezowy\/"},"modified":"2026-01-04T21:38:52","modified_gmt":"2026-01-04T21:38:52","slug":"stojak-na-telefon-rudolph-bezowy","status":"publish","type":"product","link":"https:\/\/pargift.pl\/index.php\/produkt\/stojak-na-telefon-rudolph-bezowy\/","title":{"rendered":"Stojak na telefon Rudolph, be\u017cowy"},"content":{"rendered":"<p>Uroczy i funkcjonalny stojak na telefon w kszta\u0142cie renifera, wykonany z naturalnego bambusa. Idealny na biurko w domu lub w pracy. Umo\u017cliwia wygodne korzystanie z urz\u0105dzenia \u2013 np. podczas rozm\u00f3w wideo, ogl\u0105dania film\u00f3w czy pracy. Artyku\u0142 sezonowy (nie podlega zwrotowi).<\/p>\n<p>Produkt do samodzielnego z\u0142o\u017cenia, pakowany na p\u0142asko.<\/p>\n","protected":false},"excerpt":{"rendered":"<p>Uroczy i funkcjonalny stojak na telefon w kszta\u0142cie renifera, wykonany z naturalnego bambusa. Idealny na biurko w domu lub w<\/p>\n","protected":false},"featured_media":37405,"comment_status":"open","ping_status":"closed","template":"","meta":[],"product_brand":[],"product_cat":[],"product_tag":[148,97,128],"class_list":{"0":"post-37404","1":"product","2":"type-product","3":"status-publish","4":"has-post-thumbnail","6":"product_tag-akcesoria","7":"product_tag-artykuly-swiateczne","8":"product_tag-na-biurko","10":"first","11":"outofstock","12":"shipping-taxable","13":"purchasable","14":"product-type-simple"},"_links":{"self":[{"href":"https:\/\/pargift.pl\/index.php\/wp-json\/wp\/v2\/product\/37404","targetHints":{"allow":["GET"]}}],"collection":[{"href":"https:\/\/pargift.pl\/index.php\/wp-json\/wp\/v2\/product"}],"about":[{"href":"https:\/\/pargift.pl\/index.php\/wp-json\/wp\/v2\/types\/product"}],"replies":[{"embeddable":true,"href":"https:\/\/pargift.pl\/index.php\/wp-json\/wp\/v2\/comments?post=37404"}],"version-history":[{"count":0,"href":"https:\/\/pargift.pl\/index.php\/wp-json\/wp\/v2\/product\/37404\/revisions"}],"wp:featuredmedia":[{"embeddable":true,"href":"https:\/\/pargift.pl\/index.php\/wp-json\/wp\/v2\/media\/37405"}],"wp:attachment":[{"href":"https:\/\/pargift.pl\/index.php\/wp-json\/wp\/v2\/media?parent=37404"}],"wp:term":[{"taxonomy":"product_brand","embeddable":true,"href":"https:\/\/pargift.pl\/index.php\/wp-json\/wp\/v2\/product_brand?post=37404"},{"taxonomy":"product_cat","embeddable":true,"href":"https:\/\/pargift.pl\/index.php\/wp-json\/wp\/v2\/product_cat?post=37404"},{"taxonomy":"product_tag","embeddable":true,"href":"https:\/\/pargift.pl\/index.php\/wp-json\/wp\/v2\/product_tag?post=37404"}],"curies":[{"name":"wp","href":"https:\/\/api.w.org\/{rel}","templated":true}]}}