{"id":37386,"date":"2025-12-09T17:12:42","date_gmt":"2025-12-09T17:12:42","guid":{"rendered":"https:\/\/pargift.pl\/index.php\/produkt\/brelok-latarka-z-podswietlanym-logo-lumiring-niebieski\/"},"modified":"2026-02-10T17:30:03","modified_gmt":"2026-02-10T17:30:03","slug":"brelok-latarka-z-podswietlanym-logo-lumiring-niebieski","status":"publish","type":"product","link":"https:\/\/pargift.pl\/index.php\/produkt\/brelok-latarka-z-podswietlanym-logo-lumiring-niebieski\/","title":{"rendered":"Brelok-latarka z pod\u015bwietlanym logo LumiRing, niebieski"},"content":{"rendered":"<h2 data-start=\"0\" data-end=\"103\"><strong data-start=\"4\" data-end=\"45\"><span class=\"entity-underline hover:entity-accent inline cursor-pointer align-baseline\"><span class=\"whitespace-normal\">Brelok\u2011latarka z pod\u015bwietlanym logo LumiRing \u2013 niebieski<\/span><\/span><\/strong> \u2013 praktyczny brelok LED z efektownym pod\u015bwietlanym logo<\/h2>\n<p data-start=\"105\" data-end=\"727\">Nowoczesny <strong data-start=\"116\" data-end=\"153\">brelok-latarka LumiRing R17811.04<\/strong> w kolorze <strong data-start=\"164\" data-end=\"178\">niebieskim<\/strong> to kompaktowe i funkcjonalne akcesorium \u0142\u0105cz\u0105ce praktyczno\u015b\u0107 latarki LED z eleganck\u0105 ekspozycj\u0105 logo pod\u015bwietlanego podczas \u015bwiecenia. Dzi\u0119ki niewielkim wymiarom i lekkiemu korpusowi z tworzywa ABS brelok bez trudu zmie\u015bcisz na kluczach, plecaku czy torbie, maj\u0105c zawsze pod r\u0119k\u0105 niewielkie \u017ar\u00f3d\u0142o \u015bwiat\u0142a. Jasna dioda LED zapewnia pomoc w ciemnych sytuacjach, a mo\u017cliwo\u015b\u0107 umieszczenia pod\u015bwietlanego logo zwi\u0119ksza jego efekt wizualny i warto\u015b\u0107 reklamow\u0105 przy imprezach, eventach czy w kampaniach promocyjnych.<\/p>\n<h3 data-start=\"729\" data-end=\"766\"><strong data-start=\"734\" data-end=\"766\">Najwa\u017cniejsze cechy produktu<\/strong><\/h3>\n<ul>\n<li data-start=\"769\" data-end=\"850\">Kompaktowy <strong data-start=\"780\" data-end=\"804\">brelok z latark\u0105 LED<\/strong> \u2013 praktyczne \u017ar\u00f3d\u0142o \u015bwiat\u0142a zawsze pod r\u0119k\u0105<\/li>\n<li data-start=\"853\" data-end=\"945\">Efektowny <strong data-start=\"863\" data-end=\"894\">pod\u015bwietlany obszar na logo<\/strong> przy w\u0142\u0105czeniu latarki \u2013 wysoka ekspozycja marki<\/li>\n<li data-start=\"948\" data-end=\"1018\">Materia\u0142: <strong data-start=\"958\" data-end=\"965\">ABS<\/strong> \u2013 trwa\u0142y, lekki i odporny na codzienne u\u017cytkowanie<\/li>\n<li data-start=\"1021\" data-end=\"1084\">Kolorystyka: <strong data-start=\"1034\" data-end=\"1047\">niebieski<\/strong> \u2013 przyci\u0105gaj\u0105cy uwag\u0119 i nowoczesny<\/li>\n<li data-start=\"1087\" data-end=\"1192\"><strong data-start=\"1087\" data-end=\"1098\">Wymiary<\/strong>: 64 \u00d7 14 \u00d7 14 mm \u2013 idealny do kluczy, plecaka lub torby<\/li>\n<\/ul>\n<h3 data-start=\"1194\" data-end=\"1226\"><strong data-start=\"1199\" data-end=\"1226\">Dlaczego warto go mie\u0107?<\/strong><\/h3>\n<p data-start=\"1227\" data-end=\"1658\">Ten brelok z latark\u0105 to \u015bwietne po\u0142\u0105czenie funkcjonalno\u015bci i promocji \u2014 doskonale sprawdza si\u0119 zar\u00f3wno w codziennym u\u017cytkowaniu, jak i jako efektowny gad\u017cet reklamowy, kt\u00f3ry wyr\u00f3\u017cnia si\u0119 w\u015br\u00f3d standardowych upomink\u00f3w. Pod\u015bwietlane logo zwi\u0119ksza widoczno\u015b\u0107 marki w warunkach s\u0142abego o\u015bwietlenia, a lekka i por\u0119czna konstrukcja sprawia, \u017ce brelok jest praktycznym dodatkiem dla ka\u017cdego odbiorcy.<\/p>\n<h3 data-start=\"1660\" data-end=\"1692\"><strong data-start=\"1665\" data-end=\"1692\">Specyfikacja techniczna<\/strong><\/h3>\n<ul>\n<li data-start=\"1695\" data-end=\"1720\">Kod produktu: R17811.04<\/li>\n<li data-start=\"1723\" data-end=\"1788\">Nazwa: Brelok-latarka z pod\u015bwietlanym logo LumiRing \u2013 niebieski<\/li>\n<li data-start=\"1791\" data-end=\"1806\">Materia\u0142: ABS<\/li>\n<li data-start=\"1809\" data-end=\"1827\">Kolor: niebieski<\/li>\n<li data-start=\"1830\" data-end=\"1879\">Wymiary (szer.\/wys.\/g\u0142.) [mm]: <strong data-start=\"1861\" data-end=\"1877\">64 \u00d7 14 \u00d7 14<\/strong><\/li>\n<li data-start=\"1882\" data-end=\"1909\">\u0179r\u00f3d\u0142o \u015bwiat\u0142a: dioda LED<\/li>\n<li data-start=\"1912\" data-end=\"1942\">Zasilanie: wbudowana bateria<\/li>\n<li data-start=\"1945\" data-end=\"1973\">Opakowanie: woreczek\/folia<\/li>\n<li data-start=\"1976\" data-end=\"1999\">Kod celny: 8513100000<\/li>\n<li data-start=\"2002\" data-end=\"2082\">Zastosowanie: brelok LED, gad\u017cet reklamowy<\/li>\n<\/ul>\n","protected":false},"excerpt":{"rendered":"<p>Brelok-latarka z pod\u015bwietlanym logo LumiRing R17811.04 to kompaktowy, niebieski brelok LED o wymiarach 64 \u00d7 14 \u00d7 14 mm z efektownym pod\u015bwietlanym miejscem na logo, kt\u00f3ry zapewnia \u015bwiat\u0142o i wyr\u00f3\u017cnia ekspozycj\u0119 marki. Lekki korpus z tworzywa ABS i praktyczna latarka LED to idealne po\u0142\u0105czenie funkcjonalno\u015bci i promocji.<\/p>\n<p><strong>Wymiary: szer. 64 \u00d7 wys. 14 \u00d7 g\u0142. 14 mm.<\/strong><\/p>\n<p><strong>Produkt nadaje si\u0119 do znakowania.<\/strong><\/p>\n","protected":false},"featured_media":37387,"comment_status":"open","ping_status":"closed","template":"","meta":[],"product_brand":[],"product_cat":[],"product_tag":[9097,9091,9100,9093,9094,9092,9096,9098,9101,9095,9102,9099],"class_list":{"0":"post-37386","1":"product","2":"type-product","3":"status-publish","4":"has-post-thumbnail","6":"product_tag-brelok-kluczy-z-podswietleniem-logo","7":"product_tag-brelok-latarka-niebieski-lumiring","8":"product_tag-brelok-led-dla-firm","9":"product_tag-brelok-led-r17811-04","10":"product_tag-brelok-z-latarka-reklamowy","11":"product_tag-brelok-z-podswietlanym-logo","12":"product_tag-gadzet-reklamowy-z-led","13":"product_tag-kompaktowa-latarka-brelok","14":"product_tag-latarka-keychain-niebieska","15":"product_tag-latarka-na-klucze-niebieska","16":"product_tag-podswietlany-brelok-promocyjny","17":"product_tag-sku-r17811-04","19":"first","20":"outofstock","21":"shipping-taxable","22":"purchasable","23":"product-type-simple"},"_links":{"self":[{"href":"https:\/\/pargift.pl\/index.php\/wp-json\/wp\/v2\/product\/37386","targetHints":{"allow":["GET"]}}],"collection":[{"href":"https:\/\/pargift.pl\/index.php\/wp-json\/wp\/v2\/product"}],"about":[{"href":"https:\/\/pargift.pl\/index.php\/wp-json\/wp\/v2\/types\/product"}],"replies":[{"embeddable":true,"href":"https:\/\/pargift.pl\/index.php\/wp-json\/wp\/v2\/comments?post=37386"}],"version-history":[{"count":2,"href":"https:\/\/pargift.pl\/index.php\/wp-json\/wp\/v2\/product\/37386\/revisions"}],"predecessor-version":[{"id":38092,"href":"https:\/\/pargift.pl\/index.php\/wp-json\/wp\/v2\/product\/37386\/revisions\/38092"}],"wp:featuredmedia":[{"embeddable":true,"href":"https:\/\/pargift.pl\/index.php\/wp-json\/wp\/v2\/media\/37387"}],"wp:attachment":[{"href":"https:\/\/pargift.pl\/index.php\/wp-json\/wp\/v2\/media?parent=37386"}],"wp:term":[{"taxonomy":"product_brand","embeddable":true,"href":"https:\/\/pargift.pl\/index.php\/wp-json\/wp\/v2\/product_brand?post=37386"},{"taxonomy":"product_cat","embeddable":true,"href":"https:\/\/pargift.pl\/index.php\/wp-json\/wp\/v2\/product_cat?post=37386"},{"taxonomy":"product_tag","embeddable":true,"href":"https:\/\/pargift.pl\/index.php\/wp-json\/wp\/v2\/product_tag?post=37386"}],"curies":[{"name":"wp","href":"https:\/\/api.w.org\/{rel}","templated":true}]}}