{"id":37358,"date":"2025-12-09T17:12:36","date_gmt":"2025-12-09T17:12:36","guid":{"rendered":"https:\/\/pargift.pl\/index.php\/produkt\/brelok-z-motywem-narzedzi-clemi-srebrny\/"},"modified":"2026-02-10T17:30:03","modified_gmt":"2026-02-10T17:30:03","slug":"brelok-z-motywem-narzedzi-clemi-srebrny","status":"publish","type":"product","link":"https:\/\/pargift.pl\/index.php\/produkt\/brelok-z-motywem-narzedzi-clemi-srebrny\/","title":{"rendered":"Brelok z motywem narz\u0119dzi Clemi, srebrny"},"content":{"rendered":"<h2 data-start=\"0\" data-end=\"61\"><strong data-start=\"4\" data-end=\"59\">Brelok z motywem narz\u0119dzi Clemi \u2013 srebrny R73131.01<\/strong><\/h2>\n<p data-start=\"62\" data-end=\"793\">Brelok z motywem narz\u0119dzi <strong data-start=\"88\" data-end=\"107\">Clemi R73131.01<\/strong> to <strong data-start=\"111\" data-end=\"161\">praktyczny i stylowy metalowy brelok do kluczy<\/strong>, kt\u00f3ry \u0142\u0105czy funkcjonalno\u015b\u0107 z tematem majsterkowania i narz\u0119dzi. Produkt wykonany jest z <strong data-start=\"251\" data-end=\"272\">stali nierdzewnej<\/strong> i wyposa\u017cony w <strong data-start=\"288\" data-end=\"339\">trzy zawieszki w kszta\u0142cie ikonicznych narz\u0119dzi<\/strong> \u2013 \u015brubokr\u0119tu, klucza francuskiego i m\u0142otka \u2013 co nadaje mu unikatowy charakter i sprawia, \u017ce to doskona\u0142y gad\u017cet dla fan\u00f3w DIY, warsztat\u00f3w, serwis\u00f3w i marek zwi\u0105zanych z narz\u0119dziowni\u0105. Dodatkowo brelok zawiera <strong data-start=\"549\" data-end=\"578\">p\u0142ytk\u0119 idealn\u0105 do graweru<\/strong>, dzi\u0119ki kt\u00f3rej mo\u017cna doda\u0107 logo firmy lub dedykacj\u0119, a ca\u0142o\u015b\u0107 zapakowana jest w <strong data-start=\"659\" data-end=\"688\">czarne pude\u0142ko upominkowe<\/strong>, co czyni go gotowym prezentem lub eleganckim gad\u017cetem reklamowym.<\/p>\n<h3 data-start=\"795\" data-end=\"832\"><strong data-start=\"800\" data-end=\"832\">Najwa\u017cniejsze cechy produktu<\/strong><\/h3>\n<ul>\n<li data-start=\"835\" data-end=\"947\">Metalowy brelok z motywem narz\u0119dzi \u2013 \u015brubokr\u0119t, klucz francuski i m\u0142otek<\/li>\n<li data-start=\"950\" data-end=\"1057\">Dodatkowa <strong data-start=\"960\" data-end=\"989\">p\u0142ytka idealna do graweru<\/strong> \u2013 \u015bwietna pod logo lub imi\u0119<\/li>\n<li data-start=\"1060\" data-end=\"1167\">Wykonany ze <strong data-start=\"1072\" data-end=\"1093\">stali nierdzewnej<\/strong> \u2013 trwa\u0142y i odporny na u\u017cytkowanie<\/li>\n<li data-start=\"1170\" data-end=\"1254\">Kolor: <strong data-start=\"1177\" data-end=\"1188\">srebrny<\/strong> \u2013 klasyczny i uniwersalny<\/li>\n<li data-start=\"1257\" data-end=\"1354\">Kompaktowe wymiary: <strong data-start=\"1277\" data-end=\"1295\">28 \u00d7 20 \u00d7 1 mm<\/strong> \u2013 por\u0119czny i lekki<\/li>\n<li data-start=\"1357\" data-end=\"1458\"><strong data-start=\"1357\" data-end=\"1386\">Czarne pude\u0142ko upominkowe<\/strong> w komplecie \u2013 gotowy do wr\u0119czenia<\/li>\n<\/ul>\n<h3 data-start=\"1460\" data-end=\"1492\"><strong data-start=\"1465\" data-end=\"1492\">Dlaczego warto go mie\u0107?<\/strong><\/h3>\n<p data-start=\"1493\" data-end=\"2072\">Ten brelok \u0142\u0105czy praktyczny charakter z atrakcyjnym motywem narz\u0119dzi, co czyni go idealnym dodatkiem do kluczy dla ka\u017cdego, kto ceni sobie majsterkowanie lub prac\u0119 manualn\u0105. Dzi\u0119ki elementom narz\u0119dziowym produkt wyr\u00f3\u017cnia si\u0119 w codziennym u\u017cytkowaniu, a p\u0142ytka pod grawer daje mo\u017cliwo\u015b\u0107 personalizacji, co sprawia, \u017ce brelok \u015bwietnie sprawdzi si\u0119 r\u00f3wnie\u017c jako <strong data-start=\"1852\" data-end=\"1872\">gad\u017cet reklamowy<\/strong>, drobny upominek firmowy lub prezent dla klient\u00f3w i partner\u00f3w biznesowych. Jego solidne wykonanie z trwa\u0142ej stali nierdzewnej gwarantuje d\u0142ugoletnie u\u017cytkowanie.<\/p>\n<h3 data-start=\"2074\" data-end=\"2106\"><strong data-start=\"2079\" data-end=\"2106\">Specyfikacja techniczna<\/strong><\/h3>\n<ul>\n<li data-start=\"2109\" data-end=\"2176\">Kod produktu: <strong data-start=\"2123\" data-end=\"2136\">R73131.01<\/strong><\/li>\n<li data-start=\"2179\" data-end=\"2267\">Nazwa: Brelok z motywem narz\u0119dzi Clemi \u2013 srebrny<\/li>\n<li data-start=\"2270\" data-end=\"2337\">Materia\u0142: stal nierdzewna<\/li>\n<li data-start=\"2340\" data-end=\"2396\">Kolor: srebrny<\/li>\n<li data-start=\"2399\" data-end=\"2498\">Zawieszki: narz\u0119dzia \u2013 \u015brubokr\u0119t, klucz francuski, m\u0142otek<\/li>\n<li data-start=\"2501\" data-end=\"2565\">P\u0142ytka pod grawer: tak<\/li>\n<li data-start=\"2568\" data-end=\"2656\">Wymiary (szer.\/wys.\/g\u0142.) [mm]: <strong data-start=\"2599\" data-end=\"2614\">28 \u00d7 20 \u00d7 1<\/strong><\/li>\n<li data-start=\"2659\" data-end=\"2738\">Opakowanie: czarne pude\u0142ko upominkowe<\/li>\n<li data-start=\"2741\" data-end=\"2808\">Kod celny: <strong data-start=\"2752\" data-end=\"2766\">8308900090<\/strong><\/li>\n<li data-start=\"2811\" data-end=\"2899\">Zastosowanie: brelok do kluczy, gad\u017cet reklamowy<\/li>\n<\/ul>\n","protected":false},"excerpt":{"rendered":"<p>Brelok z motywem narz\u0119dzi Clemi R73131.01 to srebrny metalowy brelok o wymiarach 28 \u00d7 20 \u00d7 1 mm z zawieszkami w kszta\u0142cie \u015brubokr\u0119tu, klucza francuskiego i m\u0142otka oraz p\u0142ytk\u0105 idealn\u0105 pod grawer, pakowany w czarne pude\u0142ko upominkowe. Lekki i stylowy gad\u017cet do kluczy z mo\u017cliwo\u015bci\u0105 personalizacji.<\/p>\n<p><strong>Wymiary: szer. 28 \u00d7 wys. 20 \u00d7 g\u0142. 1 mm.<\/strong><\/p>\n<p><strong>Produkt nadaje si\u0119 do znakowania.<\/strong><\/p>\n","protected":false},"featured_media":37359,"comment_status":"open","ping_status":"closed","template":"","meta":[],"product_brand":[],"product_cat":[],"product_tag":[9172,9175,9181,9171,9179,9178,9180,9176,9170,9174,9173,9177],"class_list":{"0":"post-37358","1":"product","2":"type-product","3":"status-publish","4":"has-post-thumbnail","6":"product_tag-brelok-do-kluczy-diy","7":"product_tag-brelok-mechanik-prezent","8":"product_tag-brelok-motyw-narzedziowy","9":"product_tag-brelok-narzedzia-r73131-01","10":"product_tag-brelok-narzedzia-srubokret-mlotek-klucz","11":"product_tag-brelok-stal-nierdzewna","12":"product_tag-brelok-upominkowy-srebrny","13":"product_tag-brelok-z-grawerem-narzedzia","14":"product_tag-brelok-z-motywem-narzedzi-srebrny","15":"product_tag-gadzet-reklamowy-narzedzia","16":"product_tag-metalowy-brelok-narzedzi","17":"product_tag-sku-r73131-01","19":"first","20":"instock","21":"shipping-taxable","22":"purchasable","23":"product-type-simple"},"_links":{"self":[{"href":"https:\/\/pargift.pl\/index.php\/wp-json\/wp\/v2\/product\/37358","targetHints":{"allow":["GET"]}}],"collection":[{"href":"https:\/\/pargift.pl\/index.php\/wp-json\/wp\/v2\/product"}],"about":[{"href":"https:\/\/pargift.pl\/index.php\/wp-json\/wp\/v2\/types\/product"}],"replies":[{"embeddable":true,"href":"https:\/\/pargift.pl\/index.php\/wp-json\/wp\/v2\/comments?post=37358"}],"version-history":[{"count":1,"href":"https:\/\/pargift.pl\/index.php\/wp-json\/wp\/v2\/product\/37358\/revisions"}],"predecessor-version":[{"id":38101,"href":"https:\/\/pargift.pl\/index.php\/wp-json\/wp\/v2\/product\/37358\/revisions\/38101"}],"wp:featuredmedia":[{"embeddable":true,"href":"https:\/\/pargift.pl\/index.php\/wp-json\/wp\/v2\/media\/37359"}],"wp:attachment":[{"href":"https:\/\/pargift.pl\/index.php\/wp-json\/wp\/v2\/media?parent=37358"}],"wp:term":[{"taxonomy":"product_brand","embeddable":true,"href":"https:\/\/pargift.pl\/index.php\/wp-json\/wp\/v2\/product_brand?post=37358"},{"taxonomy":"product_cat","embeddable":true,"href":"https:\/\/pargift.pl\/index.php\/wp-json\/wp\/v2\/product_cat?post=37358"},{"taxonomy":"product_tag","embeddable":true,"href":"https:\/\/pargift.pl\/index.php\/wp-json\/wp\/v2\/product_tag?post=37358"}],"curies":[{"name":"wp","href":"https:\/\/api.w.org\/{rel}","templated":true}]}}