{"id":37343,"date":"2025-12-09T17:12:33","date_gmt":"2025-12-09T17:12:33","guid":{"rendered":"https:\/\/pargift.pl\/index.php\/produkt\/notes-vista-granatowy\/"},"modified":"2026-02-10T17:30:03","modified_gmt":"2026-02-10T17:30:03","slug":"notes-vista-granatowy","status":"publish","type":"product","link":"https:\/\/pargift.pl\/index.php\/produkt\/notes-vista-granatowy\/","title":{"rendered":"Notes Vista, granatowy"},"content":{"rendered":"<div class=\"text-base my-auto mx-auto pb-10 [--thread-content-margin:--spacing(4)] @w-sm\/main:[--thread-content-margin:--spacing(6)] @w-lg\/main:[--thread-content-margin:--spacing(16)] px-(--thread-content-margin)\">\n<div class=\"[--thread-content-max-width:40rem] @w-lg\/main:[--thread-content-max-width:48rem] mx-auto max-w-(--thread-content-max-width) flex-1 group\/turn-messages focus-visible:outline-hidden relative flex w-full min-w-0 flex-col agent-turn\" tabindex=\"-1\">\n<div class=\"flex max-w-full flex-col grow\">\n<div class=\"min-h-8 text-message relative flex w-full flex-col items-end gap-2 text-start break-words whitespace-normal [.text-message+&amp;]:mt-1\" dir=\"auto\" data-message-author-role=\"assistant\" data-message-id=\"7b4a5e54-be58-4b0d-9550-3b16f18e2688\" data-message-model-slug=\"gpt-5-2\">\n<div class=\"flex w-full flex-col gap-1 empty:hidden first:pt-[1px]\">\n<div class=\"markdown prose dark:prose-invert w-full break-words dark markdown-new-styling\">\n<h2 data-start=\"0\" data-end=\"80\"><strong data-start=\"4\" data-end=\"78\">Notes Vista \u2013 granatowy R91778.42 \u2013 klasyczny notatnik z tward\u0105 opraw\u0105<\/strong><\/h2>\n<p data-start=\"81\" data-end=\"622\">Notes <strong data-start=\"87\" data-end=\"106\">Vista R91778.42<\/strong> to funkcjonalny <strong data-start=\"123\" data-end=\"145\">granatowy notatnik<\/strong> z <strong data-start=\"148\" data-end=\"173\">120 kartkami w kratk\u0119<\/strong> o gramaturze papieru 70 g\/m\u00b2, zamkni\u0119ty w <strong data-start=\"216\" data-end=\"235\">twardej oprawie<\/strong> i wyposa\u017cony w praktyczn\u0105 <strong data-start=\"262\" data-end=\"295\">tasiemk\u0119 do zaznaczania stron<\/strong> \u2014 idealny do codziennych zapisk\u00f3w, planowania zada\u0144 czy tworzenia szkic\u00f3w podczas pracy, nauki lub spotka\u0144. Dzi\u0119ki eleganckiej kolorystyce i solidnej konstrukcji produkt \u015bwietnie sprawdza si\u0119 zar\u00f3wno jako praktyczny artyku\u0142 pi\u015bmienniczy, jak i <strong data-start=\"540\" data-end=\"583\">efektowny gad\u017cet reklamowy z logo marki<\/strong>.<\/p>\n<h3 data-start=\"624\" data-end=\"661\"><strong data-start=\"629\" data-end=\"661\">Najwa\u017cniejsze cechy produktu<\/strong><\/h3>\n<ul>\n<li data-start=\"664\" data-end=\"772\">Notes z <strong data-start=\"672\" data-end=\"697\">120 kartkami w kratk\u0119<\/strong> \u2014 du\u017co miejsca na notatki i szkice<\/li>\n<li data-start=\"775\" data-end=\"866\"><strong data-start=\"775\" data-end=\"792\">Twarda oprawa<\/strong> \u2014 trwa\u0142a i estetyczna konstrukcja<\/li>\n<li data-start=\"869\" data-end=\"972\"><strong data-start=\"869\" data-end=\"902\">Tasiemka do zaznaczania stron<\/strong> \u2014 u\u0142atwia organizacj\u0119 notatek<\/li>\n<li data-start=\"975\" data-end=\"1070\">Papier o gramaturze <strong data-start=\"995\" data-end=\"1006\">70 g\/m\u00b2<\/strong> \u2014 komfortowy do pisania<\/li>\n<li data-start=\"1073\" data-end=\"1157\">Kolor: <strong data-start=\"1080\" data-end=\"1093\">granatowy<\/strong> \u2014 uniwersalny i elegancki<\/li>\n<\/ul>\n<h3 data-start=\"1159\" data-end=\"1191\"><strong data-start=\"1164\" data-end=\"1191\">Dlaczego warto go mie\u0107?<\/strong><\/h3>\n<p data-start=\"1192\" data-end=\"1672\">Notes Vista to klasyczny i uniwersalny notatnik, kt\u00f3ry sprawdzi si\u0119 w pracy, szkole i przy codziennych zapiskach. Twarda oprawa chroni kartki podczas transportu i intensywnego u\u017cytkowania, a tasiemka do oznaczania stron zwi\u0119ksza wygod\u0119 pracy z notatkami. Granatowy kolor dodaje elegancji i sprawia, \u017ce notes mo\u017ce by\u0107 tak\u017ce ciekawym <strong data-start=\"1524\" data-end=\"1565\">no\u015bnikiem logo lub grafiki reklamowej<\/strong> podczas event\u00f3w, spotka\u0144 biznesowych czy w materia\u0142ach promocyjnych.<\/p>\n<h3 data-start=\"1674\" data-end=\"1706\"><strong data-start=\"1679\" data-end=\"1706\">Specyfikacja techniczna<\/strong><\/h3>\n<ul>\n<li data-start=\"1709\" data-end=\"1776\">Kod produktu: <strong data-start=\"1723\" data-end=\"1736\">R91778.42<\/strong><\/li>\n<li data-start=\"1779\" data-end=\"1849\">Nazwa: Notes Vista \u2013 granatowy<\/li>\n<li data-start=\"1852\" data-end=\"1914\">Liczba kartek: <strong data-start=\"1867\" data-end=\"1874\">120<\/strong><\/li>\n<li data-start=\"1917\" data-end=\"1986\">Format kartki: <strong data-start=\"1932\" data-end=\"1944\">w kratk\u0119<\/strong><\/li>\n<li data-start=\"1989\" data-end=\"2061\">Gramatura papieru: <strong data-start=\"2008\" data-end=\"2019\">70 g\/m\u00b2<\/strong><\/li>\n<li data-start=\"2064\" data-end=\"2124\">Oprawa: <strong data-start=\"2072\" data-end=\"2082\">twarda<\/strong><\/li>\n<li data-start=\"2127\" data-end=\"2218\">Materia\u0142 dodatkowy: tasiemka do zaznaczania stron<\/li>\n<li data-start=\"2221\" data-end=\"2283\">Kolor: <strong data-start=\"2228\" data-end=\"2241\">granatowy<\/strong><\/li>\n<li data-start=\"2286\" data-end=\"2381\">Wymiary (szer. \u00d7 wys. \u00d7 g\u0142.) [mm]: <strong data-start=\"2321\" data-end=\"2339\">145 \u00d7 215 \u00d7 16<\/strong><\/li>\n<li data-start=\"2384\" data-end=\"2467\">Opakowanie: pude\u0142ko transportowe \/ karton<\/li>\n<li data-start=\"2470\" data-end=\"2537\">Kod celny: <strong data-start=\"2481\" data-end=\"2495\">4820103000<\/strong><\/li>\n<li data-start=\"2540\" data-end=\"2636\">Zastosowanie: notatnik biurowy\/szkolny, gad\u017cet reklamowy<\/li>\n<\/ul>\n<\/div>\n<\/div>\n<\/div>\n<\/div>\n<\/div>\n<\/div>\n","protected":false},"excerpt":{"rendered":"<p>Notes Vista R91778.42 to praktyczny granatowy notatnik z 120 kartkami w kratk\u0119 i tward\u0105 opraw\u0105, wyposa\u017cony w tasiemk\u0119 u\u0142atwiaj\u0105c\u0105 oznaczanie stron \u2014 idealny do codziennych notatek, plan\u00f3w i szkic\u00f3w. Wymiary: szer. 145 \u00d7 wys. 215 \u00d7 g\u0142. 16 mm, papier 70 g\/m\u00b2 zapewnia komfort pisania.<\/p>\n<p><strong>Wymiary: szer. 145 \u00d7 wys. 215 \u00d7 g\u0142. 16 mm.<\/strong><\/p>\n<p><strong>Produkt nadaje si\u0119 do znakowania.<\/strong><\/p>\n","protected":false},"featured_media":37344,"comment_status":"open","ping_status":"closed","template":"","meta":[],"product_brand":[],"product_cat":[],"product_tag":[4251,9205,9199,9204,9203,9207,9208,9202,9184,9186,9188,9200,9206],"class_list":{"0":"post-37343","1":"product","2":"type-product","3":"status-publish","4":"has-post-thumbnail","6":"product_tag-gadet-reklamowy-notes","7":"product_tag-notatnik-biurowy-granatowy","8":"product_tag-notatnik-szkolny-vista","9":"product_tag-notatnik-twarda-oprawa-granatowy","10":"product_tag-notatnik-vista-r91778-42","11":"product_tag-notes-do-pisania-granatowy","12":"product_tag-notes-promocyjny-granatowy","13":"product_tag-notes-vista-granatowy","14":"product_tag-notes-z-kratka-120-kartek","15":"product_tag-notes-z-tasiemka-do-zaznaczania-stron","16":"product_tag-papierowy-notes-vista","17":"product_tag-praktyczny-notes-vista","18":"product_tag-sku-r91778-42","20":"first","21":"instock","22":"shipping-taxable","23":"purchasable","24":"product-type-simple"},"_links":{"self":[{"href":"https:\/\/pargift.pl\/index.php\/wp-json\/wp\/v2\/product\/37343","targetHints":{"allow":["GET"]}}],"collection":[{"href":"https:\/\/pargift.pl\/index.php\/wp-json\/wp\/v2\/product"}],"about":[{"href":"https:\/\/pargift.pl\/index.php\/wp-json\/wp\/v2\/types\/product"}],"replies":[{"embeddable":true,"href":"https:\/\/pargift.pl\/index.php\/wp-json\/wp\/v2\/comments?post=37343"}],"version-history":[{"count":2,"href":"https:\/\/pargift.pl\/index.php\/wp-json\/wp\/v2\/product\/37343\/revisions"}],"predecessor-version":[{"id":38106,"href":"https:\/\/pargift.pl\/index.php\/wp-json\/wp\/v2\/product\/37343\/revisions\/38106"}],"wp:featuredmedia":[{"embeddable":true,"href":"https:\/\/pargift.pl\/index.php\/wp-json\/wp\/v2\/media\/37344"}],"wp:attachment":[{"href":"https:\/\/pargift.pl\/index.php\/wp-json\/wp\/v2\/media?parent=37343"}],"wp:term":[{"taxonomy":"product_brand","embeddable":true,"href":"https:\/\/pargift.pl\/index.php\/wp-json\/wp\/v2\/product_brand?post=37343"},{"taxonomy":"product_cat","embeddable":true,"href":"https:\/\/pargift.pl\/index.php\/wp-json\/wp\/v2\/product_cat?post=37343"},{"taxonomy":"product_tag","embeddable":true,"href":"https:\/\/pargift.pl\/index.php\/wp-json\/wp\/v2\/product_tag?post=37343"}],"curies":[{"name":"wp","href":"https:\/\/api.w.org\/{rel}","templated":true}]}}