{"id":37318,"date":"2025-12-09T17:12:28","date_gmt":"2025-12-09T17:12:28","guid":{"rendered":"https:\/\/pargift.pl\/index.php\/produkt\/swiateczna-gra-kolko-i-krzyzyk-rovaniemi-bezowy\/"},"modified":"2026-01-04T21:38:52","modified_gmt":"2026-01-04T21:38:52","slug":"swiateczna-gra-kolko-i-krzyzyk-rovaniemi-bezowy","status":"publish","type":"product","link":"https:\/\/pargift.pl\/index.php\/produkt\/swiateczna-gra-kolko-i-krzyzyk-rovaniemi-bezowy\/","title":{"rendered":"\u015awi\u0105teczna gra k\u00f3\u0142ko i krzy\u017cyk Rovaniemi, be\u017cowy"},"content":{"rendered":"<p>Klasyczna gra \u201ek\u00f3\u0142ko i krzy\u017cyk\u201d w \u015bwi\u0105tecznej ods\u0142onie. Zestaw zawiera woreczek z plansz\u0105 oraz 10 drewnianych pionk\u00f3w w kszta\u0142cie Miko\u0142aj\u00f3w i renifer\u00f3w. Ca\u0142o\u015b\u0107 wykonana z naturalnych materia\u0142\u00f3w. Artyku\u0142 sezonowy (nie podlega zwrotowi).<\/p>\n","protected":false},"excerpt":{"rendered":"<p>Klasyczna gra \u201ek\u00f3\u0142ko i krzy\u017cyk\u201d w \u015bwi\u0105tecznej ods\u0142onie. Zestaw zawiera woreczek z plansz\u0105 oraz 10 drewnianych pionk\u00f3w w kszta\u0142cie Miko\u0142aj\u00f3w<\/p>\n","protected":false},"featured_media":37319,"comment_status":"open","ping_status":"closed","template":"","meta":[],"product_brand":[],"product_cat":[],"product_tag":[97,80],"class_list":{"0":"post-37318","1":"product","2":"type-product","3":"status-publish","4":"has-post-thumbnail","6":"product_tag-artykuly-swiateczne","7":"product_tag-gry","9":"first","10":"instock","11":"shipping-taxable","12":"purchasable","13":"product-type-simple"},"_links":{"self":[{"href":"https:\/\/pargift.pl\/index.php\/wp-json\/wp\/v2\/product\/37318","targetHints":{"allow":["GET"]}}],"collection":[{"href":"https:\/\/pargift.pl\/index.php\/wp-json\/wp\/v2\/product"}],"about":[{"href":"https:\/\/pargift.pl\/index.php\/wp-json\/wp\/v2\/types\/product"}],"replies":[{"embeddable":true,"href":"https:\/\/pargift.pl\/index.php\/wp-json\/wp\/v2\/comments?post=37318"}],"version-history":[{"count":0,"href":"https:\/\/pargift.pl\/index.php\/wp-json\/wp\/v2\/product\/37318\/revisions"}],"wp:featuredmedia":[{"embeddable":true,"href":"https:\/\/pargift.pl\/index.php\/wp-json\/wp\/v2\/media\/37319"}],"wp:attachment":[{"href":"https:\/\/pargift.pl\/index.php\/wp-json\/wp\/v2\/media?parent=37318"}],"wp:term":[{"taxonomy":"product_brand","embeddable":true,"href":"https:\/\/pargift.pl\/index.php\/wp-json\/wp\/v2\/product_brand?post=37318"},{"taxonomy":"product_cat","embeddable":true,"href":"https:\/\/pargift.pl\/index.php\/wp-json\/wp\/v2\/product_cat?post=37318"},{"taxonomy":"product_tag","embeddable":true,"href":"https:\/\/pargift.pl\/index.php\/wp-json\/wp\/v2\/product_tag?post=37318"}],"curies":[{"name":"wp","href":"https:\/\/api.w.org\/{rel}","templated":true}]}}