{"id":37297,"date":"2025-12-09T17:12:23","date_gmt":"2025-12-09T17:12:23","guid":{"rendered":"https:\/\/pargift.pl\/index.php\/produkt\/lunch-box-z-podgrzewaczem-heatmate-czarny\/"},"modified":"2026-02-10T17:30:03","modified_gmt":"2026-02-10T17:30:03","slug":"lunch-box-z-podgrzewaczem-heatmate-czarny","status":"publish","type":"product","link":"https:\/\/pargift.pl\/index.php\/produkt\/lunch-box-z-podgrzewaczem-heatmate-czarny\/","title":{"rendered":"Lunch box z podgrzewaczem Heatmate, czarny"},"content":{"rendered":"<h2 data-start=\"0\" data-end=\"108\"><strong data-start=\"4\" data-end=\"106\">Lunch box z podgrzewaczem Heatmate \u2013 czarny R08462.02 \u2013 praktyczny podgrzewany pojemnik na posi\u0142ki<\/strong><\/h2>\n<p data-start=\"109\" data-end=\"691\">Lunch box <strong data-start=\"119\" data-end=\"141\">Heatmate R08462.02<\/strong> to <strong data-start=\"145\" data-end=\"191\">nowoczesny lunchbox z funkcj\u0105 podgrzewania<\/strong>, kt\u00f3ry \u0142\u0105czy du\u017c\u0105 pojemno\u015b\u0107 i wysok\u0105 funkcjonalno\u015b\u0107 w kompaktowej formie \u2013 idealny do <strong data-start=\"278\" data-end=\"318\">pracy, szko\u0142y, podr\u00f3\u017cy czy na piknik<\/strong>. Wyposa\u017cony w <strong data-start=\"333\" data-end=\"365\">elektryczny podgrzewacz 80 W<\/strong>, umo\u017cliwia podgrzewanie posi\u0142k\u00f3w z dost\u0119pem do r\u00f3\u017cnych \u017ar\u00f3de\u0142 zasilania, a solidna konstrukcja ze <strong data-start=\"464\" data-end=\"499\">stali nierdzewnej i tworzywa PP<\/strong> gwarantuje trwa\u0142o\u015b\u0107 i d\u0142ugotrwa\u0142e u\u017cytkowanie. Ca\u0142o\u015b\u0107 zapakowana jest w praktyczn\u0105 <strong data-start=\"583\" data-end=\"605\">torb\u0119 izotermiczn\u0105<\/strong>, co u\u0142atwia transport i utrzymanie temperatury.<\/p>\n<h3 data-start=\"693\" data-end=\"730\"><strong data-start=\"698\" data-end=\"730\">Najwa\u017cniejsze cechy produktu<\/strong><\/h3>\n<ul>\n<li data-start=\"733\" data-end=\"879\"><strong data-start=\"733\" data-end=\"757\">Du\u017ca pojemno\u015b\u0107 1,5 L<\/strong> z <strong data-start=\"760\" data-end=\"808\">pojemnikiem wewn\u0119trznym z dwiema przegrodami<\/strong> \u2013 u\u0142atwia organizacj\u0119 posi\u0142k\u00f3w<\/li>\n<li data-start=\"882\" data-end=\"987\"><strong data-start=\"882\" data-end=\"913\">Osobna przegroda na sztu\u0107ce<\/strong> \u2013 dodatkowa praktyczna przestrze\u0144<\/li>\n<li data-start=\"990\" data-end=\"1136\"><strong data-start=\"990\" data-end=\"1019\">Funkcja podgrzewania 80 W<\/strong> \u2013 umo\u017cliwia odgrzewanie posi\u0142k\u00f3w bez konieczno\u015bci korzystania z mikrofal\u00f3wki<\/li>\n<li data-start=\"1139\" data-end=\"1281\"><strong data-start=\"1139\" data-end=\"1167\">Szeroki zakres napi\u0119cia:<\/strong> 220 V, 110 V, 24 V (50\u201360 Hz) \u2013 kompatybilny z r\u00f3\u017cnymi \u017ar\u00f3d\u0142ami zasilania<\/li>\n<li data-start=\"1284\" data-end=\"1399\">Wska\u017anik zasilania i odpowietrznik pary \u2013 bezpieczna i wygodna eksploatacja<\/li>\n<li data-start=\"1402\" data-end=\"1519\"><strong data-start=\"1402\" data-end=\"1435\">Torba izotermiczna w zestawie<\/strong> \u2013 utrzymuje temperatur\u0119 i u\u0142atwia transport<\/li>\n<li data-start=\"1522\" data-end=\"1684\">W zestawie: przew\u00f3d z wtyczk\u0105 sieciow\u0105 (230 V), przew\u00f3d do zapalniczki samochodowej (12 V) oraz <strong data-start=\"1618\" data-end=\"1646\">sztu\u0107ce: \u0142y\u017cka i widelec<\/strong><\/li>\n<\/ul>\n<h3 data-start=\"1686\" data-end=\"1718\"><strong data-start=\"1691\" data-end=\"1718\">Dlaczego warto go mie\u0107?<\/strong><\/h3>\n<p data-start=\"1719\" data-end=\"2276\">Lunch box Heatmate to \u015bwietna alternatywa dla tradycyjnych pojemnik\u00f3w na \u017cywno\u015b\u0107 \u2013 pozwala nie tylko przechowywa\u0107 posi\u0142ki, ale r\u00f3wnie\u017c <strong data-start=\"1854\" data-end=\"1901\">pozwala je podgrza\u0107 bez dodatkowego sprz\u0119tu<\/strong>. Du\u017ca pojemno\u015b\u0107 oraz przegrody u\u0142atwiaj\u0105 organizacj\u0119 jedzenia, a mo\u017cliwo\u015b\u0107 pod\u0142\u0105czenia do zwyk\u0142ego gniazdka domowego lub samochodowego zwi\u0119ksza jego uniwersalno\u015b\u0107. Ten model sprawdzi si\u0119 zar\u00f3wno w codziennym u\u017cytkowaniu, jak i jako <strong data-start=\"2134\" data-end=\"2178\">praktyczny gad\u017cet reklamowy z logo firmy<\/strong>, kt\u00f3ry promuje zdrowe od\u017cywianie podczas pracy czy podr\u00f3\u017cy.<\/p>\n<h3 data-start=\"2278\" data-end=\"2310\"><strong data-start=\"2283\" data-end=\"2310\">Specyfikacja techniczna<\/strong><\/h3>\n<ul>\n<li data-start=\"2313\" data-end=\"2380\">Kod produktu: <strong data-start=\"2327\" data-end=\"2340\">R08462.02<\/strong><\/li>\n<li data-start=\"2383\" data-end=\"2475\">Nazwa: Lunch box z podgrzewaczem Heatmate \u2013 czarny<\/li>\n<li data-start=\"2478\" data-end=\"2540\">Pojemno\u015b\u0107: <strong data-start=\"2489\" data-end=\"2498\">1,5 L<\/strong><\/li>\n<li data-start=\"2543\" data-end=\"2615\">Funkcja podgrzewania: <strong data-start=\"2565\" data-end=\"2573\">80 W<\/strong><\/li>\n<li data-start=\"2618\" data-end=\"2706\">Materia\u0142y: <strong data-start=\"2629\" data-end=\"2664\">stal nierdzewna + PP (tworzywo)<\/strong><\/li>\n<li data-start=\"2709\" data-end=\"2768\">Kolor: <strong data-start=\"2716\" data-end=\"2726\">czarny<\/strong><\/li>\n<li data-start=\"2771\" data-end=\"2867\">Wymiary (szer. \u00d7 wys. \u00d7 g\u0142.) [mm]: <strong data-start=\"2806\" data-end=\"2825\">230 \u00d7 165 \u00d7 100<\/strong><\/li>\n<li data-start=\"2870\" data-end=\"2954\">Zasilanie: 230 V \/ 110 V \/ 24 V (50\u201360 Hz)<\/li>\n<li data-start=\"2957\" data-end=\"3081\">Akcesoria: przew\u00f3d sieciowy (230 V), przew\u00f3d do zapalniczki (12 V), \u0142y\u017cka, widelec<\/li>\n<li data-start=\"3084\" data-end=\"3156\">Torba: izotermiczna w zestawie<\/li>\n<li data-start=\"3159\" data-end=\"3226\">Kod celny: <strong data-start=\"3170\" data-end=\"3184\">8516797090<\/strong><\/li>\n<li data-start=\"3229\" data-end=\"3312\">Opakowanie: pude\u0142ko transportowe \/ karton<\/li>\n<li data-start=\"3315\" data-end=\"3413\">Zastosowanie: lunch box z podgrzewaczem, praktyczny gad\u017cet<\/li>\n<\/ul>\n","protected":false},"excerpt":{"rendered":"<p>Lunch box z podgrzewaczem Heatmate R08462.02 w czarnym kolorze to praktyczny pojemnik o pojemno\u015bci 1,5 L z wewn\u0119trznymi przegrodami i osobnym miejscem na sztu\u0107ce oraz podgrzewaczem 80 W, kt\u00f3ry pozwala odgrza\u0107 posi\u0142ek pod r\u00f3\u017cnym napi\u0119ciem. Wymiary: 230 \u00d7 165 \u00d7 100 mm, w zestawie torba izotermiczna, przewody do zasilania i sztu\u0107ce.<\/p>\n<p><strong>Wymiary: szer. 230 \u00d7 wys. 165 \u00d7 g\u0142. 100 mm.<\/strong><\/p>\n<p><strong>Produkt nadaje si\u0119 do znakowania.<\/strong><\/p>\n","protected":false},"featured_media":37298,"comment_status":"open","ping_status":"closed","template":"","meta":[],"product_brand":[],"product_cat":[],"product_tag":[9277,9272,9270,9276,9280,9273,9271,9275,9274,9278,9281,9279],"class_list":{"0":"post-37297","1":"product","2":"type-product","3":"status-publish","4":"has-post-thumbnail","6":"product_tag-gadzet-reklamowy-podgrzewany-lunchbox","7":"product_tag-lunch-box-do-pracy-i-szkoly","8":"product_tag-lunch-box-z-podgrzewaczem-heatmate-czarny","9":"product_tag-lunch-box-z-przegrodami-na-jedzenie","10":"product_tag-lunch-box-ze-sztuccami","11":"product_tag-lunchbox-z-podgrzewaczem-80w","12":"product_tag-podgrzewany-lunchbox-1-5-l","13":"product_tag-pojemnik-na-posilki-z-torba-izotermiczna","14":"product_tag-praktyczny-lunchbox-podrozny","15":"product_tag-sku-r08462-02","16":"product_tag-solidny-lunchbox-stal-nierdzewna","17":"product_tag-zestaw-lunchbox-z-przewodem-sieciowym-i-samochodowym","19":"first","20":"instock","21":"shipping-taxable","22":"purchasable","23":"product-type-simple"},"_links":{"self":[{"href":"https:\/\/pargift.pl\/index.php\/wp-json\/wp\/v2\/product\/37297","targetHints":{"allow":["GET"]}}],"collection":[{"href":"https:\/\/pargift.pl\/index.php\/wp-json\/wp\/v2\/product"}],"about":[{"href":"https:\/\/pargift.pl\/index.php\/wp-json\/wp\/v2\/types\/product"}],"replies":[{"embeddable":true,"href":"https:\/\/pargift.pl\/index.php\/wp-json\/wp\/v2\/comments?post=37297"}],"version-history":[{"count":1,"href":"https:\/\/pargift.pl\/index.php\/wp-json\/wp\/v2\/product\/37297\/revisions"}],"predecessor-version":[{"id":38115,"href":"https:\/\/pargift.pl\/index.php\/wp-json\/wp\/v2\/product\/37297\/revisions\/38115"}],"wp:featuredmedia":[{"embeddable":true,"href":"https:\/\/pargift.pl\/index.php\/wp-json\/wp\/v2\/media\/37298"}],"wp:attachment":[{"href":"https:\/\/pargift.pl\/index.php\/wp-json\/wp\/v2\/media?parent=37297"}],"wp:term":[{"taxonomy":"product_brand","embeddable":true,"href":"https:\/\/pargift.pl\/index.php\/wp-json\/wp\/v2\/product_brand?post=37297"},{"taxonomy":"product_cat","embeddable":true,"href":"https:\/\/pargift.pl\/index.php\/wp-json\/wp\/v2\/product_cat?post=37297"},{"taxonomy":"product_tag","embeddable":true,"href":"https:\/\/pargift.pl\/index.php\/wp-json\/wp\/v2\/product_tag?post=37297"}],"curies":[{"name":"wp","href":"https:\/\/api.w.org\/{rel}","templated":true}]}}