{"id":37288,"date":"2025-12-09T17:12:21","date_gmt":"2025-12-09T17:12:21","guid":{"rendered":"https:\/\/pargift.pl\/index.php\/produkt\/lunch-box-z-podgrzewaczem-heatmate-szary\/"},"modified":"2026-01-04T21:38:52","modified_gmt":"2026-01-04T21:38:52","slug":"lunch-box-z-podgrzewaczem-heatmate-szary","status":"publish","type":"product","link":"https:\/\/pargift.pl\/index.php\/produkt\/lunch-box-z-podgrzewaczem-heatmate-szary\/","title":{"rendered":"Lunch box z podgrzewaczem Heatmate, szary"},"content":{"rendered":"<p>Lunch box o du\u017cej pojemno\u015bci 1,5 L wyposa\u017cony w pojemnik na jedzenie z dwiema przegrodami oraz osobn\u0105 przegrod\u0105 na sztu\u0107ce. Wykonany ze stali nierdzewnej, z funkcj\u0105 podgrzewania (80W) \u2013 idealny do pracy, szko\u0142y czy podr\u00f3\u017cy. Posiada odpowietrznik pary, wska\u017anik zasilania oraz szeroki zakres napi\u0119cia (220V\/110V\/24V\/12V, 50\u201360Hz). Lekki (900 g), praktyczny i \u0142atwy w u\u017cyciu. Ca\u0142o\u015b\u0107 zapakowana w torb\u0119 izotermiczn\u0105. W zestawie: przew\u00f3d z wtyczk\u0105 sieciow\u0105 (230 V), przew\u00f3d do zapalniczki samochodowej (12 V) oraz sztu\u0107ce: \u0142y\u017cka i widelec.<\/p>\n","protected":false},"excerpt":{"rendered":"<p>Lunch box o du\u017cej pojemno\u015bci 1,5 L wyposa\u017cony w pojemnik na jedzenie z dwiema przegrodami oraz osobn\u0105 przegrod\u0105 na sztu\u0107ce.<\/p>\n","protected":false},"featured_media":37289,"comment_status":"open","ping_status":"closed","template":"","meta":[],"product_brand":[],"product_cat":[],"product_tag":[79],"class_list":{"0":"post-37288","1":"product","2":"type-product","3":"status-publish","4":"has-post-thumbnail","6":"product_tag-niezbedne-w-podrozy","8":"first","9":"outofstock","10":"shipping-taxable","11":"purchasable","12":"product-type-simple"},"_links":{"self":[{"href":"https:\/\/pargift.pl\/index.php\/wp-json\/wp\/v2\/product\/37288","targetHints":{"allow":["GET"]}}],"collection":[{"href":"https:\/\/pargift.pl\/index.php\/wp-json\/wp\/v2\/product"}],"about":[{"href":"https:\/\/pargift.pl\/index.php\/wp-json\/wp\/v2\/types\/product"}],"replies":[{"embeddable":true,"href":"https:\/\/pargift.pl\/index.php\/wp-json\/wp\/v2\/comments?post=37288"}],"version-history":[{"count":0,"href":"https:\/\/pargift.pl\/index.php\/wp-json\/wp\/v2\/product\/37288\/revisions"}],"wp:featuredmedia":[{"embeddable":true,"href":"https:\/\/pargift.pl\/index.php\/wp-json\/wp\/v2\/media\/37289"}],"wp:attachment":[{"href":"https:\/\/pargift.pl\/index.php\/wp-json\/wp\/v2\/media?parent=37288"}],"wp:term":[{"taxonomy":"product_brand","embeddable":true,"href":"https:\/\/pargift.pl\/index.php\/wp-json\/wp\/v2\/product_brand?post=37288"},{"taxonomy":"product_cat","embeddable":true,"href":"https:\/\/pargift.pl\/index.php\/wp-json\/wp\/v2\/product_cat?post=37288"},{"taxonomy":"product_tag","embeddable":true,"href":"https:\/\/pargift.pl\/index.php\/wp-json\/wp\/v2\/product_tag?post=37288"}],"curies":[{"name":"wp","href":"https:\/\/api.w.org\/{rel}","templated":true}]}}