{"id":37194,"date":"2025-12-09T17:12:03","date_gmt":"2025-12-09T17:12:03","guid":{"rendered":"https:\/\/pargift.pl\/index.php\/produkt\/piornik-do-kolorowania-mili-bialy\/"},"modified":"2026-02-10T17:30:02","modified_gmt":"2026-02-10T17:30:02","slug":"piornik-do-kolorowania-mili-bialy","status":"publish","type":"product","link":"https:\/\/pargift.pl\/index.php\/produkt\/piornik-do-kolorowania-mili-bialy\/","title":{"rendered":"Pi\u00f3rnik do kolorowania Mili, bia\u0142y"},"content":{"rendered":"<h2 data-start=\"0\" data-end=\"90\"><strong data-start=\"3\" data-end=\"90\">Pi\u00f3rnik do kolorowania Mili \u2013 bia\u0142y R73640.06 \u2013 kreatywny pi\u00f3rnik do personalizacji<\/strong><\/h2>\n<p data-start=\"92\" data-end=\"590\">Pi\u00f3rnik <strong data-start=\"100\" data-end=\"118\">Mili R73640.06<\/strong> to <strong data-start=\"122\" data-end=\"154\">bia\u0142y pi\u00f3rnik do kolorowania<\/strong>, kt\u00f3ry daje dzieciom i m\u0142odzie\u017cy mo\u017cliwo\u015b\u0107 w\u0142asnor\u0119cznego ozdabiania jego powierzchni kreatywnymi rysunkami, wzorami lub podpisami \u2014 idealny do szko\u0142y, pleneru, warsztat\u00f3w artystycznych oraz jako <strong data-start=\"351\" data-end=\"395\">aktywno\u015b\u0107 promocyjna z logo Twojej marki<\/strong>. Pi\u00f3rnik zosta\u0142 zaprojektowany tak, aby jego powierzchnia \u015bwietnie nadawa\u0142a si\u0119 pod kolorowanie flamastrami, markerami lub farbami do materia\u0142\u00f3w \u2014 co zach\u0119ca do tw\u00f3rczej zabawy i personalizacji.<\/p>\n<p data-start=\"592\" data-end=\"883\">Wygodna forma i pojemny korpus sprawiaj\u0105, \u017ce pi\u00f3rnik mie\u015bci wszystkie niezb\u0119dne przybory szkolne, a <strong data-start=\"692\" data-end=\"722\">g\u0142adka, jasna powierzchnia<\/strong> stanowi doskona\u0142e pole do wyra\u017cania pomys\u0142\u00f3w. Dzi\u0119ki temu pi\u00f3rnik Mili mo\u017ce by\u0107 zar\u00f3wno praktycznym akcesorium szkolnym, jak i inspiruj\u0105cym gad\u017cetem kreatywnym.<\/p>\n<h3 data-start=\"885\" data-end=\"921\"><strong data-start=\"889\" data-end=\"921\">Najwa\u017cniejsze cechy produktu<\/strong><\/h3>\n<ul>\n<li data-start=\"924\" data-end=\"1017\"><strong data-start=\"924\" data-end=\"950\">Pi\u00f3rnik do kolorowania<\/strong> \u2014 powierzchnia idealna do personalizacji flamastrami i markerami<\/li>\n<li data-start=\"1020\" data-end=\"1087\">Kolor: <strong data-start=\"1027\" data-end=\"1036\">bia\u0142y<\/strong> \u2014 baza umo\u017cliwiaj\u0105ca ozdobienie w dowolny spos\u00f3b<\/li>\n<li data-start=\"1090\" data-end=\"1160\">Pojemny korpus \u2014 mie\u015bci kredki, d\u0142ugopisy, flamastry i inne przybory<\/li>\n<li data-start=\"1163\" data-end=\"1221\"><strong data-start=\"1163\" data-end=\"1185\">Zamek b\u0142yskawiczny<\/strong> \u2014 bezpieczne zamykanie zawarto\u015bci<\/li>\n<li data-start=\"1224\" data-end=\"1289\">Lekka i por\u0119czna konstrukcja \u2014 wygodna w codziennym u\u017cytkowaniu<\/li>\n<\/ul>\n<h3 data-start=\"1291\" data-end=\"1322\"><strong data-start=\"1295\" data-end=\"1322\">Dlaczego warto go mie\u0107?<\/strong><\/h3>\n<p data-start=\"1323\" data-end=\"1815\">Pi\u00f3rnik Mili to nie tylko praktyczny dodatek do szkolnych przybor\u00f3w, ale tak\u017ce <strong data-start=\"1402\" data-end=\"1434\">pole do kreatywnej ekspresji<\/strong> \u2014 idealny dla dzieci lub m\u0142odzie\u017cy, kt\u00f3ra lubi ozdabia\u0107 i personalizowa\u0107 swoje rzeczy. Jego g\u0142adka, jasna powierzchnia zach\u0119ca do tworzenia w\u0142asnych rysunk\u00f3w, podpis\u00f3w i wzor\u00f3w, co czyni go \u015bwietnym narz\u0119dziem aktywno\u015bci artystycznej. Dzi\u0119ki temu produkt mo\u017ce by\u0107 tak\u017ce <strong data-start=\"1705\" data-end=\"1740\">atrakcyjnym gad\u017cetem reklamowym<\/strong>, anga\u017cuj\u0105cym odbiorc\u00f3w w kreatywne dzia\u0142ania i wzmacniaj\u0105cym odbi\u00f3r marki.<\/p>\n<h3 data-start=\"1817\" data-end=\"1848\"><strong data-start=\"1821\" data-end=\"1848\">Specyfikacja techniczna<\/strong><\/h3>\n<ul>\n<li data-start=\"1851\" data-end=\"1880\">Kod produktu: <strong data-start=\"1865\" data-end=\"1878\">R73640.06<\/strong><\/li>\n<li data-start=\"1883\" data-end=\"1927\">Nazwa: Pi\u00f3rnik do kolorowania Mili \u2013 bia\u0142y<\/li>\n<li data-start=\"1930\" data-end=\"1944\">Kolor: bia\u0142y<\/li>\n<li data-start=\"1947\" data-end=\"2032\">Materia\u0142: tekstylny \/ p\u0142\u00f3cienny \/ materia\u0142 z zewn\u0119trzn\u0105 powierzchni\u0105 do kolorowania<\/li>\n<li data-start=\"2035\" data-end=\"2074\">System zamkni\u0119cia: zamek b\u0142yskawiczny<\/li>\n<li data-start=\"2077\" data-end=\"2135\">Wymiary (szer. \u00d7 wys. \u00d7 g\u0142.) [mm]: <strong data-start=\"2112\" data-end=\"2133\">ok. 205 \u00d7 95 \u00d7 50<\/strong><\/li>\n<li data-start=\"2138\" data-end=\"2166\">Opakowanie: woreczek\/folia<\/li>\n<li data-start=\"2169\" data-end=\"2249\">Zastosowanie: pi\u00f3rnik szkolny, materia\u0142 do kreatywnej zabawy, gad\u017cet reklamowy<\/li>\n<\/ul>\n","protected":false},"excerpt":{"rendered":"<p>Pi\u00f3rnik do kolorowania Mili R73640.06 to bia\u0142y pi\u00f3rnik z zamkiem b\u0142yskawicznym o wymiarach ok. 205 \u00d7 95 \u00d7 50 mm, zaprojektowany tak, aby jego powierzchnia mog\u0142a by\u0107 ozdabiana flamastrami, markerami lub farbami.<\/p>\n<p><strong>Idealny do szko\u0142y i kreatywnej zabawy.<\/strong><\/p>\n<p><strong>Produkt nadaje si\u0119 do znakowania.<\/strong><\/p>\n","protected":false},"featured_media":37195,"comment_status":"open","ping_status":"closed","template":"","meta":[],"product_brand":[],"product_cat":[],"product_tag":[9472,9467,9475,9466,9478,9474,9468,9476,9469,9473,9477,9471,9470],"class_list":{"0":"post-37194","1":"product","2":"type-product","3":"status-publish","4":"has-post-thumbnail","6":"product_tag-gadzet-reklamowy-kreatywny","7":"product_tag-kreatywny-piornik-szkolny","8":"product_tag-piornik-diy-kolorowany","9":"product_tag-piornik-do-kolorowania-mili-bialy","10":"product_tag-piornik-do-szkoly-i-zajec-artystycznych","11":"product_tag-piornik-na-kredki-i-flamastry","12":"product_tag-piornik-personalizowany-do-malowania","13":"product_tag-piornik-szkolny-z-powierzchnia-do-ozdabiania","14":"product_tag-piornik-z-materialem-do-rysowania","15":"product_tag-piornik-z-zamkiem-blyskawicznym","16":"product_tag-prezent-szkolny-kreatywny","17":"product_tag-r73640-06-piornik-do-kolorowania","18":"product_tag-szkolny-piornik-bialy-mili","20":"first","21":"instock","22":"shipping-taxable","23":"purchasable","24":"product-type-simple"},"_links":{"self":[{"href":"https:\/\/pargift.pl\/index.php\/wp-json\/wp\/v2\/product\/37194","targetHints":{"allow":["GET"]}}],"collection":[{"href":"https:\/\/pargift.pl\/index.php\/wp-json\/wp\/v2\/product"}],"about":[{"href":"https:\/\/pargift.pl\/index.php\/wp-json\/wp\/v2\/types\/product"}],"replies":[{"embeddable":true,"href":"https:\/\/pargift.pl\/index.php\/wp-json\/wp\/v2\/comments?post=37194"}],"version-history":[{"count":1,"href":"https:\/\/pargift.pl\/index.php\/wp-json\/wp\/v2\/product\/37194\/revisions"}],"predecessor-version":[{"id":38871,"href":"https:\/\/pargift.pl\/index.php\/wp-json\/wp\/v2\/product\/37194\/revisions\/38871"}],"wp:featuredmedia":[{"embeddable":true,"href":"https:\/\/pargift.pl\/index.php\/wp-json\/wp\/v2\/media\/37195"}],"wp:attachment":[{"href":"https:\/\/pargift.pl\/index.php\/wp-json\/wp\/v2\/media?parent=37194"}],"wp:term":[{"taxonomy":"product_brand","embeddable":true,"href":"https:\/\/pargift.pl\/index.php\/wp-json\/wp\/v2\/product_brand?post=37194"},{"taxonomy":"product_cat","embeddable":true,"href":"https:\/\/pargift.pl\/index.php\/wp-json\/wp\/v2\/product_cat?post=37194"},{"taxonomy":"product_tag","embeddable":true,"href":"https:\/\/pargift.pl\/index.php\/wp-json\/wp\/v2\/product_tag?post=37194"}],"curies":[{"name":"wp","href":"https:\/\/api.w.org\/{rel}","templated":true}]}}