{"id":37179,"date":"2025-12-09T17:12:00","date_gmt":"2025-12-09T17:12:00","guid":{"rendered":"https:\/\/pargift.pl\/index.php\/produkt\/olowek-christmas-tree-zielony\/"},"modified":"2026-01-04T21:38:51","modified_gmt":"2026-01-04T21:38:51","slug":"olowek-christmas-tree-zielony","status":"publish","type":"product","link":"https:\/\/pargift.pl\/index.php\/produkt\/olowek-christmas-tree-zielony\/","title":{"rendered":"O\u0142\u00f3wek Christmas Tree, zielony"},"content":{"rendered":"<p>Drewniany o\u0142\u00f3wek \u015bwi\u0105teczny z ko\u0144c\u00f3wk\u0105 w kszta\u0142cie choinki. Artyku\u0142 sezonowy (nie podlega zwrotowi).<\/p>\n","protected":false},"excerpt":{"rendered":"<p>Drewniany o\u0142\u00f3wek \u015bwi\u0105teczny z ko\u0144c\u00f3wk\u0105 w kszta\u0142cie choinki. Artyku\u0142 sezonowy (nie podlega zwrotowi).<\/p>\n","protected":false},"featured_media":37180,"comment_status":"open","ping_status":"closed","template":"","meta":[],"product_brand":[],"product_cat":[],"product_tag":[97,114],"class_list":{"0":"post-37179","1":"product","2":"type-product","3":"status-publish","4":"has-post-thumbnail","6":"product_tag-artykuly-swiateczne","7":"product_tag-olowki","9":"first","10":"outofstock","11":"shipping-taxable","12":"purchasable","13":"product-type-simple"},"_links":{"self":[{"href":"https:\/\/pargift.pl\/index.php\/wp-json\/wp\/v2\/product\/37179","targetHints":{"allow":["GET"]}}],"collection":[{"href":"https:\/\/pargift.pl\/index.php\/wp-json\/wp\/v2\/product"}],"about":[{"href":"https:\/\/pargift.pl\/index.php\/wp-json\/wp\/v2\/types\/product"}],"replies":[{"embeddable":true,"href":"https:\/\/pargift.pl\/index.php\/wp-json\/wp\/v2\/comments?post=37179"}],"version-history":[{"count":0,"href":"https:\/\/pargift.pl\/index.php\/wp-json\/wp\/v2\/product\/37179\/revisions"}],"wp:featuredmedia":[{"embeddable":true,"href":"https:\/\/pargift.pl\/index.php\/wp-json\/wp\/v2\/media\/37180"}],"wp:attachment":[{"href":"https:\/\/pargift.pl\/index.php\/wp-json\/wp\/v2\/media?parent=37179"}],"wp:term":[{"taxonomy":"product_brand","embeddable":true,"href":"https:\/\/pargift.pl\/index.php\/wp-json\/wp\/v2\/product_brand?post=37179"},{"taxonomy":"product_cat","embeddable":true,"href":"https:\/\/pargift.pl\/index.php\/wp-json\/wp\/v2\/product_cat?post=37179"},{"taxonomy":"product_tag","embeddable":true,"href":"https:\/\/pargift.pl\/index.php\/wp-json\/wp\/v2\/product_tag?post=37179"}],"curies":[{"name":"wp","href":"https:\/\/api.w.org\/{rel}","templated":true}]}}