{"id":37130,"date":"2025-12-09T17:11:50","date_gmt":"2025-12-09T17:11:50","guid":{"rendered":"https:\/\/pargift.pl\/index.php\/produkt\/mini-ukladanka-logiczna-brainy-bezowy\/"},"modified":"2026-02-10T17:30:01","modified_gmt":"2026-02-10T17:30:01","slug":"mini-ukladanka-logiczna-brainy-bezowy","status":"publish","type":"product","link":"https:\/\/pargift.pl\/index.php\/produkt\/mini-ukladanka-logiczna-brainy-bezowy\/","title":{"rendered":"Mini uk\u0142adanka logiczna Brainy, be\u017cowy"},"content":{"rendered":"<h2 data-start=\"0\" data-end=\"90\"><strong data-start=\"3\" data-end=\"90\">Mini uk\u0142adanka logiczna Brainy \u2013 be\u017cowy R08866.13 \u2013 drewniana \u0142amig\u0142\u00f3wka edukacyjna<\/strong><\/h2>\n<p data-start=\"92\" data-end=\"623\">Mini uk\u0142adanka logiczna <strong data-start=\"116\" data-end=\"136\">Brainy R08866.13<\/strong> to <strong data-start=\"140\" data-end=\"175\">kompaktowa \u0142amig\u0142\u00f3wka drewniana<\/strong> w neutralnym <strong data-start=\"189\" data-end=\"208\">be\u017cowym kolorze<\/strong>, zaprojektowana w celu rozwijania <strong data-start=\"243\" data-end=\"321\">logicznego my\u015blenia, spostrzegawczo\u015bci i zdolno\u015bci rozwi\u0105zywania problem\u00f3w<\/strong> \u2014 \u015bwietna zar\u00f3wno dla dzieci, jak i doros\u0142ych, a tak\u017ce jako <strong data-start=\"382\" data-end=\"412\">kreatywny gad\u017cet reklamowy<\/strong>. Produkt wykonany jest z <strong data-start=\"438\" data-end=\"460\">naturalnego drewna<\/strong>, dzi\u0119ki czemu jest trwa\u0142y i przyjemny w dotyku, a jego minimalistyczny design sprawia, \u017ce pasuje do r\u00f3\u017cnych styl\u00f3w otoczenia \u2014 od biurka w pracy po pok\u00f3j dziecka.<\/p>\n<p data-start=\"625\" data-end=\"921\">Uk\u0142adanka sk\u0142ada si\u0119 z kilku element\u00f3w, kt\u00f3re nale\u017cy <strong data-start=\"678\" data-end=\"714\">dopasowa\u0107 do odpowiednich miejsc<\/strong>, \u0107wicz\u0105c przy tym koncentracj\u0119 i logiczne my\u015blenie. Dzi\u0119ki niewielkim wymiarom Brainy mo\u017cna zabra\u0107 ze sob\u0105 w podr\u00f3\u017c, schowa\u0107 do kieszeni czy torby, aby zawsze mie\u0107 pod r\u0119k\u0105 zajmuj\u0105c\u0105 i rozwijaj\u0105c\u0105 rozrywk\u0119.<\/p>\n<h3 data-start=\"923\" data-end=\"959\"><strong data-start=\"927\" data-end=\"959\">Najwa\u017cniejsze cechy produktu<\/strong><\/h3>\n<ul>\n<li data-start=\"962\" data-end=\"1030\"><strong data-start=\"962\" data-end=\"1001\">Drewniana uk\u0142adanka logiczna Brainy<\/strong> \u2014 wspiera my\u015blenie i uwag\u0119<\/li>\n<li data-start=\"1033\" data-end=\"1084\">Kolor: <strong data-start=\"1040\" data-end=\"1050\">be\u017cowy<\/strong> \u2014 naturalny i estetyczny wygl\u0105d<\/li>\n<li data-start=\"1087\" data-end=\"1144\"><strong data-start=\"1087\" data-end=\"1109\">Kompaktowe wymiary<\/strong> \u2014 \u0142atwa do przenoszenia i zabawy<\/li>\n<li data-start=\"1147\" data-end=\"1210\">Naturalne materia\u0142y \u2014 trwa\u0142a i przyjemna w dotyku konstrukcja<\/li>\n<li data-start=\"1213\" data-end=\"1263\">Rozwija umiej\u0119tno\u015bci logiczne i spostrzegawczo\u015b\u0107<\/li>\n<\/ul>\n<h3 data-start=\"1265\" data-end=\"1296\"><strong data-start=\"1269\" data-end=\"1296\">Dlaczego warto j\u0105 mie\u0107?<\/strong><\/h3>\n<p data-start=\"1297\" data-end=\"1774\">Mini uk\u0142adanka Brainy to doskona\u0142y spos\u00f3b na <strong data-start=\"1342\" data-end=\"1368\">aktywny trening umys\u0142u<\/strong> \u2014 idealna jako przerwa w pracy, umys\u0142owa stymulacja dla dzieci czy relaks po intensywnym dniu. Dzi\u0119ki solidnemu wykonaniu z drewna \u0142amig\u0142\u00f3wka jest trwa\u0142a i mo\u017ce s\u0142u\u017cy\u0107 przez d\u0142ugi czas. Estetyczny be\u017cowy kolor i minimalistyczny design sprawiaj\u0105, \u017ce produkt mo\u017ce pe\u0142ni\u0107 tak\u017ce funkcj\u0119 dekoracyjn\u0105 lub by\u0107 ciekawym gad\u017cetem reklamowym z logotypem firmy, kt\u00f3ry anga\u017cuje u\u017cytkownika podczas codziennych przerw.<\/p>\n<h3 data-start=\"1776\" data-end=\"1807\"><strong data-start=\"1780\" data-end=\"1807\">Specyfikacja techniczna<\/strong><\/h3>\n<ul>\n<li data-start=\"1810\" data-end=\"1839\">Kod produktu: <strong data-start=\"1824\" data-end=\"1837\">R08866.13<\/strong><\/li>\n<li data-start=\"1842\" data-end=\"1890\">Nazwa: Mini uk\u0142adanka logiczna Brainy \u2013 be\u017cowy<\/li>\n<li data-start=\"1893\" data-end=\"1921\">Materia\u0142: drewno naturalne<\/li>\n<li data-start=\"1924\" data-end=\"1939\">Kolor: be\u017cowy<\/li>\n<li data-start=\"1942\" data-end=\"1976\">Typ produktu: uk\u0142adanka logiczna<\/li>\n<li data-start=\"1979\" data-end=\"2036\">Wymiary (szer. \u00d7 wys. \u00d7 g\u0142.) [mm]: <strong data-start=\"2014\" data-end=\"2034\">ok. 75 \u00d7 75 \u00d7 20<\/strong><\/li>\n<li data-start=\"2039\" data-end=\"2067\">Opakowanie: woreczek\/folia<\/li>\n<li data-start=\"2070\" data-end=\"2097\">Kod celny: <strong data-start=\"2081\" data-end=\"2095\">9503006190<\/strong><\/li>\n<li data-start=\"2100\" data-end=\"2173\">Zastosowanie: zabawka edukacyjna, \u0142amig\u0142\u00f3wka logiczna, gad\u017cet reklamowy<\/li>\n<\/ul>\n","protected":false},"excerpt":{"rendered":"<p>Wykonana z drewna bukowego uk\u0142adanka logiczna gwiazda. Relaks i test dla naszego umys\u0142u. Pakowana w tekturowe pude\u0142ko.<\/p>\n<p><strong>Mini uk\u0142adanka logiczna Brainy to po\u0142\u0105czenie estetyki i trwa\u0142o\u015bci o wymiarach 40 x 40 x 40 mm.<\/strong><\/p>\n<p><strong>Produkt nadaje si\u0119 do znakowania.<\/strong><\/p>\n","protected":false},"featured_media":37131,"comment_status":"open","ping_status":"closed","template":"","meta":[],"product_brand":[],"product_cat":[],"product_tag":[9596,9591,9597,9588,9601,9603,9598,9595,9604,9599,9602,9600],"class_list":{"0":"post-37130","1":"product","2":"type-product","3":"status-publish","4":"has-post-thumbnail","6":"product_tag-drewniana-lamiglowka-brainy","7":"product_tag-drewniane-puzzle-logiczne","8":"product_tag-edukacyjna-ukladanka-drewno","9":"product_tag-gadzet-reklamowy-ukladanka","10":"product_tag-kompaktowa-lamiglowka-bezowa","11":"product_tag-kreatywna-lamiglowka-drewniana","12":"product_tag-logiczne-puzzle-brainy","13":"product_tag-mini-ukladanka-logiczna-brainy-bezowy","14":"product_tag-prezent-edukacyjny-lamiglowka","15":"product_tag-r08866-13-ukladanka","16":"product_tag-trening-umyslu-zabawka","17":"product_tag-zabawka-rozwijajaca-myslenie","19":"first","20":"instock","21":"shipping-taxable","22":"purchasable","23":"product-type-simple"},"_links":{"self":[{"href":"https:\/\/pargift.pl\/index.php\/wp-json\/wp\/v2\/product\/37130","targetHints":{"allow":["GET"]}}],"collection":[{"href":"https:\/\/pargift.pl\/index.php\/wp-json\/wp\/v2\/product"}],"about":[{"href":"https:\/\/pargift.pl\/index.php\/wp-json\/wp\/v2\/types\/product"}],"replies":[{"embeddable":true,"href":"https:\/\/pargift.pl\/index.php\/wp-json\/wp\/v2\/comments?post=37130"}],"version-history":[{"count":2,"href":"https:\/\/pargift.pl\/index.php\/wp-json\/wp\/v2\/product\/37130\/revisions"}],"predecessor-version":[{"id":38894,"href":"https:\/\/pargift.pl\/index.php\/wp-json\/wp\/v2\/product\/37130\/revisions\/38894"}],"wp:featuredmedia":[{"embeddable":true,"href":"https:\/\/pargift.pl\/index.php\/wp-json\/wp\/v2\/media\/37131"}],"wp:attachment":[{"href":"https:\/\/pargift.pl\/index.php\/wp-json\/wp\/v2\/media?parent=37130"}],"wp:term":[{"taxonomy":"product_brand","embeddable":true,"href":"https:\/\/pargift.pl\/index.php\/wp-json\/wp\/v2\/product_brand?post=37130"},{"taxonomy":"product_cat","embeddable":true,"href":"https:\/\/pargift.pl\/index.php\/wp-json\/wp\/v2\/product_cat?post=37130"},{"taxonomy":"product_tag","embeddable":true,"href":"https:\/\/pargift.pl\/index.php\/wp-json\/wp\/v2\/product_tag?post=37130"}],"curies":[{"name":"wp","href":"https:\/\/api.w.org\/{rel}","templated":true}]}}