{"id":37048,"date":"2025-12-09T17:11:34","date_gmt":"2025-12-09T17:11:34","guid":{"rendered":"https:\/\/pargift.pl\/index.php\/produkt\/notes-lorenzo-niebieski\/"},"modified":"2026-02-10T17:30:01","modified_gmt":"2026-02-10T17:30:01","slug":"notes-lorenzo-niebieski","status":"publish","type":"product","link":"https:\/\/pargift.pl\/index.php\/produkt\/notes-lorenzo-niebieski\/","title":{"rendered":"Notes Lorenzo, niebieski"},"content":{"rendered":"<h2 data-start=\"0\" data-end=\"66\"><strong data-start=\"3\" data-end=\"66\">Notes Lorenzo \u2013 niebieski R91774.04 \u2013 elegancki notatnik A5<\/strong><\/h2>\n<p data-start=\"68\" data-end=\"524\">Notes <strong data-start=\"74\" data-end=\"95\">Lorenzo R91774.04<\/strong> to <strong data-start=\"99\" data-end=\"136\">praktyczny notatnik w formacie A5<\/strong> w klasycznym <strong data-start=\"150\" data-end=\"172\">niebieskim kolorze<\/strong>, zaprojektowany z my\u015bl\u0105 o codziennym notowaniu, planowaniu zada\u0144 czy zapisywaniu pomys\u0142\u00f3w \u2014 idealny do <strong data-start=\"276\" data-end=\"321\">biura, szko\u0142y, na spotkania lub w podr\u00f3\u017cy<\/strong>. Solidna oprawa oraz estetyczna kolorystyka sprawiaj\u0105, \u017ce notes prezentuje si\u0119 profesjonalnie i jednocze\u015bnie stylowo. Jego <strong data-start=\"445\" data-end=\"467\">por\u0119czny format A5<\/strong> u\u0142atwia u\u017cytkowanie zar\u00f3wno przy biurku, jak i poza nim.<\/p>\n<p data-start=\"526\" data-end=\"713\">Notes Lorenzo to doskona\u0142e po\u0142\u0105czenie funkcjonalno\u015bci i elegancji \u2014 \u015bwietnie sprawdza si\u0119 jako osobisty organizer notatek, ale tak\u017ce jako <strong data-start=\"664\" data-end=\"712\">efektowny gad\u017cet reklamowy z logotypem firmy<\/strong>.<\/p>\n<h3 data-start=\"715\" data-end=\"751\"><strong data-start=\"719\" data-end=\"751\">Najwa\u017cniejsze cechy produktu<\/strong><\/h3>\n<ul>\n<li data-start=\"754\" data-end=\"795\"><strong data-start=\"754\" data-end=\"768\">Format: A5<\/strong> \u2014 uniwersalny i por\u0119czny<\/li>\n<li data-start=\"798\" data-end=\"852\"><strong data-start=\"798\" data-end=\"818\">Kolor: niebieski<\/strong> \u2014 estetyczny i wyr\u00f3\u017cniaj\u0105cy si\u0119<\/li>\n<li data-start=\"855\" data-end=\"904\">Wysokiej jako\u015bci papier \u2014 komfortowy do pisania<\/li>\n<li data-start=\"907\" data-end=\"963\">Trwa\u0142a oprawa \u2014 chroni kartki i wygl\u0105da profesjonalnie<\/li>\n<li data-start=\"966\" data-end=\"1022\">Idealny do pracy, szko\u0142y, notatek prywatnych i spotka\u0144<\/li>\n<\/ul>\n<h3 data-start=\"1024\" data-end=\"1055\"><strong data-start=\"1028\" data-end=\"1055\">Dlaczego warto go mie\u0107?<\/strong><\/h3>\n<p data-start=\"1056\" data-end=\"1455\">Notes Lorenzo to praktyczny notatnik, kt\u00f3ry sprawdzi si\u0119 w codziennych sytuacjach \u2014 od sporz\u0105dzania listy zada\u0144, przez sporz\u0105dzanie notatek, po zapisywanie pomys\u0142\u00f3w i planowanie projekt\u00f3w. Jego estetyczny, niebieski wygl\u0105d dodaje charakteru i profesjonalizmu, co czyni go tak\u017ce atrakcyjnym <strong data-start=\"1346\" data-end=\"1396\">gad\u017cetem reklamowym z mo\u017cliwo\u015bci\u0105 nadruku logo<\/strong> \u2014 idealnym na eventy, szkolenia lub jako upominek firmowy.<\/p>\n<h3 data-start=\"1457\" data-end=\"1488\"><strong data-start=\"1461\" data-end=\"1488\">Specyfikacja techniczna<\/strong><\/h3>\n<ul>\n<li data-start=\"1491\" data-end=\"1520\">Kod produktu: <strong data-start=\"1505\" data-end=\"1518\">R91774.04<\/strong><\/li>\n<li data-start=\"1523\" data-end=\"1557\">Nazwa: Notes Lorenzo \u2013 niebieski<\/li>\n<li data-start=\"1560\" data-end=\"1576\">Format: <strong data-start=\"1568\" data-end=\"1574\">A5<\/strong><\/li>\n<li data-start=\"1579\" data-end=\"1597\">Kolor: niebieski<\/li>\n<li data-start=\"1600\" data-end=\"1656\">Papier: g\u0142adki \/ w kratk\u0119 \/ linie (zale\u017cnie od wersji)<\/li>\n<li data-start=\"1659\" data-end=\"1683\">Oprawa: trwa\u0142a ok\u0142adka<\/li>\n<li data-start=\"1686\" data-end=\"1725\">Opakowanie: foliowy woreczek \/ karton<\/li>\n<li data-start=\"1728\" data-end=\"1751\">Kod celny: 4820103000<\/li>\n<li data-start=\"1754\" data-end=\"1812\">Zastosowanie: notatnik biurowy\/szkolny, gad\u017cet reklamowy<\/li>\n<\/ul>\n","protected":false},"excerpt":{"rendered":"<p>120 kartkowy notes w kratk\u0119 (70g\/m2) w twardej oprawie. Posiada tasiemk\u0119 do zaznaczenia stron.<\/p>\n<p><strong>Notes Lorenzo to po\u0142\u0105czenie funkcjonalno\u015bci i trwa\u0142ego designu o wymiarach 210 x 140 mm.<\/strong><\/p>\n<p><strong>Produkt nadaje si\u0119 do znakowania.<\/strong><\/p>\n","protected":false},"featured_media":37049,"comment_status":"open","ping_status":"closed","template":"","meta":[],"product_brand":[],"product_cat":[],"product_tag":[9728,4251,9726,9725,9734,9732,9727,4548,9729,9733,9730,9731,9258],"class_list":{"0":"post-37048","1":"product","2":"type-product","3":"status-publish","4":"has-post-thumbnail","6":"product_tag-elegancki-notatnik-codzienny","7":"product_tag-gadet-reklamowy-notes","8":"product_tag-niebieski-notes-do-biura","9":"product_tag-notatnik-a5-r91774-04","10":"product_tag-notatnik-do-prezentu-firmowego","11":"product_tag-notebook-niebieski","12":"product_tag-notes-do-szkoy-i-pracy","13":"product_tag-notes-lorenzo-niebieski","14":"product_tag-notes-planowanie-a5","15":"product_tag-notes-promocja-i-event","16":"product_tag-notes-z-nadrukiem-firmy","17":"product_tag-organizator-notatek-lorenzo","18":"product_tag-praktyczny-notatnik-a5","20":"first","21":"instock","22":"shipping-taxable","23":"purchasable","24":"product-type-simple"},"_links":{"self":[{"href":"https:\/\/pargift.pl\/index.php\/wp-json\/wp\/v2\/product\/37048","targetHints":{"allow":["GET"]}}],"collection":[{"href":"https:\/\/pargift.pl\/index.php\/wp-json\/wp\/v2\/product"}],"about":[{"href":"https:\/\/pargift.pl\/index.php\/wp-json\/wp\/v2\/types\/product"}],"replies":[{"embeddable":true,"href":"https:\/\/pargift.pl\/index.php\/wp-json\/wp\/v2\/comments?post=37048"}],"version-history":[{"count":2,"href":"https:\/\/pargift.pl\/index.php\/wp-json\/wp\/v2\/product\/37048\/revisions"}],"predecessor-version":[{"id":38924,"href":"https:\/\/pargift.pl\/index.php\/wp-json\/wp\/v2\/product\/37048\/revisions\/38924"}],"wp:featuredmedia":[{"embeddable":true,"href":"https:\/\/pargift.pl\/index.php\/wp-json\/wp\/v2\/media\/37049"}],"wp:attachment":[{"href":"https:\/\/pargift.pl\/index.php\/wp-json\/wp\/v2\/media?parent=37048"}],"wp:term":[{"taxonomy":"product_brand","embeddable":true,"href":"https:\/\/pargift.pl\/index.php\/wp-json\/wp\/v2\/product_brand?post=37048"},{"taxonomy":"product_cat","embeddable":true,"href":"https:\/\/pargift.pl\/index.php\/wp-json\/wp\/v2\/product_cat?post=37048"},{"taxonomy":"product_tag","embeddable":true,"href":"https:\/\/pargift.pl\/index.php\/wp-json\/wp\/v2\/product_tag?post=37048"}],"curies":[{"name":"wp","href":"https:\/\/api.w.org\/{rel}","templated":true}]}}