{"id":36927,"date":"2025-12-09T17:11:09","date_gmt":"2025-12-09T17:11:09","guid":{"rendered":"https:\/\/pargift.pl\/index.php\/produkt\/zestaw-pismienniczy-victis-czarny\/"},"modified":"2026-02-10T17:30:00","modified_gmt":"2026-02-10T17:30:00","slug":"zestaw-pismienniczy-victis-czarny","status":"publish","type":"product","link":"https:\/\/pargift.pl\/index.php\/produkt\/zestaw-pismienniczy-victis-czarny\/","title":{"rendered":"Zestaw pi\u015bmienniczy Victis, czarny"},"content":{"rendered":"<div class=\"text-base my-auto mx-auto pb-10 [--thread-content-margin:--spacing(4)] @w-sm\/main:[--thread-content-margin:--spacing(6)] @w-lg\/main:[--thread-content-margin:--spacing(16)] px-(--thread-content-margin)\">\n<div class=\"[--thread-content-max-width:40rem] @w-lg\/main:[--thread-content-max-width:48rem] mx-auto max-w-(--thread-content-max-width) flex-1 group\/turn-messages focus-visible:outline-hidden relative flex w-full min-w-0 flex-col agent-turn\" tabindex=\"-1\">\n<div class=\"flex max-w-full flex-col grow\">\n<div class=\"min-h-8 text-message relative flex w-full flex-col items-end gap-2 text-start break-words whitespace-normal [.text-message+&amp;]:mt-1\" dir=\"auto\" data-message-author-role=\"assistant\" data-message-id=\"59508619-958f-4e7c-8bce-9619f162f0e7\" data-message-model-slug=\"gpt-5-2\">\n<div class=\"flex w-full flex-col gap-1 empty:hidden first:pt-[1px]\">\n<div class=\"markdown prose dark:prose-invert w-full wrap-break-word dark markdown-new-styling\">\n<h2 data-start=\"0\" data-end=\"76\"><strong data-start=\"3\" data-end=\"76\"><span class=\"entity-underline hover:entity-accent inline cursor-pointer align-baseline\"><span class=\"whitespace-normal\">Zestaw pi\u015bmienniczy Victis czarny<\/span><\/span> \u2013 elegancki zestaw pi\u015bmienniczy<\/strong><\/h2>\n<p data-start=\"78\" data-end=\"721\">Zestaw pi\u015bmienniczy <strong data-start=\"98\" data-end=\"118\">Victis R02332.02<\/strong> to <strong data-start=\"122\" data-end=\"162\">stylowy, czarny komplet pi\u015bmienniczy<\/strong>, kt\u00f3ry \u0142\u0105czy <strong data-start=\"176\" data-end=\"213\">metalowy d\u0142ugopis i pi\u00f3ro kulkowe<\/strong> \u2014 idealny na biurko w biurze, w domu, podczas spotka\u0144 biznesowych lub jako elegancki <strong data-start=\"299\" data-end=\"339\">prezent firmowy czy gad\u017cet reklamowy<\/strong>. Oba elementy wyposa\u017cone s\u0105 we wk\u0142ady w kolorze <strong data-start=\"388\" data-end=\"402\">niebieskim<\/strong>, a ich obrotowy mechanizm w\u0142\u0105czania zapewnia <strong data-start=\"448\" data-end=\"476\">p\u0142ynne i wygodne pisanie<\/strong>. Komplet zapakowany jest w <strong data-start=\"504\" data-end=\"544\">eleganckie czarne pude\u0142ko prezentowe<\/strong>, kt\u00f3re podkre\u015bla jego ponadczasowy charakter i sprawia, \u017ce \u015bwietnie sprawdza si\u0119 jako upominek dla kontrahent\u00f3w, pracownik\u00f3w czy klient\u00f3w.<\/p>\n<h3 data-start=\"723\" data-end=\"759\"><strong data-start=\"727\" data-end=\"759\">Najwa\u017cniejsze cechy produktu<\/strong><\/h3>\n<ul>\n<li data-start=\"762\" data-end=\"835\"><strong data-start=\"762\" data-end=\"799\">Zestaw 2 narz\u0119dzi pi\u015bmienniczych:<\/strong> metalowy d\u0142ugopis + pi\u00f3ro kulkowe<\/li>\n<li data-start=\"838\" data-end=\"908\"><strong data-start=\"838\" data-end=\"859\">Wk\u0142ady w kolorze:<\/strong> niebieskim \u2014 komfortowe do codziennego pisania<\/li>\n<li data-start=\"911\" data-end=\"968\"><strong data-start=\"911\" data-end=\"925\">Mechanizm:<\/strong> obrotowy \u2014 wygodne uruchamianie narz\u0119dzi<\/li>\n<li data-start=\"971\" data-end=\"1031\"><strong data-start=\"971\" data-end=\"981\">Kolor:<\/strong> klasyczny czarny \u2014 elegancki i uniwersalny styl<\/li>\n<li data-start=\"1034\" data-end=\"1107\"><strong data-start=\"1034\" data-end=\"1047\">Materia\u0142:<\/strong> stal nierdzewna (metalowe korpusy) \u2014 trwa\u0142o\u015b\u0107 i solidno\u015b\u0107<\/li>\n<li data-start=\"1110\" data-end=\"1185\"><strong data-start=\"1110\" data-end=\"1125\">Opakowanie:<\/strong> eleganckie pude\u0142ko prezentowe \u2014 podkre\u015bla presti\u017c zestawu<\/li>\n<li data-start=\"1188\" data-end=\"1277\">Wymiary d\u0142ugopisu i pi\u00f3ra: ok. <strong data-start=\"1219\" data-end=\"1239\">145 \u00d7 12 \u00d7 12 mm<\/strong><\/li>\n<\/ul>\n<h3 data-start=\"1279\" data-end=\"1310\"><strong data-start=\"1283\" data-end=\"1310\">Dlaczego warto go mie\u0107?<\/strong><\/h3>\n<p data-start=\"1311\" data-end=\"1876\">Zestaw pi\u015bmienniczy Victis to <strong data-start=\"1341\" data-end=\"1376\">praktyczny i estetyczny prezent<\/strong>, kt\u00f3ry \u0142\u0105czy <strong data-start=\"1390\" data-end=\"1434\">funkcjonalno\u015b\u0107 z profesjonalnym wygl\u0105dem<\/strong> \u2014 dzi\u0119ki metalowym elementom i klasycznej czerni \u015bwietnie sprawdza si\u0119 w \u015brodowisku biznesowym. Przyjemne w u\u017cytkowaniu narz\u0119dzia pi\u015bmiennicze z obrotowym mechanizmem oraz eleganckie pude\u0142ko sprawiaj\u0105, \u017ce zestaw ten robi doskona\u0142e wra\u017cenie jako <strong data-start=\"1680\" data-end=\"1741\">upominek firmowy na spotkania, konferencje czy jubileusze<\/strong>. Mo\u017cliwo\u015b\u0107 naniesienia <strong data-start=\"1765\" data-end=\"1794\">logo lub grafiki firmowej<\/strong> dodatkowo zwi\u0119ksza jego warto\u015b\u0107 promocyjn\u0105.<\/p>\n<\/div>\n<\/div>\n<\/div>\n<\/div>\n<\/div>\n<\/div>\n","protected":false},"excerpt":{"rendered":"<p>Elegancki zestaw sk\u0142adaj\u0105cy si\u0119 z metalowego d\u0142ugopisu i pi\u00f3ra kulkowego. Wk\u0142ady w kolorze niebieskim. Obrotowy mechanizm w\u0142\u0105czania.<\/p>\n<p><strong>Zestaw pi\u015bmienniczy Victis to po\u0142\u0105czenie elegancji i trwa\u0142ego designu o wymiarach 170 x 55 x 25 mm.<\/strong><\/p>\n<p><strong>Produkt nadaje si\u0119 do znakowania.<\/strong><\/p>\n","protected":false},"featured_media":36928,"comment_status":"open","ping_status":"closed","template":"","meta":[],"product_brand":[],"product_cat":[],"product_tag":[9908,2874,9903,9906,9905,9904,9902,9907,9909,9901,8379],"class_list":{"0":"post-36927","1":"product","2":"type-product","3":"status-publish","4":"has-post-thumbnail","6":"product_tag-dlugopis-metalowy-biznes","7":"product_tag-elegancki-zestaw-pimienniczy","8":"product_tag-metalowy-dlugopis-i-pioro","9":"product_tag-pismienniczy-gadzet-reklamowy","10":"product_tag-pismienniczy-upominek-biznesowy","11":"product_tag-prezent-pismienniczy-czarny","12":"product_tag-r02332-02-zestaw-pismienniczy","13":"product_tag-wysokiej-jakosci-pioro-kulkowe","14":"product_tag-zestaw-pioro-i-dlugopis","15":"product_tag-zestaw-pismienniczy-victis-czarny","16":"product_tag-zestaw-pismienniczy-z-pudelkiem","18":"first","19":"instock","20":"shipping-taxable","21":"purchasable","22":"product-type-simple"},"_links":{"self":[{"href":"https:\/\/pargift.pl\/index.php\/wp-json\/wp\/v2\/product\/36927","targetHints":{"allow":["GET"]}}],"collection":[{"href":"https:\/\/pargift.pl\/index.php\/wp-json\/wp\/v2\/product"}],"about":[{"href":"https:\/\/pargift.pl\/index.php\/wp-json\/wp\/v2\/types\/product"}],"replies":[{"embeddable":true,"href":"https:\/\/pargift.pl\/index.php\/wp-json\/wp\/v2\/comments?post=36927"}],"version-history":[{"count":2,"href":"https:\/\/pargift.pl\/index.php\/wp-json\/wp\/v2\/product\/36927\/revisions"}],"predecessor-version":[{"id":38966,"href":"https:\/\/pargift.pl\/index.php\/wp-json\/wp\/v2\/product\/36927\/revisions\/38966"}],"wp:featuredmedia":[{"embeddable":true,"href":"https:\/\/pargift.pl\/index.php\/wp-json\/wp\/v2\/media\/36928"}],"wp:attachment":[{"href":"https:\/\/pargift.pl\/index.php\/wp-json\/wp\/v2\/media?parent=36927"}],"wp:term":[{"taxonomy":"product_brand","embeddable":true,"href":"https:\/\/pargift.pl\/index.php\/wp-json\/wp\/v2\/product_brand?post=36927"},{"taxonomy":"product_cat","embeddable":true,"href":"https:\/\/pargift.pl\/index.php\/wp-json\/wp\/v2\/product_cat?post=36927"},{"taxonomy":"product_tag","embeddable":true,"href":"https:\/\/pargift.pl\/index.php\/wp-json\/wp\/v2\/product_tag?post=36927"}],"curies":[{"name":"wp","href":"https:\/\/api.w.org\/{rel}","templated":true}]}}