{"id":36919,"date":"2025-12-09T17:11:08","date_gmt":"2025-12-09T17:11:08","guid":{"rendered":"https:\/\/pargift.pl\/index.php\/produkt\/kubek-termiczny-z-french-press-aspet-450-ml-czarny\/"},"modified":"2026-02-10T17:30:00","modified_gmt":"2026-02-10T17:30:00","slug":"kubek-termiczny-z-french-press-aspet-450-ml-czarny","status":"publish","type":"product","link":"https:\/\/pargift.pl\/index.php\/produkt\/kubek-termiczny-z-french-press-aspet-450-ml-czarny\/","title":{"rendered":"Kubek termiczny z french press Aspet 450 ml, czarny"},"content":{"rendered":"<h2 data-start=\"0\" data-end=\"129\"><strong data-start=\"3\" data-end=\"44\"><span class=\"entity-underline hover:entity-accent inline cursor-pointer align-baseline\"><span class=\"whitespace-normal\">Kubek termiczny z french press Aspet 450\u202fml, czarny<\/span><\/span><\/strong> \u2013 <strong data-start=\"47\" data-end=\"129\">kubek termiczny z French Press 450 ml \u2013 czarny R08191.02 \u2013 kubek do znakowania<\/strong><\/h2>\n<p data-start=\"131\" data-end=\"696\">Kubek termiczny <strong data-start=\"147\" data-end=\"166\">Aspet R08191.02<\/strong> to <strong data-start=\"170\" data-end=\"219\">innowacyjny, czarny kubek o pojemno\u015bci 450 ml<\/strong>, kt\u00f3ry \u0142\u0105czy w sobie <strong data-start=\"241\" data-end=\"312\">funkcje zaparzacza French Press z wysokiej klasy izolacj\u0105 termiczn\u0105<\/strong> \u2014 idealny dla mi\u0142o\u015bnik\u00f3w kawy i herbaty w podr\u00f3\u017cy, w biurze czy na wyj\u015bciach. Produkt wykonany jest z <strong data-start=\"415\" data-end=\"463\">podw\u00f3jnych \u015bcianek ze stali nierdzewnej 18\/8<\/strong> oraz posiada <strong data-start=\"477\" data-end=\"499\">pr\u00f3\u017cni\u0119 izolacyjn\u0105<\/strong>, dzi\u0119ki kt\u00f3rej napoje utrzymuj\u0105 temperatur\u0119 powy\u017cej 40 \u00b0C nawet do ok. 6 godzin, co zapewnia d\u0142ugotrwa\u0142\u0105 przyjemno\u015b\u0107 picia gor\u0105cych i aromatycznych napoj\u00f3w.<\/p>\n<p data-start=\"698\" data-end=\"1133\">Dodatkowo kubek wyposa\u017cony jest we <strong data-start=\"733\" data-end=\"769\">wbudowany mechanizm French Press<\/strong>, kt\u00f3ry pozwala na <strong data-start=\"788\" data-end=\"861\">bezpo\u015brednie zaparzenie \u015bwie\u017cej kawy lub herbaty w tym samym naczyniu<\/strong>, co eliminuje konieczno\u015b\u0107 noszenia osobnego zaparzacza. Klasyczna, czarna kolorystyka oraz solidna konstrukcja sprawiaj\u0105, \u017ce kubek prezentuje si\u0119 nowocze\u015bnie i funkcjonalnie, a jego ergonomiczny kszta\u0142t zapewnia wygod\u0119 u\u017cytkowania.<\/p>\n<h3 data-start=\"1135\" data-end=\"1171\"><strong data-start=\"1139\" data-end=\"1171\">Najwa\u017cniejsze cechy produktu<\/strong><\/h3>\n<ul>\n<li data-start=\"1174\" data-end=\"1254\"><strong data-start=\"1174\" data-end=\"1188\">Pojemno\u015b\u0107:<\/strong> 450 ml \u2013 komfortowa pojemno\u015b\u0107 do napoj\u00f3w gor\u0105cych i ch\u0142odzonych<\/li>\n<li data-start=\"1257\" data-end=\"1340\"><strong data-start=\"1257\" data-end=\"1296\">Francuski zaparzacz (French Press):<\/strong> wbudowana funkcja parzenia kawy i herbaty<\/li>\n<li data-start=\"1343\" data-end=\"1411\"><strong data-start=\"1343\" data-end=\"1366\">Izolacja pr\u00f3\u017cniowa:<\/strong> podw\u00f3jne \u015bcianki ze stali nierdzewnej 18\/8<\/li>\n<li data-start=\"1414\" data-end=\"1467\"><strong data-start=\"1414\" data-end=\"1440\">Utrzymuje temperatur\u0119:<\/strong> powy\u017cej 40 \u00b0C do ok. 6 h<\/li>\n<li data-start=\"1470\" data-end=\"1515\"><strong data-start=\"1470\" data-end=\"1480\">Kolor:<\/strong> czarny \u2013 elegancki i uniwersalny<\/li>\n<li data-start=\"1518\" data-end=\"1595\"><strong data-start=\"1518\" data-end=\"1531\">Materia\u0142:<\/strong> stal nierdzewna, guma, tworzywo sztuczne (elementy dodatkowe)<\/li>\n<li data-start=\"1598\" data-end=\"1654\"><strong data-start=\"1598\" data-end=\"1631\">Wymiary (szer. \u00d7 wys. \u00d7 g\u0142.):<\/strong> ok. 82 \u00d7 225 \u00d7 82 mm<\/li>\n<li data-start=\"1657\" data-end=\"1704\"><strong data-start=\"1657\" data-end=\"1672\">Opakowanie:<\/strong> pude\u0142ko transportowe \/ karton<\/li>\n<li data-start=\"1707\" data-end=\"1776\"><strong data-start=\"1707\" data-end=\"1721\">Kod celny:<\/strong> <strong data-start=\"1722\" data-end=\"1736\">9617000000<\/strong><\/li>\n<\/ul>\n<h3 data-start=\"1778\" data-end=\"1809\"><strong data-start=\"1782\" data-end=\"1809\">Dlaczego warto go mie\u0107?<\/strong><\/h3>\n<p data-start=\"1810\" data-end=\"2363\">Kubek termiczny z French Press Aspet to <strong data-start=\"1850\" data-end=\"1912\">praktyczne po\u0142\u0105czenie funkcjonalno\u015bci zaparzacza i termosu<\/strong> \u2014 umo\u017cliwia zaparzenie aromatycznej kawy lub herbaty bezpo\u015brednio w kubku oraz utrzymanie jej temperatury przez wiele godzin. To idealny <strong data-start=\"2050\" data-end=\"2112\">towarzysz podr\u00f3\u017cy, pracy biurowej czy weekendowych wypad\u00f3w<\/strong>, kt\u00f3ry \u0142\u0105czy wygod\u0119 i wielofunkcyjno\u015b\u0107. Dzi\u0119ki wytrzyma\u0142ej konstrukcji i nowoczesnemu designowi kubek \u015bwietnie sprawdza si\u0119 r\u00f3wnie\u017c jako <strong data-start=\"2250\" data-end=\"2301\">funkcjonalny gad\u017cet reklamowy z logotypem firmy<\/strong> lub prezent eventowy.<\/p>\n","protected":false},"excerpt":{"rendered":"<p>Kubek termiczny o pojemno\u015bci 450 ml. To doskona\u0142e po\u0142\u0105czenie zaparzacza French Press z kubkiem termicznym. Dwie \u015bcianki ze stali nierdzewnej, wewn\u0105trz stal nierdzewna 18\/8 o podwy\u017cszonej jako\u015bci. Pr\u00f3\u017cnia pomi\u0119dzy \u015bciankami zapewnia bardzo dobre w\u0142a\u015bciwo\u015bci termoizolacyjne. Utrzymuje temperatur\u0119 powy\u017cej 40\u00b0C przez 6h.<\/p>\n<p><strong>Kubek termiczny z French Press Aspet to po\u0142\u0105czenie funkcjonalno\u015bci i trwa\u0142ego designu o pojemno\u015bci 450 ml.<\/strong><\/p>\n<p><strong>Produkt nadaje si\u0119 do znakowania.<\/strong><\/p>\n","protected":false},"featured_media":36920,"comment_status":"open","ping_status":"closed","template":"","meta":[],"product_brand":[],"product_cat":[],"product_tag":[9913,9921,9919,4399,9914,9910,9915,9920,9918,9911,9917,9912,9916],"class_list":{"0":"post-36919","1":"product","2":"type-product","3":"status-publish","4":"has-post-thumbnail","6":"product_tag-czarny-kubek-z-zaparzaczem","7":"product_tag-ergonomiczny-kubek-do-picia","8":"product_tag-funkcjonalny-kubek-podrozny","9":"product_tag-gadet-reklamowy-kubek","10":"product_tag-kubek-izolowany-do-kawy","11":"product_tag-kubek-termiczny-french-press-aspet","12":"product_tag-kubek-termiczny-na-herbate","13":"product_tag-kubek-termiczny-stal-nierdzewna","14":"product_tag-kubek-z-francuskim-zaparzaczem","15":"product_tag-kubek-z-french-pressem-450-ml","16":"product_tag-kubek-z-logotypem-firmy","17":"product_tag-r08191-02-kubek-termiczny","18":"product_tag-termiczny-kubek-do-parzenia-kawy","20":"first","21":"instock","22":"shipping-taxable","23":"purchasable","24":"product-type-simple"},"_links":{"self":[{"href":"https:\/\/pargift.pl\/index.php\/wp-json\/wp\/v2\/product\/36919","targetHints":{"allow":["GET"]}}],"collection":[{"href":"https:\/\/pargift.pl\/index.php\/wp-json\/wp\/v2\/product"}],"about":[{"href":"https:\/\/pargift.pl\/index.php\/wp-json\/wp\/v2\/types\/product"}],"replies":[{"embeddable":true,"href":"https:\/\/pargift.pl\/index.php\/wp-json\/wp\/v2\/comments?post=36919"}],"version-history":[{"count":1,"href":"https:\/\/pargift.pl\/index.php\/wp-json\/wp\/v2\/product\/36919\/revisions"}],"predecessor-version":[{"id":38967,"href":"https:\/\/pargift.pl\/index.php\/wp-json\/wp\/v2\/product\/36919\/revisions\/38967"}],"wp:featuredmedia":[{"embeddable":true,"href":"https:\/\/pargift.pl\/index.php\/wp-json\/wp\/v2\/media\/36920"}],"wp:attachment":[{"href":"https:\/\/pargift.pl\/index.php\/wp-json\/wp\/v2\/media?parent=36919"}],"wp:term":[{"taxonomy":"product_brand","embeddable":true,"href":"https:\/\/pargift.pl\/index.php\/wp-json\/wp\/v2\/product_brand?post=36919"},{"taxonomy":"product_cat","embeddable":true,"href":"https:\/\/pargift.pl\/index.php\/wp-json\/wp\/v2\/product_cat?post=36919"},{"taxonomy":"product_tag","embeddable":true,"href":"https:\/\/pargift.pl\/index.php\/wp-json\/wp\/v2\/product_tag?post=36919"}],"curies":[{"name":"wp","href":"https:\/\/api.w.org\/{rel}","templated":true}]}}