{"id":36914,"date":"2025-12-09T17:11:07","date_gmt":"2025-12-09T17:11:07","guid":{"rendered":"https:\/\/pargift.pl\/index.php\/produkt\/kubek-termiczny-skagen-330-ml-czarny\/"},"modified":"2026-02-10T17:30:00","modified_gmt":"2026-02-10T17:30:00","slug":"kubek-termiczny-skagen-330-ml-czarny","status":"publish","type":"product","link":"https:\/\/pargift.pl\/index.php\/produkt\/kubek-termiczny-skagen-330-ml-czarny\/","title":{"rendered":"Kubek termiczny Skagen 330 ml, czarny"},"content":{"rendered":"<h2 data-start=\"0\" data-end=\"73\"><strong data-start=\"3\" data-end=\"73\"><span class=\"entity-underline hover:entity-accent inline cursor-pointer align-baseline\"><span class=\"whitespace-normal\">Kubek termiczny Skagen 330\u202fml czarny R08190.02<\/span><\/span> \u2013 praktyczny kubek izolowany<\/strong><\/h2>\n<p data-start=\"75\" data-end=\"605\">Kubek termiczny <strong data-start=\"91\" data-end=\"111\">Skagen R08190.02<\/strong> to <strong data-start=\"115\" data-end=\"161\">czarny kubek izolowany o pojemno\u015bci 330 ml<\/strong>, zaprojektowany z my\u015bl\u0105 o osobach, kt\u00f3re chc\u0105 cieszy\u0107 si\u0119 gor\u0105cymi lub zimnymi napojami w ci\u0105gu dnia \u2014 w domu, biurze, w podr\u00f3\u017cy czy w samochodzie. Produkt wykonany jest z <strong data-start=\"334\" data-end=\"384\">dw\u00f3ch \u015bcianek stali nierdzewnej (wn\u0119trze 18\/8)<\/strong> oraz posiada <strong data-start=\"398\" data-end=\"426\">pr\u00f3\u017cni\u0119 mi\u0119dzy \u015bciankami<\/strong>, co zapewnia bardzo dobre w\u0142a\u015bciwo\u015bci termoizolacyjne i d\u0142u\u017csze utrzymanie temperatury napoju, nawet <strong data-start=\"528\" data-end=\"566\">powy\u017cej 40 \u00b0C przez oko\u0142o 8 godzin<\/strong>.<\/p>\n<p data-start=\"607\" data-end=\"1042\">Kubek wyposa\u017cony jest w <strong data-start=\"631\" data-end=\"666\">praktyczny uchwyt na nadgarstek<\/strong>, kt\u00f3ry u\u0142atwia przenoszenie i codzienne u\u017cytkowanie, a jego kompaktowe wymiary (ok. 88 \u00d7 150 \u00d7 88 mm) sprawiaj\u0105, \u017ce mo\u017cna go wygodnie zabra\u0107 ze sob\u0105 w podr\u00f3\u017c, spacer czy do pracy. Estetyczny, czarny kolor nadaje mu eleganckiego wygl\u0105du i sprawia, \u017ce <strong data-start=\"917\" data-end=\"1003\">\u015bwietnie sprawdza si\u0119 tak\u017ce jako upominek firmowy lub gad\u017cet reklamowy z logotypem<\/strong>.<\/p>\n<h3 data-start=\"1044\" data-end=\"1080\"><strong data-start=\"1048\" data-end=\"1080\">Najwa\u017cniejsze cechy produktu<\/strong><\/h3>\n<ul>\n<li data-start=\"1083\" data-end=\"1158\"><strong data-start=\"1083\" data-end=\"1104\">Pojemno\u015b\u0107: 330 ml<\/strong> \u2013 praktyczna wielko\u015b\u0107 do napoj\u00f3w gor\u0105cych i zimnych<\/li>\n<li data-start=\"1161\" data-end=\"1215\"><strong data-start=\"1161\" data-end=\"1185\">Stal nierdzewna 18\/8<\/strong> \u2013 trwa\u0142y i odporny materia\u0142<\/li>\n<li data-start=\"1218\" data-end=\"1285\"><strong data-start=\"1218\" data-end=\"1240\">Izolacja pr\u00f3\u017cniowa<\/strong> \u2013 bardzo dobre w\u0142a\u015bciwo\u015bci termoizolacyjne<\/li>\n<li data-start=\"1288\" data-end=\"1394\"><strong data-start=\"1288\" data-end=\"1321\">Utrzymuje temperatur\u0119 napoj\u00f3w<\/strong> powy\u017cej 40 \u00b0C nawet do ~8 godzin<\/li>\n<li data-start=\"1397\" data-end=\"1446\"><strong data-start=\"1397\" data-end=\"1421\">Uchwyt na nadgarstek<\/strong> \u2013 u\u0142atwia przenoszenie<\/li>\n<li data-start=\"1449\" data-end=\"1501\"><strong data-start=\"1449\" data-end=\"1466\">Kolor: czarny<\/strong> \u2013 uniwersalny i elegancki wygl\u0105d<\/li>\n<li data-start=\"1504\" data-end=\"1548\">Ergonomiczna forma \u2013 wygodny w u\u017cytkowaniu<\/li>\n<\/ul>\n<h3 data-start=\"1550\" data-end=\"1581\"><strong data-start=\"1554\" data-end=\"1581\">Dlaczego warto go mie\u0107?<\/strong><\/h3>\n<p data-start=\"1582\" data-end=\"2068\">Kubek termiczny Skagen to praktyczny i funkcjonalny kubek, kt\u00f3ry zapewnia d\u0142u\u017csze utrzymanie temperatury napoj\u00f3w dzi\u0119ki izolacji pr\u00f3\u017cniowej \u2014 \u015bwietny do kawy, herbaty czy ulubionych napoj\u00f3w w pracy, w domu lub w podr\u00f3\u017cy. Dzi\u0119ki wygodnemu uchwytowi i kompaktowym wymiarom u\u017cytkowanie jest komfortowe, a jego elegancki czarny design sprawia, \u017ce produkt dobrze prezentuje si\u0119 jako <strong data-start=\"1960\" data-end=\"2029\">gadget reklamowy z personalizowanym nadrukiem lub logotypem firmy<\/strong>.<\/p>\n","protected":false},"excerpt":{"rendered":"<p>Kubek termiczny o pojemno\u015bci 330 ml. Dwie \u015bcianki ze stali nierdzewnej, wewn\u0105trz stal nierdzewna 18\/8 o podwy\u017cszonej jako\u015bci. Pr\u00f3\u017cnia pomi\u0119dzy \u015bciankami zapewnia bardzo dobre w\u0142a\u015bciwo\u015bci termoizolacyjne. Wygodny uchwyt na nadgarstek. Utrzymuje temperatur\u0119 powy\u017cej 40\u00b0C przez 8 godzin.<\/p>\n<p><strong>Kubek Skagen to po\u0142\u0105czenie funkcjonalno\u015bci i eleganckiego designu o pojemno\u015bci 330 ml i wymiarach 80 x 150 mm.<\/strong><\/p>\n<p><strong>Produkt nadaje si\u0119 do znakowania.<\/strong><\/p>\n","protected":false},"featured_media":36915,"comment_status":"open","ping_status":"closed","template":"","meta":[],"product_brand":[],"product_cat":[],"product_tag":[9771,4399,9927,9926,4391,9922,4302,9928,9917,9923,9925,9924],"class_list":{"0":"post-36914","1":"product","2":"type-product","3":"status-publish","4":"has-post-thumbnail","6":"product_tag-ergonomiczny-kubek-podrozny","7":"product_tag-gadet-reklamowy-kubek","8":"product_tag-kubek-do-herbaty-izolowany","9":"product_tag-kubek-do-kawy-termiczny","10":"product_tag-kubek-termiczny-330-ml","11":"product_tag-kubek-termiczny-skagen-czarny","12":"product_tag-kubek-termiczny-z-uchwytem","13":"product_tag-kubek-termo-do-biura-i-domu","14":"product_tag-kubek-z-logotypem-firmy","15":"product_tag-r08190-02-kubek-izolowany","16":"product_tag-stal-nierdzewna-kubek","17":"product_tag---skagen","19":"first","20":"outofstock","21":"shipping-taxable","22":"purchasable","23":"product-type-simple"},"_links":{"self":[{"href":"https:\/\/pargift.pl\/index.php\/wp-json\/wp\/v2\/product\/36914","targetHints":{"allow":["GET"]}}],"collection":[{"href":"https:\/\/pargift.pl\/index.php\/wp-json\/wp\/v2\/product"}],"about":[{"href":"https:\/\/pargift.pl\/index.php\/wp-json\/wp\/v2\/types\/product"}],"replies":[{"embeddable":true,"href":"https:\/\/pargift.pl\/index.php\/wp-json\/wp\/v2\/comments?post=36914"}],"version-history":[{"count":2,"href":"https:\/\/pargift.pl\/index.php\/wp-json\/wp\/v2\/product\/36914\/revisions"}],"predecessor-version":[{"id":38969,"href":"https:\/\/pargift.pl\/index.php\/wp-json\/wp\/v2\/product\/36914\/revisions\/38969"}],"wp:featuredmedia":[{"embeddable":true,"href":"https:\/\/pargift.pl\/index.php\/wp-json\/wp\/v2\/media\/36915"}],"wp:attachment":[{"href":"https:\/\/pargift.pl\/index.php\/wp-json\/wp\/v2\/media?parent=36914"}],"wp:term":[{"taxonomy":"product_brand","embeddable":true,"href":"https:\/\/pargift.pl\/index.php\/wp-json\/wp\/v2\/product_brand?post=36914"},{"taxonomy":"product_cat","embeddable":true,"href":"https:\/\/pargift.pl\/index.php\/wp-json\/wp\/v2\/product_cat?post=36914"},{"taxonomy":"product_tag","embeddable":true,"href":"https:\/\/pargift.pl\/index.php\/wp-json\/wp\/v2\/product_tag?post=36914"}],"curies":[{"name":"wp","href":"https:\/\/api.w.org\/{rel}","templated":true}]}}