{"id":36907,"date":"2025-12-09T17:11:05","date_gmt":"2025-12-09T17:11:05","guid":{"rendered":"https:\/\/pargift.pl\/index.php\/produkt\/kubek-termiczny-skagen-330-ml-niebieski\/"},"modified":"2026-02-10T17:30:00","modified_gmt":"2026-02-10T17:30:00","slug":"kubek-termiczny-skagen-330-ml-niebieski","status":"publish","type":"product","link":"https:\/\/pargift.pl\/index.php\/produkt\/kubek-termiczny-skagen-330-ml-niebieski\/","title":{"rendered":"Kubek termiczny Skagen 330 ml, niebieski"},"content":{"rendered":"<h2 data-start=\"0\" data-end=\"87\"><strong data-start=\"3\" data-end=\"87\">Kubek termiczny Skagen 330 ml \u2013 niebieski R08190.04 \u2013 praktyczny kubek izolowany<\/strong><\/h2>\n<p data-start=\"89\" data-end=\"699\">Kubek termiczny <strong data-start=\"105\" data-end=\"125\">Skagen R08190.04<\/strong> to <strong data-start=\"129\" data-end=\"178\">niebieski kubek izolowany o pojemno\u015bci 330 ml<\/strong>, zaprojektowany tak, by <strong data-start=\"203\" data-end=\"248\">utrzymywa\u0107 temperatur\u0119 ulubionych napoj\u00f3w<\/strong> \u2014 zar\u00f3wno gor\u0105cych, jak i zimnych \u2014 podczas codziennego u\u017cytkowania w domu, biurze, w podr\u00f3\u017cy czy podczas spacer\u00f3w. Wykonany jest z <strong data-start=\"381\" data-end=\"437\">dw\u00f3ch \u015bcianek stali nierdzewnej z izolacj\u0105 pr\u00f3\u017cniow\u0105<\/strong>, co zwi\u0119ksza mo\u017cliwo\u015bci termoizolacyjne i pozwala cieszy\u0107 si\u0119 napojem przez d\u0142u\u017cszy czas. Dzi\u0119ki praktycznemu <strong data-start=\"548\" data-end=\"575\">uchwytowi na nadgarstek<\/strong> kubek jest wygodny w przenoszeniu, a jego nowoczesny, niebieski kolor sprawia, \u017ce prezentuje si\u0119 estetycznie i atrakcyjnie.<\/p>\n<p data-start=\"701\" data-end=\"1017\">Kubek termiczny Skagen to po\u0142\u0105czenie <strong data-start=\"738\" data-end=\"765\">funkcjonalno\u015bci i stylu<\/strong>, kt\u00f3re sprawdza si\u0119 w r\u00f3\u017cnych sytuacjach dnia codziennego. Dzi\u0119ki mo\u017cliwo\u015bci <strong data-start=\"843\" data-end=\"891\">personalizacji nadrukiem lub logotypem firmy<\/strong> mo\u017ce tak\u017ce pe\u0142ni\u0107 rol\u0119 <strong data-start=\"915\" data-end=\"973\">efektywnego gad\u017cetu reklamowego lub upominku firmowego<\/strong>, kt\u00f3ry codziennie towarzyszy u\u017cytkownikowi.<\/p>\n<h3 data-start=\"1019\" data-end=\"1055\"><strong data-start=\"1023\" data-end=\"1055\">Najwa\u017cniejsze cechy produktu<\/strong><\/h3>\n<ul>\n<li data-start=\"1058\" data-end=\"1136\">Pojemno\u015b\u0107 <strong data-start=\"1068\" data-end=\"1078\">330 ml<\/strong> \u2013 praktyczna wielko\u015b\u0107 do kawy, herbaty i innych napoj\u00f3w<\/li>\n<li data-start=\"1139\" data-end=\"1203\"><strong data-start=\"1139\" data-end=\"1161\">Izolacja pr\u00f3\u017cniowa<\/strong> \u2013 podw\u00f3jne \u015bcianki ze stali nierdzewnej<\/li>\n<li data-start=\"1206\" data-end=\"1254\"><strong data-start=\"1206\" data-end=\"1230\">Uchwyt na nadgarstek<\/strong> \u2013 wygoda przenoszenia<\/li>\n<li data-start=\"1257\" data-end=\"1313\"><strong data-start=\"1257\" data-end=\"1277\">Kolor: niebieski<\/strong> \u2013 nowoczesny i uniwersalny wygl\u0105d<\/li>\n<li data-start=\"1316\" data-end=\"1374\">Solidna i ergonomiczna konstrukcja \u2013 komfort u\u017cytkowania<\/li>\n<\/ul>\n<h3 data-start=\"1376\" data-end=\"1407\"><strong data-start=\"1380\" data-end=\"1407\">Dlaczego warto go mie\u0107?<\/strong><\/h3>\n<p data-start=\"1408\" data-end=\"1918\">Kubek termiczny Skagen to funkcjonalne rozwi\u0105zanie dla os\u00f3b, kt\u00f3re chc\u0105 utrzyma\u0107 odpowiedni\u0105 temperatur\u0119 napoj\u00f3w przez d\u0142u\u017cszy czas, niezale\u017cnie od miejsca. Ergonomiczny kszta\u0142t i uchwyt sprawiaj\u0105, \u017ce kubek jest wygodny w codziennym u\u017cytkowaniu, a estetyczny niebieski design czyni go atrakcyjnym dodatkiem nie tylko praktycznym, ale r\u00f3wnie\u017c wizualnym. Produkt \u015bwietnie sprawdza si\u0119 r\u00f3wnie\u017c jako <strong data-start=\"1804\" data-end=\"1842\">gad\u017cet reklamowy z logotypem firmy<\/strong> lub <strong data-start=\"1847\" data-end=\"1866\">prezent firmowy<\/strong>, kt\u00f3ry b\u0119dzie cz\u0119sto eksponowany przez u\u017cytkownika.<\/p>\n<h3 data-start=\"1920\" data-end=\"1951\"><strong data-start=\"1924\" data-end=\"1951\">Specyfikacja techniczna<\/strong><\/h3>\n<ul>\n<li data-start=\"1954\" data-end=\"1983\">Kod produktu: <strong data-start=\"1968\" data-end=\"1981\">R08190.04<\/strong><\/li>\n<li data-start=\"1986\" data-end=\"2036\">Nazwa: Kubek termiczny Skagen 330 ml \u2013 niebieski<\/li>\n<li data-start=\"2039\" data-end=\"2062\">Pojemno\u015b\u0107: <strong data-start=\"2050\" data-end=\"2060\">330 ml<\/strong><\/li>\n<li data-start=\"2065\" data-end=\"2113\">Materia\u0142: stal nierdzewna (izolacja pr\u00f3\u017cniowa)<\/li>\n<li data-start=\"2116\" data-end=\"2134\">Kolor: niebieski<\/li>\n<li data-start=\"2137\" data-end=\"2168\">Dodatki: uchwyt na nadgarstek<\/li>\n<li data-start=\"2171\" data-end=\"2231\">Zastosowanie: kubek izolowany do napoj\u00f3w, gad\u017cet reklamowy<\/li>\n<\/ul>\n","protected":false},"excerpt":{"rendered":"<p>Kubek termiczny o pojemno\u015bci 330 ml. Dwie \u015bcianki ze stali nierdzewnej, wewn\u0105trz stal nierdzewna 18\/8 o podwy\u017cszonej jako\u015bci. Pr\u00f3\u017cnia pomi\u0119dzy \u015bciankami zapewnia bardzo dobre w\u0142a\u015bciwo\u015bci termoizolacyjne. Wygodny uchwyt na nadgarstek. Utrzymuje temperatur\u0119 powy\u017cej 40\u00b0C przez 8 godzin.<\/p>\n<p><strong>Kubek termiczny Skagen to po\u0142\u0105czenie elegancji i trwa\u0142ego designu o wymiarach 175 x 73 mm.<\/strong><\/p>\n<p><strong>Produkt nadaje si\u0119 do znakowania.<\/strong><\/p>\n","protected":false},"featured_media":36908,"comment_status":"open","ping_status":"closed","template":"","meta":[],"product_brand":[],"product_cat":[],"product_tag":[9771,4399,8557,4437,9930,9935,9932,9934,9929,4302,9933,9936,9931],"class_list":{"0":"post-36907","1":"product","2":"type-product","3":"status-publish","4":"has-post-thumbnail","6":"product_tag-ergonomiczny-kubek-podrozny","7":"product_tag-gadet-reklamowy-kubek","8":"product_tag-kubek-do-kawy-i-herbaty","9":"product_tag-kubek-firmowy-z-logo","10":"product_tag-kubek-izolowany-330-ml","11":"product_tag-kubek-na-wynos","12":"product_tag-kubek-stal-nierdzewna-izolacja-prozniowa","13":"product_tag-kubek-termiczny-do-biura-i-domu","14":"product_tag-kubek-termiczny-skagen-niebieski","15":"product_tag-kubek-termiczny-z-uchwytem","16":"product_tag-kubek-z-uchwytem-na-nadgarstek","17":"product_tag-praktyczny-kubek-codzienny","18":"product_tag-r08190-04-kubek-termiczny","20":"first","21":"instock","22":"shipping-taxable","23":"purchasable","24":"product-type-simple"},"_links":{"self":[{"href":"https:\/\/pargift.pl\/index.php\/wp-json\/wp\/v2\/product\/36907","targetHints":{"allow":["GET"]}}],"collection":[{"href":"https:\/\/pargift.pl\/index.php\/wp-json\/wp\/v2\/product"}],"about":[{"href":"https:\/\/pargift.pl\/index.php\/wp-json\/wp\/v2\/types\/product"}],"replies":[{"embeddable":true,"href":"https:\/\/pargift.pl\/index.php\/wp-json\/wp\/v2\/comments?post=36907"}],"version-history":[{"count":1,"href":"https:\/\/pargift.pl\/index.php\/wp-json\/wp\/v2\/product\/36907\/revisions"}],"predecessor-version":[{"id":38970,"href":"https:\/\/pargift.pl\/index.php\/wp-json\/wp\/v2\/product\/36907\/revisions\/38970"}],"wp:featuredmedia":[{"embeddable":true,"href":"https:\/\/pargift.pl\/index.php\/wp-json\/wp\/v2\/media\/36908"}],"wp:attachment":[{"href":"https:\/\/pargift.pl\/index.php\/wp-json\/wp\/v2\/media?parent=36907"}],"wp:term":[{"taxonomy":"product_brand","embeddable":true,"href":"https:\/\/pargift.pl\/index.php\/wp-json\/wp\/v2\/product_brand?post=36907"},{"taxonomy":"product_cat","embeddable":true,"href":"https:\/\/pargift.pl\/index.php\/wp-json\/wp\/v2\/product_cat?post=36907"},{"taxonomy":"product_tag","embeddable":true,"href":"https:\/\/pargift.pl\/index.php\/wp-json\/wp\/v2\/product_tag?post=36907"}],"curies":[{"name":"wp","href":"https:\/\/api.w.org\/{rel}","templated":true}]}}