{"id":36878,"date":"2025-12-09T17:10:59","date_gmt":"2025-12-09T17:10:59","guid":{"rendered":"https:\/\/pargift.pl\/index.php\/produkt\/bidon-z-tritanu-h2o-680-ml-czarny\/"},"modified":"2026-02-10T17:29:59","modified_gmt":"2026-02-10T17:29:59","slug":"bidon-z-tritanu-h2o-680-ml-czarny","status":"publish","type":"product","link":"https:\/\/pargift.pl\/index.php\/produkt\/bidon-z-tritanu-h2o-680-ml-czarny\/","title":{"rendered":"Bidon z tritanu H2O 680 ml, czarny"},"content":{"rendered":"<h2 data-start=\"0\" data-end=\"77\"><strong data-start=\"3\" data-end=\"77\">Bidon z Tritanu H2O 680 ml \u2013 czarny R08186.02 \u2013 sportowy bidon aktywny<\/strong><\/h2>\n<p data-start=\"79\" data-end=\"593\">Bidon <strong data-start=\"85\" data-end=\"102\">H2O R08186.02<\/strong> to <strong data-start=\"106\" data-end=\"144\">sportowy bidon o pojemno\u015bci 680 ml<\/strong>, wykonany z <strong data-start=\"157\" data-end=\"186\">trwa\u0142ego materia\u0142u Tritan<\/strong>, kt\u00f3ry jest <strong data-start=\"199\" data-end=\"240\">lekki, bez BPA i odporny na uderzenia<\/strong>, co czyni go doskona\u0142ym rozwi\u0105zaniem do codziennego u\u017cytkowania \u2014 <strong data-start=\"307\" data-end=\"355\">na treningu, spacerze, w podr\u00f3\u017cy czy w pracy<\/strong>. Jego ergonomiczny kszta\u0142t u\u0142atwia trzymanie i picie, a <strong data-start=\"412\" data-end=\"433\">szczelna zakr\u0119tka<\/strong> zapewnia bezpiecze\u0144stwo podczas przenoszenia bidonu w torbie, plecaku czy samochodzie. Nowoczesny, czarny kolor nadaje mu eleganckiego i uniwersalnego wygl\u0105du.<\/p>\n<p data-start=\"595\" data-end=\"929\">Bidon H2O jest praktyczny i wytrzyma\u0142y \u2014 idealny dla os\u00f3b aktywnych i tych, kt\u00f3re ceni\u0105 funkcjonalne akcesoria na co dzie\u0144. Dzi\u0119ki <strong data-start=\"726\" data-end=\"750\">g\u0142adkiej powierzchni<\/strong> bidon mo\u017cna z powodzeniem <strong data-start=\"777\" data-end=\"812\">ozdobi\u0107 logotypem lub nadrukiem<\/strong>, co czyni go \u015bwietnym <strong data-start=\"835\" data-end=\"882\">gad\u017cetem reklamowym lub upominkiem firmowym<\/strong>, kt\u00f3ry u\u017cytkownicy ch\u0119tnie b\u0119d\u0105 wykorzystywa\u0107.<\/p>\n<h3 data-start=\"931\" data-end=\"967\"><strong data-start=\"935\" data-end=\"967\">Najwa\u017cniejsze cechy produktu<\/strong><\/h3>\n<ul>\n<li data-start=\"970\" data-end=\"1033\"><strong data-start=\"970\" data-end=\"991\">Pojemno\u015b\u0107: 680 ml<\/strong> \u2013 odpowiednia ilo\u015b\u0107 napoju na aktywno\u015b\u0107<\/li>\n<li data-start=\"1036\" data-end=\"1084\">Materia\u0142: <strong data-start=\"1046\" data-end=\"1056\">Tritan<\/strong> \u2013 lekki, trwa\u0142y i bez BPA<\/li>\n<li data-start=\"1087\" data-end=\"1140\"><strong data-start=\"1087\" data-end=\"1104\">Kolor: czarny<\/strong> \u2013 uniwersalny i nowoczesny design<\/li>\n<li data-start=\"1143\" data-end=\"1192\"><strong data-start=\"1143\" data-end=\"1167\">Ergonomiczny kszta\u0142t<\/strong> \u2013 komfortowe trzymanie<\/li>\n<li data-start=\"1195\" data-end=\"1245\"><strong data-start=\"1195\" data-end=\"1216\">Szczelna zakr\u0119tka<\/strong> \u2013 chroni przed wyciekaniem<\/li>\n<li data-start=\"1248\" data-end=\"1310\"><strong data-start=\"1248\" data-end=\"1274\">Odporno\u015b\u0107 na uderzenia<\/strong> \u2013 trwa\u0142y i odporny na uszkodzenia<\/li>\n<\/ul>\n<h3 data-start=\"1312\" data-end=\"1343\"><strong data-start=\"1316\" data-end=\"1343\">Dlaczego warto go mie\u0107?<\/strong><\/h3>\n<p data-start=\"1344\" data-end=\"1901\">Bidon z Tritanu H2O 680 ml to praktyczny i wszechstronny bidon, kt\u00f3ry sprawdzi si\u0119 <strong data-start=\"1427\" data-end=\"1488\">zar\u00f3wno podczas trening\u00f3w, jak i w codziennym u\u017cytkowaniu<\/strong> \u2014 w domu, w pracy, podczas spacer\u00f3w czy wycieczek. Jego lekka konstrukcja i szczelna zakr\u0119tka zapewniaj\u0105 komfort u\u017cytkowania, a materia\u0142 Tritan gwarantuje <strong data-start=\"1644\" data-end=\"1673\">bezpiecze\u0144stwo i trwa\u0142o\u015b\u0107<\/strong> nawet przy intensywnym u\u017cytkowaniu. Dodatkowo <strong data-start=\"1720\" data-end=\"1768\">personalizacja logotypem lub nadrukiem firmy<\/strong> czyni produkt atrakcyjnym <strong data-start=\"1795\" data-end=\"1842\">gad\u017cetem reklamowym lub upominkiem firmowym<\/strong>, kt\u00f3ry u\u017cytkownicy ch\u0119tnie b\u0119d\u0105 nosi\u0107 ze sob\u0105 na co dzie\u0144.<\/p>\n","protected":false},"excerpt":{"rendered":"<p>Szczelny Bidon 680 ml wykonany z tritanu. Posiada miark\u0119, uchwyt na nadgarstek, funkcj\u0119 podw\u00f3jnego zabezpieczenia przed wylaniem wody &#8211; przycisk i przesuwan\u0105 blokad\u0119.<\/p>\n<p><strong>Bidon H2O to po\u0142\u0105czenie funkcjonalno\u015bci i nowoczesnego designu o pojemno\u015bci 680 ml i wymiarach 240 x 71 mm.<\/strong><\/p>\n<p><strong>Produkt nadaje si\u0119 do znakowania.<\/strong><\/p>\n","protected":false},"featured_media":36879,"comment_status":"open","ping_status":"closed","template":"","meta":[],"product_brand":[],"product_cat":[],"product_tag":[9974,9991,9976,1144,9989,8839,3843,9972,4354,9993,9990,9992],"class_list":{"0":"post-36878","1":"product","2":"type-product","3":"status-publish","4":"has-post-thumbnail","6":"product_tag-bidon-bez-bpa","7":"product_tag-bidon-do-cwiczen-i-spacerow","8":"product_tag-bidon-do-personalizacji-z-logo","9":"product_tag-bidon-treningowy","10":"product_tag-bidon-z-tritanu-czarny","11":"product_tag-bidon-z-zakretka-szczelna","12":"product_tag-gadet-reklamowy-bidon","13":"product_tag-h2o-bidon-680-ml","14":"product_tag-lekki-bidon-na-wod","15":"product_tag-nowoczesny-bidon-czarny","16":"product_tag-r08186-02-sportowy-bidon","17":"product_tag-sportowy-bidon-na-rower","19":"first","20":"instock","21":"shipping-taxable","22":"purchasable","23":"product-type-simple"},"_links":{"self":[{"href":"https:\/\/pargift.pl\/index.php\/wp-json\/wp\/v2\/product\/36878","targetHints":{"allow":["GET"]}}],"collection":[{"href":"https:\/\/pargift.pl\/index.php\/wp-json\/wp\/v2\/product"}],"about":[{"href":"https:\/\/pargift.pl\/index.php\/wp-json\/wp\/v2\/types\/product"}],"replies":[{"embeddable":true,"href":"https:\/\/pargift.pl\/index.php\/wp-json\/wp\/v2\/comments?post=36878"}],"version-history":[{"count":2,"href":"https:\/\/pargift.pl\/index.php\/wp-json\/wp\/v2\/product\/36878\/revisions"}],"predecessor-version":[{"id":38981,"href":"https:\/\/pargift.pl\/index.php\/wp-json\/wp\/v2\/product\/36878\/revisions\/38981"}],"wp:featuredmedia":[{"embeddable":true,"href":"https:\/\/pargift.pl\/index.php\/wp-json\/wp\/v2\/media\/36879"}],"wp:attachment":[{"href":"https:\/\/pargift.pl\/index.php\/wp-json\/wp\/v2\/media?parent=36878"}],"wp:term":[{"taxonomy":"product_brand","embeddable":true,"href":"https:\/\/pargift.pl\/index.php\/wp-json\/wp\/v2\/product_brand?post=36878"},{"taxonomy":"product_cat","embeddable":true,"href":"https:\/\/pargift.pl\/index.php\/wp-json\/wp\/v2\/product_cat?post=36878"},{"taxonomy":"product_tag","embeddable":true,"href":"https:\/\/pargift.pl\/index.php\/wp-json\/wp\/v2\/product_tag?post=36878"}],"curies":[{"name":"wp","href":"https:\/\/api.w.org\/{rel}","templated":true}]}}