{"id":36868,"date":"2025-12-09T17:10:58","date_gmt":"2025-12-09T17:10:58","guid":{"rendered":"https:\/\/pargift.pl\/index.php\/produkt\/power-bank-20000-mah-z-ladowarka-indukcyjna-supremi-czarny\/"},"modified":"2026-02-10T17:29:59","modified_gmt":"2026-02-10T17:29:59","slug":"power-bank-20000-mah-z-ladowarka-indukcyjna-supremi-czarny","status":"publish","type":"product","link":"https:\/\/pargift.pl\/index.php\/produkt\/power-bank-20000-mah-z-ladowarka-indukcyjna-supremi-czarny\/","title":{"rendered":"Power bank 20000 mAh z \u0142adowark\u0105 indukcyjn\u0105 Supremi, czarny"},"content":{"rendered":"<h2 data-start=\"0\" data-end=\"118\"><strong data-start=\"3\" data-end=\"118\">Power bank 20 000 mAh z \u0142adowark\u0105 indukcyjn\u0105 Supremi \u2013 czarny R64385.02 \u2013 wszechstronne \u017ar\u00f3d\u0142o energii mobilnej<\/strong><\/h2>\n<p data-start=\"120\" data-end=\"565\">Power bank <strong data-start=\"131\" data-end=\"152\">Supremi R64385.02<\/strong> to <strong data-start=\"156\" data-end=\"216\">pot\u0119\u017cne przeno\u015bne \u017ar\u00f3d\u0142o energii o pojemno\u015bci 20 000 mAh<\/strong> w eleganckim <strong data-start=\"230\" data-end=\"249\">czarnym kolorze<\/strong>, kt\u00f3re \u0142\u0105czy <strong data-start=\"263\" data-end=\"346\">tradycyjne \u0142adowanie przewodowe z nowoczesn\u0105 technologi\u0105 \u0142adowania indukcyjnego<\/strong> \u2014 idealny podczas podr\u00f3\u017cy, w pracy, na co dzie\u0144 czy podczas event\u00f3w. Dzi\u0119ki du\u017cej pojemno\u015bci pozwala wielokrotnie na\u0142adowa\u0107 smartfon, tablet, s\u0142uchawki czy inne urz\u0105dzenia mobilne bez dost\u0119pu do gniazdka elektrycznego.<\/p>\n<p data-start=\"567\" data-end=\"963\">Power bank Supremi wyposa\u017cony jest w <strong data-start=\"604\" data-end=\"640\">modu\u0142 \u0142adowarki indukcyjnej (Qi)<\/strong>, co umo\u017cliwia <strong data-start=\"655\" data-end=\"706\">bezprzewodowe \u0142adowanie kompatybilnych urz\u0105dze\u0144<\/strong> bez konieczno\u015bci pod\u0142\u0105czania kabla. Dodatkowo model oferuje <strong data-start=\"767\" data-end=\"793\">porty USB-A oraz USB-C<\/strong>, kt\u00f3re umo\u017cliwiaj\u0105 jednoczesne \u0142adowanie kilku urz\u0105dze\u0144 tradycyjnymi kablami \u2014 to sprawia, \u017ce jest to <strong data-start=\"896\" data-end=\"962\">uniwersalne rozwi\u0105zanie dla u\u017cytkownik\u00f3w mobilnych technologii<\/strong>.<\/p>\n<h3 data-start=\"965\" data-end=\"1001\"><strong data-start=\"969\" data-end=\"1001\">Najwa\u017cniejsze cechy produktu<\/strong><\/h3>\n<ul>\n<li data-start=\"1004\" data-end=\"1081\"><strong data-start=\"1004\" data-end=\"1029\">Pojemno\u015b\u0107: 20 000 mAh<\/strong> \u2013 du\u017ca rezerwa energii do wielokrotnego \u0142adowania<\/li>\n<li data-start=\"1084\" data-end=\"1165\"><strong data-start=\"1084\" data-end=\"1111\">\u0141adowanie indukcyjne Qi<\/strong> \u2013 bezprzewodowe \u0142adowanie kompatybilnych smartfon\u00f3w<\/li>\n<li data-start=\"1168\" data-end=\"1225\"><strong data-start=\"1168\" data-end=\"1191\">Porty USB-A i USB-C<\/strong> \u2013 przewodowe \u0142adowanie urz\u0105dze\u0144<\/li>\n<li data-start=\"1228\" data-end=\"1280\"><strong data-start=\"1228\" data-end=\"1245\">Kolor: czarny<\/strong> \u2013 elegancki i uniwersalny design<\/li>\n<li data-start=\"1283\" data-end=\"1336\">Mo\u017cliwo\u015b\u0107 <strong data-start=\"1293\" data-end=\"1334\">\u0142adowania kilku urz\u0105dze\u0144 jednocze\u015bnie<\/strong><\/li>\n<li data-start=\"1339\" data-end=\"1405\">Kompaktowa i solidna konstrukcja \u2013 \u0142atwy transport i u\u017cytkowanie<\/li>\n<li data-start=\"1408\" data-end=\"1471\">Wska\u017anik poziomu na\u0142adowania \u2013 kontrola energii w power banku<\/li>\n<\/ul>\n<h3 data-start=\"1473\" data-end=\"1504\"><strong data-start=\"1477\" data-end=\"1504\">Dlaczego warto go mie\u0107?<\/strong><\/h3>\n<p data-start=\"1505\" data-end=\"2050\">Power bank Supremi to <strong data-start=\"1527\" data-end=\"1625\">doskona\u0142e uzupe\u0142nienie codziennego wyposa\u017cenia ka\u017cdej osoby korzystaj\u0105cej z urz\u0105dze\u0144 mobilnych<\/strong> \u2014 zapewnia niezawodne \u017ar\u00f3d\u0142o energii na wyj\u015bcia, w podr\u00f3\u017cy, w pracy czy w sytuacjach, kiedy dost\u0119p do gniazdka jest ograniczony. Funkcja <strong data-start=\"1763\" data-end=\"1789\">\u0142adowania indukcyjnego<\/strong> u\u0142atwia wygodne zasilanie kompatybilnych smartfon\u00f3w bez przewod\u00f3w, a <strong data-start=\"1859\" data-end=\"1888\">du\u017ca pojemno\u015b\u0107 20 000 mAh<\/strong> pozwala na wiele cykli \u0142adowania. Produkt \u015bwietnie sprawdza si\u0119 tak\u017ce jako <strong data-start=\"1964\" data-end=\"2013\">praktyczny gad\u017cet reklamowy z logotypem firmy<\/strong> lub warto\u015bciowy upominek promocyjny.<\/p>\n<h3 data-start=\"2052\" data-end=\"2083\"><strong data-start=\"2056\" data-end=\"2083\">Specyfikacja techniczna<\/strong><\/h3>\n<ul>\n<li data-start=\"2086\" data-end=\"2115\">Kod produktu: <strong data-start=\"2100\" data-end=\"2113\">R64385.02<\/strong><\/li>\n<li data-start=\"2118\" data-end=\"2188\">Nazwa: Power bank 20 000 mAh z \u0142adowark\u0105 indukcyjn\u0105 Supremi \u2013 czarny<\/li>\n<li data-start=\"2191\" data-end=\"2218\">Pojemno\u015b\u0107: <strong data-start=\"2202\" data-end=\"2216\">20 000 mAh<\/strong><\/li>\n<li data-start=\"2221\" data-end=\"2260\">\u0141adowanie bezprzewodowe: <strong data-start=\"2246\" data-end=\"2258\">tak (Qi)<\/strong><\/li>\n<li data-start=\"2263\" data-end=\"2288\">Porty: <strong data-start=\"2270\" data-end=\"2286\">USB-A, USB-C<\/strong><\/li>\n<li data-start=\"2291\" data-end=\"2306\">Kolor: czarny<\/li>\n<li data-start=\"2309\" data-end=\"2341\">Wska\u017anik LED stanu na\u0142adowania<\/li>\n<li data-start=\"2344\" data-end=\"2371\">Materia\u0142: trwa\u0142e tworzywo<\/li>\n<li data-start=\"2374\" data-end=\"2453\">Zastosowanie: power bank, \u0142adowanie indukcyjne i przewodowe, gad\u017cet reklamowy<\/li>\n<\/ul>\n","protected":false},"excerpt":{"rendered":"<p>Power bank o pojemno\u015bci 20000 mAh z funkcj\u0105 szybkiego \u0142adowania 22,5W i z wbudowan\u0105 \u0142adowark\u0105 indukcyjn\u0105 (15W). W zestawie kabel USB-C. Power bank posiada wy\u015bwietlacz wskazuj\u0105cy poziom na\u0142adowania. Bateria litowo-polimerowa, 3.7V, 74Wh. Wej\u015bcie C1: 5V\/2A, 9V\/2A, 12V\/1.5A; C2: 5V\/2.4A, 9V\/2A, 12V\/1,5A. Wyj\u015bcie: Typ-C2: 5V\/3A, 9V\/2.22A, 12V\/1.67A, PD20W; USB-A:5V\/4.5A, 5V\/3A, 9V\/2A, 12V\/1.5A, 22.5W.<\/p>\n<p><strong>Power bank Supremi to po\u0142\u0105czenie nowoczesnych technologii i stylowego designu o wymiarach 150 x 70 x 25 mm.<\/strong><\/p>\n<p><strong>Produkt nadaje si\u0119 do znakowania.<\/strong><\/p>\n","protected":false},"featured_media":36869,"comment_status":"open","ping_status":"closed","template":"","meta":[],"product_brand":[],"product_cat":[8365],"product_tag":[10002,10001,4338,4329,4341,9999,9994,9998,10000,9996,10003,9997,9995],"class_list":{"0":"post-36868","1":"product","2":"type-product","3":"status-publish","4":"has-post-thumbnail","6":"product_cat-powerbank","7":"product_tag-bezprzewodowe-ladowanie-qi-power-bank","8":"product_tag-duza-pojemnosc-power-bank-20000","9":"product_tag-elegancki-power-bank-czarny","10":"product_tag-gadet-reklamowy-power-bank","11":"product_tag-power-bank-do-podry","12":"product_tag-power-bank-do-smartfonow-i-tabletow","13":"product_tag-power-bank-supremi-20-000-mah-czarny","14":"product_tag-power-bank-usb-c-i-usb-a","15":"product_tag-power-bank-z-logotypem","16":"product_tag-power-bank-z-qi-ladowanie","17":"product_tag-praktyczny-power-bank-mobilny","18":"product_tag-przenosna-ladowarka-bezprzewodowa","19":"product_tag-r64385-02-power-bank-z-ladowaniem-indukcyjnym","21":"first","22":"instock","23":"shipping-taxable","24":"purchasable","25":"product-type-simple"},"_links":{"self":[{"href":"https:\/\/pargift.pl\/index.php\/wp-json\/wp\/v2\/product\/36868","targetHints":{"allow":["GET"]}}],"collection":[{"href":"https:\/\/pargift.pl\/index.php\/wp-json\/wp\/v2\/product"}],"about":[{"href":"https:\/\/pargift.pl\/index.php\/wp-json\/wp\/v2\/types\/product"}],"replies":[{"embeddable":true,"href":"https:\/\/pargift.pl\/index.php\/wp-json\/wp\/v2\/comments?post=36868"}],"version-history":[{"count":1,"href":"https:\/\/pargift.pl\/index.php\/wp-json\/wp\/v2\/product\/36868\/revisions"}],"predecessor-version":[{"id":38982,"href":"https:\/\/pargift.pl\/index.php\/wp-json\/wp\/v2\/product\/36868\/revisions\/38982"}],"wp:featuredmedia":[{"embeddable":true,"href":"https:\/\/pargift.pl\/index.php\/wp-json\/wp\/v2\/media\/36869"}],"wp:attachment":[{"href":"https:\/\/pargift.pl\/index.php\/wp-json\/wp\/v2\/media?parent=36868"}],"wp:term":[{"taxonomy":"product_brand","embeddable":true,"href":"https:\/\/pargift.pl\/index.php\/wp-json\/wp\/v2\/product_brand?post=36868"},{"taxonomy":"product_cat","embeddable":true,"href":"https:\/\/pargift.pl\/index.php\/wp-json\/wp\/v2\/product_cat?post=36868"},{"taxonomy":"product_tag","embeddable":true,"href":"https:\/\/pargift.pl\/index.php\/wp-json\/wp\/v2\/product_tag?post=36868"}],"curies":[{"name":"wp","href":"https:\/\/api.w.org\/{rel}","templated":true}]}}