{"id":36848,"date":"2025-12-09T17:10:54","date_gmt":"2025-12-09T17:10:54","guid":{"rendered":"https:\/\/pargift.pl\/index.php\/produkt\/kubek-termiczny-memphis-900-ml-czarny\/"},"modified":"2026-02-10T17:29:59","modified_gmt":"2026-02-10T17:29:59","slug":"kubek-termiczny-memphis-900-ml-czarny","status":"publish","type":"product","link":"https:\/\/pargift.pl\/index.php\/produkt\/kubek-termiczny-memphis-900-ml-czarny\/","title":{"rendered":"Kubek termiczny Memphis 900 ml, czarny"},"content":{"rendered":"<h2 data-start=\"0\" data-end=\"79\"><strong data-start=\"3\" data-end=\"79\">Kubek termiczny Memphis 900 ml \u2013 czarny R08177.02 \u2013 du\u017cy kubek izolowany<\/strong><\/h2>\n<p data-start=\"81\" data-end=\"590\">Kubek termiczny <strong data-start=\"97\" data-end=\"118\">Memphis R08177.02<\/strong> to <strong data-start=\"122\" data-end=\"183\">czarny, pojemny kubek termiczny o du\u017cej pojemno\u015bci 900 ml<\/strong>, kt\u00f3ry \u0142\u0105czy <strong data-start=\"197\" data-end=\"254\">wytrzyma\u0142\u0105 konstrukcj\u0119 z doskona\u0142\u0105 izolacj\u0105 termiczn\u0105<\/strong> \u2014 idealny do codziennego u\u017cytkowania w domu, w pracy, w podr\u00f3\u017cy lub podczas d\u0142u\u017cszych wyj\u015b\u0107. Dzi\u0119ki <strong data-start=\"355\" data-end=\"425\">pr\u00f3\u017cniowej izolacji i podw\u00f3jnym \u015bciankom ze stali nierdzewnej 18\/8<\/strong> kubek skutecznie utrzymuje <strong data-start=\"453\" data-end=\"523\">gor\u0105ce napoje ciep\u0142e, a zimne napoje sch\u0142odzone przez wiele godzin<\/strong>, co zwi\u0119ksza komfort picia ulubionych napoj\u00f3w w ka\u017cdych warunkach.<\/p>\n<p data-start=\"592\" data-end=\"967\">Produkt zosta\u0142 wyposa\u017cony w <strong data-start=\"620\" data-end=\"674\">praktyczn\u0105, szczeln\u0105 pokrywk\u0119 z ustnikiem do picia<\/strong>, co umo\u017cliwia wygodne korzystanie \u201ew biegu\u201d \u2014 np. podczas jazdy samochodem, spaceru czy w pracy biurowej. Du\u017ca pojemno\u015b\u0107 900 ml sprawia, \u017ce kubek Memphis \u015bwietnie sprawdzi si\u0119 tak\u017ce podczas d\u0142u\u017cszych podr\u00f3\u017cy, wycieczek lub intensywnych dni, gdy potrzebujesz wi\u0119kszej ilo\u015bci napoju \u201ena wynos\u201d.<\/p>\n<h3 data-start=\"969\" data-end=\"1005\"><strong data-start=\"973\" data-end=\"1005\">Najwa\u017cniejsze cechy produktu<\/strong><\/h3>\n<ul>\n<li data-start=\"1008\" data-end=\"1078\"><strong data-start=\"1008\" data-end=\"1029\">Pojemno\u015b\u0107: 900 ml<\/strong> \u2013 du\u017ca obj\u0119to\u015b\u0107 na kaw\u0119, herbat\u0119 i inne napoje<\/li>\n<li data-start=\"1081\" data-end=\"1156\"><strong data-start=\"1081\" data-end=\"1103\">Izolacja pr\u00f3\u017cniowa<\/strong> \u2013 utrzymuje temperatur\u0119 napoj\u00f3w przez wiele godzin<\/li>\n<li data-start=\"1159\" data-end=\"1238\"><strong data-start=\"1159\" data-end=\"1205\">Podw\u00f3jne \u015bcianki ze stali nierdzewnej 18\/8<\/strong> \u2013 trwa\u0142a i solidna konstrukcja<\/li>\n<li data-start=\"1241\" data-end=\"1307\"><strong data-start=\"1241\" data-end=\"1274\">Szczelna pokrywka z ustnikiem<\/strong> \u2013 wygoda picia podczas podr\u00f3\u017cy<\/li>\n<li data-start=\"1310\" data-end=\"1362\"><strong data-start=\"1310\" data-end=\"1327\">Kolor: czarny<\/strong> \u2013 uniwersalny i elegancki design<\/li>\n<li data-start=\"1365\" data-end=\"1426\"><strong data-start=\"1365\" data-end=\"1387\">Ergonomiczna forma<\/strong> \u2013 komfortowe trzymanie i u\u017cytkowanie<\/li>\n<\/ul>\n<h3 data-start=\"1428\" data-end=\"1459\"><strong data-start=\"1432\" data-end=\"1459\">Dlaczego warto go mie\u0107?<\/strong><\/h3>\n<p data-start=\"1460\" data-end=\"2012\">Kubek termiczny Memphis to idealny wyb\u00f3r dla os\u00f3b, kt\u00f3re cz\u0119sto potrzebuj\u0105 <strong data-start=\"1535\" data-end=\"1572\">wi\u0119kszej ilo\u015bci napoju \u201ena wynos\u201d<\/strong> \u2014 pozwala cieszy\u0107 si\u0119 kaw\u0105, herbat\u0105 lub innym ulubionym napojem przez d\u0142u\u017cszy czas bez konieczno\u015bci cz\u0119stego uzupe\u0142niania. Dzi\u0119ki <strong data-start=\"1703\" data-end=\"1748\">solidnej konstrukcji i szczelnej pokrywce<\/strong> napoje s\u0105 bezpiecznie przechowywane, a ergonomiczna forma zapewnia komfort u\u017cytkowania. Kubek \u015bwietnie sprawdzi si\u0119 r\u00f3wnie\u017c jako <strong data-start=\"1878\" data-end=\"1927\">praktyczny gad\u017cet reklamowy z logotypem firmy<\/strong> lub <strong data-start=\"1932\" data-end=\"1952\">upominek firmowy<\/strong>, kt\u00f3ry u\u017cytkownicy ch\u0119tnie b\u0119d\u0105 nosi\u0107 i u\u017cywa\u0107 na co dzie\u0144.<\/p>\n<h3 data-start=\"2014\" data-end=\"2045\"><strong data-start=\"2018\" data-end=\"2045\">Specyfikacja techniczna<\/strong><\/h3>\n<ul>\n<li data-start=\"2048\" data-end=\"2077\">Kod produktu: <strong data-start=\"2062\" data-end=\"2075\">R08177.02<\/strong><\/li>\n<li data-start=\"2080\" data-end=\"2128\">Nazwa: Kubek termiczny Memphis 900 ml \u2013 czarny<\/li>\n<li data-start=\"2131\" data-end=\"2154\">Pojemno\u015b\u0107: <strong data-start=\"2142\" data-end=\"2152\">900 ml<\/strong><\/li>\n<li data-start=\"2157\" data-end=\"2210\">Materia\u0142: stal nierdzewna 18\/8 (izolacja pr\u00f3\u017cniowa)<\/li>\n<li data-start=\"2213\" data-end=\"2228\">Kolor: czarny<\/li>\n<li data-start=\"2231\" data-end=\"2263\">Pokrywka: szczelna z ustnikiem<\/li>\n<li data-start=\"2266\" data-end=\"2326\">Zastosowanie: kubek termiczny do napoj\u00f3w, gad\u017cet reklamowy<\/li>\n<\/ul>\n","protected":false},"excerpt":{"rendered":"<p>Kubek pr\u00f3\u017cniowy z dwiema \u015bciankami ze stali nierdzewnej. Wieczko z zamykanym otworem do picia i s\u0142omk\u0105. Posiada r\u0105czk\u0119 do wygodnego trzymania kubka. Sprawdzi si\u0119 w podr\u00f3\u017cy, pracy, czy na spacerach, zapewniaj\u0105c nawodnienie na d\u0142ugi czas dzi\u0119ki du\u017cej pojemno\u015bci. Utrzymuje temperatur\u0119 powy\u017cej 40\u00b0C przez 6 godzin.<\/p>\n<p><strong>Kubek Memphis to po\u0142\u0105czenie funkcjonalno\u015bci i trwa\u0142ego designu o wymiarach \u00d8 100 x 195 mm.<\/strong><\/p>\n<p><strong>Produkt nadaje si\u0119 do znakowania.<\/strong><\/p>\n","protected":false},"featured_media":36849,"comment_status":"open","ping_status":"closed","template":"","meta":[],"product_brand":[],"product_cat":[],"product_tag":[10034,4399,10031,9611,10029,10036,10032,10028,5002,10037,10035,10030,10033],"class_list":{"0":"post-36848","1":"product","2":"type-product","3":"status-publish","4":"has-post-thumbnail","6":"product_tag-ergonomiczny-kubek-900-ml","7":"product_tag-gadet-reklamowy-kubek","8":"product_tag-kubek-do-kawy-i-herbaty-duzy","9":"product_tag-kubek-firmowy-z-logotypem","10":"product_tag-kubek-izolowany-900-ml","11":"product_tag-kubek-izolowany-codzienny","12":"product_tag-kubek-na-podroz-i-spacer","13":"product_tag-kubek-termiczny-memphis-czarny","14":"product_tag-kubek-termiczny-z-ustnikiem","15":"product_tag-pojemny-kubek-termiczny","16":"product_tag-praktyczny-kubek-na-wynos","17":"product_tag-r08177-02-kubek-termiczny","18":"product_tag-termiczny-kubek-stal-nierdzewna","20":"first","21":"instock","22":"shipping-taxable","23":"purchasable","24":"product-type-simple"},"_links":{"self":[{"href":"https:\/\/pargift.pl\/index.php\/wp-json\/wp\/v2\/product\/36848","targetHints":{"allow":["GET"]}}],"collection":[{"href":"https:\/\/pargift.pl\/index.php\/wp-json\/wp\/v2\/product"}],"about":[{"href":"https:\/\/pargift.pl\/index.php\/wp-json\/wp\/v2\/types\/product"}],"replies":[{"embeddable":true,"href":"https:\/\/pargift.pl\/index.php\/wp-json\/wp\/v2\/comments?post=36848"}],"version-history":[{"count":2,"href":"https:\/\/pargift.pl\/index.php\/wp-json\/wp\/v2\/product\/36848\/revisions"}],"predecessor-version":[{"id":38990,"href":"https:\/\/pargift.pl\/index.php\/wp-json\/wp\/v2\/product\/36848\/revisions\/38990"}],"wp:featuredmedia":[{"embeddable":true,"href":"https:\/\/pargift.pl\/index.php\/wp-json\/wp\/v2\/media\/36849"}],"wp:attachment":[{"href":"https:\/\/pargift.pl\/index.php\/wp-json\/wp\/v2\/media?parent=36848"}],"wp:term":[{"taxonomy":"product_brand","embeddable":true,"href":"https:\/\/pargift.pl\/index.php\/wp-json\/wp\/v2\/product_brand?post=36848"},{"taxonomy":"product_cat","embeddable":true,"href":"https:\/\/pargift.pl\/index.php\/wp-json\/wp\/v2\/product_cat?post=36848"},{"taxonomy":"product_tag","embeddable":true,"href":"https:\/\/pargift.pl\/index.php\/wp-json\/wp\/v2\/product_tag?post=36848"}],"curies":[{"name":"wp","href":"https:\/\/api.w.org\/{rel}","templated":true}]}}