{"id":36838,"date":"2025-12-09T17:10:51","date_gmt":"2025-12-09T17:10:51","guid":{"rendered":"https:\/\/pargift.pl\/index.php\/produkt\/mis-brelok-ollie-bialy\/"},"modified":"2026-02-10T17:29:59","modified_gmt":"2026-02-10T17:29:59","slug":"mis-brelok-ollie-bialy","status":"publish","type":"product","link":"https:\/\/pargift.pl\/index.php\/produkt\/mis-brelok-ollie-bialy\/","title":{"rendered":"Mi\u015b brelok Ollie, bia\u0142y"},"content":{"rendered":"<h2 data-start=\"0\" data-end=\"67\"><strong data-start=\"3\" data-end=\"67\">Mi\u015b brelok Ollie \u2013 bia\u0142y R74047.06 \u2013 uroczy brelok do kluczy<\/strong><\/h2>\n<p data-start=\"69\" data-end=\"546\">Mi\u015b brelok <strong data-start=\"80\" data-end=\"99\">Ollie R74047.06<\/strong> to <strong data-start=\"103\" data-end=\"151\">bia\u0142y brelok w kszta\u0142cie sympatycznego misia<\/strong>, kt\u00f3ry \u0142\u0105czy <strong data-start=\"165\" data-end=\"214\">estetyczny wygl\u0105d z praktycznym zastosowaniem<\/strong> jako dodatek do kluczy, torebki, plecaka czy paska. Produkt wykonany z trwa\u0142ego materia\u0142u z dba\u0142o\u015bci\u0105 o detale stanowi <strong data-start=\"334\" data-end=\"361\">lekki i por\u0119czny brelok<\/strong>, kt\u00f3ry nie tylko porz\u0105dkuje klucze, ale te\u017c dodaje charakteru codziennym akcesoriom. Uniwersalny bia\u0142y kolor sprawia, \u017ce brelok pasuje do r\u00f3\u017cnych styl\u00f3w \u2014 od klasycznych po nowoczesne.<\/p>\n<p data-start=\"548\" data-end=\"812\">Brelok Ollie mo\u017ce pe\u0142ni\u0107 rol\u0119 <strong data-start=\"578\" data-end=\"639\">ma\u0142ego upominku, dodatku modowego lub gad\u017cetu reklamowego<\/strong> \u2013 szczeg\u00f3lnie gdy zostanie wzbogacony o <strong data-start=\"680\" data-end=\"716\">logotyp firmy lub kr\u00f3tk\u0105 grafik\u0119<\/strong>. To funkcjonalny i estetyczny dodatek, kt\u00f3ry u\u017cytkownicy ch\u0119tnie nosz\u0105 przy sobie ka\u017cdego dnia.<\/p>\n<h3 data-start=\"814\" data-end=\"850\"><strong data-start=\"818\" data-end=\"850\">Najwa\u017cniejsze cechy produktu<\/strong><\/h3>\n<ul>\n<li data-start=\"853\" data-end=\"912\"><strong data-start=\"853\" data-end=\"881\">Brelok w kszta\u0142cie misia<\/strong> \u2013 uroczy i estetyczny design<\/li>\n<li data-start=\"915\" data-end=\"977\"><strong data-start=\"915\" data-end=\"931\">Kolor: bia\u0142y<\/strong> \u2013 uniwersalny, pasuje do r\u00f3\u017cnych akcesori\u00f3w<\/li>\n<li data-start=\"980\" data-end=\"1036\"><strong data-start=\"980\" data-end=\"1009\">Materia\u0142 trwa\u0142y i odporny<\/strong> \u2013 komfortowe u\u017cytkowanie<\/li>\n<li data-start=\"1039\" data-end=\"1083\"><strong data-start=\"1039\" data-end=\"1058\">K\u00f3\u0142ko na klucze<\/strong> \u2013 praktyczne mocowanie<\/li>\n<li data-start=\"1086\" data-end=\"1125\">Lekka konstrukcja \u2013 \u0142atwy do noszenia<\/li>\n<\/ul>\n<h3 data-start=\"1127\" data-end=\"1158\"><strong data-start=\"1131\" data-end=\"1158\">Dlaczego warto go mie\u0107?<\/strong><\/h3>\n<p data-start=\"1159\" data-end=\"1529\">Mi\u015b brelok Ollie to praktyczny i stylowy dodatek, kt\u00f3ry porz\u0105dkuje klucze, a jednocze\u015bnie dodaje osobistego charakteru codziennym przedmiotom. Dzi\u0119ki kompaktowym rozmiarom brelok \u015bwietnie sprawdza si\u0119 w codziennym u\u017cytkowaniu, a jego estetyczny wygl\u0105d czyni go tak\u017ce atrakcyjnym <strong data-start=\"1438\" data-end=\"1461\">gad\u017cetem reklamowym<\/strong> \u2013 szczeg\u00f3lnie gdy zostanie uzupe\u0142niony o <strong data-start=\"1503\" data-end=\"1528\">logo lub nadruk firmy<\/strong>.<\/p>\n","protected":false},"excerpt":{"rendered":"<p>Brelok mi\u015b w koszulce.<\/p>\n<p><strong>Mi\u015b brelok Ollie to po\u0142\u0105czenie uroku i funkcjonalno\u015bci w kompaktowych wymiarach 90 x 75 x 60 mm.<\/strong><\/p>\n<p><strong>Produkt nadaje si\u0119 do znakowania.<\/strong><\/p>\n","protected":false},"featured_media":36839,"comment_status":"open","ping_status":"closed","template":"","meta":[],"product_brand":[],"product_cat":[],"product_tag":[10056,10060,10052,10054,10058,10059,10061,9873,8529,10057,10062,10053,10055],"class_list":{"0":"post-36838","1":"product","2":"type-product","3":"status-publish","4":"has-post-thumbnail","6":"product_tag-akcesoria-do-kluczy-ollie","7":"product_tag-brelok-design","8":"product_tag-brelok-mis-ollie-bialy","9":"product_tag-brelok-misiek-bialy","10":"product_tag-brelok-modny-bialy","11":"product_tag-brelok-na-torbe-i-plecak","12":"product_tag-brelok-prezent-firmowy","13":"product_tag-brelok-upominkowy-mis","14":"product_tag-gadzet-reklamowy-brelok","15":"product_tag-personalizowany-brelok-z-logo","16":"product_tag-praktyczny-brelok-codzienny","17":"product_tag-r74047-06-brelok-do-kluczy","18":"product_tag-uroczy-brelok-do-kluczy","20":"first","21":"instock","22":"shipping-taxable","23":"purchasable","24":"product-type-simple"},"_links":{"self":[{"href":"https:\/\/pargift.pl\/index.php\/wp-json\/wp\/v2\/product\/36838","targetHints":{"allow":["GET"]}}],"collection":[{"href":"https:\/\/pargift.pl\/index.php\/wp-json\/wp\/v2\/product"}],"about":[{"href":"https:\/\/pargift.pl\/index.php\/wp-json\/wp\/v2\/types\/product"}],"replies":[{"embeddable":true,"href":"https:\/\/pargift.pl\/index.php\/wp-json\/wp\/v2\/comments?post=36838"}],"version-history":[{"count":1,"href":"https:\/\/pargift.pl\/index.php\/wp-json\/wp\/v2\/product\/36838\/revisions"}],"predecessor-version":[{"id":38995,"href":"https:\/\/pargift.pl\/index.php\/wp-json\/wp\/v2\/product\/36838\/revisions\/38995"}],"wp:featuredmedia":[{"embeddable":true,"href":"https:\/\/pargift.pl\/index.php\/wp-json\/wp\/v2\/media\/36839"}],"wp:attachment":[{"href":"https:\/\/pargift.pl\/index.php\/wp-json\/wp\/v2\/media?parent=36838"}],"wp:term":[{"taxonomy":"product_brand","embeddable":true,"href":"https:\/\/pargift.pl\/index.php\/wp-json\/wp\/v2\/product_brand?post=36838"},{"taxonomy":"product_cat","embeddable":true,"href":"https:\/\/pargift.pl\/index.php\/wp-json\/wp\/v2\/product_cat?post=36838"},{"taxonomy":"product_tag","embeddable":true,"href":"https:\/\/pargift.pl\/index.php\/wp-json\/wp\/v2\/product_tag?post=36838"}],"curies":[{"name":"wp","href":"https:\/\/api.w.org\/{rel}","templated":true}]}}