{"id":36833,"date":"2025-12-09T17:10:50","date_gmt":"2025-12-09T17:10:50","guid":{"rendered":"https:\/\/pargift.pl\/index.php\/produkt\/mis-brelok-ollie-brazowy-2\/"},"modified":"2026-02-10T17:29:59","modified_gmt":"2026-02-10T17:29:59","slug":"mis-brelok-ollie-brazowy-2","status":"publish","type":"product","link":"https:\/\/pargift.pl\/index.php\/produkt\/mis-brelok-ollie-brazowy-2\/","title":{"rendered":"Mi\u015b brelok Ollie, br\u0105zowy"},"content":{"rendered":"<h2 data-start=\"0\" data-end=\"69\"><strong data-start=\"3\" data-end=\"69\">Mi\u015b brelok Ollie \u2013 br\u0105zowy R74047.10 \u2013 uroczy brelok do kluczy<\/strong><\/h2>\n<p data-start=\"71\" data-end=\"550\">Mi\u015b brelok <strong data-start=\"82\" data-end=\"101\">Ollie R74047.10<\/strong> to <strong data-start=\"105\" data-end=\"155\">br\u0105zowy brelok w kszta\u0142cie sympatycznego misia<\/strong>, kt\u00f3ry \u0142\u0105czy <strong data-start=\"169\" data-end=\"218\">estetyczny wygl\u0105d z praktycznym zastosowaniem<\/strong> jako dodatek do kluczy, torebki, plecaka lub paska. Wykonany z trwa\u0142ego materia\u0142u, brelok jest <strong data-start=\"314\" data-end=\"334\">lekki i por\u0119czny<\/strong>, a jego przyjazna forma dodaje charakteru codziennym akcesoriom. Neutralny br\u0105zowy kolor sprawia, \u017ce produkt \u015bwietnie komponuje si\u0119 z r\u00f3\u017cnymi stylami i nadaje si\u0119 zar\u00f3wno dla doros\u0142ych, jak i m\u0142odszych u\u017cytkownik\u00f3w.<\/p>\n<p data-start=\"552\" data-end=\"777\">Brelok Ollie to r\u00f3wnie\u017c <strong data-start=\"576\" data-end=\"620\">atrakcyjny gad\u017cet reklamowy lub upominek<\/strong>, kt\u00f3ry mo\u017cna personalizowa\u0107 poprzez nadruk lub logotyp firmy \u2014 praktyczny i estetyczny dodatek, kt\u00f3ry u\u017cytkownicy ch\u0119tnie b\u0119d\u0105 nosi\u0107 przy sobie na co dzie\u0144.<\/p>\n<h3 data-start=\"779\" data-end=\"815\"><strong data-start=\"783\" data-end=\"815\">Najwa\u017cniejsze cechy produktu<\/strong><\/h3>\n<ul>\n<li data-start=\"818\" data-end=\"876\"><strong data-start=\"818\" data-end=\"846\">Brelok w kszta\u0142cie misia<\/strong> \u2013 uroczy i przyjazny design<\/li>\n<li data-start=\"879\" data-end=\"929\"><strong data-start=\"879\" data-end=\"897\">Kolor: br\u0105zowy<\/strong> \u2013 ciep\u0142y i uniwersalny odcie\u0144<\/li>\n<li data-start=\"932\" data-end=\"988\"><strong data-start=\"932\" data-end=\"961\">Materia\u0142 trwa\u0142y i odporny<\/strong> \u2013 komfortowe u\u017cytkowanie<\/li>\n<li data-start=\"991\" data-end=\"1060\"><strong data-start=\"991\" data-end=\"1010\">K\u00f3\u0142ko na klucze<\/strong> \u2013 praktyczne mocowanie do kluczy lub akcesori\u00f3w<\/li>\n<li data-start=\"1063\" data-end=\"1102\">Lekka konstrukcja \u2013 \u0142atwy do noszenia<\/li>\n<\/ul>\n<h3 data-start=\"1104\" data-end=\"1135\"><strong data-start=\"1108\" data-end=\"1135\">Dlaczego warto go mie\u0107?<\/strong><\/h3>\n<p data-start=\"1136\" data-end=\"1521\">Mi\u015b brelok Ollie to praktyczny i stylowy dodatek, kt\u00f3ry nie tylko porz\u0105dkuje klucze, ale te\u017c dodaje osobistego charakteru codziennym przedmiotom. Dzi\u0119ki kompaktowym rozmiarom brelok \u015bwietnie sprawdza si\u0119 w codziennym u\u017cytkowaniu, a jego estetyczny wygl\u0105d i neutralna kolorystyka czyni\u0105 go r\u00f3wnie\u017c atrakcyjnym <strong data-start=\"1445\" data-end=\"1468\">gad\u017cetem reklamowym<\/strong> \u2014 szczeg\u00f3lnie po dodaniu <strong data-start=\"1494\" data-end=\"1520\">logo lub nadruku firmy<\/strong>.<\/p>\n","protected":false},"excerpt":{"rendered":"<p>Brelok mi\u015b w koszulce.<\/p>\n<p><strong>Mi\u015b brelok Ollie to po\u0142\u0105czenie przyjemnego pluszu i praktycznego breloka o wymiarze 80 mm.<\/strong><\/p>\n<p><strong>Produkt nadaje si\u0119 do znakowania.<\/strong><\/p>\n","protected":false},"featured_media":36834,"comment_status":"open","ping_status":"closed","template":"","meta":[],"product_brand":[],"product_cat":[],"product_tag":[10056,10060,10063,10065,10066,10059,10061,9873,8529,10057,10062,10064,10055],"class_list":{"0":"post-36833","1":"product","2":"type-product","3":"status-publish","4":"has-post-thumbnail","6":"product_tag-akcesoria-do-kluczy-ollie","7":"product_tag-brelok-design","8":"product_tag-brelok-mis-ollie-brazowy","9":"product_tag-brelok-misiek-brazowy","10":"product_tag-brelok-modny-brazowy","11":"product_tag-brelok-na-torbe-i-plecak","12":"product_tag-brelok-prezent-firmowy","13":"product_tag-brelok-upominkowy-mis","14":"product_tag-gadzet-reklamowy-brelok","15":"product_tag-personalizowany-brelok-z-logo","16":"product_tag-praktyczny-brelok-codzienny","17":"product_tag-r74047-10-brelok-do-kluczy","18":"product_tag-uroczy-brelok-do-kluczy","20":"first","21":"instock","22":"shipping-taxable","23":"purchasable","24":"product-type-simple"},"_links":{"self":[{"href":"https:\/\/pargift.pl\/index.php\/wp-json\/wp\/v2\/product\/36833","targetHints":{"allow":["GET"]}}],"collection":[{"href":"https:\/\/pargift.pl\/index.php\/wp-json\/wp\/v2\/product"}],"about":[{"href":"https:\/\/pargift.pl\/index.php\/wp-json\/wp\/v2\/types\/product"}],"replies":[{"embeddable":true,"href":"https:\/\/pargift.pl\/index.php\/wp-json\/wp\/v2\/comments?post=36833"}],"version-history":[{"count":2,"href":"https:\/\/pargift.pl\/index.php\/wp-json\/wp\/v2\/product\/36833\/revisions"}],"predecessor-version":[{"id":38997,"href":"https:\/\/pargift.pl\/index.php\/wp-json\/wp\/v2\/product\/36833\/revisions\/38997"}],"wp:featuredmedia":[{"embeddable":true,"href":"https:\/\/pargift.pl\/index.php\/wp-json\/wp\/v2\/media\/36834"}],"wp:attachment":[{"href":"https:\/\/pargift.pl\/index.php\/wp-json\/wp\/v2\/media?parent=36833"}],"wp:term":[{"taxonomy":"product_brand","embeddable":true,"href":"https:\/\/pargift.pl\/index.php\/wp-json\/wp\/v2\/product_brand?post=36833"},{"taxonomy":"product_cat","embeddable":true,"href":"https:\/\/pargift.pl\/index.php\/wp-json\/wp\/v2\/product_cat?post=36833"},{"taxonomy":"product_tag","embeddable":true,"href":"https:\/\/pargift.pl\/index.php\/wp-json\/wp\/v2\/product_tag?post=36833"}],"curies":[{"name":"wp","href":"https:\/\/api.w.org\/{rel}","templated":true}]}}