{"id":36827,"date":"2025-12-09T17:10:45","date_gmt":"2025-12-09T17:10:45","guid":{"rendered":"https:\/\/pargift.pl\/index.php\/produkt\/kubek-termiczny-z-termometrem-bounce-420-ml-czarny-2\/"},"modified":"2026-02-10T17:29:55","modified_gmt":"2026-02-10T17:29:55","slug":"kubek-termiczny-z-termometrem-bounce-420-ml-czarny-2","status":"publish","type":"product","link":"https:\/\/pargift.pl\/index.php\/produkt\/kubek-termiczny-z-termometrem-bounce-420-ml-czarny-2\/","title":{"rendered":"Kubek termiczny z termometrem Bounce 420 ml, czarny"},"content":{"rendered":"<h2 data-start=\"0\" data-end=\"100\"><strong data-start=\"3\" data-end=\"100\">Kubek termiczny z termometrem Bounce 420 ml \u2013 czarny R08438.02 \u2013 funkcjonalny kubek izolowany<\/strong><\/h2>\n<p data-start=\"102\" data-end=\"648\">Kubek termiczny <strong data-start=\"118\" data-end=\"138\">Bounce R08438.02<\/strong> to <strong data-start=\"142\" data-end=\"188\">czarny kubek izolowany o pojemno\u015bci 420 ml<\/strong>, kt\u00f3ry \u0142\u0105czy <strong data-start=\"202\" data-end=\"255\">nowoczesny design z zaawansowan\u0105 funkcjonalno\u015bci\u0105<\/strong> \u2013 idealny do codziennego picia kawy, herbaty czy innych napoj\u00f3w w domu, biurze, w podr\u00f3\u017cy czy podczas spacer\u00f3w. Dzi\u0119ki <strong data-start=\"375\" data-end=\"458\">pr\u00f3\u017cniowej izolacji termicznej z podw\u00f3jnymi \u015bciankami ze stali nierdzewnej 18\/8<\/strong> kubek utrzymuje temperatur\u0119 napoju przez d\u0142u\u017cszy czas, a <strong data-start=\"516\" data-end=\"539\">wbudowany termometr<\/strong> na pokrywce pozwala w prosty spos\u00f3b sprawdzi\u0107 aktualn\u0105 temperatur\u0119 napoju bez konieczno\u015bci otwierania kubka.<\/p>\n<p data-start=\"650\" data-end=\"1057\">Kubek Bounce zosta\u0142 zaprojektowany z my\u015bl\u0105 o wygodzie u\u017cytkownika \u2013 <strong data-start=\"718\" data-end=\"742\">ergonomiczny kszta\u0142t<\/strong>, <strong data-start=\"744\" data-end=\"765\">szczelna pokrywka<\/strong> oraz praktyczna skala termometru \u0142\u0105cz\u0105 komfort i funkcjonalno\u015b\u0107. Czarny kolor nadaje mu eleganckiego charakteru, dzi\u0119ki czemu \u015bwietnie prezentuje si\u0119 w codziennym u\u017cytkowaniu, a jego nowoczesny wygl\u0105d sprawia, \u017ce mo\u017ce by\u0107 tak\u017ce <strong data-start=\"994\" data-end=\"1029\">praktycznym gad\u017cetem reklamowym<\/strong> lub <strong data-start=\"1034\" data-end=\"1056\">prezentem firmowym<\/strong>.<\/p>\n<h3 data-start=\"1059\" data-end=\"1095\"><strong data-start=\"1063\" data-end=\"1095\">Najwa\u017cniejsze cechy produktu<\/strong><\/h3>\n<ul>\n<li data-start=\"1098\" data-end=\"1165\"><strong data-start=\"1098\" data-end=\"1119\">Pojemno\u015b\u0107: 420 ml<\/strong> \u2013 kompaktowa wielko\u015b\u0107 do ulubionych napoj\u00f3w<\/li>\n<li data-start=\"1168\" data-end=\"1253\"><strong data-start=\"1168\" data-end=\"1216\">Izolacja pr\u00f3\u017cniowa ze stali nierdzewnej 18\/8<\/strong> \u2013 doskona\u0142e utrzymanie temperatury<\/li>\n<li data-start=\"1256\" data-end=\"1322\"><strong data-start=\"1256\" data-end=\"1279\">Wbudowany termometr<\/strong> \u2013 szybkie sprawdzanie temperatury napoju<\/li>\n<li data-start=\"1325\" data-end=\"1380\"><strong data-start=\"1325\" data-end=\"1346\">Szczelna pokrywka<\/strong> \u2013 zabezpiecza przed wyciekaniem<\/li>\n<li data-start=\"1383\" data-end=\"1435\"><strong data-start=\"1383\" data-end=\"1400\">Kolor: czarny<\/strong> \u2013 uniwersalny i elegancki design<\/li>\n<li data-start=\"1438\" data-end=\"1481\"><strong data-start=\"1438\" data-end=\"1460\">Ergonomiczna forma<\/strong> \u2013 wygoda u\u017cytkowania<\/li>\n<\/ul>\n<h3 data-start=\"1483\" data-end=\"1514\"><strong data-start=\"1487\" data-end=\"1514\">Dlaczego warto go mie\u0107?<\/strong><\/h3>\n<p data-start=\"1515\" data-end=\"2007\">Kubek termiczny Bounce to po\u0142\u0105czenie <strong data-start=\"1552\" data-end=\"1580\">estetyki i praktyczno\u015bci<\/strong> \u2013 utrzymuje temperatur\u0119 napoju oraz pozwala sprawdzi\u0107 jego ciep\u0142ot\u0119 w ka\u017cdej chwili dzi\u0119ki wbudowanemu termometrowi. Jest \u015bwietny zar\u00f3wno dla mi\u0142o\u015bnik\u00f3w gor\u0105cych napoj\u00f3w, jak i tych, kt\u00f3rzy cz\u0119sto pij\u0105 napoje ch\u0142odniejsze. Solidna konstrukcja i elegancki wygl\u0105d sprawiaj\u0105, \u017ce produkt \u015bwietnie nadaje si\u0119 tak\u017ce jako <strong data-start=\"1896\" data-end=\"1947\">funkcjonalny gad\u017cet reklamowy z logotypem firmy<\/strong> lub <strong data-start=\"1952\" data-end=\"1972\">upominek firmowy<\/strong>, kt\u00f3ry b\u0119dzie u\u017cywany na co dzie\u0144.<\/p>\n<h3 data-start=\"2009\" data-end=\"2040\"><strong data-start=\"2013\" data-end=\"2040\">Specyfikacja techniczna<\/strong><\/h3>\n<ul>\n<li data-start=\"2043\" data-end=\"2072\">Kod produktu: <strong data-start=\"2057\" data-end=\"2070\">R08438.02<\/strong><\/li>\n<li data-start=\"2075\" data-end=\"2136\">Nazwa: Kubek termiczny z termometrem Bounce 420 ml \u2013 czarny<\/li>\n<li data-start=\"2139\" data-end=\"2162\">Pojemno\u015b\u0107: <strong data-start=\"2150\" data-end=\"2160\">420 ml<\/strong><\/li>\n<li data-start=\"2165\" data-end=\"2212\">Materia\u0142: <strong data-start=\"2175\" data-end=\"2210\">stal nierdzewna 18\/8 + tworzywo<\/strong><\/li>\n<li data-start=\"2215\" data-end=\"2254\">Izolacja: pr\u00f3\u017cniowa, podw\u00f3jne \u015bcianki<\/li>\n<li data-start=\"2257\" data-end=\"2290\">Termometr: wbudowany w pokrywk\u0119<\/li>\n<li data-start=\"2293\" data-end=\"2308\">Kolor: czarny<\/li>\n<li data-start=\"2311\" data-end=\"2371\">Zastosowanie: kubek termiczny do napoj\u00f3w, gad\u017cet reklamowy<\/li>\n<\/ul>\n","protected":false},"excerpt":{"rendered":"<p>Kubek termiczny z termometrem Bounce R08438.02 to czarny kubek izolowany o pojemno\u015bci 420 ml z podw\u00f3jnymi \u015bciankami ze stali nierdzewnej i wbudowanym termometrem na pokrywce.<\/p>\n<p><strong>Idealny do kawy, herbaty i innych napoj\u00f3w.<\/strong><\/p>\n<p><strong data-start=\"2628\" data-end=\"2665\">Produkt nadaje si\u0119 do znakowania.<\/strong><\/p>\n","protected":false},"featured_media":36828,"comment_status":"open","ping_status":"closed","template":"","meta":[],"product_brand":[],"product_cat":[],"product_tag":[10072,4399,9768,10068,10067,9920,9770,10070,10073,4301,10071,4091,10069],"class_list":{"0":"post-36827","1":"product","2":"type-product","3":"status-publish","4":"has-post-thumbnail","6":"product_tag-ergonomiczny-kubek-z-termometrem","7":"product_tag-gadet-reklamowy-kubek","8":"product_tag-kubek-do-kawy-i-herbaty-termiczny","9":"product_tag-kubek-izolowany-z-termometrem-420-ml","10":"product_tag-kubek-termiczny-bounce-czarny","11":"product_tag-kubek-termiczny-stal-nierdzewna","12":"product_tag-kubek-termo-do-biura","13":"product_tag-kubek-z-pomiarem-temperatury","14":"product_tag-kubek-z-szczelna-pokrywka","15":"product_tag-nowoczesny-kubek-termiczny","16":"product_tag-personalizowany-kubek-z-logo","17":"product_tag-praktyczny-kubek-podrny","18":"product_tag-r08438-02-kubek-termiczny","20":"first","21":"instock","22":"shipping-taxable","23":"purchasable","24":"product-type-simple"},"_links":{"self":[{"href":"https:\/\/pargift.pl\/index.php\/wp-json\/wp\/v2\/product\/36827","targetHints":{"allow":["GET"]}}],"collection":[{"href":"https:\/\/pargift.pl\/index.php\/wp-json\/wp\/v2\/product"}],"about":[{"href":"https:\/\/pargift.pl\/index.php\/wp-json\/wp\/v2\/types\/product"}],"replies":[{"embeddable":true,"href":"https:\/\/pargift.pl\/index.php\/wp-json\/wp\/v2\/comments?post=36827"}],"version-history":[{"count":2,"href":"https:\/\/pargift.pl\/index.php\/wp-json\/wp\/v2\/product\/36827\/revisions"}],"predecessor-version":[{"id":38999,"href":"https:\/\/pargift.pl\/index.php\/wp-json\/wp\/v2\/product\/36827\/revisions\/38999"}],"wp:featuredmedia":[{"embeddable":true,"href":"https:\/\/pargift.pl\/index.php\/wp-json\/wp\/v2\/media\/36828"}],"wp:attachment":[{"href":"https:\/\/pargift.pl\/index.php\/wp-json\/wp\/v2\/media?parent=36827"}],"wp:term":[{"taxonomy":"product_brand","embeddable":true,"href":"https:\/\/pargift.pl\/index.php\/wp-json\/wp\/v2\/product_brand?post=36827"},{"taxonomy":"product_cat","embeddable":true,"href":"https:\/\/pargift.pl\/index.php\/wp-json\/wp\/v2\/product_cat?post=36827"},{"taxonomy":"product_tag","embeddable":true,"href":"https:\/\/pargift.pl\/index.php\/wp-json\/wp\/v2\/product_tag?post=36827"}],"curies":[{"name":"wp","href":"https:\/\/api.w.org\/{rel}","templated":true}]}}