{"id":36819,"date":"2025-12-09T17:10:28","date_gmt":"2025-12-09T17:10:28","guid":{"rendered":"https:\/\/pargift.pl\/index.php\/produkt\/swieczka-zapachowa-imola-bialy-2\/"},"modified":"2025-12-11T02:00:39","modified_gmt":"2025-12-11T02:00:39","slug":"swieczka-zapachowa-imola-bialy-2","status":"publish","type":"product","link":"https:\/\/pargift.pl\/index.php\/produkt\/swieczka-zapachowa-imola-bialy-2\/","title":{"rendered":"\u015awieczka zapachowa Imola, bia\u0142y"},"content":{"rendered":"<p>\u015awieca zapachowa w szkle, zamykana drewnianym wieczkiem. \u015awieca o zapachu kwiatu pomara\u0144czy i wanilli. Orze\u017awiaj\u0105cy i delikatny zapach pozwoli stworzy\u0107 nastr\u00f3j ukojenia i wyciszenia. Czas palenia oko\u0142o 40 godzin. Waga wosku 220 g.<\/p>\n","protected":false},"excerpt":{"rendered":"<p>mail_44 dla kobiet movie \u015bwiecz \u015bwieca 4923<\/p>\n","protected":false},"featured_media":36820,"comment_status":"open","ping_status":"closed","template":"","meta":[],"product_brand":[],"product_cat":[],"product_tag":[97,117],"class_list":{"0":"post-36819","1":"product","2":"type-product","3":"status-publish","4":"has-post-thumbnail","6":"product_tag-artykuly-swiateczne","7":"product_tag-ozdoby-domowe","9":"first","10":"outofstock","11":"shipping-taxable","12":"purchasable","13":"product-type-simple"},"_links":{"self":[{"href":"https:\/\/pargift.pl\/index.php\/wp-json\/wp\/v2\/product\/36819","targetHints":{"allow":["GET"]}}],"collection":[{"href":"https:\/\/pargift.pl\/index.php\/wp-json\/wp\/v2\/product"}],"about":[{"href":"https:\/\/pargift.pl\/index.php\/wp-json\/wp\/v2\/types\/product"}],"replies":[{"embeddable":true,"href":"https:\/\/pargift.pl\/index.php\/wp-json\/wp\/v2\/comments?post=36819"}],"version-history":[{"count":0,"href":"https:\/\/pargift.pl\/index.php\/wp-json\/wp\/v2\/product\/36819\/revisions"}],"wp:featuredmedia":[{"embeddable":true,"href":"https:\/\/pargift.pl\/index.php\/wp-json\/wp\/v2\/media\/36820"}],"wp:attachment":[{"href":"https:\/\/pargift.pl\/index.php\/wp-json\/wp\/v2\/media?parent=36819"}],"wp:term":[{"taxonomy":"product_brand","embeddable":true,"href":"https:\/\/pargift.pl\/index.php\/wp-json\/wp\/v2\/product_brand?post=36819"},{"taxonomy":"product_cat","embeddable":true,"href":"https:\/\/pargift.pl\/index.php\/wp-json\/wp\/v2\/product_cat?post=36819"},{"taxonomy":"product_tag","embeddable":true,"href":"https:\/\/pargift.pl\/index.php\/wp-json\/wp\/v2\/product_tag?post=36819"}],"curies":[{"name":"wp","href":"https:\/\/api.w.org\/{rel}","templated":true}]}}