{"id":36538,"date":"2025-12-08T17:12:37","date_gmt":"2025-12-08T17:12:37","guid":{"rendered":"https:\/\/pargift.pl\/index.php\/produkt\/worek-na-prezenty-pod-choinke-glitter-bialy\/"},"modified":"2026-01-04T21:38:47","modified_gmt":"2026-01-04T21:38:47","slug":"worek-na-prezenty-pod-choinke-glitter-bialy","status":"publish","type":"product","link":"https:\/\/pargift.pl\/index.php\/produkt\/worek-na-prezenty-pod-choinke-glitter-bialy\/","title":{"rendered":"Worek na prezenty pod choink\u0119 Glitter, bia\u0142y"},"content":{"rendered":"<p>Plecak \/ worek ozdobiony brokatowym \u015bwi\u0105tecznym motywem. Idealny na prezenty \u015bwi\u0105teczne. Wykonany z poliestru 210D. Artyku\u0142 sezonowy (nie podlega zwrotowi).<\/p>\n","protected":false},"excerpt":{"rendered":"<p>Plecak \/ worek ozdobiony brokatowym \u015bwi\u0105tecznym motywem. Idealny na prezenty \u015bwi\u0105teczne. Wykonany z poliestru 210D. Artyku\u0142 sezonowy (nie podlega zwrotowi).<\/p>\n","protected":false},"featured_media":36539,"comment_status":"open","ping_status":"closed","template":"","meta":[],"product_brand":[],"product_cat":[97,139],"product_tag":[],"class_list":{"0":"post-36538","1":"product","2":"type-product","3":"status-publish","4":"has-post-thumbnail","6":"product_cat-artykuly-swiateczne","7":"product_cat-opakowania-prezentowe","9":"first","10":"instock","11":"shipping-taxable","12":"purchasable","13":"product-type-simple"},"_links":{"self":[{"href":"https:\/\/pargift.pl\/index.php\/wp-json\/wp\/v2\/product\/36538","targetHints":{"allow":["GET"]}}],"collection":[{"href":"https:\/\/pargift.pl\/index.php\/wp-json\/wp\/v2\/product"}],"about":[{"href":"https:\/\/pargift.pl\/index.php\/wp-json\/wp\/v2\/types\/product"}],"replies":[{"embeddable":true,"href":"https:\/\/pargift.pl\/index.php\/wp-json\/wp\/v2\/comments?post=36538"}],"version-history":[{"count":1,"href":"https:\/\/pargift.pl\/index.php\/wp-json\/wp\/v2\/product\/36538\/revisions"}],"predecessor-version":[{"id":39003,"href":"https:\/\/pargift.pl\/index.php\/wp-json\/wp\/v2\/product\/36538\/revisions\/39003"}],"wp:featuredmedia":[{"embeddable":true,"href":"https:\/\/pargift.pl\/index.php\/wp-json\/wp\/v2\/media\/36539"}],"wp:attachment":[{"href":"https:\/\/pargift.pl\/index.php\/wp-json\/wp\/v2\/media?parent=36538"}],"wp:term":[{"taxonomy":"product_brand","embeddable":true,"href":"https:\/\/pargift.pl\/index.php\/wp-json\/wp\/v2\/product_brand?post=36538"},{"taxonomy":"product_cat","embeddable":true,"href":"https:\/\/pargift.pl\/index.php\/wp-json\/wp\/v2\/product_cat?post=36538"},{"taxonomy":"product_tag","embeddable":true,"href":"https:\/\/pargift.pl\/index.php\/wp-json\/wp\/v2\/product_tag?post=36538"}],"curies":[{"name":"wp","href":"https:\/\/api.w.org\/{rel}","templated":true}]}}