{"id":36460,"date":"2025-12-08T17:12:21","date_gmt":"2025-12-08T17:12:21","guid":{"rendered":"https:\/\/pargift.pl\/index.php\/produkt\/butelka-termiczna-mendoza-500-ml-pomaranczowy\/"},"modified":"2026-02-10T17:29:56","modified_gmt":"2026-02-10T17:29:56","slug":"butelka-termiczna-mendoza-500-ml-pomaranczowy","status":"publish","type":"product","link":"https:\/\/pargift.pl\/index.php\/produkt\/butelka-termiczna-mendoza-500-ml-pomaranczowy\/","title":{"rendered":"Butelka termiczna Mendoza 500 ml, pomara\u0144czowy"},"content":{"rendered":"<div class=\"text-base my-auto mx-auto pb-10 [--thread-content-margin:--spacing(4)] @w-sm\/main:[--thread-content-margin:--spacing(6)] @w-lg\/main:[--thread-content-margin:--spacing(16)] px-(--thread-content-margin)\">\n<div class=\"[--thread-content-max-width:40rem] @w-lg\/main:[--thread-content-max-width:48rem] mx-auto max-w-(--thread-content-max-width) flex-1 group\/turn-messages focus-visible:outline-hidden relative flex w-full min-w-0 flex-col agent-turn\" tabindex=\"-1\">\n<div class=\"flex max-w-full flex-col grow\">\n<div class=\"min-h-8 text-message relative flex w-full flex-col items-end gap-2 text-start break-words whitespace-normal [.text-message+&amp;]:mt-1\" dir=\"auto\" data-message-author-role=\"assistant\" data-message-id=\"585aed6f-79ac-47f6-a275-5c720b369c66\" data-message-model-slug=\"gpt-5-2\">\n<div class=\"flex w-full flex-col gap-1 empty:hidden first:pt-[1px]\">\n<div class=\"markdown prose dark:prose-invert w-full wrap-break-word dark markdown-new-styling\">\n<h2 data-start=\"0\" data-end=\"91\"><strong data-start=\"3\" data-end=\"91\">Butelka termiczna Mendoza 500 ml \u2013 pomara\u0144czowy R08192.15 \u2013 kolorowy bidon izolowany<\/strong><\/h2>\n<p data-start=\"93\" data-end=\"561\">Butelka termiczna <strong data-start=\"111\" data-end=\"132\">Mendoza R08192.15<\/strong> to <strong data-start=\"136\" data-end=\"178\">pomara\u0144czowy bidon o pojemno\u015bci 500 ml<\/strong>, kt\u00f3ry \u0142\u0105czy <strong data-start=\"192\" data-end=\"252\">nowoczesny design z funkcjonalno\u015bci\u0105 izolacji termicznej<\/strong> \u2014 idealny do codziennego picia napoj\u00f3w zar\u00f3wno gor\u0105cych, jak i zimnych. Dzi\u0119ki <strong data-start=\"332\" data-end=\"404\">pr\u00f3\u017cniowej izolacji z podw\u00f3jnymi \u015bciankami ze stali nierdzewnej 18\/8<\/strong> bidon utrzymuje temperatur\u0119 napoj\u00f3w przez wiele godzin, co sprawdza si\u0119 zar\u00f3wno w pracy, szkole, jak i podczas spacer\u00f3w czy aktywno\u015bci na \u015bwie\u017cym powietrzu.<\/p>\n<p data-start=\"563\" data-end=\"936\">Produkt wyposa\u017cony jest w <strong data-start=\"589\" data-end=\"610\">szczeln\u0105 zakr\u0119tk\u0119<\/strong>, kt\u00f3ra zapobiega wyciekaniu i u\u0142atwia przenoszenie bidonu w torbie lub plecaku. Intensywny <strong data-start=\"702\" data-end=\"724\">pomara\u0144czowy kolor<\/strong> nadaje mu energetycznego charakteru i wyr\u00f3\u017cnia go na tle innych akcesori\u00f3w, a jednocze\u015bnie sprawia, \u017ce \u015bwietnie prezentuje si\u0119 jako <strong data-start=\"857\" data-end=\"909\">praktyczny gad\u017cet reklamowy lub upominek firmowy<\/strong> z logotypem lub nadrukiem.<\/p>\n<h3 data-start=\"938\" data-end=\"974\"><strong data-start=\"942\" data-end=\"974\">Najwa\u017cniejsze cechy produktu<\/strong><\/h3>\n<ul>\n<li data-start=\"977\" data-end=\"1056\"><strong data-start=\"977\" data-end=\"998\">Pojemno\u015b\u0107: 500 ml<\/strong> \u2013 odpowiednia na wod\u0119, kaw\u0119, herbat\u0119 i napoje ch\u0142odz\u0105ce<\/li>\n<li data-start=\"1059\" data-end=\"1139\"><strong data-start=\"1059\" data-end=\"1104\">Izolacja pr\u00f3\u017cniowa z podw\u00f3jnymi \u015bciankami<\/strong> \u2013 d\u0142u\u017csze utrzymanie temperatury<\/li>\n<li data-start=\"1142\" data-end=\"1200\"><strong data-start=\"1142\" data-end=\"1165\">Kolor: pomara\u0144czowy<\/strong> \u2013 intensywny i nowoczesny wygl\u0105d<\/li>\n<li data-start=\"1203\" data-end=\"1258\"><strong data-start=\"1203\" data-end=\"1224\">Szczelna zakr\u0119tka<\/strong> \u2013 zabezpiecza przed wyciekaniem<\/li>\n<li data-start=\"1261\" data-end=\"1331\"><strong data-start=\"1261\" data-end=\"1274\">Materia\u0142:<\/strong> stal nierdzewna 18\/8 \u2013 trwa\u0142a i odporna na u\u017cytkowanie<\/li>\n<li data-start=\"1334\" data-end=\"1395\"><strong data-start=\"1334\" data-end=\"1356\">Ergonomiczna forma<\/strong> \u2013 wygodna w trzymaniu i przenoszeniu<\/li>\n<\/ul>\n<h3 data-start=\"1397\" data-end=\"1428\"><strong data-start=\"1401\" data-end=\"1428\">Dlaczego warto j\u0105 mie\u0107?<\/strong><\/h3>\n<p data-start=\"1429\" data-end=\"1904\">Butelka termiczna Mendoza to praktyczne rozwi\u0105zanie dla os\u00f3b, kt\u00f3re chc\u0105 cieszy\u0107 si\u0119 ulubionymi napojami o w\u0142a\u015bciwej temperaturze przez d\u0142u\u017cszy czas \u2014 w pracy, w podr\u00f3\u017cy czy podczas aktywno\u015bci na \u015bwie\u017cym powietrzu. Jej intensywny kolor i ergonomiczny kszta\u0142t sprawiaj\u0105, \u017ce produkt jest atrakcyjny zar\u00f3wno wizualnie, jak i u\u017cytkowo. Dzi\u0119ki mo\u017cliwo\u015bci <strong data-start=\"1779\" data-end=\"1827\">personalizacji logotypem firmy lub nadrukiem<\/strong> bidon jest tak\u017ce atrakcyjnym <strong data-start=\"1857\" data-end=\"1903\">gad\u017cetem reklamowym lub prezentem firmowym<\/strong>.<\/p>\n<\/div>\n<\/div>\n<\/div>\n<\/div>\n<\/div>\n<\/div>\n","protected":false},"excerpt":{"rendered":"<p>Butelka termiczna Mendoza R08192.15 to pomara\u0144czowy bidon o pojemno\u015bci 500 ml z izolacj\u0105 pr\u00f3\u017cniow\u0105 i podw\u00f3jnymi \u015bciankami ze stali nierdzewnej.<\/p>\n<p><strong>Idealny do utrzymywania temperatury napoj\u00f3w gor\u0105cych i zimnych podczas codziennego u\u017cytkowania.<\/strong><\/p>\n<p><strong data-start=\"2183\" data-end=\"2220\">Produkt nadaje si\u0119 do znakowania.<\/strong><\/p>\n","protected":false},"featured_media":36461,"comment_status":"open","ping_status":"closed","template":"","meta":[],"product_brand":[],"product_cat":[119],"product_tag":[10083,10089,9820,10081,10086,10092,10088,10084,10094,9758,10091,10093],"class_list":{"0":"post-36460","1":"product","2":"type-product","3":"status-publish","4":"has-post-thumbnail","6":"product_cat-izotermiczne","7":"product_tag-bidon-do-kawy-i-herbaty","8":"product_tag-bidon-do-pracy-i-podrozy","9":"product_tag-bidon-do-spacerow-i-treningu","10":"product_tag-bidon-izolowany-500-ml","11":"product_tag-bidon-stal-nierdzewna","12":"product_tag-butelka-termiczna-mendoza-pomaranczowy","13":"product_tag-ergonomiczny-bidon-termiczny","14":"product_tag-gadzet-reklamowy-butelka-termiczna","15":"product_tag-nowoczesny-bidon-pomaranczowy","16":"product_tag-personalizowany-bidon-z-logo","17":"product_tag-praktyczny-bidon-codzienny","18":"product_tag-r08192-15-termiczna-butelka","20":"first","21":"instock","22":"shipping-taxable","23":"purchasable","24":"product-type-simple"},"_links":{"self":[{"href":"https:\/\/pargift.pl\/index.php\/wp-json\/wp\/v2\/product\/36460","targetHints":{"allow":["GET"]}}],"collection":[{"href":"https:\/\/pargift.pl\/index.php\/wp-json\/wp\/v2\/product"}],"about":[{"href":"https:\/\/pargift.pl\/index.php\/wp-json\/wp\/v2\/types\/product"}],"replies":[{"embeddable":true,"href":"https:\/\/pargift.pl\/index.php\/wp-json\/wp\/v2\/comments?post=36460"}],"version-history":[{"count":2,"href":"https:\/\/pargift.pl\/index.php\/wp-json\/wp\/v2\/product\/36460\/revisions"}],"predecessor-version":[{"id":39007,"href":"https:\/\/pargift.pl\/index.php\/wp-json\/wp\/v2\/product\/36460\/revisions\/39007"}],"wp:featuredmedia":[{"embeddable":true,"href":"https:\/\/pargift.pl\/index.php\/wp-json\/wp\/v2\/media\/36461"}],"wp:attachment":[{"href":"https:\/\/pargift.pl\/index.php\/wp-json\/wp\/v2\/media?parent=36460"}],"wp:term":[{"taxonomy":"product_brand","embeddable":true,"href":"https:\/\/pargift.pl\/index.php\/wp-json\/wp\/v2\/product_brand?post=36460"},{"taxonomy":"product_cat","embeddable":true,"href":"https:\/\/pargift.pl\/index.php\/wp-json\/wp\/v2\/product_cat?post=36460"},{"taxonomy":"product_tag","embeddable":true,"href":"https:\/\/pargift.pl\/index.php\/wp-json\/wp\/v2\/product_tag?post=36460"}],"curies":[{"name":"wp","href":"https:\/\/api.w.org\/{rel}","templated":true}]}}