{"id":36367,"date":"2025-12-08T17:12:02","date_gmt":"2025-12-08T17:12:02","guid":{"rendered":"https:\/\/pargift.pl\/index.php\/produkt\/domino-ecoworld-bezowy-2\/"},"modified":"2025-12-17T19:44:01","modified_gmt":"2025-12-17T19:44:01","slug":"domino-ecoworld-bezowy-2","status":"publish","type":"product","link":"https:\/\/pargift.pl\/index.php\/produkt\/domino-ecoworld-bezowy-2\/","title":{"rendered":"Domino Ecoworld, be\u017cowy"},"content":{"rendered":"<p>Edukacyjne domino z 28 kafelkami przedstawiaj\u0105cymi ekologiczne symbole, takie jak recykling, sadzenie drzew czy ochrona Ziemi. Gra uczy przez zabaw\u0119, rozwija \u015bwiadomo\u015b\u0107 ekologiczn\u0105, logiczne my\u015blenie. Wykonana z trwa\u0142ego kartonu, pakowane w tekturowe pude\u0142ko.<\/p>\n","protected":false},"excerpt":{"rendered":"<p>Edukacyjne domino z 28 kafelkami przedstawiaj\u0105cymi ekologiczne symbole, takie jak recykling, sadzenie drzew czy ochrona Ziemi. Gra uczy przez zabaw\u0119,<\/p>\n","protected":false},"featured_media":36368,"comment_status":"open","ping_status":"closed","template":"","meta":[],"product_brand":[],"product_cat":[80],"product_tag":[],"class_list":{"0":"post-36367","1":"product","2":"type-product","3":"status-publish","4":"has-post-thumbnail","6":"product_cat-gry","8":"first","9":"instock","10":"shipping-taxable","11":"purchasable","12":"product-type-simple"},"_links":{"self":[{"href":"https:\/\/pargift.pl\/index.php\/wp-json\/wp\/v2\/product\/36367","targetHints":{"allow":["GET"]}}],"collection":[{"href":"https:\/\/pargift.pl\/index.php\/wp-json\/wp\/v2\/product"}],"about":[{"href":"https:\/\/pargift.pl\/index.php\/wp-json\/wp\/v2\/types\/product"}],"replies":[{"embeddable":true,"href":"https:\/\/pargift.pl\/index.php\/wp-json\/wp\/v2\/comments?post=36367"}],"version-history":[{"count":0,"href":"https:\/\/pargift.pl\/index.php\/wp-json\/wp\/v2\/product\/36367\/revisions"}],"wp:featuredmedia":[{"embeddable":true,"href":"https:\/\/pargift.pl\/index.php\/wp-json\/wp\/v2\/media\/36368"}],"wp:attachment":[{"href":"https:\/\/pargift.pl\/index.php\/wp-json\/wp\/v2\/media?parent=36367"}],"wp:term":[{"taxonomy":"product_brand","embeddable":true,"href":"https:\/\/pargift.pl\/index.php\/wp-json\/wp\/v2\/product_brand?post=36367"},{"taxonomy":"product_cat","embeddable":true,"href":"https:\/\/pargift.pl\/index.php\/wp-json\/wp\/v2\/product_cat?post=36367"},{"taxonomy":"product_tag","embeddable":true,"href":"https:\/\/pargift.pl\/index.php\/wp-json\/wp\/v2\/product_tag?post=36367"}],"curies":[{"name":"wp","href":"https:\/\/api.w.org\/{rel}","templated":true}]}}