{"id":36300,"date":"2025-12-08T17:11:48","date_gmt":"2025-12-08T17:11:48","guid":{"rendered":"https:\/\/pargift.pl\/index.php\/produkt\/zestaw-upominkowy-dlugopis-i-brelok-couple-czerwony\/"},"modified":"2026-02-10T17:29:55","modified_gmt":"2026-02-10T17:29:55","slug":"zestaw-upominkowy-dlugopis-i-brelok-couple-czerwony","status":"publish","type":"product","link":"https:\/\/pargift.pl\/index.php\/produkt\/zestaw-upominkowy-dlugopis-i-brelok-couple-czerwony\/","title":{"rendered":"Zestaw upominkowy d\u0142ugopis i brelok Couple, czerwony"},"content":{"rendered":"<h3>Zestaw upominkowy d\u0142ugopis i brelok Couple, czerwony | SKU: R02326.08<\/h3>\n<p>Zestaw promocyjny sk\u0142adaj\u0105cy si\u0119 z d\u0142ugopisu i breloczka wykonanych z aluminium pochodz\u0105cego z recyklingu. Ca\u0142o\u015b\u0107 zapakowana w czarne, kartonowe pude\u0142ko. D\u0142ugopis z niebieskim wk\u0142adem.<\/p>\n<h3>Dlaczego warto wybra\u0107?<\/h3>\n<ol>\n<li>Elegancki wygl\u0105d.<\/li>\n<li>Materia\u0142 pochodz\u0105cy z recyklingu.<\/li>\n<li>Wysokiej jako\u015bci wykonanie.<\/li>\n<li>Niebieski wk\u0142ad d\u0142ugopisu.<\/li>\n<li>Idealny na prezent.<\/li>\n<\/ol>\n<h3>Specyfikacja produktu<\/h3>\n<ul>\n<li><strong>Materia\u0142:<\/strong> Aluminium, tektura<\/li>\n<li><strong>Kolor:<\/strong> Czerwony<\/li>\n<li><strong>Wymiary:<\/strong> D\u0142ugopis: 145 x 10 x 10 mm; Brelok: 50 x 24 x 2 mm<\/li>\n<\/ul>\n<h3>Zastosowanie<\/h3>\n<ol>\n<li><strong>Do biura<\/strong> \u2013 elegancki d\u0142ugopis na spotkania.<\/li>\n<li><strong>Na prezent<\/strong> \u2013 \u015bwietny zestaw upominkowy.<\/li>\n<li><strong>Na konferencje<\/strong> \u2013 jako gad\u017cet reklamowy.<\/li>\n<li><strong>Do domu<\/strong> \u2013 funkcjonalny brelok.<\/li>\n<li><strong>Dla pracownik\u00f3w<\/strong> \u2013 stylowy i praktyczny.<\/li>\n<\/ol>\n<p><strong>Dodatkowy aspekt:<\/strong> Zestaw Couple \u0142\u0105czy styl z ekologicznym podej\u015bciem, dzi\u0119ki materia\u0142om z recyklingu.<\/p>\n<h3>Zestaw idealny na ka\u017cd\u0105 okazj\u0119<\/h3>\n<p><strong>Kup teraz i ciesz si\u0119 wygod\u0105, jak\u0105 oferuje zestaw Couple.<\/strong><\/p>\n<p>Tworzymy wyj\u0105tkowe upominki, na kt\u00f3rych mo\u017cemy umie\u015bci\u0107 <strong>dowolny nadruk<\/strong> lub <strong>grawer z Twoim logo<\/strong>, gwarantuj\u0105c niezapomniane wra\u017cenie i personalizowany prezent, kt\u00f3ry <strong>zostanie zapami\u0119tany na d\u0142ugo<\/strong>.<\/p>\n","protected":false},"excerpt":{"rendered":"<p>Zestaw promocyjny sk\u0142adaj\u0105cy si\u0119 z d\u0142ugopisu i breloczka wykonanych z aluminium pochodz\u0105cego z recyklingu. Ca\u0142o\u015b\u0107 zapakowana w czarne, kartonowe pude\u0142ko. D\u0142ugopis z niebieskim wk\u0142adem.<\/p>\n<p><strong>Zestaw Couple to po\u0142\u0105czenie stylu i ekologicznego designu o wymiarach d\u0142ugopisu: 145 x 10 x 10 mm i breloka: 50 x 24 x 2 mm.<\/strong><\/p>\n<p><strong>Produkt nadaje si\u0119 do znakowania.<\/strong><\/p>\n","protected":false},"featured_media":36301,"comment_status":"open","ping_status":"closed","template":"","meta":[],"product_brand":[],"product_cat":[131],"product_tag":[3504,3503,3502,1986,3501,3497,3500,289,736,3499],"class_list":{"0":"post-36300","1":"product","2":"type-product","3":"status-publish","4":"has-post-thumbnail","6":"product_cat-zestawy-pismiennicze","7":"product_tag-czerwony-brelok-reklamowy","8":"product_tag-czerwony-dugopis-z-brelokiem","9":"product_tag-dugopis-z-recyklingu","10":"product_tag-ekologiczne-akcesoria-biurowe","11":"product_tag-ekologiczny-zestaw-upominkowy","12":"product_tag-elegancki-zestaw-upominkowy","13":"product_tag-gadet-reklamowy-z-logo","14":"product_tag-personalizowany-brelok","15":"product_tag-prezent-firmowy","16":"product_tag-r0232608","18":"first","19":"instock","20":"shipping-taxable","21":"purchasable","22":"product-type-simple"},"_links":{"self":[{"href":"https:\/\/pargift.pl\/index.php\/wp-json\/wp\/v2\/product\/36300","targetHints":{"allow":["GET"]}}],"collection":[{"href":"https:\/\/pargift.pl\/index.php\/wp-json\/wp\/v2\/product"}],"about":[{"href":"https:\/\/pargift.pl\/index.php\/wp-json\/wp\/v2\/types\/product"}],"replies":[{"embeddable":true,"href":"https:\/\/pargift.pl\/index.php\/wp-json\/wp\/v2\/comments?post=36300"}],"version-history":[{"count":0,"href":"https:\/\/pargift.pl\/index.php\/wp-json\/wp\/v2\/product\/36300\/revisions"}],"wp:featuredmedia":[{"embeddable":true,"href":"https:\/\/pargift.pl\/index.php\/wp-json\/wp\/v2\/media\/36301"}],"wp:attachment":[{"href":"https:\/\/pargift.pl\/index.php\/wp-json\/wp\/v2\/media?parent=36300"}],"wp:term":[{"taxonomy":"product_brand","embeddable":true,"href":"https:\/\/pargift.pl\/index.php\/wp-json\/wp\/v2\/product_brand?post=36300"},{"taxonomy":"product_cat","embeddable":true,"href":"https:\/\/pargift.pl\/index.php\/wp-json\/wp\/v2\/product_cat?post=36300"},{"taxonomy":"product_tag","embeddable":true,"href":"https:\/\/pargift.pl\/index.php\/wp-json\/wp\/v2\/product_tag?post=36300"}],"curies":[{"name":"wp","href":"https:\/\/api.w.org\/{rel}","templated":true}]}}