{"id":36219,"date":"2025-12-08T17:11:31","date_gmt":"2025-12-08T17:11:31","guid":{"rendered":"https:\/\/pargift.pl\/index.php\/produkt\/wydruk-uv-dtf-mix\/"},"modified":"2026-02-10T17:29:54","modified_gmt":"2026-02-10T17:29:54","slug":"wydruk-uv-dtf-mix","status":"publish","type":"product","link":"https:\/\/pargift.pl\/index.php\/produkt\/wydruk-uv-dtf-mix\/","title":{"rendered":"Wydruk UV-DTF, mix"},"content":{"rendered":"<p>Wydruk UV-DTF to metoda przenoszenia wydruk\u00f3w z folii transferowej na r\u00f3\u017cne powierzchnie. Dzi\u0119ki wykorzystaniu tej technologii mo\u017cna przenosi\u0107 grafiki na nietypowe powierzchnie. Druk UV-DTF nie wymaga stosowania prasy termotransferowej. Podana cena jest cen\u0105 arkusza 520x250mm. Ka\u017cdy projekt kierowany jest do indywidualnej wyceny.<\/p>\n","protected":false},"excerpt":{"rendered":"<p>Wydruk UV-DTF to metoda przenoszenia wydruk\u00f3w z folii transferowej na r\u00f3\u017cne powierzchnie. Dzi\u0119ki wykorzystaniu tej technologii mo\u017cna przenosi\u0107 grafiki na<\/p>\n","protected":false},"featured_media":36220,"comment_status":"open","ping_status":"closed","template":"","meta":[],"product_brand":[],"product_cat":[128],"product_tag":[],"class_list":{"0":"post-36219","1":"product","2":"type-product","3":"status-publish","4":"has-post-thumbnail","6":"product_cat-na-biurko","8":"first","9":"instock","10":"shipping-taxable","11":"purchasable","12":"product-type-simple"},"_links":{"self":[{"href":"https:\/\/pargift.pl\/index.php\/wp-json\/wp\/v2\/product\/36219","targetHints":{"allow":["GET"]}}],"collection":[{"href":"https:\/\/pargift.pl\/index.php\/wp-json\/wp\/v2\/product"}],"about":[{"href":"https:\/\/pargift.pl\/index.php\/wp-json\/wp\/v2\/types\/product"}],"replies":[{"embeddable":true,"href":"https:\/\/pargift.pl\/index.php\/wp-json\/wp\/v2\/comments?post=36219"}],"version-history":[{"count":0,"href":"https:\/\/pargift.pl\/index.php\/wp-json\/wp\/v2\/product\/36219\/revisions"}],"wp:featuredmedia":[{"embeddable":true,"href":"https:\/\/pargift.pl\/index.php\/wp-json\/wp\/v2\/media\/36220"}],"wp:attachment":[{"href":"https:\/\/pargift.pl\/index.php\/wp-json\/wp\/v2\/media?parent=36219"}],"wp:term":[{"taxonomy":"product_brand","embeddable":true,"href":"https:\/\/pargift.pl\/index.php\/wp-json\/wp\/v2\/product_brand?post=36219"},{"taxonomy":"product_cat","embeddable":true,"href":"https:\/\/pargift.pl\/index.php\/wp-json\/wp\/v2\/product_cat?post=36219"},{"taxonomy":"product_tag","embeddable":true,"href":"https:\/\/pargift.pl\/index.php\/wp-json\/wp\/v2\/product_tag?post=36219"}],"curies":[{"name":"wp","href":"https:\/\/api.w.org\/{rel}","templated":true}]}}