{"id":36154,"date":"2025-12-08T17:11:18","date_gmt":"2025-12-08T17:11:18","guid":{"rendered":"https:\/\/pargift.pl\/index.php\/produkt\/butelka-termiczna-montana-500-ml-srebrny\/"},"modified":"2026-02-10T17:29:54","modified_gmt":"2026-02-10T17:29:54","slug":"butelka-termiczna-montana-500-ml-srebrny","status":"publish","type":"product","link":"https:\/\/pargift.pl\/index.php\/produkt\/butelka-termiczna-montana-500-ml-srebrny\/","title":{"rendered":"Butelka termiczna Montana 500 ml, srebrny"},"content":{"rendered":"<h2 data-start=\"0\" data-end=\"90\"><strong data-start=\"3\" data-end=\"90\">Butelka termiczna Montana 500 ml \u2013 srebrny R08206.01 \u2013 funkcjonalny bidon izolowany<\/strong><\/h2>\n<p data-start=\"92\" data-end=\"628\">Butelka termiczna <strong data-start=\"110\" data-end=\"131\">Montana R08206.01<\/strong> to <strong data-start=\"135\" data-end=\"172\">srebrny bidon o pojemno\u015bci 500 ml<\/strong>, kt\u00f3ry \u0142\u0105czy <strong data-start=\"186\" data-end=\"272\">nowoczesny, minimalistyczny design z praktycznymi w\u0142a\u015bciwo\u015bciami termoizolacyjnymi<\/strong> \u2014 idealny do codziennego u\u017cytkowania w domu, w pracy, w podr\u00f3\u017cy czy podczas aktywno\u015bci na \u015bwie\u017cym powietrzu. Dzi\u0119ki <strong data-start=\"389\" data-end=\"456\">pr\u00f3\u017cniowej izolacji z podw\u00f3jnymi \u015bciankami ze stali nierdzewnej<\/strong> bidon skutecznie utrzymuje <strong data-start=\"484\" data-end=\"556\">gor\u0105ce napoje ciep\u0142e oraz zimne napoje sch\u0142odzone przez wiele godzin<\/strong>, co zwi\u0119ksza komfort u\u017cytkowania w r\u00f3\u017cnych sytuacjach dnia codziennego.<\/p>\n<p data-start=\"630\" data-end=\"1024\">Produkt wyposa\u017cony jest w <strong data-start=\"656\" data-end=\"677\">szczeln\u0105 zakr\u0119tk\u0119<\/strong>, kt\u00f3ra chroni nap\u00f3j przed przypadkowym rozlaniem i u\u0142atwia jego przenoszenie w torbie, plecaku czy samochodzie. <strong data-start=\"790\" data-end=\"807\">Srebrny kolor<\/strong> nadaje bidonowi eleganckiego, uniwersalnego charakteru, kt\u00f3ry \u015bwietnie komponuje si\u0119 zar\u00f3wno z klasycznymi, jak i nowoczesnymi stylami. Ergonomiczna forma sprawia, \u017ce bidon jest wygodny w d\u0142oni i \u0142atwy w u\u017cytkowaniu.<\/p>\n<h3 data-start=\"1026\" data-end=\"1062\"><strong data-start=\"1030\" data-end=\"1062\">Najwa\u017cniejsze cechy produktu<\/strong><\/h3>\n<ul>\n<li data-start=\"1065\" data-end=\"1124\"><strong data-start=\"1065\" data-end=\"1086\">Pojemno\u015b\u0107: 500 ml<\/strong> \u2013 odpowiednia ilo\u015b\u0107 napoju na dzie\u0144<\/li>\n<li data-start=\"1127\" data-end=\"1236\"><strong data-start=\"1127\" data-end=\"1172\">Izolacja pr\u00f3\u017cniowa z podw\u00f3jnymi \u015bciankami<\/strong> \u2013 skuteczne utrzymanie temperatury gor\u0105cych i zimnych napoj\u00f3w<\/li>\n<li data-start=\"1239\" data-end=\"1291\"><strong data-start=\"1239\" data-end=\"1257\">Kolor: srebrny<\/strong> \u2013 elegancki, uniwersalny design<\/li>\n<li data-start=\"1294\" data-end=\"1347\"><strong data-start=\"1294\" data-end=\"1315\">Szczelna zakr\u0119tka<\/strong> \u2013 zabezpiecza przed wyciekiem<\/li>\n<li data-start=\"1350\" data-end=\"1415\"><strong data-start=\"1350\" data-end=\"1363\">Materia\u0142:<\/strong> stal nierdzewna \u2013 trwa\u0142y i odporny na u\u017cytkowanie<\/li>\n<li data-start=\"1418\" data-end=\"1479\"><strong data-start=\"1418\" data-end=\"1440\">Ergonomiczna forma<\/strong> \u2013 wygodne przenoszenie i u\u017cytkowanie<\/li>\n<\/ul>\n<h3 data-start=\"1481\" data-end=\"1512\"><strong data-start=\"1485\" data-end=\"1512\">Dlaczego warto j\u0105 mie\u0107?<\/strong><\/h3>\n<p data-start=\"1513\" data-end=\"2032\">Butelka termiczna Montana to <strong data-start=\"1542\" data-end=\"1578\">praktyczny i wszechstronny bidon<\/strong>, kt\u00f3ry pozwala cieszy\u0107 si\u0119 ulubionymi napojami w odpowiedniej temperaturze przez d\u0142u\u017cszy czas \u2014 niezale\u017cnie od tego, czy jeste\u015b w pracy, na spacerze czy podczas treningu. Solidna konstrukcja i szczelna zakr\u0119tka zapewniaj\u0105 komfort u\u017cytkowania, a <strong data-start=\"1824\" data-end=\"1841\">srebrny kolor<\/strong> dodaje elegancji i uniwersalno\u015bci. Butelka \u015bwietnie sprawdza si\u0119 jako <strong data-start=\"1912\" data-end=\"1961\">praktyczny gad\u017cet reklamowy z logotypem firmy<\/strong> lub <strong data-start=\"1966\" data-end=\"1986\">upominek firmowy<\/strong> \u2014 funkcjonalny i ch\u0119tnie u\u017cywany na co dzie\u0144.<\/p>\n","protected":false},"excerpt":{"rendered":"<p>Butelka termiczna Montana R08206.01 to srebrny bidon o pojemno\u015bci 500 ml z izolacj\u0105 pr\u00f3\u017cniow\u0105 i podw\u00f3jnymi \u015bciankami ze stali nierdzewnej.<\/p>\n<p><strong>Idealny do utrzymywania temperatury napoj\u00f3w gor\u0105cych i zimnych podczas codziennego u\u017cytkowania.<\/strong><\/p>\n<p><strong data-start=\"2306\" data-end=\"2343\">Produkt nadaje si\u0119 do znakowania.<\/strong><\/p>\n","protected":false},"featured_media":36155,"comment_status":"open","ping_status":"closed","template":"","meta":[],"product_brand":[],"product_cat":[141],"product_tag":[10083,10089,8683,10081,10164,10172,10174,10177,10084,10175,9758,10091,10173,10176],"class_list":{"0":"post-36154","1":"product","2":"type-product","3":"status-publish","4":"has-post-thumbnail","6":"product_cat-butelki-bidony","7":"product_tag-bidon-do-kawy-i-herbaty","8":"product_tag-bidon-do-pracy-i-podrozy","9":"product_tag-bidon-do-spacerow-i-treningow","10":"product_tag-bidon-izolowany-500-ml","11":"product_tag-bidon-z-izolacja-prozniowa","12":"product_tag-butelka-termiczna-montana-srebrny","13":"product_tag-ergonomiczny-bidon-stal-nierdzewna","14":"product_tag-funkcjonalny-bidon-termo","15":"product_tag-gadzet-reklamowy-butelka-termiczna","16":"product_tag-nowoczesny-bidon-srebrny","17":"product_tag-personalizowany-bidon-z-logo","18":"product_tag-praktyczny-bidon-codzienny","19":"product_tag-r08206-01-termiczna-butelka","20":"product_tag-uniwersalny-bidon-ceramiczny","22":"first","23":"instock","24":"shipping-taxable","25":"purchasable","26":"product-type-simple"},"_links":{"self":[{"href":"https:\/\/pargift.pl\/index.php\/wp-json\/wp\/v2\/product\/36154","targetHints":{"allow":["GET"]}}],"collection":[{"href":"https:\/\/pargift.pl\/index.php\/wp-json\/wp\/v2\/product"}],"about":[{"href":"https:\/\/pargift.pl\/index.php\/wp-json\/wp\/v2\/types\/product"}],"replies":[{"embeddable":true,"href":"https:\/\/pargift.pl\/index.php\/wp-json\/wp\/v2\/comments?post=36154"}],"version-history":[{"count":1,"href":"https:\/\/pargift.pl\/index.php\/wp-json\/wp\/v2\/product\/36154\/revisions"}],"predecessor-version":[{"id":39026,"href":"https:\/\/pargift.pl\/index.php\/wp-json\/wp\/v2\/product\/36154\/revisions\/39026"}],"wp:featuredmedia":[{"embeddable":true,"href":"https:\/\/pargift.pl\/index.php\/wp-json\/wp\/v2\/media\/36155"}],"wp:attachment":[{"href":"https:\/\/pargift.pl\/index.php\/wp-json\/wp\/v2\/media?parent=36154"}],"wp:term":[{"taxonomy":"product_brand","embeddable":true,"href":"https:\/\/pargift.pl\/index.php\/wp-json\/wp\/v2\/product_brand?post=36154"},{"taxonomy":"product_cat","embeddable":true,"href":"https:\/\/pargift.pl\/index.php\/wp-json\/wp\/v2\/product_cat?post=36154"},{"taxonomy":"product_tag","embeddable":true,"href":"https:\/\/pargift.pl\/index.php\/wp-json\/wp\/v2\/product_tag?post=36154"}],"curies":[{"name":"wp","href":"https:\/\/api.w.org\/{rel}","templated":true}]}}