{"id":35938,"date":"2025-12-08T17:10:33","date_gmt":"2025-12-08T17:10:33","guid":{"rendered":"https:\/\/pargift.pl\/index.php\/produkt\/trofeum-redondo-czarny-2\/"},"modified":"2026-02-10T17:29:52","modified_gmt":"2026-02-10T17:29:52","slug":"trofeum-redondo-czarny-2","status":"publish","type":"product","link":"https:\/\/pargift.pl\/index.php\/produkt\/trofeum-redondo-czarny-2\/","title":{"rendered":"Trofeum Redondo, czarny"},"content":{"rendered":"<h2 data-start=\"0\" data-end=\"66\"><strong data-start=\"3\" data-end=\"66\">Trofeum Redondo \u2013 czarny R22192.02 \u2013 eleganckie wyr\u00f3\u017cnienie<\/strong><\/h2>\n<p data-start=\"68\" data-end=\"568\">Trofeum <strong data-start=\"76\" data-end=\"97\">Redondo R22192.02<\/strong> to <strong data-start=\"101\" data-end=\"157\">eleganckie wyr\u00f3\u017cnienie w klasycznym, czarnym kolorze<\/strong>, kt\u00f3re \u015bwietnie sprawdza si\u0119 jako nagroda w konkursach, zawodach czy firmowych eventach. Wykonane z solidnych materia\u0142\u00f3w, \u0142\u0105czy <strong data-start=\"286\" data-end=\"317\">estetyk\u0119 i presti\u017cow\u0105 form\u0119<\/strong> \u2013 jego minimalistyczny, ale efektowny kszta\u0142t przyci\u0105ga uwag\u0119 i podkre\u015bla wyj\u0105tkowy charakter osi\u0105gni\u0119cia. Dzi\u0119ki uniwersalnemu stylowi trofeum pasuje do r\u00f3\u017cnych dziedzin i okazji, od sportowych turniej\u00f3w po gala wyr\u00f3\u017cnienia klient\u00f3w lub pracownik\u00f3w.<\/p>\n<p data-start=\"570\" data-end=\"897\">Produkt mo\u017cna dodatkowo <strong data-start=\"594\" data-end=\"683\">spersonalizowa\u0107 poprzez nadruk lub grawerowanie logotypu, nazwiska czy tytu\u0142u nagrody<\/strong>, przez co staje si\u0119 unikalnym symbolem sukcesu, kt\u00f3ry z dum\u0105 zostanie zaprezentowany na p\u00f3\u0142ce, biurku czy w gablotce. To doskona\u0142y spos\u00f3b, by doceni\u0107 zaanga\u017cowanie, osi\u0105gni\u0119cia, lojalno\u015b\u0107 lub szczeg\u00f3lne rezultaty.<\/p>\n<h3 data-start=\"899\" data-end=\"935\"><strong data-start=\"903\" data-end=\"935\">Najwa\u017cniejsze cechy produktu<\/strong><\/h3>\n<ul>\n<li data-start=\"938\" data-end=\"983\"><strong data-start=\"938\" data-end=\"948\">Kolor:<\/strong> czarny \u2014 elegancki i uniwersalny<\/li>\n<li data-start=\"986\" data-end=\"1059\"><strong data-start=\"986\" data-end=\"998\">Kszta\u0142t:<\/strong> klasyczny design \u2014 wyr\u00f3\u017cnienie odpowiednie na r\u00f3\u017cne okazje<\/li>\n<li data-start=\"1062\" data-end=\"1103\">Solidne wykonanie \u2014 trwa\u0142o\u015b\u0107 i estetyka<\/li>\n<li data-start=\"1106\" data-end=\"1175\">Idealne do personalizacji \u2014 grawer\/logotyp, nazwa wyr\u00f3\u017cnienia, data<\/li>\n<li data-start=\"1178\" data-end=\"1241\">Doskona\u0142e na <strong data-start=\"1191\" data-end=\"1239\">nagrody sportowe, eventowe, firmowe, szkolne<\/strong><\/li>\n<\/ul>\n<h3 data-start=\"1243\" data-end=\"1274\"><strong data-start=\"1247\" data-end=\"1274\">Dlaczego warto je mie\u0107?<\/strong><\/h3>\n<p data-start=\"1275\" data-end=\"1720\">Trofeum Redondo to <strong data-start=\"1294\" data-end=\"1323\">presti\u017cowy symbol uznania<\/strong>, kt\u00f3ry wzmacnia poczucie sukcesu i celebruje osi\u0105gni\u0119cia w spos\u00f3b elegancki i trwa\u0142y. Dzi\u0119ki klasycznemu wzornictwu \u015bwietnie komponuje si\u0119 zar\u00f3wno w przestrzeniach formalnych, jak i domowych gablotach. Mo\u017cliwo\u015b\u0107 <strong data-start=\"1536\" data-end=\"1577\">personalizacji grawerem lub nadrukiem<\/strong> pozwala dopasowa\u0107 trofeum do charakteru wydarzenia, co czyni je wyj\u0105tkowym upominkiem dla zwyci\u0119zc\u00f3w, top klient\u00f3w, pracownik\u00f3w lub partner\u00f3w.<\/p>\n","protected":false},"excerpt":{"rendered":"<p>Trofeum Redondo R22192.02 to czarne, eleganckie trofeum.<\/p>\n<p><strong>\u015awietne jako nagroda w konkursach, zawodach lub eventach, kt\u00f3re mo\u017cesz spersonalizowa\u0107 nadrukiem lub grawerem z logotypem, nazwiskiem lub tytu\u0142em wyr\u00f3\u017cnienia.<\/strong><\/p>\n<p><strong>Produkt nadaje si\u0119 do znakowania.<\/strong><\/p>\n","protected":false},"featured_media":35939,"comment_status":"open","ping_status":"closed","template":"","meta":[],"product_brand":[],"product_cat":[128],"product_tag":[10189,10184,10187,10182,10185,10183,10179,10180,10181,10188,10178,10190,10186],"class_list":{"0":"post-35938","1":"product","2":"type-product","3":"status-publish","4":"has-post-thumbnail","6":"product_cat-na-biurko","7":"product_tag-eleganckie-trofeum-czarne","8":"product_tag-gadzet-reklamowy-trofeum","9":"product_tag-nagroda-dla-pracownikow","10":"product_tag-nagroda-sportowa","11":"product_tag-personalizowane-trofeum-z-logo","12":"product_tag-puchar-firmowy","13":"product_tag-r22192-02-nagroda","14":"product_tag-trofeum-do-grawerowania","15":"product_tag-trofeum-eventowe","16":"product_tag-trofeum-konkursowe","17":"product_tag-trofeum-redondo-czarny","18":"product_tag-trofeum-z-personalizacja","19":"product_tag-wyroznienie-dla-klientow","21":"first","22":"instock","23":"shipping-taxable","24":"purchasable","25":"product-type-simple"},"_links":{"self":[{"href":"https:\/\/pargift.pl\/index.php\/wp-json\/wp\/v2\/product\/35938","targetHints":{"allow":["GET"]}}],"collection":[{"href":"https:\/\/pargift.pl\/index.php\/wp-json\/wp\/v2\/product"}],"about":[{"href":"https:\/\/pargift.pl\/index.php\/wp-json\/wp\/v2\/types\/product"}],"replies":[{"embeddable":true,"href":"https:\/\/pargift.pl\/index.php\/wp-json\/wp\/v2\/comments?post=35938"}],"version-history":[{"count":2,"href":"https:\/\/pargift.pl\/index.php\/wp-json\/wp\/v2\/product\/35938\/revisions"}],"predecessor-version":[{"id":39027,"href":"https:\/\/pargift.pl\/index.php\/wp-json\/wp\/v2\/product\/35938\/revisions\/39027"}],"wp:featuredmedia":[{"embeddable":true,"href":"https:\/\/pargift.pl\/index.php\/wp-json\/wp\/v2\/media\/35939"}],"wp:attachment":[{"href":"https:\/\/pargift.pl\/index.php\/wp-json\/wp\/v2\/media?parent=35938"}],"wp:term":[{"taxonomy":"product_brand","embeddable":true,"href":"https:\/\/pargift.pl\/index.php\/wp-json\/wp\/v2\/product_brand?post=35938"},{"taxonomy":"product_cat","embeddable":true,"href":"https:\/\/pargift.pl\/index.php\/wp-json\/wp\/v2\/product_cat?post=35938"},{"taxonomy":"product_tag","embeddable":true,"href":"https:\/\/pargift.pl\/index.php\/wp-json\/wp\/v2\/product_tag?post=35938"}],"curies":[{"name":"wp","href":"https:\/\/api.w.org\/{rel}","templated":true}]}}