{"id":35793,"date":"2025-12-08T17:10:02","date_gmt":"2025-12-08T17:10:02","guid":{"rendered":"https:\/\/pargift.pl\/index.php\/produkt\/kubek-termiczny-bergen-340-ml-czarny\/"},"modified":"2026-02-10T17:29:51","modified_gmt":"2026-02-10T17:29:51","slug":"kubek-termiczny-bergen-340-ml-czarny","status":"publish","type":"product","link":"https:\/\/pargift.pl\/index.php\/produkt\/kubek-termiczny-bergen-340-ml-czarny\/","title":{"rendered":"Kubek termiczny Bergen 340 ml, czarny"},"content":{"rendered":"<h2 data-start=\"0\" data-end=\"84\"><strong data-start=\"3\" data-end=\"84\">Kubek termiczny Bergen 340 ml \u2013 czarny R08479.02 \u2013 kompaktowy kubek izolowany<\/strong><\/h2>\n<p data-start=\"86\" data-end=\"571\">Kubek termiczny <strong data-start=\"102\" data-end=\"122\">Bergen R08479.02<\/strong> to <strong data-start=\"126\" data-end=\"172\">czarny kubek izolowany o pojemno\u015bci 340 ml<\/strong>, kt\u00f3ry \u0142\u0105czy <strong data-start=\"186\" data-end=\"232\">nowoczesny design z praktyczn\u0105 konstrukcj\u0105<\/strong> \u2013 idealny do codziennego picia kawy, herbaty i innych napoj\u00f3w w domu, w biurze, w podr\u00f3\u017cy lub podczas spacer\u00f3w. Dzi\u0119ki <strong data-start=\"352\" data-end=\"419\">pr\u00f3\u017cniowej izolacji z podw\u00f3jnymi \u015bciankami ze stali nierdzewnej<\/strong> kubek skutecznie utrzymuje temperatur\u0119 napoju przez wiele godzin, co pozwala cieszy\u0107 si\u0119 jego w\u0142a\u015bciw\u0105 temperatur\u0105 niezale\u017cnie od warunk\u00f3w u\u017cytkowania.<\/p>\n<p data-start=\"573\" data-end=\"976\">Produkt wyposa\u017cony jest w <strong data-start=\"599\" data-end=\"632\">praktyczn\u0105, szczeln\u0105 pokrywk\u0119<\/strong>, kt\u00f3ra zabezpiecza nap\u00f3j przed przypadkowym rozlaniem \u2013 co jest szczeg\u00f3lnie przydatne w ruchu. <strong data-start=\"728\" data-end=\"744\">Czarny kolor<\/strong> nadaje mu uniwersalnego i eleganckiego charakteru, dzi\u0119ki czemu kubek Bergen \u015bwietnie komponuje si\u0119 z r\u00f3\u017cnymi stylami i okazjami. Jego kompaktowy rozmiar oraz wygodna forma sprawiaj\u0105, \u017ce \u015bwietnie sprawdza si\u0119 jako kubek \u201ena wynos\u201d.<\/p>\n<h3 data-start=\"978\" data-end=\"1014\"><strong data-start=\"982\" data-end=\"1014\">Najwa\u017cniejsze cechy produktu<\/strong><\/h3>\n<ul>\n<li data-start=\"1017\" data-end=\"1075\"><strong data-start=\"1017\" data-end=\"1038\">Pojemno\u015b\u0107: 340 ml<\/strong> \u2013 kompaktowa i praktyczna wielko\u015b\u0107<\/li>\n<li data-start=\"1078\" data-end=\"1166\"><strong data-start=\"1078\" data-end=\"1123\">Izolacja pr\u00f3\u017cniowa z podw\u00f3jnymi \u015bciankami<\/strong> \u2013 d\u0142u\u017csze utrzymanie temperatury napoj\u00f3w<\/li>\n<li data-start=\"1169\" data-end=\"1218\"><strong data-start=\"1169\" data-end=\"1186\">Kolor: czarny<\/strong> \u2013 uniwersalny, stylowy wygl\u0105d<\/li>\n<li data-start=\"1221\" data-end=\"1282\"><strong data-start=\"1221\" data-end=\"1242\">Szczelna pokrywka<\/strong> \u2013 chroni przed przypadkowym rozlaniem<\/li>\n<li data-start=\"1285\" data-end=\"1335\"><strong data-start=\"1285\" data-end=\"1298\">Materia\u0142:<\/strong> stal nierdzewna \u2013 trwa\u0142y i odporny<\/li>\n<li data-start=\"1338\" data-end=\"1402\"><strong data-start=\"1338\" data-end=\"1360\">Ergonomiczna forma<\/strong> \u2013 komfortowe u\u017cytkowanie i przenoszenie<\/li>\n<\/ul>\n<h3 data-start=\"1404\" data-end=\"1435\"><strong data-start=\"1408\" data-end=\"1435\">Dlaczego warto go mie\u0107?<\/strong><\/h3>\n<p data-start=\"1436\" data-end=\"2006\">Kubek termiczny Bergen to <strong data-start=\"1462\" data-end=\"1501\">praktyczne i estetyczne rozwi\u0105zanie<\/strong> dla os\u00f3b, kt\u00f3re chc\u0105 mie\u0107 sw\u00f3j ulubiony nap\u00f3j zawsze pod r\u0119k\u0105 \u2013 w odpowiedniej temperaturze. Jego kompaktowa konstrukcja i szczelna pokrywka zwi\u0119kszaj\u0105 wygod\u0119 u\u017cytkowania w ruchu, a elegancki, czarny wygl\u0105d sprawia, \u017ce produkt prezentuje si\u0119 \u015bwietnie zar\u00f3wno w codziennych sytuacjach, jak i w biurze czy podr\u00f3\u017cy. Dzi\u0119ki solidnemu wykonaniu kubek \u015bwietnie sprawdza si\u0119 tak\u017ce jako <strong data-start=\"1881\" data-end=\"1932\">funkcjonalny gad\u017cet reklamowy z logotypem firmy<\/strong> lub <strong data-start=\"1937\" data-end=\"1957\">upominek firmowy<\/strong>, kt\u00f3ry u\u017cytkownicy ch\u0119tnie u\u017cywaj\u0105 ka\u017cdego dnia.<\/p>\n","protected":false},"excerpt":{"rendered":"<p>Kubek termiczny Bergen R08479.02 to czarny kubek izolowany o pojemno\u015bci 340 ml z podw\u00f3jnymi \u015bciankami ze stali nierdzewnej i szczeln\u0105 pokrywk\u0105.<\/p>\n<p><strong>Idealny do kawy, herbaty i innych napoj\u00f3w podczas codziennego u\u017cytkowania.<\/strong><\/p>\n<p><strong data-start=\"2264\" data-end=\"2301\">Produkt nadaje si\u0119 do znakowania.<\/strong><\/p>\n","protected":false},"featured_media":35794,"comment_status":"open","ping_status":"closed","template":"","meta":[],"product_brand":[],"product_cat":[97,119],"product_tag":[9771,4399,10207,10077,10205,10210,9920,10209,8881,10212,10071,9936,10211],"class_list":{"0":"post-35793","1":"product","2":"type-product","3":"status-publish","4":"has-post-thumbnail","6":"product_cat-artykuly-swiateczne","7":"product_cat-izotermiczne","8":"product_tag-ergonomiczny-kubek-podrozny","9":"product_tag-gadet-reklamowy-kubek","10":"product_tag-kubek-do-biura-i-pracy","11":"product_tag-kubek-do-kawy-i-herbaty-termo","12":"product_tag-kubek-izolowany-340-ml","13":"product_tag-kubek-termiczny-bergen-czarny","14":"product_tag-kubek-termiczny-stal-nierdzewna","15":"product_tag-kubek-termo-do-spacerow","16":"product_tag-kubek-z-pokrywka-szczelna","17":"product_tag-nowoczesny-kubek-czarny","18":"product_tag-personalizowany-kubek-z-logo","19":"product_tag-praktyczny-kubek-codzienny","20":"product_tag-r08479-02-kubek-termiczny","22":"first","23":"instock","24":"shipping-taxable","25":"purchasable","26":"product-type-simple"},"_links":{"self":[{"href":"https:\/\/pargift.pl\/index.php\/wp-json\/wp\/v2\/product\/35793","targetHints":{"allow":["GET"]}}],"collection":[{"href":"https:\/\/pargift.pl\/index.php\/wp-json\/wp\/v2\/product"}],"about":[{"href":"https:\/\/pargift.pl\/index.php\/wp-json\/wp\/v2\/types\/product"}],"replies":[{"embeddable":true,"href":"https:\/\/pargift.pl\/index.php\/wp-json\/wp\/v2\/comments?post=35793"}],"version-history":[{"count":2,"href":"https:\/\/pargift.pl\/index.php\/wp-json\/wp\/v2\/product\/35793\/revisions"}],"predecessor-version":[{"id":39032,"href":"https:\/\/pargift.pl\/index.php\/wp-json\/wp\/v2\/product\/35793\/revisions\/39032"}],"wp:featuredmedia":[{"embeddable":true,"href":"https:\/\/pargift.pl\/index.php\/wp-json\/wp\/v2\/media\/35794"}],"wp:attachment":[{"href":"https:\/\/pargift.pl\/index.php\/wp-json\/wp\/v2\/media?parent=35793"}],"wp:term":[{"taxonomy":"product_brand","embeddable":true,"href":"https:\/\/pargift.pl\/index.php\/wp-json\/wp\/v2\/product_brand?post=35793"},{"taxonomy":"product_cat","embeddable":true,"href":"https:\/\/pargift.pl\/index.php\/wp-json\/wp\/v2\/product_cat?post=35793"},{"taxonomy":"product_tag","embeddable":true,"href":"https:\/\/pargift.pl\/index.php\/wp-json\/wp\/v2\/product_tag?post=35793"}],"curies":[{"name":"wp","href":"https:\/\/api.w.org\/{rel}","templated":true}]}}