{"id":35779,"date":"2025-12-08T17:10:00","date_gmt":"2025-12-08T17:10:00","guid":{"rendered":"https:\/\/pargift.pl\/index.php\/produkt\/kubek-termiczny-bergen-340-ml-bialy\/"},"modified":"2026-02-10T17:29:51","modified_gmt":"2026-02-10T17:29:51","slug":"kubek-termiczny-bergen-340-ml-bialy","status":"publish","type":"product","link":"https:\/\/pargift.pl\/index.php\/produkt\/kubek-termiczny-bergen-340-ml-bialy\/","title":{"rendered":"Kubek termiczny Bergen 340 ml, bia\u0142y"},"content":{"rendered":"<h2 data-start=\"0\" data-end=\"83\"><strong data-start=\"3\" data-end=\"83\">Kubek termiczny Bergen 340 ml \u2013 bia\u0142y R08479.06 \u2013 kompaktowy kubek izolowany<\/strong><\/h2>\n<p data-start=\"85\" data-end=\"584\">Kubek termiczny <strong data-start=\"101\" data-end=\"121\">Bergen R08479.06<\/strong> to <strong data-start=\"125\" data-end=\"170\">bia\u0142y kubek izolowany o pojemno\u015bci 340 ml<\/strong>, kt\u00f3ry \u0142\u0105czy <strong data-start=\"184\" data-end=\"252\">estetyczny, minimalistyczny design z praktyczn\u0105 funkcjonalno\u015bci\u0105<\/strong> \u2014 idealny do codziennego picia kawy, herbaty lub innych napoj\u00f3w w domu, w biurze, podczas spacer\u00f3w czy w podr\u00f3\u017cy. Dzi\u0119ki <strong data-start=\"374\" data-end=\"441\">pr\u00f3\u017cniowej izolacji z podw\u00f3jnymi \u015bciankami ze stali nierdzewnej<\/strong> kubek skutecznie utrzymuje temperatur\u0119 napoju przez d\u0142u\u017cszy czas, co pozwala cieszy\u0107 si\u0119 jego optymaln\u0105 temperatur\u0105 w r\u00f3\u017cnych okoliczno\u015bciach.<\/p>\n<p data-start=\"586\" data-end=\"956\">Produkt wyposa\u017cony jest w <strong data-start=\"612\" data-end=\"645\">praktyczn\u0105, szczeln\u0105 pokrywk\u0119<\/strong>, kt\u00f3ra minimalizuje ryzyko rozlania \u2013 co zwi\u0119ksza komfort u\u017cytkowania poza domem. <strong data-start=\"728\" data-end=\"743\">Bia\u0142y kolor<\/strong> nadaje mu uniwersalnego, \u015bwie\u017cego charakteru, dzi\u0119ki czemu kubek Bergen \u015bwietnie komponuje si\u0119 z r\u00f3\u017cnymi stylami i sytuacjami. Jego ergonomiczna forma sprawia, \u017ce jest wygodny w trzymaniu i \u0142atwy do przenoszenia.<\/p>\n<h3 data-start=\"958\" data-end=\"994\"><strong data-start=\"962\" data-end=\"994\">Najwa\u017cniejsze cechy produktu<\/strong><\/h3>\n<ul>\n<li data-start=\"997\" data-end=\"1055\"><strong data-start=\"997\" data-end=\"1018\">Pojemno\u015b\u0107: 340 ml<\/strong> \u2013 kompaktowa i praktyczna wielko\u015b\u0107<\/li>\n<li data-start=\"1058\" data-end=\"1146\"><strong data-start=\"1058\" data-end=\"1103\">Izolacja pr\u00f3\u017cniowa z podw\u00f3jnymi \u015bciankami<\/strong> \u2013 d\u0142u\u017csze utrzymanie temperatury napoj\u00f3w<\/li>\n<li data-start=\"1149\" data-end=\"1199\"><strong data-start=\"1149\" data-end=\"1165\">Kolor: bia\u0142y<\/strong> \u2013 uniwersalny, elegancki wygl\u0105d<\/li>\n<li data-start=\"1202\" data-end=\"1268\"><strong data-start=\"1202\" data-end=\"1223\">Szczelna pokrywka<\/strong> \u2013 zabezpiecza przed przypadkowym rozlaniem<\/li>\n<li data-start=\"1271\" data-end=\"1321\"><strong data-start=\"1271\" data-end=\"1284\">Materia\u0142:<\/strong> stal nierdzewna \u2013 trwa\u0142y i odporny<\/li>\n<li data-start=\"1324\" data-end=\"1388\"><strong data-start=\"1324\" data-end=\"1346\">Ergonomiczna forma<\/strong> \u2013 komfortowe u\u017cytkowanie i przenoszenie<\/li>\n<\/ul>\n<h3 data-start=\"1390\" data-end=\"1421\"><strong data-start=\"1394\" data-end=\"1421\">Dlaczego warto go mie\u0107?<\/strong><\/h3>\n<p data-start=\"1422\" data-end=\"1924\">Kubek termiczny Bergen to <strong data-start=\"1448\" data-end=\"1497\">praktyczne po\u0142\u0105czenie funkcjonalno\u015bci i stylu<\/strong>, kt\u00f3re sprawdza si\u0119 w codziennym \u017cyciu \u2014 zar\u00f3wno podczas pracy, spacer\u00f3w, jak i podr\u00f3\u017cy. Kompaktowa konstrukcja oraz szczelna pokrywka zwi\u0119kszaj\u0105 wygod\u0119 u\u017cytkowania w ruchu, a uniwersalny bia\u0142y kolor dodaje mu \u015bwie\u017cego i estetycznego charakteru. Produkt ten \u015bwietnie sprawdza si\u0119 r\u00f3wnie\u017c jako <strong data-start=\"1791\" data-end=\"1840\">praktyczny gad\u017cet reklamowy z logotypem firmy<\/strong> lub <strong data-start=\"1845\" data-end=\"1865\">upominek firmowy<\/strong>, kt\u00f3ry u\u017cytkownicy ch\u0119tnie b\u0119d\u0105 wykorzystywa\u0107 na co dzie\u0144.<\/p>\n","protected":false},"excerpt":{"rendered":"<p>Kubek termiczny Bergen R08479.06 to bia\u0142y kubek izolowany o pojemno\u015bci 340 ml z podw\u00f3jnymi \u015bciankami ze stali nierdzewnej i szczeln\u0105 pokrywk\u0105.<\/p>\n<p><strong>Idealny do kawy, herbaty i innych napoj\u00f3w podczas codziennego u\u017cytkowania.<\/strong><\/p>\n<p><strong data-start=\"2181\" data-end=\"2218\">Produkt nadaje si\u0119 do znakowania.<\/strong><\/p>\n","protected":false},"featured_media":35780,"comment_status":"open","ping_status":"closed","template":"","meta":[],"product_brand":[],"product_cat":[97,119],"product_tag":[9771,4399,10077,10205,10215,10218,9770,10217,8881,10220,10071,9936,10219],"class_list":{"0":"post-35779","1":"product","2":"type-product","3":"status-publish","4":"has-post-thumbnail","6":"product_cat-artykuly-swiateczne","7":"product_cat-izotermiczne","8":"product_tag-ergonomiczny-kubek-podrozny","9":"product_tag-gadet-reklamowy-kubek","10":"product_tag-kubek-do-kawy-i-herbaty-termo","11":"product_tag-kubek-izolowany-340-ml","12":"product_tag-kubek-stal-nierdzewna-izolacja","13":"product_tag-kubek-termiczny-bergen-bialy","14":"product_tag-kubek-termo-do-biura","15":"product_tag-kubek-termo-do-spaceru","16":"product_tag-kubek-z-pokrywka-szczelna","17":"product_tag-nowoczesny-kubek-bialy","18":"product_tag-personalizowany-kubek-z-logo","19":"product_tag-praktyczny-kubek-codzienny","20":"product_tag-r08479-06-kubek-termiczny","22":"first","23":"instock","24":"shipping-taxable","25":"purchasable","26":"product-type-simple"},"_links":{"self":[{"href":"https:\/\/pargift.pl\/index.php\/wp-json\/wp\/v2\/product\/35779","targetHints":{"allow":["GET"]}}],"collection":[{"href":"https:\/\/pargift.pl\/index.php\/wp-json\/wp\/v2\/product"}],"about":[{"href":"https:\/\/pargift.pl\/index.php\/wp-json\/wp\/v2\/types\/product"}],"replies":[{"embeddable":true,"href":"https:\/\/pargift.pl\/index.php\/wp-json\/wp\/v2\/comments?post=35779"}],"version-history":[{"count":1,"href":"https:\/\/pargift.pl\/index.php\/wp-json\/wp\/v2\/product\/35779\/revisions"}],"predecessor-version":[{"id":39035,"href":"https:\/\/pargift.pl\/index.php\/wp-json\/wp\/v2\/product\/35779\/revisions\/39035"}],"wp:featuredmedia":[{"embeddable":true,"href":"https:\/\/pargift.pl\/index.php\/wp-json\/wp\/v2\/media\/35780"}],"wp:attachment":[{"href":"https:\/\/pargift.pl\/index.php\/wp-json\/wp\/v2\/media?parent=35779"}],"wp:term":[{"taxonomy":"product_brand","embeddable":true,"href":"https:\/\/pargift.pl\/index.php\/wp-json\/wp\/v2\/product_brand?post=35779"},{"taxonomy":"product_cat","embeddable":true,"href":"https:\/\/pargift.pl\/index.php\/wp-json\/wp\/v2\/product_cat?post=35779"},{"taxonomy":"product_tag","embeddable":true,"href":"https:\/\/pargift.pl\/index.php\/wp-json\/wp\/v2\/product_tag?post=35779"}],"curies":[{"name":"wp","href":"https:\/\/api.w.org\/{rel}","templated":true}]}}