{"id":35772,"date":"2025-12-08T17:09:58","date_gmt":"2025-12-08T17:09:58","guid":{"rendered":"https:\/\/pargift.pl\/index.php\/produkt\/kubek-termiczny-bergen-340-ml-czerwony\/"},"modified":"2026-02-10T17:29:51","modified_gmt":"2026-02-10T17:29:51","slug":"kubek-termiczny-bergen-340-ml-czerwony","status":"publish","type":"product","link":"https:\/\/pargift.pl\/index.php\/produkt\/kubek-termiczny-bergen-340-ml-czerwony\/","title":{"rendered":"Kubek termiczny Bergen 340 ml, czerwony"},"content":{"rendered":"<h2 data-start=\"0\" data-end=\"86\"><strong data-start=\"3\" data-end=\"86\">Kubek termiczny Bergen 340 ml \u2013 czerwony R08479.08 \u2013 kompaktowy kubek izolowany<\/strong><\/h2>\n<p data-start=\"88\" data-end=\"580\">Kubek termiczny <strong data-start=\"104\" data-end=\"124\">Bergen R08479.08<\/strong> to <strong data-start=\"128\" data-end=\"176\">czerwony kubek izolowany o pojemno\u015bci 340 ml<\/strong>, kt\u00f3ry \u0142\u0105czy <strong data-start=\"190\" data-end=\"241\">estetyczny wygl\u0105d z praktyczn\u0105 funkcjonalno\u015bci\u0105<\/strong> \u2014 idealny do codziennego picia kawy, herbaty lub innych napoj\u00f3w w domu, w biurze, w podr\u00f3\u017cy lub podczas spacer\u00f3w. Dzi\u0119ki <strong data-start=\"363\" data-end=\"430\">pr\u00f3\u017cniowej izolacji z podw\u00f3jnymi \u015bciankami ze stali nierdzewnej<\/strong> kubek skutecznie utrzymuje temperatur\u0119 napoj\u00f3w przez d\u0142u\u017cszy czas, co pozwala cieszy\u0107 si\u0119 ich w\u0142a\u015bciw\u0105 temperatur\u0105 w r\u00f3\u017cnych warunkach u\u017cytkowania.<\/p>\n<p data-start=\"582\" data-end=\"989\">Produkt wyposa\u017cony jest w <strong data-start=\"608\" data-end=\"641\">praktyczn\u0105, szczeln\u0105 pokrywk\u0119<\/strong>, kt\u00f3ra zmniejsza ryzyko rozlania \u2014 co jest szczeg\u00f3lnie przydatne w ruchu. <strong data-start=\"716\" data-end=\"734\">Czerwony kolor<\/strong> nadaje mu energetycznego i nowoczesnego charakteru, dzi\u0119ki czemu kubek Bergen \u015bwietnie komponuje si\u0119 zar\u00f3wno z codziennymi, jak i bardziej dynamicznymi stylizacjami. Jego <strong data-start=\"906\" data-end=\"928\">ergonomiczna forma<\/strong> sprawia, \u017ce jest wygodny w trzymaniu i \u0142atwy w przenoszeniu.<\/p>\n<h3 data-start=\"991\" data-end=\"1027\"><strong data-start=\"995\" data-end=\"1027\">Najwa\u017cniejsze cechy produktu<\/strong><\/h3>\n<ul>\n<li data-start=\"1030\" data-end=\"1087\"><strong data-start=\"1030\" data-end=\"1051\">Pojemno\u015b\u0107: 340 ml<\/strong> \u2013 kompaktowa, praktyczna wielko\u015b\u0107<\/li>\n<li data-start=\"1090\" data-end=\"1178\"><strong data-start=\"1090\" data-end=\"1135\">Izolacja pr\u00f3\u017cniowa z podw\u00f3jnymi \u015bciankami<\/strong> \u2013 d\u0142u\u017csze utrzymanie temperatury napoj\u00f3w<\/li>\n<li data-start=\"1181\" data-end=\"1235\"><strong data-start=\"1181\" data-end=\"1200\">Kolor: czerwony<\/strong> \u2013 nowoczesny i atrakcyjny design<\/li>\n<li data-start=\"1238\" data-end=\"1304\"><strong data-start=\"1238\" data-end=\"1259\">Szczelna pokrywka<\/strong> \u2013 zabezpiecza przed przypadkowym rozlaniem<\/li>\n<li data-start=\"1307\" data-end=\"1357\"><strong data-start=\"1307\" data-end=\"1320\">Materia\u0142:<\/strong> stal nierdzewna \u2013 trwa\u0142y i odporny<\/li>\n<li data-start=\"1360\" data-end=\"1406\"><strong data-start=\"1360\" data-end=\"1382\">Ergonomiczna forma<\/strong> \u2013 komfort u\u017cytkowania<\/li>\n<\/ul>\n<h3 data-start=\"1408\" data-end=\"1439\"><strong data-start=\"1412\" data-end=\"1439\">Dlaczego warto go mie\u0107?<\/strong><\/h3>\n<p data-start=\"1440\" data-end=\"1933\">Kubek termiczny Bergen to <strong data-start=\"1466\" data-end=\"1502\">praktyczne i stylowe rozwi\u0105zanie<\/strong>, kt\u00f3re sprawdzi si\u0119 w codziennym \u017cyciu \u2014 zar\u00f3wno w pracy, w domu, jak i podczas aktywno\u015bci na \u015bwie\u017cym powietrzu. Kompaktowa budowa i szczelna pokrywka zwi\u0119kszaj\u0105 wygod\u0119 u\u017cytkowania \u201ew biegu\u201d, a intensywny czerwony kolor dodaje kubkowi wyrazistego charakteru. Produkt \u015bwietnie sprawdza si\u0119 r\u00f3wnie\u017c jako <strong data-start=\"1805\" data-end=\"1854\">praktyczny gad\u017cet reklamowy z logotypem firmy<\/strong> lub <strong data-start=\"1859\" data-end=\"1879\">upominek firmowy<\/strong>, kt\u00f3ry u\u017cytkownicy ch\u0119tnie wykorzystuj\u0105 ka\u017cdego dnia.<\/p>\n","protected":false},"excerpt":{"rendered":"<p>Kubek termiczny Bergen R08479.08 to czerwony kubek izolowany o pojemno\u015bci 340 ml z podw\u00f3jnymi \u015bciankami ze stali nierdzewnej i szczeln\u0105 pokrywk\u0105.<\/p>\n<p><strong>Idealny do kawy, herbaty i innych napoj\u00f3w podczas codziennego u\u017cytkowania.<\/strong><\/p>\n<p><strong data-start=\"2193\" data-end=\"2230\">Produkt nadaje si\u0119 do znakowania.<\/strong><\/p>\n","protected":false},"featured_media":35773,"comment_status":"open","ping_status":"closed","template":"","meta":[],"product_brand":[],"product_cat":[97,119],"product_tag":[9771,4399,10077,10205,10215,10221,10224,8881,10223,10071,9936,10222],"class_list":{"0":"post-35772","1":"product","2":"type-product","3":"status-publish","4":"has-post-thumbnail","6":"product_cat-artykuly-swiateczne","7":"product_cat-izotermiczne","8":"product_tag-ergonomiczny-kubek-podrozny","9":"product_tag-gadet-reklamowy-kubek","10":"product_tag-kubek-do-kawy-i-herbaty-termo","11":"product_tag-kubek-izolowany-340-ml","12":"product_tag-kubek-stal-nierdzewna-izolacja","13":"product_tag-kubek-termiczny-bergen-czerwony","14":"product_tag-kubek-termo-do-biura-i-spaceru","15":"product_tag-kubek-z-pokrywka-szczelna","16":"product_tag-nowoczesny-kubek-czerwony","17":"product_tag-personalizowany-kubek-z-logo","18":"product_tag-praktyczny-kubek-codzienny","19":"product_tag-r08479-08-kubek-termiczny","21":"first","22":"instock","23":"shipping-taxable","24":"purchasable","25":"product-type-simple"},"_links":{"self":[{"href":"https:\/\/pargift.pl\/index.php\/wp-json\/wp\/v2\/product\/35772","targetHints":{"allow":["GET"]}}],"collection":[{"href":"https:\/\/pargift.pl\/index.php\/wp-json\/wp\/v2\/product"}],"about":[{"href":"https:\/\/pargift.pl\/index.php\/wp-json\/wp\/v2\/types\/product"}],"replies":[{"embeddable":true,"href":"https:\/\/pargift.pl\/index.php\/wp-json\/wp\/v2\/comments?post=35772"}],"version-history":[{"count":2,"href":"https:\/\/pargift.pl\/index.php\/wp-json\/wp\/v2\/product\/35772\/revisions"}],"predecessor-version":[{"id":39037,"href":"https:\/\/pargift.pl\/index.php\/wp-json\/wp\/v2\/product\/35772\/revisions\/39037"}],"wp:featuredmedia":[{"embeddable":true,"href":"https:\/\/pargift.pl\/index.php\/wp-json\/wp\/v2\/media\/35773"}],"wp:attachment":[{"href":"https:\/\/pargift.pl\/index.php\/wp-json\/wp\/v2\/media?parent=35772"}],"wp:term":[{"taxonomy":"product_brand","embeddable":true,"href":"https:\/\/pargift.pl\/index.php\/wp-json\/wp\/v2\/product_brand?post=35772"},{"taxonomy":"product_cat","embeddable":true,"href":"https:\/\/pargift.pl\/index.php\/wp-json\/wp\/v2\/product_cat?post=35772"},{"taxonomy":"product_tag","embeddable":true,"href":"https:\/\/pargift.pl\/index.php\/wp-json\/wp\/v2\/product_tag?post=35772"}],"curies":[{"name":"wp","href":"https:\/\/api.w.org\/{rel}","templated":true}]}}