{"id":35618,"date":"2025-12-08T17:09:28","date_gmt":"2025-12-08T17:09:28","guid":{"rendered":"https:\/\/pargift.pl\/index.php\/produkt\/swieczka-z-drewniana-przykrywka-alcamoro-motyw-swiateczny-brazowy-transparentny\/"},"modified":"2026-01-04T21:38:41","modified_gmt":"2026-01-04T21:38:41","slug":"swieczka-z-drewniana-przykrywka-alcamoro-motyw-swiateczny-brazowy-transparentny","status":"publish","type":"product","link":"https:\/\/pargift.pl\/index.php\/produkt\/swieczka-z-drewniana-przykrywka-alcamoro-motyw-swiateczny-brazowy-transparentny\/","title":{"rendered":"\u015awieczka z drewnian\u0105 przykrywk\u0105 Alcamoro &#8211; motyw \u015bwi\u0105teczny, br\u0105zowy\/transparentny"},"content":{"rendered":"<p>\u015awieca zapachowa w szkle z drewnian\u0105 przykrywk\u0105 udekorowan\u0105 \u015bwi\u0105tecznym motywem. Aksamitny zapach zimowych owoc\u00f3w i herbaty, wprowadza w stan relaksu i odpr\u0119\u017cenia. \u015awieca mo\u017ce ponadto stanowi\u0107 \u015bwietny element dekoracyjny wn\u0119trza. Czas palenia oko\u0142o 36 godzin. ARTYKU\u0141 SEZONOWY (nie podlega zwrotowi).<\/p>\n","protected":false},"excerpt":{"rendered":"<p>4923<\/p>\n","protected":false},"featured_media":35619,"comment_status":"open","ping_status":"closed","template":"","meta":[],"product_brand":[],"product_cat":[97],"product_tag":[],"class_list":{"0":"post-35618","1":"product","2":"type-product","3":"status-publish","4":"has-post-thumbnail","6":"product_cat-artykuly-swiateczne","8":"first","9":"instock","10":"shipping-taxable","11":"purchasable","12":"product-type-simple"},"_links":{"self":[{"href":"https:\/\/pargift.pl\/index.php\/wp-json\/wp\/v2\/product\/35618","targetHints":{"allow":["GET"]}}],"collection":[{"href":"https:\/\/pargift.pl\/index.php\/wp-json\/wp\/v2\/product"}],"about":[{"href":"https:\/\/pargift.pl\/index.php\/wp-json\/wp\/v2\/types\/product"}],"replies":[{"embeddable":true,"href":"https:\/\/pargift.pl\/index.php\/wp-json\/wp\/v2\/comments?post=35618"}],"version-history":[{"count":0,"href":"https:\/\/pargift.pl\/index.php\/wp-json\/wp\/v2\/product\/35618\/revisions"}],"wp:featuredmedia":[{"embeddable":true,"href":"https:\/\/pargift.pl\/index.php\/wp-json\/wp\/v2\/media\/35619"}],"wp:attachment":[{"href":"https:\/\/pargift.pl\/index.php\/wp-json\/wp\/v2\/media?parent=35618"}],"wp:term":[{"taxonomy":"product_brand","embeddable":true,"href":"https:\/\/pargift.pl\/index.php\/wp-json\/wp\/v2\/product_brand?post=35618"},{"taxonomy":"product_cat","embeddable":true,"href":"https:\/\/pargift.pl\/index.php\/wp-json\/wp\/v2\/product_cat?post=35618"},{"taxonomy":"product_tag","embeddable":true,"href":"https:\/\/pargift.pl\/index.php\/wp-json\/wp\/v2\/product_tag?post=35618"}],"curies":[{"name":"wp","href":"https:\/\/api.w.org\/{rel}","templated":true}]}}