{"id":35512,"date":"2025-12-08T17:09:06","date_gmt":"2025-12-08T17:09:06","guid":{"rendered":"https:\/\/pargift.pl\/index.php\/produkt\/kubek-ceramiczny-hello-christmas-bialy\/"},"modified":"2026-01-04T21:38:40","modified_gmt":"2026-01-04T21:38:40","slug":"kubek-ceramiczny-hello-christmas-bialy","status":"publish","type":"product","link":"https:\/\/pargift.pl\/index.php\/produkt\/kubek-ceramiczny-hello-christmas-bialy\/","title":{"rendered":"Kubek ceramiczny &#8222;Hello Christmas&#8221;, bia\u0142y"},"content":{"rendered":"<p>Ozdobiony \u015bwi\u0105tecznym motywem kubek ceramiczny o pojemno\u015bci 330 ml z bambusow\u0105 pokrywk\u0105, umo\u017cliwiaj\u0105c\u0105 umieszczenie na niej logo klienta. Artyku\u0142 sezonowy (nie podlega zwrotowi).<\/p>\n","protected":false},"excerpt":{"rendered":"<p>Ozdobiony \u015bwi\u0105tecznym motywem kubek ceramiczny o pojemno\u015bci 330 ml z bambusow\u0105 pokrywk\u0105, umo\u017cliwiaj\u0105c\u0105 umieszczenie na niej logo klienta. Artyku\u0142 sezonowy<\/p>\n","protected":false},"featured_media":35513,"comment_status":"open","ping_status":"closed","template":"","meta":[],"product_brand":[],"product_cat":[97],"product_tag":[],"class_list":{"0":"post-35512","1":"product","2":"type-product","3":"status-publish","4":"has-post-thumbnail","6":"product_cat-artykuly-swiateczne","8":"first","9":"instock","10":"shipping-taxable","11":"purchasable","12":"product-type-simple"},"_links":{"self":[{"href":"https:\/\/pargift.pl\/index.php\/wp-json\/wp\/v2\/product\/35512","targetHints":{"allow":["GET"]}}],"collection":[{"href":"https:\/\/pargift.pl\/index.php\/wp-json\/wp\/v2\/product"}],"about":[{"href":"https:\/\/pargift.pl\/index.php\/wp-json\/wp\/v2\/types\/product"}],"replies":[{"embeddable":true,"href":"https:\/\/pargift.pl\/index.php\/wp-json\/wp\/v2\/comments?post=35512"}],"version-history":[{"count":0,"href":"https:\/\/pargift.pl\/index.php\/wp-json\/wp\/v2\/product\/35512\/revisions"}],"wp:featuredmedia":[{"embeddable":true,"href":"https:\/\/pargift.pl\/index.php\/wp-json\/wp\/v2\/media\/35513"}],"wp:attachment":[{"href":"https:\/\/pargift.pl\/index.php\/wp-json\/wp\/v2\/media?parent=35512"}],"wp:term":[{"taxonomy":"product_brand","embeddable":true,"href":"https:\/\/pargift.pl\/index.php\/wp-json\/wp\/v2\/product_brand?post=35512"},{"taxonomy":"product_cat","embeddable":true,"href":"https:\/\/pargift.pl\/index.php\/wp-json\/wp\/v2\/product_cat?post=35512"},{"taxonomy":"product_tag","embeddable":true,"href":"https:\/\/pargift.pl\/index.php\/wp-json\/wp\/v2\/product_tag?post=35512"}],"curies":[{"name":"wp","href":"https:\/\/api.w.org\/{rel}","templated":true}]}}