{"id":35157,"date":"2025-12-08T17:07:52","date_gmt":"2025-12-08T17:07:52","guid":{"rendered":"https:\/\/pargift.pl\/index.php\/produkt\/torba-z-bawelny-340-g-m2-lisburn-czarny\/"},"modified":"2026-02-10T17:29:45","modified_gmt":"2026-02-10T17:29:45","slug":"torba-z-bawelny-340-g-m2-lisburn-czarny","status":"publish","type":"product","link":"https:\/\/pargift.pl\/index.php\/produkt\/torba-z-bawelny-340-g-m2-lisburn-czarny\/","title":{"rendered":"Torba z bawe\u0142ny 340 g\/m2 Lisburn, czarny"},"content":{"rendered":"<h2 data-start=\"0\" data-end=\"84\"><strong data-start=\"3\" data-end=\"84\">Torba z bawe\u0142ny 340 g\/m\u00b2 Lisburn \u2013 czarny R08482.02 \u2013 solidna torba codzienna<\/strong><\/h2>\n<p data-start=\"86\" data-end=\"479\">Torba <strong data-start=\"92\" data-end=\"113\">Lisburn R08482.02<\/strong> to <strong data-start=\"117\" data-end=\"182\">czarna torba wykonana z trwa\u0142ej bawe\u0142ny o gramaturze 340 g\/m\u00b2<\/strong>, \u0142\u0105cz\u0105ca <strong data-start=\"192\" data-end=\"247\">wytrzyma\u0142o\u015b\u0107 i funkcjonalno\u015b\u0107 z klasycznym designem<\/strong> \u2014 idealna do codziennego u\u017cytkowania, zakup\u00f3w, spacer\u00f3w, w pracy lub w szkole. Grubszy materia\u0142 zapewnia <strong data-start=\"353\" data-end=\"399\">wi\u0119ksz\u0105 odporno\u015b\u0107 na zu\u017cycie i uszkodzenia<\/strong>, co przek\u0142ada si\u0119 na d\u0142u\u017csz\u0105 \u017cywotno\u015b\u0107 torby nawet przy regularnym u\u017cytkowaniu.<\/p>\n<p data-start=\"481\" data-end=\"913\">Produkt posiada <strong data-start=\"497\" data-end=\"515\">d\u0142ugie uchwyty<\/strong> z tego samego materia\u0142u, kt\u00f3re u\u0142atwiaj\u0105 wygodne noszenie torby na ramieniu lub w r\u0119ce, a <strong data-start=\"606\" data-end=\"631\">pojemna komora g\u0142\u00f3wna<\/strong> z \u0142atwym dost\u0119pem daje mo\u017cliwo\u015b\u0107 przechowywania ksi\u0105\u017cek, dokument\u00f3w, drobnych zakup\u00f3w i innych codziennych przedmiot\u00f3w. <strong data-start=\"752\" data-end=\"768\">Czarny kolor<\/strong> nadaje torbie uniwersalnego, eleganckiego charakteru, dzi\u0119ki czemu \u015bwietnie pasuje zar\u00f3wno do stylizacji casualowych, jak i bardziej formalnych.<\/p>\n<h3 data-start=\"915\" data-end=\"951\"><strong data-start=\"919\" data-end=\"951\">Najwa\u017cniejsze cechy produktu<\/strong><\/h3>\n<ul>\n<li data-start=\"954\" data-end=\"1024\"><strong data-start=\"954\" data-end=\"967\">Materia\u0142:<\/strong> bawe\u0142na o gramaturze 340 g\/m\u00b2 \u2013 mocna i trwa\u0142a tkanina<\/li>\n<li data-start=\"1027\" data-end=\"1079\"><strong data-start=\"1027\" data-end=\"1037\">Kolor:<\/strong> czarny \u2013 uniwersalny i elegancki wygl\u0105d<\/li>\n<li data-start=\"1082\" data-end=\"1149\"><strong data-start=\"1082\" data-end=\"1107\">Pojemna komora g\u0142\u00f3wna<\/strong> \u2013 idealna na zakupy, ksi\u0105\u017cki, dokumenty<\/li>\n<li data-start=\"1152\" data-end=\"1214\"><strong data-start=\"1152\" data-end=\"1170\">D\u0142ugie uchwyty<\/strong> \u2013 wygodne noszenie na ramieniu lub w r\u0119ce<\/li>\n<li data-start=\"1217\" data-end=\"1279\"><strong data-start=\"1217\" data-end=\"1243\">Wytrzyma\u0142a konstrukcja<\/strong> \u2013 komfort codziennego u\u017cytkowania<\/li>\n<li data-start=\"1282\" data-end=\"1326\"><strong data-start=\"1282\" data-end=\"1298\">Prosta forma<\/strong> \u2013 \u0142atwa do personalizacji<\/li>\n<\/ul>\n<h3 data-start=\"1328\" data-end=\"1359\"><strong data-start=\"1332\" data-end=\"1359\">Dlaczego warto j\u0105 mie\u0107?<\/strong><\/h3>\n<p data-start=\"1360\" data-end=\"1902\">Torba z bawe\u0142ny Lisburn to praktyczny i estetyczny dodatek codzienny, kt\u00f3ry sprawdzi si\u0119 w wielu sytuacjach \u2014 od zakup\u00f3w po codzienne obowi\u0105zki. Wytrzyma\u0142a konstrukcja i wi\u0119ksza gramatura materia\u0142u zapewniaj\u0105 odporno\u015b\u0107 na intensywne u\u017cytkowanie, a uniwersalny czarny kolor czyni torb\u0119 ponadczasow\u0105 i pasuj\u0105c\u0105 do wielu styl\u00f3w. G\u0142adka powierzchnia torby daje szerokie mo\u017cliwo\u015bci zastosowania <strong data-start=\"1750\" data-end=\"1789\">nadruku, logotypu lub grafiki firmy<\/strong>, co sprawia, \u017ce produkt \u015bwietnie nadaje si\u0119 tak\u017ce jako <strong data-start=\"1845\" data-end=\"1876\">praktyczny gad\u017cet reklamowy<\/strong> lub <strong data-start=\"1881\" data-end=\"1901\">upominek firmowy<\/strong>.<\/p>\n","protected":false},"excerpt":{"rendered":"<p>Torba z bawe\u0142ny 340 g\/m\u00b2 Lisburn R08482.02 to czarna, solidna torba codzienna z d\u0142ugimi uchwytami.<\/p>\n<p><strong>Praktyczna do zakup\u00f3w, pracy, szko\u0142y i codziennego u\u017cytkowania oraz doskona\u0142a baza pod personalizacj\u0119 reklamow\u0105.<\/strong><\/p>\n<p><strong data-start=\"2153\" data-end=\"2190\">Produkt nadaje si\u0119 do znakowania.<\/strong><\/p>\n","protected":false},"featured_media":35158,"comment_status":"open","ping_status":"closed","template":"","meta":[],"product_brand":[],"product_cat":[169],"product_tag":[10324,10325,10151,10326,10320,10323,10322,10146,8570,10150,10149,10147,10327],"class_list":{"0":"post-35157","1":"product","2":"type-product","3":"status-publish","4":"has-post-thumbnail","6":"product_cat-torby-na-zakupy","7":"product_tag-czarna-torba-materialowa","8":"product_tag-ekologiczna-torba-codzienna","9":"product_tag-personalizowana-torba-bawelniana","10":"product_tag-praktyczna-torba-czarna","11":"product_tag-prezent-firmowy-torba","12":"product_tag-r08482-02-torba-bawelna-340-g-m","13":"product_tag-torba-bawelniana-lisburn-czarny","14":"product_tag-torba-codzienna-do-zakupow","15":"product_tag-torba-do-pracy-i-szkoly","16":"product_tag-torba-reklamowa-do-zadruku","17":"product_tag-torba-wielokrotnego-uzytku","18":"product_tag-torba-z-dlugimi-uchwytami","19":"product_tag-torba-z-nadrukiem","21":"first","22":"outofstock","23":"shipping-taxable","24":"purchasable","25":"product-type-simple"},"_links":{"self":[{"href":"https:\/\/pargift.pl\/index.php\/wp-json\/wp\/v2\/product\/35157","targetHints":{"allow":["GET"]}}],"collection":[{"href":"https:\/\/pargift.pl\/index.php\/wp-json\/wp\/v2\/product"}],"about":[{"href":"https:\/\/pargift.pl\/index.php\/wp-json\/wp\/v2\/types\/product"}],"replies":[{"embeddable":true,"href":"https:\/\/pargift.pl\/index.php\/wp-json\/wp\/v2\/comments?post=35157"}],"version-history":[{"count":2,"href":"https:\/\/pargift.pl\/index.php\/wp-json\/wp\/v2\/product\/35157\/revisions"}],"predecessor-version":[{"id":39057,"href":"https:\/\/pargift.pl\/index.php\/wp-json\/wp\/v2\/product\/35157\/revisions\/39057"}],"wp:featuredmedia":[{"embeddable":true,"href":"https:\/\/pargift.pl\/index.php\/wp-json\/wp\/v2\/media\/35158"}],"wp:attachment":[{"href":"https:\/\/pargift.pl\/index.php\/wp-json\/wp\/v2\/media?parent=35157"}],"wp:term":[{"taxonomy":"product_brand","embeddable":true,"href":"https:\/\/pargift.pl\/index.php\/wp-json\/wp\/v2\/product_brand?post=35157"},{"taxonomy":"product_cat","embeddable":true,"href":"https:\/\/pargift.pl\/index.php\/wp-json\/wp\/v2\/product_cat?post=35157"},{"taxonomy":"product_tag","embeddable":true,"href":"https:\/\/pargift.pl\/index.php\/wp-json\/wp\/v2\/product_tag?post=35157"}],"curies":[{"name":"wp","href":"https:\/\/api.w.org\/{rel}","templated":true}]}}